{"id":5255,"date":"2022-10-21T16:04:45","date_gmt":"2022-10-21T21:04:45","guid":{"rendered":"https:\/\/stockmusik.com.co\/?post_type=product&#038;p=5255"},"modified":"2023-01-18T15:03:13","modified_gmt":"2023-01-18T20:03:13","slug":"teclado-casio-ct-s400","status":"publish","type":"product","link":"https:\/\/stockmusik.com.co\/index.php\/producto\/teclado-casio-ct-s400\/","title":{"rendered":"teclado Casio CT-S400"},"content":{"rendered":"<div class=\"header-grid grid-1 grid--1 frame\">\n<div class=\"column\">\n<h2 class=\"t-size-x-large underline add-mt\">Especificaciones<\/h2>\n<\/div>\n<\/div>\n<div class=\"header-grid grid-1 grid--1 frame\">\n<div class=\"column bg-white outer\">\n<div class=\"table-s1\">\n<div class=\"table-wrapper\">\n<table>\n<tbody>\n<tr>\n<th>Teclado<\/th>\n<td>\n<div>61 teclas<\/div>\n<\/td>\n<\/tr>\n<tr>\n<th>Respuesta al tacto<\/th>\n<td>\n<div>3 tipos, desactivado<\/div>\n<\/td>\n<\/tr>\n<tr>\n<th>Polifon\u00eda m\u00e1xima<\/th>\n<td>\n<div>48 notas<\/div>\n<\/td>\n<\/tr>\n<tr>\n<th>Fuente de sonido<\/th>\n<td>\n<div>Tonos preestablecidos: 600<\/div>\n<\/td>\n<\/tr>\n<tr>\n<th>Efectos<\/th>\n<td>\n<div>Reverberaci\u00f3n (20 tipos, tono, apagado);\u00a0Coro (10 tipos, tono);\u00a0Demora;\u00a0DSP (integrado en algunos tonos)<\/div>\n<\/td>\n<\/tr>\n<tr>\n<th>Metr\u00f3nomo<\/th>\n<td>\n<div>Beat: Beat chime off, 1 a 16 beats<br \/>\nTempo: 20 a 255<\/div>\n<\/td>\n<\/tr>\n<tr>\n<th>Banco de canciones<\/th>\n<td>\n<div>Canciones de demostraci\u00f3n: 1 canciones<br \/>\nincorporadas: 160<br \/>\ncanciones de usuario: 10\u00a0<span class=\"symbol\">* 1<\/span><br \/>\nparte desactivada: mano izquierda, mano derecha, ambas manos<\/div>\n<\/td>\n<\/tr>\n<tr>\n<th>Acompa\u00f1amiento autom\u00e1tico<\/th>\n<td>\n<div>Ritmos preestablecidos: 200 tipos<br \/>\nRitmos de usuario: 10 tipos<br \/>\nPreajustes de un toque: 200 tipos<br \/>\nOtros: INTRO, ENDING;\u00a0modo de digitaci\u00f3n de acordes<\/div>\n<\/td>\n<\/tr>\n<tr>\n<th>Registro<\/th>\n<td>\n<div>32 juegos como m\u00e1ximo (4 juegos, 8 bancos)<\/div>\n<\/td>\n<\/tr>\n<tr>\n<th>Funci\u00f3n de demostraci\u00f3n<\/th>\n<td>\n<div>Banco de canciones incorporado (110 canciones)<\/div>\n<\/td>\n<\/tr>\n<tr>\n<th>Funci\u00f3n de ajuste de volumen<\/th>\n<td>\n<div>Metr\u00f3nomo;\u00a0Ritmo;\u00a0Canci\u00f3n<\/div>\n<\/td>\n<\/tr>\n<tr>\n<th>Grabador MIDI<\/th>\n<td>\n<div>Grabaci\u00f3n en tiempo real, reproducci\u00f3n<br \/>\nGrabaci\u00f3n de tono: 1 canci\u00f3n<br \/>\nGrabaci\u00f3n de ritmo: 1 canci\u00f3n<br \/>\nN\u00famero de canciones: 5 canciones, 6 pistas (1 pista del sistema, 5 pistas en solitario)<br \/>\nCapacidad: 1 canci\u00f3n, aproximadamente 40.000 notas<\/div>\n<\/td>\n<\/tr>\n<tr>\n<th>Otras funciones<\/th>\n<td>\n<div>Transposici\u00f3n: \u00b1 1 octava (-12 a 0 a +12 semitonos)<br \/>\nCambio de octava: -3 a 0 a +3 octavas<br \/>\nAfinaci\u00f3n: A4 = 415,5 a 465,9 Hz (valor predeterminado inicial: 440,0 Hz)<br \/>\nArmonizaci\u00f3n autom\u00e1tica: 12 tipos<br \/>\nArpegiador: 100 tipos<\/div>\n<\/td>\n<\/tr>\n<tr>\n<th>Rueda de inflexi\u00f3n de tono<\/th>\n<td>\n<div>0 a 12 semitonos<\/div>\n<\/td>\n<\/tr>\n<tr>\n<th>Funci\u00f3n APP<\/th>\n<td>\n<div>Dispositivos compatibles: iOS, Android (conexi\u00f3n de terminal USB)<\/div>\n<\/td>\n<\/tr>\n<tr>\n<th>Funci\u00f3n MIDI<\/th>\n<td>\n<div>Recepci\u00f3n de timbre m\u00faltiple de 16 canales;\u00a0Est\u00e1ndar GM Nivel 1<\/div>\n<\/td>\n<\/tr>\n<tr>\n<th>Gatos<\/th>\n<td>\n<div>Toma PHONES \/ OUTPUT: Miniconector est\u00e9reo Toma<br \/>\nAUDIO IN: Miniconector est\u00e9reo (Impedancia de entrada: 10 k\u03a9; Sensibilidad de entrada: 200 mV)<br \/>\nPuerto USB TO HOST: micro-B<br \/>\nPuerto USB TO DEVICE:<br \/>\nToma\u00a0tipo A\u00a0PEDAL: Toma est\u00e1ndar (pedal sostenido, sostenuto, suave, metr\u00f3nomo)<\/div>\n<\/td>\n<\/tr>\n<tr>\n<th>requerimientos de energ\u00eda<\/th>\n<td>\n<div>Alimentaci\u00f3n bidireccional<br \/>\n[Pilas]<br \/>\nPilas alcalinas tama\u00f1o AA \u00d7 6 o pilas recargables de hidruro met\u00e1lico de n\u00edquel tama\u00f1o AA\u00a0<span class=\"symbol\">* 2<\/span>\u00a0\u00d7 6<br \/>\nDuraci\u00f3n de la pila: Aproximadamente 4 horas de funcionamiento<br \/>\ncontinuo El tiempo de funcionamiento continuo real puede ser m\u00e1s corto debido al tipo de pila, tipo de rendimiento, y entorno de uso.<br \/>\n[Adaptador de CA]<br \/>\nAD-E95100L (CC 9,5 V)<\/div>\n<\/td>\n<\/tr>\n<tr>\n<th>Terminal del adaptador de CA<\/th>\n<td>\n<div>9,5 V CC<\/div>\n<\/td>\n<\/tr>\n<tr>\n<th>Altavoces<\/th>\n<td>\n<div>13 cm \u00d7 6 cm (ovalado) \u00d7 2 (Salida: 2,5 W + 2,5 W)<\/div>\n<\/td>\n<\/tr>\n<tr>\n<th>El consumo de energ\u00eda<\/th>\n<td>\n<div>9,5 V = 7,5 W<\/div>\n<\/td>\n<\/tr>\n<tr>\n<th>LCD<\/th>\n<td>\n<div>Contraste ajustable<\/div>\n<\/td>\n<\/tr>\n<tr>\n<th>Dimensiones<\/th>\n<td>\n<div>93,0 (W) \u00d7 25,8 (D) \u00d7 8,4 (H) cm (36 5\/8 \u00d7 10 3\/16 \u00d7 3 5\/16 pulgadas)<\/div>\n<\/td>\n<\/tr>\n<tr>\n<th>Peso<\/th>\n<td>\n<div>Aproximadamente 4,5 kg (9,9 libras) (sin incluir las pilas)<\/div>\n<\/td>\n<\/tr>\n<\/tbody>\n<\/table>\n<\/div>\n<\/div>\n<\/div>\n<\/div>\n","protected":false},"excerpt":{"rendered":"<p>Especificaciones Teclado 61 teclas Respuesta al tacto 3 tipos, desactivado Polifon\u00eda m\u00e1xima 48 notas Fuente de sonido Tonos preestablecidos: 600 Efectos Reverberaci\u00f3n (20 tipos, tono, apagado);\u00a0Coro (10 tipos, tono);\u00a0Demora;\u00a0DSP (integrado en algunos tonos) Metr\u00f3nomo Beat: Beat chime off, 1 a 16 beats Tempo: 20 a 255 Banco de canciones Canciones de demostraci\u00f3n: 1 canciones incorporadas: [&hellip;]<\/p>\n","protected":false},"featured_media":5257,"comment_status":"open","ping_status":"closed","template":"","meta":{"_jet_sm_ready_style":"","_jet_sm_style":"","_jet_sm_controls_values":"","_jet_sm_fonts_collection":"","_jet_sm_fonts_links":""},"pwb-brand":[32],"product_brand":[],"product_cat":[192,358,221,22],"product_tag":[],"class_list":{"0":"post-5255","1":"product","2":"type-product","3":"status-publish","4":"has-post-thumbnail","6":"pwb-brand-casio","7":"product_cat-organeta","8":"product_cat-piano","9":"product_cat-teclas","10":"product_cat-teclados","12":"first","13":"instock","14":"shipping-taxable","15":"purchasable","16":"product-type-simple"},"yoast_head":"<!-- This site is optimized with the Yoast SEO plugin v19.11 - https:\/\/yoast.com\/wordpress\/plugins\/seo\/ -->\n<title>teclado Casio CT-S400 - Stock Musik<\/title>\n<meta name=\"robots\" content=\"index, follow, max-snippet:-1, max-image-preview:large, max-video-preview:-1\" \/>\n<link rel=\"canonical\" href=\"https:\/\/stockmusik.com.co\/index.php\/producto\/teclado-casio-ct-s400\/\" \/>\n<meta property=\"og:locale\" content=\"es_ES\" \/>\n<meta property=\"og:type\" content=\"article\" \/>\n<meta property=\"og:title\" content=\"teclado Casio CT-S400 - Stock Musik\" \/>\n<meta property=\"og:description\" content=\"Especificaciones Teclado 61 teclas Respuesta al tacto 3 tipos, desactivado Polifon\u00eda m\u00e1xima 48 notas Fuente de sonido Tonos preestablecidos: 600 Efectos Reverberaci\u00f3n (20 tipos, tono, apagado);\u00a0Coro (10 tipos, tono);\u00a0Demora;\u00a0DSP (integrado en algunos tonos) Metr\u00f3nomo Beat: Beat chime off, 1 a 16 beats Tempo: 20 a 255 Banco de canciones Canciones de demostraci\u00f3n: 1 canciones incorporadas: [&hellip;]\" \/>\n<meta property=\"og:url\" content=\"https:\/\/stockmusik.com.co\/index.php\/producto\/teclado-casio-ct-s400\/\" \/>\n<meta property=\"og:site_name\" content=\"Stock Musik\" \/>\n<meta property=\"article:publisher\" content=\"https:\/\/es-la.facebook.com\/stockmusik\/\" \/>\n<meta property=\"article:modified_time\" content=\"2023-01-18T20:03:13+00:00\" \/>\n<meta property=\"og:image\" content=\"https:\/\/stockmusik.com.co\/wp-content\/uploads\/2022\/10\/casio-400.jpg\" \/>\n\t<meta property=\"og:image:width\" content=\"320\" \/>\n\t<meta property=\"og:image:height\" content=\"190\" \/>\n\t<meta property=\"og:image:type\" content=\"image\/jpeg\" \/>\n<meta name=\"twitter:card\" content=\"summary_large_image\" \/>\n<meta name=\"twitter:label1\" content=\"Precio\" \/>\n\t<meta name=\"twitter:data1\" content=\"Cotiza por Whatsapp\" \/>\n\t<meta name=\"twitter:label2\" content=\"Availability\" \/>\n\t<meta name=\"twitter:data2\" content=\"In stock\" \/>\n<script type=\"application\/ld+json\" class=\"yoast-schema-graph\">{\"@context\":\"https:\/\/schema.org\",\"@graph\":[{\"@type\":\"WebPage\",\"@id\":\"https:\/\/stockmusik.com.co\/index.php\/producto\/teclado-casio-ct-s400\/\",\"url\":\"https:\/\/stockmusik.com.co\/index.php\/producto\/teclado-casio-ct-s400\/\",\"name\":\"teclado Casio CT-S400 - Stock Musik\",\"isPartOf\":{\"@id\":\"https:\/\/stockmusik.com.co\/#website\"},\"datePublished\":\"2022-10-21T21:04:45+00:00\",\"dateModified\":\"2023-01-18T20:03:13+00:00\",\"breadcrumb\":{\"@id\":\"https:\/\/stockmusik.com.co\/index.php\/producto\/teclado-casio-ct-s400\/#breadcrumb\"},\"inLanguage\":\"es\",\"potentialAction\":[{\"@type\":\"ReadAction\",\"target\":[\"https:\/\/stockmusik.com.co\/index.php\/producto\/teclado-casio-ct-s400\/\"]}]},{\"@type\":\"BreadcrumbList\",\"@id\":\"https:\/\/stockmusik.com.co\/index.php\/producto\/teclado-casio-ct-s400\/#breadcrumb\",\"itemListElement\":[{\"@type\":\"ListItem\",\"position\":1,\"name\":\"Portada\",\"item\":\"https:\/\/stockmusik.com.co\/\"},{\"@type\":\"ListItem\",\"position\":2,\"name\":\"Tienda StockMusik\",\"item\":\"https:\/\/stockmusik.com.co\/index.php\/tienda-stockmusik\/\"},{\"@type\":\"ListItem\",\"position\":3,\"name\":\"teclado Casio CT-S400\"}]},{\"@type\":\"WebSite\",\"@id\":\"https:\/\/stockmusik.com.co\/#website\",\"url\":\"https:\/\/stockmusik.com.co\/\",\"name\":\"Stock Musik\",\"description\":\"Tienda de Instrumentos Musicales\",\"publisher\":{\"@id\":\"https:\/\/stockmusik.com.co\/#organization\"},\"potentialAction\":[{\"@type\":\"SearchAction\",\"target\":{\"@type\":\"EntryPoint\",\"urlTemplate\":\"https:\/\/stockmusik.com.co\/?s={search_term_string}\"},\"query-input\":\"required name=search_term_string\"}],\"inLanguage\":\"es\"},{\"@type\":\"Organization\",\"@id\":\"https:\/\/stockmusik.com.co\/#organization\",\"name\":\"Stock Musik\",\"url\":\"https:\/\/stockmusik.com.co\/\",\"logo\":{\"@type\":\"ImageObject\",\"inLanguage\":\"es\",\"@id\":\"https:\/\/stockmusik.com.co\/#\/schema\/logo\/image\/\",\"url\":\"https:\/\/stockmusik.com.co\/wp-content\/uploads\/2020\/08\/cropped-logo_stock_musik.png\",\"contentUrl\":\"https:\/\/stockmusik.com.co\/wp-content\/uploads\/2020\/08\/cropped-logo_stock_musik.png\",\"width\":455,\"height\":173,\"caption\":\"Stock Musik\"},\"image\":{\"@id\":\"https:\/\/stockmusik.com.co\/#\/schema\/logo\/image\/\"},\"sameAs\":[\"https:\/\/es-la.facebook.com\/stockmusik\/\"]}]}<\/script>\n<meta property=\"product:price:amount\" content=\"1360000\" \/>\n<meta property=\"product:price:currency\" content=\"COP\" \/>\n<meta property=\"og:availability\" content=\"instock\" \/>\n<meta property=\"product:availability\" content=\"instock\" \/>\n<meta property=\"product:condition\" content=\"new\" \/>\n<!-- \/ Yoast SEO plugin. -->","yoast_head_json":{"title":"teclado Casio CT-S400 - Stock Musik","robots":{"index":"index","follow":"follow","max-snippet":"max-snippet:-1","max-image-preview":"max-image-preview:large","max-video-preview":"max-video-preview:-1"},"canonical":"https:\/\/stockmusik.com.co\/index.php\/producto\/teclado-casio-ct-s400\/","og_locale":"es_ES","og_type":"article","og_title":"teclado Casio CT-S400 - Stock Musik","og_description":"Especificaciones Teclado 61 teclas Respuesta al tacto 3 tipos, desactivado Polifon\u00eda m\u00e1xima 48 notas Fuente de sonido Tonos preestablecidos: 600 Efectos Reverberaci\u00f3n (20 tipos, tono, apagado);\u00a0Coro (10 tipos, tono);\u00a0Demora;\u00a0DSP (integrado en algunos tonos) Metr\u00f3nomo Beat: Beat chime off, 1 a 16 beats Tempo: 20 a 255 Banco de canciones Canciones de demostraci\u00f3n: 1 canciones incorporadas: [&hellip;]","og_url":"https:\/\/stockmusik.com.co\/index.php\/producto\/teclado-casio-ct-s400\/","og_site_name":"Stock Musik","article_publisher":"https:\/\/es-la.facebook.com\/stockmusik\/","article_modified_time":"2023-01-18T20:03:13+00:00","og_image":[{"width":320,"height":190,"url":"https:\/\/stockmusik.com.co\/wp-content\/uploads\/2022\/10\/casio-400.jpg","type":"image\/jpeg"}],"twitter_card":"summary_large_image","twitter_misc":{"Precio":"Cotiza por Whatsapp","Availability":"In stock"},"schema":{"@context":"https:\/\/schema.org","@graph":[{"@type":"WebPage","@id":"https:\/\/stockmusik.com.co\/index.php\/producto\/teclado-casio-ct-s400\/","url":"https:\/\/stockmusik.com.co\/index.php\/producto\/teclado-casio-ct-s400\/","name":"teclado Casio CT-S400 - Stock Musik","isPartOf":{"@id":"https:\/\/stockmusik.com.co\/#website"},"datePublished":"2022-10-21T21:04:45+00:00","dateModified":"2023-01-18T20:03:13+00:00","breadcrumb":{"@id":"https:\/\/stockmusik.com.co\/index.php\/producto\/teclado-casio-ct-s400\/#breadcrumb"},"inLanguage":"es","potentialAction":[{"@type":"ReadAction","target":["https:\/\/stockmusik.com.co\/index.php\/producto\/teclado-casio-ct-s400\/"]}]},{"@type":"BreadcrumbList","@id":"https:\/\/stockmusik.com.co\/index.php\/producto\/teclado-casio-ct-s400\/#breadcrumb","itemListElement":[{"@type":"ListItem","position":1,"name":"Portada","item":"https:\/\/stockmusik.com.co\/"},{"@type":"ListItem","position":2,"name":"Tienda StockMusik","item":"https:\/\/stockmusik.com.co\/index.php\/tienda-stockmusik\/"},{"@type":"ListItem","position":3,"name":"teclado Casio CT-S400"}]},{"@type":"WebSite","@id":"https:\/\/stockmusik.com.co\/#website","url":"https:\/\/stockmusik.com.co\/","name":"Stock Musik","description":"Tienda de Instrumentos Musicales","publisher":{"@id":"https:\/\/stockmusik.com.co\/#organization"},"potentialAction":[{"@type":"SearchAction","target":{"@type":"EntryPoint","urlTemplate":"https:\/\/stockmusik.com.co\/?s={search_term_string}"},"query-input":"required name=search_term_string"}],"inLanguage":"es"},{"@type":"Organization","@id":"https:\/\/stockmusik.com.co\/#organization","name":"Stock Musik","url":"https:\/\/stockmusik.com.co\/","logo":{"@type":"ImageObject","inLanguage":"es","@id":"https:\/\/stockmusik.com.co\/#\/schema\/logo\/image\/","url":"https:\/\/stockmusik.com.co\/wp-content\/uploads\/2020\/08\/cropped-logo_stock_musik.png","contentUrl":"https:\/\/stockmusik.com.co\/wp-content\/uploads\/2020\/08\/cropped-logo_stock_musik.png","width":455,"height":173,"caption":"Stock Musik"},"image":{"@id":"https:\/\/stockmusik.com.co\/#\/schema\/logo\/image\/"},"sameAs":["https:\/\/es-la.facebook.com\/stockmusik\/"]}]},"product_price_amount":"1360000","product_price_currency":"COP","og_availability":"instock","product_availability":"instock","product_condition":"new"},"brands":[{"id":32,"name":"CASIO","slug":"casio"}],"_links":{"self":[{"href":"https:\/\/stockmusik.com.co\/index.php\/wp-json\/wp\/v2\/product\/5255","targetHints":{"allow":["GET"]}}],"collection":[{"href":"https:\/\/stockmusik.com.co\/index.php\/wp-json\/wp\/v2\/product"}],"about":[{"href":"https:\/\/stockmusik.com.co\/index.php\/wp-json\/wp\/v2\/types\/product"}],"replies":[{"embeddable":true,"href":"https:\/\/stockmusik.com.co\/index.php\/wp-json\/wp\/v2\/comments?post=5255"}],"wp:featuredmedia":[{"embeddable":true,"href":"https:\/\/stockmusik.com.co\/index.php\/wp-json\/wp\/v2\/media\/5257"}],"wp:attachment":[{"href":"https:\/\/stockmusik.com.co\/index.php\/wp-json\/wp\/v2\/media?parent=5255"}],"wp:term":[{"taxonomy":"pwb-brand","embeddable":true,"href":"https:\/\/stockmusik.com.co\/index.php\/wp-json\/wp\/v2\/pwb-brand?post=5255"},{"taxonomy":"product_brand","embeddable":true,"href":"https:\/\/stockmusik.com.co\/index.php\/wp-json\/wp\/v2\/product_brand?post=5255"},{"taxonomy":"product_cat","embeddable":true,"href":"https:\/\/stockmusik.com.co\/index.php\/wp-json\/wp\/v2\/product_cat?post=5255"},{"taxonomy":"product_tag","embeddable":true,"href":"https:\/\/stockmusik.com.co\/index.php\/wp-json\/wp\/v2\/product_tag?post=5255"}],"curies":[{"name":"wp","href":"https:\/\/api.w.org\/{rel}","templated":true}]}}