{"id":5219,"date":"2022-05-09T13:50:48","date_gmt":"2022-05-09T18:50:48","guid":{"rendered":"https:\/\/stockmusik.com.co\/?post_type=product&#038;p=5219"},"modified":"2022-05-09T13:50:48","modified_gmt":"2022-05-09T18:50:48","slug":"piano-digital-nux-npk-10","status":"publish","type":"product","link":"https:\/\/stockmusik.com.co\/index.php\/producto\/piano-digital-nux-npk-10\/","title":{"rendered":"Piano digital NUX  NPK-10"},"content":{"rendered":"<p>Piano digital NUX Npk-10 de 88 teclas, con\u00a0acci\u00f3n de martillo en escala de triple sensor Wjk-03 para proporcionar la sensaci\u00f3n de piano m\u00e1s aut\u00e9ntica. Posee 5 tipos de sensibilidad t\u00e1ctil. Proporciona 12 sonidos de alta calidad, incluido un notable piano de cola ac\u00fastico y otros tonos expresivos como Marimba, Clavic\u00e9mbalo, Cuerdas, \u00d3rgano, Pad y m\u00e1s. Acepta conectividad por bluetooth.<\/p>\n<p class=\"tw-data-text tw-text-large XcVN5d tw-ta\" dir=\"ltr\"><strong><span class=\"Y2IQFc\" lang=\"es\" xml:lang=\"es\">CARACTERISTICAS :<\/span><\/strong><\/p>\n<ul>\n<li>Teclado de 88\u00a0Teclas completas<\/li>\n<li>Teclado de acci\u00f3n de martillo escalado de triple sensor (con escape y tacto de marfil)<\/li>\n<li>Sensibilidad t\u00e1ctil: 5 tipos (superligero \/ ligero \/ medio \/ pesado \/ superpesado) Sonar<\/li>\n<li>Chip de sonido: Dream 5708 DSP<\/li>\n<li>Polifon\u00eda M\u00e1x: 189<\/li>\n<li>Tonos: 12 tonos incorporados Efectos \/ Funciones<\/li>\n<li>Reverberaci\u00f3n y retardo: 5 tipos (Hall \/ Church \/ Plate \/ Stage \/ Delay; profundidad de reverberaci\u00f3n ajustable)<\/li>\n<li>Chorus: 4 niveles de profundidad &#8211; Brillo de tono: 5 niveles &#8211; Dual \/ Layer: S\u00ed (balance de mezcla ajustable)<\/li>\n<li>Twin Piano: S\u00ed (punto de divisi\u00f3n ajustable; cambio de octava individual y selecci\u00f3n de tono)<\/li>\n<li>Cambio de octava: S\u00ed (-1 a +1 octavas) Funciones<\/li>\n<li>Bluetooth: S\u00ed (MIDI y audio)<\/li>\n<li>Transponer: -6 a +5 en semitonos<\/li>\n<li>Ritmo: 12 patrones de bater\u00eda<\/li>\n<li>Canciones de demostraci\u00f3n: 30<\/li>\n<li>Metr\u00f3nomo: 9 tiempos, rango de tempo de 20 a 280 bpm<\/li>\n<li>Grabaci\u00f3n: 1 canci\u00f3n (aproximadamente 18000 notas en total)<\/li>\n<li>Rango de afinaci\u00f3n maestra: 415Hz a 460Hz<\/li>\n<li>Preajuste de usuario: 2 bancos de memoria<\/li>\n<li>Auto-reposo: S\u00ed Pedal<\/li>\n<li>Amortiguador (incluido)<\/li>\n<li>Unidad de 3 pedales (opcional)<\/li>\n<li>Conectividad: USB MIDI, AUX IN, LINE OUT, 2 auriculares, conector para pedal apagador, conector para unidad de 3 pedales<\/li>\n<li>Preamplificador: Tl Preamp Chip<\/li>\n<li>Altavoz: Altavoz ovalado de 10 W x 2, 3 \u00abx 6\u00bb<\/li>\n<li>Fuente de alimentaci\u00f3n &#8211; CC 12V \/ 2A<\/li>\n<li>Dimensiones: 1300 mm x 270 mm x 135 mm<\/li>\n<li>Peso: 12,2 kg<\/li>\n<\/ul>\n<p>&nbsp;<\/p>\n","protected":false},"excerpt":{"rendered":"<p>Piano digital NUX Npk-10 de 88 teclas, con\u00a0acci\u00f3n de martillo en escala de triple sensor Wjk-03 para proporcionar la sensaci\u00f3n de piano m\u00e1s aut\u00e9ntica. Posee 5 tipos de sensibilidad t\u00e1ctil. Proporciona 12 sonidos de alta calidad, incluido un notable piano de cola ac\u00fastico y otros tonos expresivos como Marimba, Clavic\u00e9mbalo, Cuerdas, \u00d3rgano, Pad y m\u00e1s. [&hellip;]<\/p>\n","protected":false},"featured_media":5220,"comment_status":"open","ping_status":"closed","template":"","meta":{"_jet_sm_ready_style":"","_jet_sm_style":"","_jet_sm_controls_values":"","_jet_sm_fonts_collection":"","_jet_sm_fonts_links":""},"pwb-brand":[70],"product_brand":[],"product_cat":[194,192,358,375,22],"product_tag":[],"class_list":{"0":"post-5219","1":"product","2":"type-product","3":"status-publish","4":"has-post-thumbnail","6":"pwb-brand-nux","7":"product_cat-clavinova","8":"product_cat-organeta","9":"product_cat-piano","10":"product_cat-sintetizador","11":"product_cat-teclados","13":"first","14":"instock","15":"shipping-taxable","16":"purchasable","17":"product-type-simple"},"yoast_head":"<!-- This site is optimized with the Yoast SEO plugin v19.11 - https:\/\/yoast.com\/wordpress\/plugins\/seo\/ -->\n<title>Piano digital NUX NPK-10 - Stock Musik<\/title>\n<meta name=\"robots\" content=\"index, follow, max-snippet:-1, max-image-preview:large, max-video-preview:-1\" \/>\n<link rel=\"canonical\" href=\"https:\/\/stockmusik.com.co\/index.php\/producto\/piano-digital-nux-npk-10\/\" \/>\n<meta property=\"og:locale\" content=\"es_ES\" \/>\n<meta property=\"og:type\" content=\"article\" \/>\n<meta property=\"og:title\" content=\"Piano digital NUX NPK-10 - Stock Musik\" \/>\n<meta property=\"og:description\" content=\"Piano digital NUX Npk-10 de 88 teclas, con\u00a0acci\u00f3n de martillo en escala de triple sensor Wjk-03 para proporcionar la sensaci\u00f3n de piano m\u00e1s aut\u00e9ntica. Posee 5 tipos de sensibilidad t\u00e1ctil. Proporciona 12 sonidos de alta calidad, incluido un notable piano de cola ac\u00fastico y otros tonos expresivos como Marimba, Clavic\u00e9mbalo, Cuerdas, \u00d3rgano, Pad y m\u00e1s. [&hellip;]\" \/>\n<meta property=\"og:url\" content=\"https:\/\/stockmusik.com.co\/index.php\/producto\/piano-digital-nux-npk-10\/\" \/>\n<meta property=\"og:site_name\" content=\"Stock Musik\" \/>\n<meta property=\"article:publisher\" content=\"https:\/\/es-la.facebook.com\/stockmusik\/\" \/>\n<meta property=\"og:image\" content=\"https:\/\/stockmusik.com.co\/wp-content\/uploads\/2022\/05\/51R5mbnicyL._AC_SL1200_.jpg\" \/>\n\t<meta property=\"og:image:width\" content=\"1156\" \/>\n\t<meta property=\"og:image:height\" content=\"650\" \/>\n\t<meta property=\"og:image:type\" content=\"image\/jpeg\" \/>\n<meta name=\"twitter:card\" content=\"summary_large_image\" \/>\n<meta name=\"twitter:label1\" content=\"Precio\" \/>\n\t<meta name=\"twitter:data1\" content=\"Cotiza por Whatsapp\" \/>\n\t<meta name=\"twitter:label2\" content=\"Availability\" \/>\n\t<meta name=\"twitter:data2\" content=\"In stock\" \/>\n<script type=\"application\/ld+json\" class=\"yoast-schema-graph\">{\"@context\":\"https:\/\/schema.org\",\"@graph\":[{\"@type\":\"WebPage\",\"@id\":\"https:\/\/stockmusik.com.co\/index.php\/producto\/piano-digital-nux-npk-10\/\",\"url\":\"https:\/\/stockmusik.com.co\/index.php\/producto\/piano-digital-nux-npk-10\/\",\"name\":\"Piano digital NUX NPK-10 - Stock Musik\",\"isPartOf\":{\"@id\":\"https:\/\/stockmusik.com.co\/#website\"},\"datePublished\":\"2022-05-09T18:50:48+00:00\",\"dateModified\":\"2022-05-09T18:50:48+00:00\",\"breadcrumb\":{\"@id\":\"https:\/\/stockmusik.com.co\/index.php\/producto\/piano-digital-nux-npk-10\/#breadcrumb\"},\"inLanguage\":\"es\",\"potentialAction\":[{\"@type\":\"ReadAction\",\"target\":[\"https:\/\/stockmusik.com.co\/index.php\/producto\/piano-digital-nux-npk-10\/\"]}]},{\"@type\":\"BreadcrumbList\",\"@id\":\"https:\/\/stockmusik.com.co\/index.php\/producto\/piano-digital-nux-npk-10\/#breadcrumb\",\"itemListElement\":[{\"@type\":\"ListItem\",\"position\":1,\"name\":\"Portada\",\"item\":\"https:\/\/stockmusik.com.co\/\"},{\"@type\":\"ListItem\",\"position\":2,\"name\":\"Tienda StockMusik\",\"item\":\"https:\/\/stockmusik.com.co\/index.php\/tienda-stockmusik\/\"},{\"@type\":\"ListItem\",\"position\":3,\"name\":\"Piano digital NUX NPK-10\"}]},{\"@type\":\"WebSite\",\"@id\":\"https:\/\/stockmusik.com.co\/#website\",\"url\":\"https:\/\/stockmusik.com.co\/\",\"name\":\"Stock Musik\",\"description\":\"Tienda de Instrumentos Musicales\",\"publisher\":{\"@id\":\"https:\/\/stockmusik.com.co\/#organization\"},\"potentialAction\":[{\"@type\":\"SearchAction\",\"target\":{\"@type\":\"EntryPoint\",\"urlTemplate\":\"https:\/\/stockmusik.com.co\/?s={search_term_string}\"},\"query-input\":\"required name=search_term_string\"}],\"inLanguage\":\"es\"},{\"@type\":\"Organization\",\"@id\":\"https:\/\/stockmusik.com.co\/#organization\",\"name\":\"Stock Musik\",\"url\":\"https:\/\/stockmusik.com.co\/\",\"logo\":{\"@type\":\"ImageObject\",\"inLanguage\":\"es\",\"@id\":\"https:\/\/stockmusik.com.co\/#\/schema\/logo\/image\/\",\"url\":\"https:\/\/stockmusik.com.co\/wp-content\/uploads\/2020\/08\/cropped-logo_stock_musik.png\",\"contentUrl\":\"https:\/\/stockmusik.com.co\/wp-content\/uploads\/2020\/08\/cropped-logo_stock_musik.png\",\"width\":455,\"height\":173,\"caption\":\"Stock Musik\"},\"image\":{\"@id\":\"https:\/\/stockmusik.com.co\/#\/schema\/logo\/image\/\"},\"sameAs\":[\"https:\/\/es-la.facebook.com\/stockmusik\/\"]}]}<\/script>\n<meta property=\"product:price:amount\" content=\"2045000\" \/>\n<meta property=\"product:price:currency\" content=\"COP\" \/>\n<meta property=\"og:availability\" content=\"instock\" \/>\n<meta property=\"product:availability\" content=\"instock\" \/>\n<meta property=\"product:condition\" content=\"new\" \/>\n<!-- \/ Yoast SEO plugin. -->","yoast_head_json":{"title":"Piano digital NUX NPK-10 - Stock Musik","robots":{"index":"index","follow":"follow","max-snippet":"max-snippet:-1","max-image-preview":"max-image-preview:large","max-video-preview":"max-video-preview:-1"},"canonical":"https:\/\/stockmusik.com.co\/index.php\/producto\/piano-digital-nux-npk-10\/","og_locale":"es_ES","og_type":"article","og_title":"Piano digital NUX NPK-10 - Stock Musik","og_description":"Piano digital NUX Npk-10 de 88 teclas, con\u00a0acci\u00f3n de martillo en escala de triple sensor Wjk-03 para proporcionar la sensaci\u00f3n de piano m\u00e1s aut\u00e9ntica. Posee 5 tipos de sensibilidad t\u00e1ctil. Proporciona 12 sonidos de alta calidad, incluido un notable piano de cola ac\u00fastico y otros tonos expresivos como Marimba, Clavic\u00e9mbalo, Cuerdas, \u00d3rgano, Pad y m\u00e1s. [&hellip;]","og_url":"https:\/\/stockmusik.com.co\/index.php\/producto\/piano-digital-nux-npk-10\/","og_site_name":"Stock Musik","article_publisher":"https:\/\/es-la.facebook.com\/stockmusik\/","og_image":[{"width":1156,"height":650,"url":"https:\/\/stockmusik.com.co\/wp-content\/uploads\/2022\/05\/51R5mbnicyL._AC_SL1200_.jpg","type":"image\/jpeg"}],"twitter_card":"summary_large_image","twitter_misc":{"Precio":"Cotiza por Whatsapp","Availability":"In stock"},"schema":{"@context":"https:\/\/schema.org","@graph":[{"@type":"WebPage","@id":"https:\/\/stockmusik.com.co\/index.php\/producto\/piano-digital-nux-npk-10\/","url":"https:\/\/stockmusik.com.co\/index.php\/producto\/piano-digital-nux-npk-10\/","name":"Piano digital NUX NPK-10 - Stock Musik","isPartOf":{"@id":"https:\/\/stockmusik.com.co\/#website"},"datePublished":"2022-05-09T18:50:48+00:00","dateModified":"2022-05-09T18:50:48+00:00","breadcrumb":{"@id":"https:\/\/stockmusik.com.co\/index.php\/producto\/piano-digital-nux-npk-10\/#breadcrumb"},"inLanguage":"es","potentialAction":[{"@type":"ReadAction","target":["https:\/\/stockmusik.com.co\/index.php\/producto\/piano-digital-nux-npk-10\/"]}]},{"@type":"BreadcrumbList","@id":"https:\/\/stockmusik.com.co\/index.php\/producto\/piano-digital-nux-npk-10\/#breadcrumb","itemListElement":[{"@type":"ListItem","position":1,"name":"Portada","item":"https:\/\/stockmusik.com.co\/"},{"@type":"ListItem","position":2,"name":"Tienda StockMusik","item":"https:\/\/stockmusik.com.co\/index.php\/tienda-stockmusik\/"},{"@type":"ListItem","position":3,"name":"Piano digital NUX NPK-10"}]},{"@type":"WebSite","@id":"https:\/\/stockmusik.com.co\/#website","url":"https:\/\/stockmusik.com.co\/","name":"Stock Musik","description":"Tienda de Instrumentos Musicales","publisher":{"@id":"https:\/\/stockmusik.com.co\/#organization"},"potentialAction":[{"@type":"SearchAction","target":{"@type":"EntryPoint","urlTemplate":"https:\/\/stockmusik.com.co\/?s={search_term_string}"},"query-input":"required name=search_term_string"}],"inLanguage":"es"},{"@type":"Organization","@id":"https:\/\/stockmusik.com.co\/#organization","name":"Stock Musik","url":"https:\/\/stockmusik.com.co\/","logo":{"@type":"ImageObject","inLanguage":"es","@id":"https:\/\/stockmusik.com.co\/#\/schema\/logo\/image\/","url":"https:\/\/stockmusik.com.co\/wp-content\/uploads\/2020\/08\/cropped-logo_stock_musik.png","contentUrl":"https:\/\/stockmusik.com.co\/wp-content\/uploads\/2020\/08\/cropped-logo_stock_musik.png","width":455,"height":173,"caption":"Stock Musik"},"image":{"@id":"https:\/\/stockmusik.com.co\/#\/schema\/logo\/image\/"},"sameAs":["https:\/\/es-la.facebook.com\/stockmusik\/"]}]},"product_price_amount":"2045000","product_price_currency":"COP","og_availability":"instock","product_availability":"instock","product_condition":"new"},"brands":[{"id":70,"name":"NUX","slug":"nux"}],"_links":{"self":[{"href":"https:\/\/stockmusik.com.co\/index.php\/wp-json\/wp\/v2\/product\/5219","targetHints":{"allow":["GET"]}}],"collection":[{"href":"https:\/\/stockmusik.com.co\/index.php\/wp-json\/wp\/v2\/product"}],"about":[{"href":"https:\/\/stockmusik.com.co\/index.php\/wp-json\/wp\/v2\/types\/product"}],"replies":[{"embeddable":true,"href":"https:\/\/stockmusik.com.co\/index.php\/wp-json\/wp\/v2\/comments?post=5219"}],"wp:featuredmedia":[{"embeddable":true,"href":"https:\/\/stockmusik.com.co\/index.php\/wp-json\/wp\/v2\/media\/5220"}],"wp:attachment":[{"href":"https:\/\/stockmusik.com.co\/index.php\/wp-json\/wp\/v2\/media?parent=5219"}],"wp:term":[{"taxonomy":"pwb-brand","embeddable":true,"href":"https:\/\/stockmusik.com.co\/index.php\/wp-json\/wp\/v2\/pwb-brand?post=5219"},{"taxonomy":"product_brand","embeddable":true,"href":"https:\/\/stockmusik.com.co\/index.php\/wp-json\/wp\/v2\/product_brand?post=5219"},{"taxonomy":"product_cat","embeddable":true,"href":"https:\/\/stockmusik.com.co\/index.php\/wp-json\/wp\/v2\/product_cat?post=5219"},{"taxonomy":"product_tag","embeddable":true,"href":"https:\/\/stockmusik.com.co\/index.php\/wp-json\/wp\/v2\/product_tag?post=5219"}],"curies":[{"name":"wp","href":"https:\/\/api.w.org\/{rel}","templated":true}]}}