{"id":5059,"date":"2021-02-15T09:46:02","date_gmt":"2021-02-15T14:46:02","guid":{"rendered":"https:\/\/stockmusik.com.co\/?post_type=product&#038;p=5059"},"modified":"2023-01-18T14:59:07","modified_gmt":"2023-01-18T19:59:07","slug":"guitarra-acustica-fender-fc-1-class-2","status":"publish","type":"product","link":"https:\/\/stockmusik.com.co\/index.php\/producto\/guitarra-acustica-fender-fc-1-class-2\/","title":{"rendered":"GUITARRA ACUSTICA FENDER FC-1 CLASS"},"content":{"rendered":"<ul class=\"prod-features\">\n<li>Tapa de p\u00edcea laminada<\/li>\n<li>Refuerzos Tone Bar Bracing<\/li>\n<li>Fondo y aros de tilo<\/li>\n<li>M\u00e1stil de caoba con perfil O bien-Shape<\/li>\n<li>Diapas\u00f3n y puente de nogal<\/li>\n<li>Anchura de cejuela: 52mm (dos con cuatro\u00bb)<\/li>\n<li>Diecinueve trastes<\/li>\n<li>Medida: 650mm<\/li>\n<li>Acabado: Natural refulgente<\/li>\n<li>Cordaje original Fender cien art. n.\u00b0 246036<\/li>\n<\/ul>\n","protected":false},"excerpt":{"rendered":"<p>Guitarra cl\u00e1sica ac\u00fastica en cuerdas de Nylon, perfecta para principiantes e intermedios. Gracias a sus cuerdas de Nylon es ideal para aprender, y apta parta interpretar\u00a0 diferentes estilos como M\u00fasica Cl\u00e1sica, Boleros, Baladas, Pop, m\u00fasica tropical y mucho m\u00e1s<\/p>\n","protected":false},"featured_media":5063,"comment_status":"open","ping_status":"closed","template":"","meta":{"_jet_sm_ready_style":"","_jet_sm_style":"","_jet_sm_controls_values":"","_jet_sm_fonts_collection":"","_jet_sm_fonts_links":""},"pwb-brand":[43],"product_brand":[],"product_cat":[308],"product_tag":[],"class_list":{"0":"post-5059","1":"product","2":"type-product","3":"status-publish","4":"has-post-thumbnail","6":"pwb-brand-fender","7":"product_cat-guitarra-marcante","9":"first","10":"instock","11":"shipping-taxable","12":"purchasable","13":"product-type-simple"},"yoast_head":"<!-- This site is optimized with the Yoast SEO plugin v19.11 - https:\/\/yoast.com\/wordpress\/plugins\/seo\/ -->\n<title>GUITARRA ACUSTICA FENDER FC-1 CLASS - Stock Musik<\/title>\n<meta name=\"robots\" content=\"index, follow, max-snippet:-1, max-image-preview:large, max-video-preview:-1\" \/>\n<link rel=\"canonical\" href=\"https:\/\/stockmusik.com.co\/index.php\/producto\/guitarra-acustica-fender-fc-1-class-2\/\" \/>\n<meta property=\"og:locale\" content=\"es_ES\" \/>\n<meta property=\"og:type\" content=\"article\" \/>\n<meta property=\"og:title\" content=\"GUITARRA ACUSTICA FENDER FC-1 CLASS - Stock Musik\" \/>\n<meta property=\"og:description\" content=\"Guitarra cl\u00e1sica ac\u00fastica en cuerdas de Nylon, perfecta para principiantes e intermedios. Gracias a sus cuerdas de Nylon es ideal para aprender, y apta parta interpretar\u00a0 diferentes estilos como M\u00fasica Cl\u00e1sica, Boleros, Baladas, Pop, m\u00fasica tropical y mucho m\u00e1s\" \/>\n<meta property=\"og:url\" content=\"https:\/\/stockmusik.com.co\/index.php\/producto\/guitarra-acustica-fender-fc-1-class-2\/\" \/>\n<meta property=\"og:site_name\" content=\"Stock Musik\" \/>\n<meta property=\"article:publisher\" content=\"https:\/\/es-la.facebook.com\/stockmusik\/\" \/>\n<meta property=\"article:modified_time\" content=\"2023-01-18T19:59:07+00:00\" \/>\n<meta property=\"og:image\" content=\"https:\/\/stockmusik.com.co\/wp-content\/uploads\/2021\/02\/GUITARRA-ACUSTICA-FENDER-FC-1-CLASS-2.jpg\" \/>\n\t<meta property=\"og:image:width\" content=\"1172\" \/>\n\t<meta property=\"og:image:height\" content=\"2388\" \/>\n\t<meta property=\"og:image:type\" content=\"image\/jpeg\" \/>\n<meta name=\"twitter:card\" content=\"summary_large_image\" \/>\n<meta name=\"twitter:label1\" content=\"Precio\" \/>\n\t<meta name=\"twitter:data1\" content=\"Cotiza por Whatsapp\" \/>\n\t<meta name=\"twitter:label2\" content=\"Availability\" \/>\n\t<meta name=\"twitter:data2\" content=\"In stock\" \/>\n<script type=\"application\/ld+json\" class=\"yoast-schema-graph\">{\"@context\":\"https:\/\/schema.org\",\"@graph\":[{\"@type\":\"WebPage\",\"@id\":\"https:\/\/stockmusik.com.co\/index.php\/producto\/guitarra-acustica-fender-fc-1-class-2\/\",\"url\":\"https:\/\/stockmusik.com.co\/index.php\/producto\/guitarra-acustica-fender-fc-1-class-2\/\",\"name\":\"GUITARRA ACUSTICA FENDER FC-1 CLASS - Stock Musik\",\"isPartOf\":{\"@id\":\"https:\/\/stockmusik.com.co\/#website\"},\"datePublished\":\"2021-02-15T14:46:02+00:00\",\"dateModified\":\"2023-01-18T19:59:07+00:00\",\"breadcrumb\":{\"@id\":\"https:\/\/stockmusik.com.co\/index.php\/producto\/guitarra-acustica-fender-fc-1-class-2\/#breadcrumb\"},\"inLanguage\":\"es\",\"potentialAction\":[{\"@type\":\"ReadAction\",\"target\":[\"https:\/\/stockmusik.com.co\/index.php\/producto\/guitarra-acustica-fender-fc-1-class-2\/\"]}]},{\"@type\":\"BreadcrumbList\",\"@id\":\"https:\/\/stockmusik.com.co\/index.php\/producto\/guitarra-acustica-fender-fc-1-class-2\/#breadcrumb\",\"itemListElement\":[{\"@type\":\"ListItem\",\"position\":1,\"name\":\"Portada\",\"item\":\"https:\/\/stockmusik.com.co\/\"},{\"@type\":\"ListItem\",\"position\":2,\"name\":\"Tienda StockMusik\",\"item\":\"https:\/\/stockmusik.com.co\/index.php\/tienda-stockmusik\/\"},{\"@type\":\"ListItem\",\"position\":3,\"name\":\"GUITARRA ACUSTICA FENDER FC-1 CLASS\"}]},{\"@type\":\"WebSite\",\"@id\":\"https:\/\/stockmusik.com.co\/#website\",\"url\":\"https:\/\/stockmusik.com.co\/\",\"name\":\"Stock Musik\",\"description\":\"Tienda de Instrumentos Musicales\",\"publisher\":{\"@id\":\"https:\/\/stockmusik.com.co\/#organization\"},\"potentialAction\":[{\"@type\":\"SearchAction\",\"target\":{\"@type\":\"EntryPoint\",\"urlTemplate\":\"https:\/\/stockmusik.com.co\/?s={search_term_string}\"},\"query-input\":\"required name=search_term_string\"}],\"inLanguage\":\"es\"},{\"@type\":\"Organization\",\"@id\":\"https:\/\/stockmusik.com.co\/#organization\",\"name\":\"Stock Musik\",\"url\":\"https:\/\/stockmusik.com.co\/\",\"logo\":{\"@type\":\"ImageObject\",\"inLanguage\":\"es\",\"@id\":\"https:\/\/stockmusik.com.co\/#\/schema\/logo\/image\/\",\"url\":\"https:\/\/stockmusik.com.co\/wp-content\/uploads\/2020\/08\/cropped-logo_stock_musik.png\",\"contentUrl\":\"https:\/\/stockmusik.com.co\/wp-content\/uploads\/2020\/08\/cropped-logo_stock_musik.png\",\"width\":455,\"height\":173,\"caption\":\"Stock Musik\"},\"image\":{\"@id\":\"https:\/\/stockmusik.com.co\/#\/schema\/logo\/image\/\"},\"sameAs\":[\"https:\/\/es-la.facebook.com\/stockmusik\/\"]}]}<\/script>\n<meta property=\"product:price:amount\" content=\"730000\" \/>\n<meta property=\"product:price:currency\" content=\"COP\" \/>\n<meta property=\"og:availability\" content=\"instock\" \/>\n<meta property=\"product:availability\" content=\"instock\" \/>\n<meta property=\"product:retailer_item_id\" content=\"01783.\" \/>\n<meta property=\"product:condition\" content=\"new\" \/>\n<!-- \/ Yoast SEO plugin. -->","yoast_head_json":{"title":"GUITARRA ACUSTICA FENDER FC-1 CLASS - Stock Musik","robots":{"index":"index","follow":"follow","max-snippet":"max-snippet:-1","max-image-preview":"max-image-preview:large","max-video-preview":"max-video-preview:-1"},"canonical":"https:\/\/stockmusik.com.co\/index.php\/producto\/guitarra-acustica-fender-fc-1-class-2\/","og_locale":"es_ES","og_type":"article","og_title":"GUITARRA ACUSTICA FENDER FC-1 CLASS - Stock Musik","og_description":"Guitarra cl\u00e1sica ac\u00fastica en cuerdas de Nylon, perfecta para principiantes e intermedios. Gracias a sus cuerdas de Nylon es ideal para aprender, y apta parta interpretar\u00a0 diferentes estilos como M\u00fasica Cl\u00e1sica, Boleros, Baladas, Pop, m\u00fasica tropical y mucho m\u00e1s","og_url":"https:\/\/stockmusik.com.co\/index.php\/producto\/guitarra-acustica-fender-fc-1-class-2\/","og_site_name":"Stock Musik","article_publisher":"https:\/\/es-la.facebook.com\/stockmusik\/","article_modified_time":"2023-01-18T19:59:07+00:00","og_image":[{"width":1172,"height":2388,"url":"https:\/\/stockmusik.com.co\/wp-content\/uploads\/2021\/02\/GUITARRA-ACUSTICA-FENDER-FC-1-CLASS-2.jpg","type":"image\/jpeg"}],"twitter_card":"summary_large_image","twitter_misc":{"Precio":"Cotiza por Whatsapp","Availability":"In stock"},"schema":{"@context":"https:\/\/schema.org","@graph":[{"@type":"WebPage","@id":"https:\/\/stockmusik.com.co\/index.php\/producto\/guitarra-acustica-fender-fc-1-class-2\/","url":"https:\/\/stockmusik.com.co\/index.php\/producto\/guitarra-acustica-fender-fc-1-class-2\/","name":"GUITARRA ACUSTICA FENDER FC-1 CLASS - Stock Musik","isPartOf":{"@id":"https:\/\/stockmusik.com.co\/#website"},"datePublished":"2021-02-15T14:46:02+00:00","dateModified":"2023-01-18T19:59:07+00:00","breadcrumb":{"@id":"https:\/\/stockmusik.com.co\/index.php\/producto\/guitarra-acustica-fender-fc-1-class-2\/#breadcrumb"},"inLanguage":"es","potentialAction":[{"@type":"ReadAction","target":["https:\/\/stockmusik.com.co\/index.php\/producto\/guitarra-acustica-fender-fc-1-class-2\/"]}]},{"@type":"BreadcrumbList","@id":"https:\/\/stockmusik.com.co\/index.php\/producto\/guitarra-acustica-fender-fc-1-class-2\/#breadcrumb","itemListElement":[{"@type":"ListItem","position":1,"name":"Portada","item":"https:\/\/stockmusik.com.co\/"},{"@type":"ListItem","position":2,"name":"Tienda StockMusik","item":"https:\/\/stockmusik.com.co\/index.php\/tienda-stockmusik\/"},{"@type":"ListItem","position":3,"name":"GUITARRA ACUSTICA FENDER FC-1 CLASS"}]},{"@type":"WebSite","@id":"https:\/\/stockmusik.com.co\/#website","url":"https:\/\/stockmusik.com.co\/","name":"Stock Musik","description":"Tienda de Instrumentos Musicales","publisher":{"@id":"https:\/\/stockmusik.com.co\/#organization"},"potentialAction":[{"@type":"SearchAction","target":{"@type":"EntryPoint","urlTemplate":"https:\/\/stockmusik.com.co\/?s={search_term_string}"},"query-input":"required name=search_term_string"}],"inLanguage":"es"},{"@type":"Organization","@id":"https:\/\/stockmusik.com.co\/#organization","name":"Stock Musik","url":"https:\/\/stockmusik.com.co\/","logo":{"@type":"ImageObject","inLanguage":"es","@id":"https:\/\/stockmusik.com.co\/#\/schema\/logo\/image\/","url":"https:\/\/stockmusik.com.co\/wp-content\/uploads\/2020\/08\/cropped-logo_stock_musik.png","contentUrl":"https:\/\/stockmusik.com.co\/wp-content\/uploads\/2020\/08\/cropped-logo_stock_musik.png","width":455,"height":173,"caption":"Stock Musik"},"image":{"@id":"https:\/\/stockmusik.com.co\/#\/schema\/logo\/image\/"},"sameAs":["https:\/\/es-la.facebook.com\/stockmusik\/"]}]},"product_price_amount":"730000","product_price_currency":"COP","og_availability":"instock","product_availability":"instock","product_retailer_item_id":"01783.","product_condition":"new"},"brands":[{"id":43,"name":"FENDER","slug":"fender"}],"_links":{"self":[{"href":"https:\/\/stockmusik.com.co\/index.php\/wp-json\/wp\/v2\/product\/5059","targetHints":{"allow":["GET"]}}],"collection":[{"href":"https:\/\/stockmusik.com.co\/index.php\/wp-json\/wp\/v2\/product"}],"about":[{"href":"https:\/\/stockmusik.com.co\/index.php\/wp-json\/wp\/v2\/types\/product"}],"replies":[{"embeddable":true,"href":"https:\/\/stockmusik.com.co\/index.php\/wp-json\/wp\/v2\/comments?post=5059"}],"wp:featuredmedia":[{"embeddable":true,"href":"https:\/\/stockmusik.com.co\/index.php\/wp-json\/wp\/v2\/media\/5063"}],"wp:attachment":[{"href":"https:\/\/stockmusik.com.co\/index.php\/wp-json\/wp\/v2\/media?parent=5059"}],"wp:term":[{"taxonomy":"pwb-brand","embeddable":true,"href":"https:\/\/stockmusik.com.co\/index.php\/wp-json\/wp\/v2\/pwb-brand?post=5059"},{"taxonomy":"product_brand","embeddable":true,"href":"https:\/\/stockmusik.com.co\/index.php\/wp-json\/wp\/v2\/product_brand?post=5059"},{"taxonomy":"product_cat","embeddable":true,"href":"https:\/\/stockmusik.com.co\/index.php\/wp-json\/wp\/v2\/product_cat?post=5059"},{"taxonomy":"product_tag","embeddable":true,"href":"https:\/\/stockmusik.com.co\/index.php\/wp-json\/wp\/v2\/product_tag?post=5059"}],"curies":[{"name":"wp","href":"https:\/\/api.w.org\/{rel}","templated":true}]}}