{"id":4935,"date":"2021-02-03T11:47:28","date_gmt":"2021-02-03T16:47:28","guid":{"rendered":"https:\/\/stockmusik.com.co\/?post_type=product&#038;p=4935"},"modified":"2023-01-18T15:20:18","modified_gmt":"2023-01-18T20:20:18","slug":"amplificador-orange-de-guitarra-electrica-crush-mini","status":"publish","type":"product","link":"https:\/\/stockmusik.com.co\/index.php\/producto\/amplificador-orange-de-guitarra-electrica-crush-mini\/","title":{"rendered":"AMPLIFICADOR ORANGE DE GUITARRA ELECTRICA CRUSH MINI"},"content":{"rendered":"<ul class=\"a-unordered-list a-vertical a-spacing-mini\">\n<li>Potencia: 3 W RMS<\/li>\n<li>Altavoz de 4 \u00ab<\/li>\n<li>Controles: ganancia, tono, volumen<\/li>\n<li>Sintonizador incorporado<\/li>\n<li>Conexi\u00f3n de auriculares<\/li>\n<li>Salida de altavoz externo<\/li>\n<li>Entrada auxiliar<\/li>\n<li>Dimensiones (An x Al x Pr): 149 x 139 x 80 mm<\/li>\n<li>Peso: 0.8 kilogramos<\/li>\n<li>Color: naranja<\/li>\n<li><\/li>\n<\/ul>\n","protected":false},"excerpt":{"rendered":"<p>Este mini amplificador est\u00e1 dise\u00f1ado para satisfacer las necesidades b\u00e1sicas que requiere un guitarrista, para estudiar con su instrumento junto al sonido caracter\u00edstico de Orange. Su peso ultra liviano y conectividad te permitir\u00e1n llevarlo a todas partes para una gran variedad de pr\u00e1cticas instrumentales.<\/p>\n","protected":false},"featured_media":4938,"comment_status":"open","ping_status":"closed","template":"","meta":{"_jet_sm_ready_style":"","_jet_sm_style":"","_jet_sm_controls_values":"","_jet_sm_fonts_collection":"","_jet_sm_fonts_links":""},"pwb-brand":[71],"product_brand":[],"product_cat":[132],"product_tag":[],"class_list":{"0":"post-4935","1":"product","2":"type-product","3":"status-publish","4":"has-post-thumbnail","6":"pwb-brand-orange","7":"product_cat-amplificador","9":"first","10":"instock","11":"virtual","12":"purchasable","13":"product-type-simple"},"yoast_head":"<!-- This site is optimized with the Yoast SEO plugin v19.11 - https:\/\/yoast.com\/wordpress\/plugins\/seo\/ -->\n<title>AMPLIFICADOR ORANGE DE GUITARRA ELECTRICA CRUSH MINI - Stock Musik<\/title>\n<meta name=\"robots\" content=\"index, follow, max-snippet:-1, max-image-preview:large, max-video-preview:-1\" \/>\n<link rel=\"canonical\" href=\"https:\/\/stockmusik.com.co\/index.php\/producto\/amplificador-orange-de-guitarra-electrica-crush-mini\/\" \/>\n<meta property=\"og:locale\" content=\"es_ES\" \/>\n<meta property=\"og:type\" content=\"article\" \/>\n<meta property=\"og:title\" content=\"AMPLIFICADOR ORANGE DE GUITARRA ELECTRICA CRUSH MINI - Stock Musik\" \/>\n<meta property=\"og:description\" content=\"Este mini amplificador est\u00e1 dise\u00f1ado para satisfacer las necesidades b\u00e1sicas que requiere un guitarrista, para estudiar con su instrumento junto al sonido caracter\u00edstico de Orange. Su peso ultra liviano y conectividad te permitir\u00e1n llevarlo a todas partes para una gran variedad de pr\u00e1cticas instrumentales.\" \/>\n<meta property=\"og:url\" content=\"https:\/\/stockmusik.com.co\/index.php\/producto\/amplificador-orange-de-guitarra-electrica-crush-mini\/\" \/>\n<meta property=\"og:site_name\" content=\"Stock Musik\" \/>\n<meta property=\"article:publisher\" content=\"https:\/\/es-la.facebook.com\/stockmusik\/\" \/>\n<meta property=\"article:modified_time\" content=\"2023-01-18T20:20:18+00:00\" \/>\n<meta property=\"og:image\" content=\"https:\/\/stockmusik.com.co\/wp-content\/uploads\/2021\/02\/AMPLIFICADOR-ORANGE-DE-GUITARRA-ELECTRICA-CRUSH-MINI.jpg\" \/>\n\t<meta property=\"og:image:width\" content=\"1500\" \/>\n\t<meta property=\"og:image:height\" content=\"1440\" \/>\n\t<meta property=\"og:image:type\" content=\"image\/jpeg\" \/>\n<meta name=\"twitter:card\" content=\"summary_large_image\" \/>\n<meta name=\"twitter:label1\" content=\"Precio\" \/>\n\t<meta name=\"twitter:data1\" content=\"Cotiza por Whatsapp\" \/>\n\t<meta name=\"twitter:label2\" content=\"Availability\" \/>\n\t<meta name=\"twitter:data2\" content=\"In stock\" \/>\n<script type=\"application\/ld+json\" class=\"yoast-schema-graph\">{\"@context\":\"https:\/\/schema.org\",\"@graph\":[{\"@type\":\"WebPage\",\"@id\":\"https:\/\/stockmusik.com.co\/index.php\/producto\/amplificador-orange-de-guitarra-electrica-crush-mini\/\",\"url\":\"https:\/\/stockmusik.com.co\/index.php\/producto\/amplificador-orange-de-guitarra-electrica-crush-mini\/\",\"name\":\"AMPLIFICADOR ORANGE DE GUITARRA ELECTRICA CRUSH MINI - Stock Musik\",\"isPartOf\":{\"@id\":\"https:\/\/stockmusik.com.co\/#website\"},\"datePublished\":\"2021-02-03T16:47:28+00:00\",\"dateModified\":\"2023-01-18T20:20:18+00:00\",\"breadcrumb\":{\"@id\":\"https:\/\/stockmusik.com.co\/index.php\/producto\/amplificador-orange-de-guitarra-electrica-crush-mini\/#breadcrumb\"},\"inLanguage\":\"es\",\"potentialAction\":[{\"@type\":\"ReadAction\",\"target\":[\"https:\/\/stockmusik.com.co\/index.php\/producto\/amplificador-orange-de-guitarra-electrica-crush-mini\/\"]}]},{\"@type\":\"BreadcrumbList\",\"@id\":\"https:\/\/stockmusik.com.co\/index.php\/producto\/amplificador-orange-de-guitarra-electrica-crush-mini\/#breadcrumb\",\"itemListElement\":[{\"@type\":\"ListItem\",\"position\":1,\"name\":\"Portada\",\"item\":\"https:\/\/stockmusik.com.co\/\"},{\"@type\":\"ListItem\",\"position\":2,\"name\":\"Tienda StockMusik\",\"item\":\"https:\/\/stockmusik.com.co\/index.php\/tienda-stockmusik\/\"},{\"@type\":\"ListItem\",\"position\":3,\"name\":\"AMPLIFICADOR ORANGE DE GUITARRA ELECTRICA CRUSH MINI\"}]},{\"@type\":\"WebSite\",\"@id\":\"https:\/\/stockmusik.com.co\/#website\",\"url\":\"https:\/\/stockmusik.com.co\/\",\"name\":\"Stock Musik\",\"description\":\"Tienda de Instrumentos Musicales\",\"publisher\":{\"@id\":\"https:\/\/stockmusik.com.co\/#organization\"},\"potentialAction\":[{\"@type\":\"SearchAction\",\"target\":{\"@type\":\"EntryPoint\",\"urlTemplate\":\"https:\/\/stockmusik.com.co\/?s={search_term_string}\"},\"query-input\":\"required name=search_term_string\"}],\"inLanguage\":\"es\"},{\"@type\":\"Organization\",\"@id\":\"https:\/\/stockmusik.com.co\/#organization\",\"name\":\"Stock Musik\",\"url\":\"https:\/\/stockmusik.com.co\/\",\"logo\":{\"@type\":\"ImageObject\",\"inLanguage\":\"es\",\"@id\":\"https:\/\/stockmusik.com.co\/#\/schema\/logo\/image\/\",\"url\":\"https:\/\/stockmusik.com.co\/wp-content\/uploads\/2020\/08\/cropped-logo_stock_musik.png\",\"contentUrl\":\"https:\/\/stockmusik.com.co\/wp-content\/uploads\/2020\/08\/cropped-logo_stock_musik.png\",\"width\":455,\"height\":173,\"caption\":\"Stock Musik\"},\"image\":{\"@id\":\"https:\/\/stockmusik.com.co\/#\/schema\/logo\/image\/\"},\"sameAs\":[\"https:\/\/es-la.facebook.com\/stockmusik\/\"]}]}<\/script>\n<meta property=\"product:price:amount\" content=\"295000\" \/>\n<meta property=\"product:price:currency\" content=\"COP\" \/>\n<meta property=\"og:availability\" content=\"instock\" \/>\n<meta property=\"product:availability\" content=\"instock\" \/>\n<meta property=\"product:retailer_item_id\" content=\"01934\" \/>\n<meta property=\"product:condition\" content=\"new\" \/>\n<!-- \/ Yoast SEO plugin. -->","yoast_head_json":{"title":"AMPLIFICADOR ORANGE DE GUITARRA ELECTRICA CRUSH MINI - Stock Musik","robots":{"index":"index","follow":"follow","max-snippet":"max-snippet:-1","max-image-preview":"max-image-preview:large","max-video-preview":"max-video-preview:-1"},"canonical":"https:\/\/stockmusik.com.co\/index.php\/producto\/amplificador-orange-de-guitarra-electrica-crush-mini\/","og_locale":"es_ES","og_type":"article","og_title":"AMPLIFICADOR ORANGE DE GUITARRA ELECTRICA CRUSH MINI - Stock Musik","og_description":"Este mini amplificador est\u00e1 dise\u00f1ado para satisfacer las necesidades b\u00e1sicas que requiere un guitarrista, para estudiar con su instrumento junto al sonido caracter\u00edstico de Orange. Su peso ultra liviano y conectividad te permitir\u00e1n llevarlo a todas partes para una gran variedad de pr\u00e1cticas instrumentales.","og_url":"https:\/\/stockmusik.com.co\/index.php\/producto\/amplificador-orange-de-guitarra-electrica-crush-mini\/","og_site_name":"Stock Musik","article_publisher":"https:\/\/es-la.facebook.com\/stockmusik\/","article_modified_time":"2023-01-18T20:20:18+00:00","og_image":[{"width":1500,"height":1440,"url":"https:\/\/stockmusik.com.co\/wp-content\/uploads\/2021\/02\/AMPLIFICADOR-ORANGE-DE-GUITARRA-ELECTRICA-CRUSH-MINI.jpg","type":"image\/jpeg"}],"twitter_card":"summary_large_image","twitter_misc":{"Precio":"Cotiza por Whatsapp","Availability":"In stock"},"schema":{"@context":"https:\/\/schema.org","@graph":[{"@type":"WebPage","@id":"https:\/\/stockmusik.com.co\/index.php\/producto\/amplificador-orange-de-guitarra-electrica-crush-mini\/","url":"https:\/\/stockmusik.com.co\/index.php\/producto\/amplificador-orange-de-guitarra-electrica-crush-mini\/","name":"AMPLIFICADOR ORANGE DE GUITARRA ELECTRICA CRUSH MINI - Stock Musik","isPartOf":{"@id":"https:\/\/stockmusik.com.co\/#website"},"datePublished":"2021-02-03T16:47:28+00:00","dateModified":"2023-01-18T20:20:18+00:00","breadcrumb":{"@id":"https:\/\/stockmusik.com.co\/index.php\/producto\/amplificador-orange-de-guitarra-electrica-crush-mini\/#breadcrumb"},"inLanguage":"es","potentialAction":[{"@type":"ReadAction","target":["https:\/\/stockmusik.com.co\/index.php\/producto\/amplificador-orange-de-guitarra-electrica-crush-mini\/"]}]},{"@type":"BreadcrumbList","@id":"https:\/\/stockmusik.com.co\/index.php\/producto\/amplificador-orange-de-guitarra-electrica-crush-mini\/#breadcrumb","itemListElement":[{"@type":"ListItem","position":1,"name":"Portada","item":"https:\/\/stockmusik.com.co\/"},{"@type":"ListItem","position":2,"name":"Tienda StockMusik","item":"https:\/\/stockmusik.com.co\/index.php\/tienda-stockmusik\/"},{"@type":"ListItem","position":3,"name":"AMPLIFICADOR ORANGE DE GUITARRA ELECTRICA CRUSH MINI"}]},{"@type":"WebSite","@id":"https:\/\/stockmusik.com.co\/#website","url":"https:\/\/stockmusik.com.co\/","name":"Stock Musik","description":"Tienda de Instrumentos Musicales","publisher":{"@id":"https:\/\/stockmusik.com.co\/#organization"},"potentialAction":[{"@type":"SearchAction","target":{"@type":"EntryPoint","urlTemplate":"https:\/\/stockmusik.com.co\/?s={search_term_string}"},"query-input":"required name=search_term_string"}],"inLanguage":"es"},{"@type":"Organization","@id":"https:\/\/stockmusik.com.co\/#organization","name":"Stock Musik","url":"https:\/\/stockmusik.com.co\/","logo":{"@type":"ImageObject","inLanguage":"es","@id":"https:\/\/stockmusik.com.co\/#\/schema\/logo\/image\/","url":"https:\/\/stockmusik.com.co\/wp-content\/uploads\/2020\/08\/cropped-logo_stock_musik.png","contentUrl":"https:\/\/stockmusik.com.co\/wp-content\/uploads\/2020\/08\/cropped-logo_stock_musik.png","width":455,"height":173,"caption":"Stock Musik"},"image":{"@id":"https:\/\/stockmusik.com.co\/#\/schema\/logo\/image\/"},"sameAs":["https:\/\/es-la.facebook.com\/stockmusik\/"]}]},"product_price_amount":"295000","product_price_currency":"COP","og_availability":"instock","product_availability":"instock","product_retailer_item_id":"01934","product_condition":"new"},"brands":[{"id":71,"name":"ORANGE","slug":"orange"}],"_links":{"self":[{"href":"https:\/\/stockmusik.com.co\/index.php\/wp-json\/wp\/v2\/product\/4935","targetHints":{"allow":["GET"]}}],"collection":[{"href":"https:\/\/stockmusik.com.co\/index.php\/wp-json\/wp\/v2\/product"}],"about":[{"href":"https:\/\/stockmusik.com.co\/index.php\/wp-json\/wp\/v2\/types\/product"}],"replies":[{"embeddable":true,"href":"https:\/\/stockmusik.com.co\/index.php\/wp-json\/wp\/v2\/comments?post=4935"}],"wp:featuredmedia":[{"embeddable":true,"href":"https:\/\/stockmusik.com.co\/index.php\/wp-json\/wp\/v2\/media\/4938"}],"wp:attachment":[{"href":"https:\/\/stockmusik.com.co\/index.php\/wp-json\/wp\/v2\/media?parent=4935"}],"wp:term":[{"taxonomy":"pwb-brand","embeddable":true,"href":"https:\/\/stockmusik.com.co\/index.php\/wp-json\/wp\/v2\/pwb-brand?post=4935"},{"taxonomy":"product_brand","embeddable":true,"href":"https:\/\/stockmusik.com.co\/index.php\/wp-json\/wp\/v2\/product_brand?post=4935"},{"taxonomy":"product_cat","embeddable":true,"href":"https:\/\/stockmusik.com.co\/index.php\/wp-json\/wp\/v2\/product_cat?post=4935"},{"taxonomy":"product_tag","embeddable":true,"href":"https:\/\/stockmusik.com.co\/index.php\/wp-json\/wp\/v2\/product_tag?post=4935"}],"curies":[{"name":"wp","href":"https:\/\/api.w.org\/{rel}","templated":true}]}}