{"id":4899,"date":"2021-01-28T18:13:55","date_gmt":"2021-01-28T23:13:55","guid":{"rendered":"https:\/\/stockmusik.com.co\/?post_type=product&#038;p=4899"},"modified":"2022-03-03T10:23:37","modified_gmt":"2022-03-03T15:23:37","slug":"piano-medeli-sp4200","status":"publish","type":"product","link":"https:\/\/stockmusik.com.co\/index.php\/producto\/piano-medeli-sp4200\/","title":{"rendered":"PIANO MEDELI SP4200"},"content":{"rendered":"<ul>\n<li style=\"font-weight: 300\">88 teclas (martillo de acci\u00f3n)<\/li>\n<li style=\"font-weight: 300\">Pantalla: LCD retroiluminada<\/li>\n<li style=\"font-weight: 300\">Polifon\u00eda: 128 (m\u00e1ximo)<\/li>\n<li style=\"font-weight: 300\">Voces: 600<\/li>\n<li style=\"font-weight: 300\">Split: SI<\/li>\n<li style=\"font-weight: 300\">Duo (Twinova): SI<\/li>\n<li style=\"font-weight: 300\">Estilos: 230 presets; 10 usuario<\/li>\n<li style=\"font-weight: 300\">Creador del estilo: S\u00cd<\/li>\n<li style=\"font-weight: 300\">O.T.S. S\u00ed<\/li>\n<li style=\"font-weight: 300\">Secuenciador: 5 canciones de usuario (5 melod\u00edas + 1 acompa\u00f1amiento).<\/li>\n<li style=\"font-weight: 300\">Demo Song: 5<\/li>\n<li style=\"font-weight: 300\">Biblioteca de m\u00fasica:<\/li>\n<li style=\"font-weight: 300\">120 canciones predefinidas; Sistema de Tutorial de M\u00fasica<\/li>\n<li style=\"font-weight: 300\">INCLUYE MUEBLE EN MADERA CON SET DE PEDALES<\/li>\n<li style=\"font-weight: 300\">Unidad externa: USB (32G m\u00e1x.)<\/li>\n<li style=\"font-weight: 300\">Dimensiones: LWH 1365 x 366 x 137 mm<\/li>\n<li style=\"font-weight: 300\">Peso: 13.8 kg<\/li>\n<\/ul>\n","protected":false},"excerpt":{"rendered":"<p>El Piano MEDELI SP4200 compacto equipado con potentes funciones proporciona 26 efectos de armon\u00eda que se podr\u00edan agregar a la melod\u00eda en la mano derecha, brind\u00e1ndote una experiencia musical completa y profesional. El modo de aprendizaje inteligente integrado proporciona muchas maneras diferentes de ayudarlo a aprender.<\/p>\n","protected":false},"featured_media":4902,"comment_status":"open","ping_status":"closed","template":"","meta":{"_jet_sm_ready_style":"","_jet_sm_style":"","_jet_sm_controls_values":"","_jet_sm_fonts_collection":"","_jet_sm_fonts_links":""},"pwb-brand":[67],"product_brand":[],"product_cat":[358],"product_tag":[],"class_list":{"0":"post-4899","1":"product","2":"type-product","3":"status-publish","4":"has-post-thumbnail","6":"pwb-brand-medeli","7":"product_cat-piano","9":"first","10":"outofstock","11":"shipping-taxable","12":"purchasable","13":"product-type-simple"},"yoast_head":"<!-- This site is optimized with the Yoast SEO plugin v19.11 - https:\/\/yoast.com\/wordpress\/plugins\/seo\/ -->\n<title>PIANO MEDELI SP4200 - Stock Musik<\/title>\n<meta name=\"robots\" content=\"index, follow, max-snippet:-1, max-image-preview:large, max-video-preview:-1\" \/>\n<link rel=\"canonical\" href=\"https:\/\/stockmusik.com.co\/index.php\/producto\/piano-medeli-sp4200\/\" \/>\n<meta property=\"og:locale\" content=\"es_ES\" \/>\n<meta property=\"og:type\" content=\"article\" \/>\n<meta property=\"og:title\" content=\"PIANO MEDELI SP4200 - Stock Musik\" \/>\n<meta property=\"og:description\" content=\"El Piano MEDELI SP4200 compacto equipado con potentes funciones proporciona 26 efectos de armon\u00eda que se podr\u00edan agregar a la melod\u00eda en la mano derecha, brind\u00e1ndote una experiencia musical completa y profesional. El modo de aprendizaje inteligente integrado proporciona muchas maneras diferentes de ayudarlo a aprender.\" \/>\n<meta property=\"og:url\" content=\"https:\/\/stockmusik.com.co\/index.php\/producto\/piano-medeli-sp4200\/\" \/>\n<meta property=\"og:site_name\" content=\"Stock Musik\" \/>\n<meta property=\"article:publisher\" content=\"https:\/\/es-la.facebook.com\/stockmusik\/\" \/>\n<meta property=\"article:modified_time\" content=\"2022-03-03T15:23:37+00:00\" \/>\n<meta property=\"og:image\" content=\"https:\/\/stockmusik.com.co\/wp-content\/uploads\/2021\/01\/PIANO-MEDELI-SP4200.jpg\" \/>\n\t<meta property=\"og:image:width\" content=\"1500\" \/>\n\t<meta property=\"og:image:height\" content=\"912\" \/>\n\t<meta property=\"og:image:type\" content=\"image\/jpeg\" \/>\n<meta name=\"twitter:card\" content=\"summary_large_image\" \/>\n<meta name=\"twitter:label1\" content=\"Precio\" \/>\n\t<meta name=\"twitter:data1\" content=\"Cotiza por Whatsapp\" \/>\n\t<meta name=\"twitter:label2\" content=\"Availability\" \/>\n\t<meta name=\"twitter:data2\" content=\"Out of stock\" \/>\n<script type=\"application\/ld+json\" class=\"yoast-schema-graph\">{\"@context\":\"https:\/\/schema.org\",\"@graph\":[{\"@type\":\"WebPage\",\"@id\":\"https:\/\/stockmusik.com.co\/index.php\/producto\/piano-medeli-sp4200\/\",\"url\":\"https:\/\/stockmusik.com.co\/index.php\/producto\/piano-medeli-sp4200\/\",\"name\":\"PIANO MEDELI SP4200 - Stock Musik\",\"isPartOf\":{\"@id\":\"https:\/\/stockmusik.com.co\/#website\"},\"datePublished\":\"2021-01-28T23:13:55+00:00\",\"dateModified\":\"2022-03-03T15:23:37+00:00\",\"breadcrumb\":{\"@id\":\"https:\/\/stockmusik.com.co\/index.php\/producto\/piano-medeli-sp4200\/#breadcrumb\"},\"inLanguage\":\"es\",\"potentialAction\":[{\"@type\":\"ReadAction\",\"target\":[\"https:\/\/stockmusik.com.co\/index.php\/producto\/piano-medeli-sp4200\/\"]}]},{\"@type\":\"BreadcrumbList\",\"@id\":\"https:\/\/stockmusik.com.co\/index.php\/producto\/piano-medeli-sp4200\/#breadcrumb\",\"itemListElement\":[{\"@type\":\"ListItem\",\"position\":1,\"name\":\"Portada\",\"item\":\"https:\/\/stockmusik.com.co\/\"},{\"@type\":\"ListItem\",\"position\":2,\"name\":\"Tienda StockMusik\",\"item\":\"https:\/\/stockmusik.com.co\/index.php\/tienda-stockmusik\/\"},{\"@type\":\"ListItem\",\"position\":3,\"name\":\"PIANO MEDELI SP4200\"}]},{\"@type\":\"WebSite\",\"@id\":\"https:\/\/stockmusik.com.co\/#website\",\"url\":\"https:\/\/stockmusik.com.co\/\",\"name\":\"Stock Musik\",\"description\":\"Tienda de Instrumentos Musicales\",\"publisher\":{\"@id\":\"https:\/\/stockmusik.com.co\/#organization\"},\"potentialAction\":[{\"@type\":\"SearchAction\",\"target\":{\"@type\":\"EntryPoint\",\"urlTemplate\":\"https:\/\/stockmusik.com.co\/?s={search_term_string}\"},\"query-input\":\"required name=search_term_string\"}],\"inLanguage\":\"es\"},{\"@type\":\"Organization\",\"@id\":\"https:\/\/stockmusik.com.co\/#organization\",\"name\":\"Stock Musik\",\"url\":\"https:\/\/stockmusik.com.co\/\",\"logo\":{\"@type\":\"ImageObject\",\"inLanguage\":\"es\",\"@id\":\"https:\/\/stockmusik.com.co\/#\/schema\/logo\/image\/\",\"url\":\"https:\/\/stockmusik.com.co\/wp-content\/uploads\/2020\/08\/cropped-logo_stock_musik.png\",\"contentUrl\":\"https:\/\/stockmusik.com.co\/wp-content\/uploads\/2020\/08\/cropped-logo_stock_musik.png\",\"width\":455,\"height\":173,\"caption\":\"Stock Musik\"},\"image\":{\"@id\":\"https:\/\/stockmusik.com.co\/#\/schema\/logo\/image\/\"},\"sameAs\":[\"https:\/\/es-la.facebook.com\/stockmusik\/\"]}]}<\/script>\n<meta property=\"product:price:amount\" content=\"2470000\" \/>\n<meta property=\"product:price:currency\" content=\"COP\" \/>\n<meta property=\"og:availability\" content=\"out of stock\" \/>\n<meta property=\"product:availability\" content=\"out of stock\" \/>\n<meta property=\"product:retailer_item_id\" content=\"01749\" \/>\n<meta property=\"product:condition\" content=\"new\" \/>\n<!-- \/ Yoast SEO plugin. -->","yoast_head_json":{"title":"PIANO MEDELI SP4200 - Stock Musik","robots":{"index":"index","follow":"follow","max-snippet":"max-snippet:-1","max-image-preview":"max-image-preview:large","max-video-preview":"max-video-preview:-1"},"canonical":"https:\/\/stockmusik.com.co\/index.php\/producto\/piano-medeli-sp4200\/","og_locale":"es_ES","og_type":"article","og_title":"PIANO MEDELI SP4200 - Stock Musik","og_description":"El Piano MEDELI SP4200 compacto equipado con potentes funciones proporciona 26 efectos de armon\u00eda que se podr\u00edan agregar a la melod\u00eda en la mano derecha, brind\u00e1ndote una experiencia musical completa y profesional. El modo de aprendizaje inteligente integrado proporciona muchas maneras diferentes de ayudarlo a aprender.","og_url":"https:\/\/stockmusik.com.co\/index.php\/producto\/piano-medeli-sp4200\/","og_site_name":"Stock Musik","article_publisher":"https:\/\/es-la.facebook.com\/stockmusik\/","article_modified_time":"2022-03-03T15:23:37+00:00","og_image":[{"width":1500,"height":912,"url":"https:\/\/stockmusik.com.co\/wp-content\/uploads\/2021\/01\/PIANO-MEDELI-SP4200.jpg","type":"image\/jpeg"}],"twitter_card":"summary_large_image","twitter_misc":{"Precio":"Cotiza por Whatsapp","Availability":"Out of stock"},"schema":{"@context":"https:\/\/schema.org","@graph":[{"@type":"WebPage","@id":"https:\/\/stockmusik.com.co\/index.php\/producto\/piano-medeli-sp4200\/","url":"https:\/\/stockmusik.com.co\/index.php\/producto\/piano-medeli-sp4200\/","name":"PIANO MEDELI SP4200 - Stock Musik","isPartOf":{"@id":"https:\/\/stockmusik.com.co\/#website"},"datePublished":"2021-01-28T23:13:55+00:00","dateModified":"2022-03-03T15:23:37+00:00","breadcrumb":{"@id":"https:\/\/stockmusik.com.co\/index.php\/producto\/piano-medeli-sp4200\/#breadcrumb"},"inLanguage":"es","potentialAction":[{"@type":"ReadAction","target":["https:\/\/stockmusik.com.co\/index.php\/producto\/piano-medeli-sp4200\/"]}]},{"@type":"BreadcrumbList","@id":"https:\/\/stockmusik.com.co\/index.php\/producto\/piano-medeli-sp4200\/#breadcrumb","itemListElement":[{"@type":"ListItem","position":1,"name":"Portada","item":"https:\/\/stockmusik.com.co\/"},{"@type":"ListItem","position":2,"name":"Tienda StockMusik","item":"https:\/\/stockmusik.com.co\/index.php\/tienda-stockmusik\/"},{"@type":"ListItem","position":3,"name":"PIANO MEDELI SP4200"}]},{"@type":"WebSite","@id":"https:\/\/stockmusik.com.co\/#website","url":"https:\/\/stockmusik.com.co\/","name":"Stock Musik","description":"Tienda de Instrumentos Musicales","publisher":{"@id":"https:\/\/stockmusik.com.co\/#organization"},"potentialAction":[{"@type":"SearchAction","target":{"@type":"EntryPoint","urlTemplate":"https:\/\/stockmusik.com.co\/?s={search_term_string}"},"query-input":"required name=search_term_string"}],"inLanguage":"es"},{"@type":"Organization","@id":"https:\/\/stockmusik.com.co\/#organization","name":"Stock Musik","url":"https:\/\/stockmusik.com.co\/","logo":{"@type":"ImageObject","inLanguage":"es","@id":"https:\/\/stockmusik.com.co\/#\/schema\/logo\/image\/","url":"https:\/\/stockmusik.com.co\/wp-content\/uploads\/2020\/08\/cropped-logo_stock_musik.png","contentUrl":"https:\/\/stockmusik.com.co\/wp-content\/uploads\/2020\/08\/cropped-logo_stock_musik.png","width":455,"height":173,"caption":"Stock Musik"},"image":{"@id":"https:\/\/stockmusik.com.co\/#\/schema\/logo\/image\/"},"sameAs":["https:\/\/es-la.facebook.com\/stockmusik\/"]}]},"product_price_amount":"2470000","product_price_currency":"COP","og_availability":"out of stock","product_availability":"out of stock","product_retailer_item_id":"01749","product_condition":"new"},"brands":[{"id":67,"name":"MEDELI","slug":"medeli"}],"_links":{"self":[{"href":"https:\/\/stockmusik.com.co\/index.php\/wp-json\/wp\/v2\/product\/4899","targetHints":{"allow":["GET"]}}],"collection":[{"href":"https:\/\/stockmusik.com.co\/index.php\/wp-json\/wp\/v2\/product"}],"about":[{"href":"https:\/\/stockmusik.com.co\/index.php\/wp-json\/wp\/v2\/types\/product"}],"replies":[{"embeddable":true,"href":"https:\/\/stockmusik.com.co\/index.php\/wp-json\/wp\/v2\/comments?post=4899"}],"wp:featuredmedia":[{"embeddable":true,"href":"https:\/\/stockmusik.com.co\/index.php\/wp-json\/wp\/v2\/media\/4902"}],"wp:attachment":[{"href":"https:\/\/stockmusik.com.co\/index.php\/wp-json\/wp\/v2\/media?parent=4899"}],"wp:term":[{"taxonomy":"pwb-brand","embeddable":true,"href":"https:\/\/stockmusik.com.co\/index.php\/wp-json\/wp\/v2\/pwb-brand?post=4899"},{"taxonomy":"product_brand","embeddable":true,"href":"https:\/\/stockmusik.com.co\/index.php\/wp-json\/wp\/v2\/product_brand?post=4899"},{"taxonomy":"product_cat","embeddable":true,"href":"https:\/\/stockmusik.com.co\/index.php\/wp-json\/wp\/v2\/product_cat?post=4899"},{"taxonomy":"product_tag","embeddable":true,"href":"https:\/\/stockmusik.com.co\/index.php\/wp-json\/wp\/v2\/product_tag?post=4899"}],"curies":[{"name":"wp","href":"https:\/\/api.w.org\/{rel}","templated":true}]}}