{"id":4630,"date":"2020-11-21T15:19:04","date_gmt":"2020-11-21T20:19:04","guid":{"rendered":"https:\/\/stockmusik.com.co\/?post_type=product&#038;p=4630"},"modified":"2022-04-21T17:04:16","modified_gmt":"2022-04-21T22:04:16","slug":"guitarra-folk-persian-af386","status":"publish","type":"product","link":"https:\/\/stockmusik.com.co\/index.php\/producto\/guitarra-folk-persian-af386\/","title":{"rendered":"GUITARRA FOLK PERSIAN AF386"},"content":{"rendered":"<ul>\n<li>Guitarra ac\u00fastica Persian<\/li>\n<li>Tama\u00f1o Folk (41\u201d)<\/li>\n<li>Tapa frontal de caoba<\/li>\n<li>Aros y fondo de caoba<\/li>\n<li>Roseta tallada laser<\/li>\n<li>Bisel incrustado en ABS<\/li>\n<li>Diapas\u00f3n y puentezuela de madera sint\u00e9tica de alta densidad (Eco Friendly)<\/li>\n<li>Puente y cejilla sint\u00e9tica<\/li>\n<li>M\u00e1stil de Okume africano<\/li>\n<li>Truss Rod (alma) de 2 v\u00edas<\/li>\n<li>Terminado mate de poro semiabierto<\/li>\n<li>Clavijas individuales selladas cromadas de seguridad<\/li>\n<li>Sonido disperso con enfoque de ecualizaci\u00f3n en las frecuencias medias\/altas<\/li>\n<li>Tipo de enfoque: Sonido de alta dispersi\u00f3n<\/li>\n<\/ul>\n","protected":false},"excerpt":{"rendered":"<p>La guitarra Persian AF &#8211; 386 de la\u00a0l\u00ednea de Guitarras Caoba\/Sapeli Persian se caracteriza por su potente y explosivo sonido, bellos terminados, dise\u00f1os especiales y proyecci\u00f3n sonora \u00fanica en el mercado. Con terminados altamente profesionales y caracter\u00edsticas de construcci\u00f3n de alt\u00edsima factura, adem\u00e1s de su selecci\u00f3n de maderas americanas intertropicales y un tratamiento profesional de las mismas, la l\u00ednea de Guitarras Caoba\/Sapeli Persian se consolida como la mejor alternativa para m\u00fasicos profesionales, perfecta para producci\u00f3n musical y performance en vivo, \u00a1\u00f3ptimas para todo tipo de escenario!<\/p>\n","protected":false},"featured_media":4632,"comment_status":"open","ping_status":"closed","template":"","meta":{"_jet_sm_ready_style":"","_jet_sm_style":"","_jet_sm_controls_values":"","_jet_sm_fonts_collection":"","_jet_sm_fonts_links":""},"pwb-brand":[73],"product_brand":[],"product_cat":[316],"product_tag":[],"class_list":{"0":"post-4630","1":"product","2":"type-product","3":"status-publish","4":"has-post-thumbnail","6":"pwb-brand-persian","7":"product_cat-guitarra-folk","9":"first","10":"instock","11":"shipping-taxable","12":"purchasable","13":"product-type-simple"},"yoast_head":"<!-- This site is optimized with the Yoast SEO plugin v19.11 - https:\/\/yoast.com\/wordpress\/plugins\/seo\/ -->\n<title>GUITARRA FOLK PERSIAN AF386 - Stock Musik<\/title>\n<meta name=\"robots\" content=\"index, follow, max-snippet:-1, max-image-preview:large, max-video-preview:-1\" \/>\n<link rel=\"canonical\" href=\"https:\/\/stockmusik.com.co\/index.php\/producto\/guitarra-folk-persian-af386\/\" \/>\n<meta property=\"og:locale\" content=\"es_ES\" \/>\n<meta property=\"og:type\" content=\"article\" \/>\n<meta property=\"og:title\" content=\"GUITARRA FOLK PERSIAN AF386 - Stock Musik\" \/>\n<meta property=\"og:description\" content=\"La guitarra Persian AF - 386 de la\u00a0l\u00ednea de Guitarras Caoba\/Sapeli Persian se caracteriza por su potente y explosivo sonido, bellos terminados, dise\u00f1os especiales y proyecci\u00f3n sonora \u00fanica en el mercado. Con terminados altamente profesionales y caracter\u00edsticas de construcci\u00f3n de alt\u00edsima factura, adem\u00e1s de su selecci\u00f3n de maderas americanas intertropicales y un tratamiento profesional de las mismas, la l\u00ednea de Guitarras Caoba\/Sapeli Persian se consolida como la mejor alternativa para m\u00fasicos profesionales, perfecta para producci\u00f3n musical y performance en vivo, \u00a1\u00f3ptimas para todo tipo de escenario!\" \/>\n<meta property=\"og:url\" content=\"https:\/\/stockmusik.com.co\/index.php\/producto\/guitarra-folk-persian-af386\/\" \/>\n<meta property=\"og:site_name\" content=\"Stock Musik\" \/>\n<meta property=\"article:publisher\" content=\"https:\/\/es-la.facebook.com\/stockmusik\/\" \/>\n<meta property=\"article:modified_time\" content=\"2022-04-21T22:04:16+00:00\" \/>\n<meta property=\"og:image\" content=\"https:\/\/stockmusik.com.co\/wp-content\/uploads\/2020\/11\/WhatsApp-Image-2020-08-21-at-11.28.36-AM-1.jpeg\" \/>\n\t<meta property=\"og:image:width\" content=\"853\" \/>\n\t<meta property=\"og:image:height\" content=\"1280\" \/>\n\t<meta property=\"og:image:type\" content=\"image\/jpeg\" \/>\n<meta name=\"twitter:card\" content=\"summary_large_image\" \/>\n<meta name=\"twitter:label1\" content=\"Precio\" \/>\n\t<meta name=\"twitter:data1\" content=\"Cotiza por Whatsapp\" \/>\n\t<meta name=\"twitter:label2\" content=\"Availability\" \/>\n\t<meta name=\"twitter:data2\" content=\"In stock\" \/>\n<script type=\"application\/ld+json\" class=\"yoast-schema-graph\">{\"@context\":\"https:\/\/schema.org\",\"@graph\":[{\"@type\":\"WebPage\",\"@id\":\"https:\/\/stockmusik.com.co\/index.php\/producto\/guitarra-folk-persian-af386\/\",\"url\":\"https:\/\/stockmusik.com.co\/index.php\/producto\/guitarra-folk-persian-af386\/\",\"name\":\"GUITARRA FOLK PERSIAN AF386 - Stock Musik\",\"isPartOf\":{\"@id\":\"https:\/\/stockmusik.com.co\/#website\"},\"datePublished\":\"2020-11-21T20:19:04+00:00\",\"dateModified\":\"2022-04-21T22:04:16+00:00\",\"breadcrumb\":{\"@id\":\"https:\/\/stockmusik.com.co\/index.php\/producto\/guitarra-folk-persian-af386\/#breadcrumb\"},\"inLanguage\":\"es\",\"potentialAction\":[{\"@type\":\"ReadAction\",\"target\":[\"https:\/\/stockmusik.com.co\/index.php\/producto\/guitarra-folk-persian-af386\/\"]}]},{\"@type\":\"BreadcrumbList\",\"@id\":\"https:\/\/stockmusik.com.co\/index.php\/producto\/guitarra-folk-persian-af386\/#breadcrumb\",\"itemListElement\":[{\"@type\":\"ListItem\",\"position\":1,\"name\":\"Portada\",\"item\":\"https:\/\/stockmusik.com.co\/\"},{\"@type\":\"ListItem\",\"position\":2,\"name\":\"Tienda StockMusik\",\"item\":\"https:\/\/stockmusik.com.co\/index.php\/tienda-stockmusik\/\"},{\"@type\":\"ListItem\",\"position\":3,\"name\":\"GUITARRA FOLK PERSIAN AF386\"}]},{\"@type\":\"WebSite\",\"@id\":\"https:\/\/stockmusik.com.co\/#website\",\"url\":\"https:\/\/stockmusik.com.co\/\",\"name\":\"Stock Musik\",\"description\":\"Tienda de Instrumentos Musicales\",\"publisher\":{\"@id\":\"https:\/\/stockmusik.com.co\/#organization\"},\"potentialAction\":[{\"@type\":\"SearchAction\",\"target\":{\"@type\":\"EntryPoint\",\"urlTemplate\":\"https:\/\/stockmusik.com.co\/?s={search_term_string}\"},\"query-input\":\"required name=search_term_string\"}],\"inLanguage\":\"es\"},{\"@type\":\"Organization\",\"@id\":\"https:\/\/stockmusik.com.co\/#organization\",\"name\":\"Stock Musik\",\"url\":\"https:\/\/stockmusik.com.co\/\",\"logo\":{\"@type\":\"ImageObject\",\"inLanguage\":\"es\",\"@id\":\"https:\/\/stockmusik.com.co\/#\/schema\/logo\/image\/\",\"url\":\"https:\/\/stockmusik.com.co\/wp-content\/uploads\/2020\/08\/cropped-logo_stock_musik.png\",\"contentUrl\":\"https:\/\/stockmusik.com.co\/wp-content\/uploads\/2020\/08\/cropped-logo_stock_musik.png\",\"width\":455,\"height\":173,\"caption\":\"Stock Musik\"},\"image\":{\"@id\":\"https:\/\/stockmusik.com.co\/#\/schema\/logo\/image\/\"},\"sameAs\":[\"https:\/\/es-la.facebook.com\/stockmusik\/\"]}]}<\/script>\n<meta property=\"product:price:amount\" content=\"515000\" \/>\n<meta property=\"product:price:currency\" content=\"COP\" \/>\n<meta property=\"og:availability\" content=\"instock\" \/>\n<meta property=\"product:availability\" content=\"instock\" \/>\n<meta property=\"product:retailer_item_id\" content=\"01241\" \/>\n<meta property=\"product:condition\" content=\"new\" \/>\n<!-- \/ Yoast SEO plugin. -->","yoast_head_json":{"title":"GUITARRA FOLK PERSIAN AF386 - Stock Musik","robots":{"index":"index","follow":"follow","max-snippet":"max-snippet:-1","max-image-preview":"max-image-preview:large","max-video-preview":"max-video-preview:-1"},"canonical":"https:\/\/stockmusik.com.co\/index.php\/producto\/guitarra-folk-persian-af386\/","og_locale":"es_ES","og_type":"article","og_title":"GUITARRA FOLK PERSIAN AF386 - Stock Musik","og_description":"La guitarra Persian AF - 386 de la\u00a0l\u00ednea de Guitarras Caoba\/Sapeli Persian se caracteriza por su potente y explosivo sonido, bellos terminados, dise\u00f1os especiales y proyecci\u00f3n sonora \u00fanica en el mercado. Con terminados altamente profesionales y caracter\u00edsticas de construcci\u00f3n de alt\u00edsima factura, adem\u00e1s de su selecci\u00f3n de maderas americanas intertropicales y un tratamiento profesional de las mismas, la l\u00ednea de Guitarras Caoba\/Sapeli Persian se consolida como la mejor alternativa para m\u00fasicos profesionales, perfecta para producci\u00f3n musical y performance en vivo, \u00a1\u00f3ptimas para todo tipo de escenario!","og_url":"https:\/\/stockmusik.com.co\/index.php\/producto\/guitarra-folk-persian-af386\/","og_site_name":"Stock Musik","article_publisher":"https:\/\/es-la.facebook.com\/stockmusik\/","article_modified_time":"2022-04-21T22:04:16+00:00","og_image":[{"width":853,"height":1280,"url":"https:\/\/stockmusik.com.co\/wp-content\/uploads\/2020\/11\/WhatsApp-Image-2020-08-21-at-11.28.36-AM-1.jpeg","type":"image\/jpeg"}],"twitter_card":"summary_large_image","twitter_misc":{"Precio":"Cotiza por Whatsapp","Availability":"In stock"},"schema":{"@context":"https:\/\/schema.org","@graph":[{"@type":"WebPage","@id":"https:\/\/stockmusik.com.co\/index.php\/producto\/guitarra-folk-persian-af386\/","url":"https:\/\/stockmusik.com.co\/index.php\/producto\/guitarra-folk-persian-af386\/","name":"GUITARRA FOLK PERSIAN AF386 - Stock Musik","isPartOf":{"@id":"https:\/\/stockmusik.com.co\/#website"},"datePublished":"2020-11-21T20:19:04+00:00","dateModified":"2022-04-21T22:04:16+00:00","breadcrumb":{"@id":"https:\/\/stockmusik.com.co\/index.php\/producto\/guitarra-folk-persian-af386\/#breadcrumb"},"inLanguage":"es","potentialAction":[{"@type":"ReadAction","target":["https:\/\/stockmusik.com.co\/index.php\/producto\/guitarra-folk-persian-af386\/"]}]},{"@type":"BreadcrumbList","@id":"https:\/\/stockmusik.com.co\/index.php\/producto\/guitarra-folk-persian-af386\/#breadcrumb","itemListElement":[{"@type":"ListItem","position":1,"name":"Portada","item":"https:\/\/stockmusik.com.co\/"},{"@type":"ListItem","position":2,"name":"Tienda StockMusik","item":"https:\/\/stockmusik.com.co\/index.php\/tienda-stockmusik\/"},{"@type":"ListItem","position":3,"name":"GUITARRA FOLK PERSIAN AF386"}]},{"@type":"WebSite","@id":"https:\/\/stockmusik.com.co\/#website","url":"https:\/\/stockmusik.com.co\/","name":"Stock Musik","description":"Tienda de Instrumentos Musicales","publisher":{"@id":"https:\/\/stockmusik.com.co\/#organization"},"potentialAction":[{"@type":"SearchAction","target":{"@type":"EntryPoint","urlTemplate":"https:\/\/stockmusik.com.co\/?s={search_term_string}"},"query-input":"required name=search_term_string"}],"inLanguage":"es"},{"@type":"Organization","@id":"https:\/\/stockmusik.com.co\/#organization","name":"Stock Musik","url":"https:\/\/stockmusik.com.co\/","logo":{"@type":"ImageObject","inLanguage":"es","@id":"https:\/\/stockmusik.com.co\/#\/schema\/logo\/image\/","url":"https:\/\/stockmusik.com.co\/wp-content\/uploads\/2020\/08\/cropped-logo_stock_musik.png","contentUrl":"https:\/\/stockmusik.com.co\/wp-content\/uploads\/2020\/08\/cropped-logo_stock_musik.png","width":455,"height":173,"caption":"Stock Musik"},"image":{"@id":"https:\/\/stockmusik.com.co\/#\/schema\/logo\/image\/"},"sameAs":["https:\/\/es-la.facebook.com\/stockmusik\/"]}]},"product_price_amount":"515000","product_price_currency":"COP","og_availability":"instock","product_availability":"instock","product_retailer_item_id":"01241","product_condition":"new"},"brands":[{"id":73,"name":"PERSIAN","slug":"persian"}],"_links":{"self":[{"href":"https:\/\/stockmusik.com.co\/index.php\/wp-json\/wp\/v2\/product\/4630","targetHints":{"allow":["GET"]}}],"collection":[{"href":"https:\/\/stockmusik.com.co\/index.php\/wp-json\/wp\/v2\/product"}],"about":[{"href":"https:\/\/stockmusik.com.co\/index.php\/wp-json\/wp\/v2\/types\/product"}],"replies":[{"embeddable":true,"href":"https:\/\/stockmusik.com.co\/index.php\/wp-json\/wp\/v2\/comments?post=4630"}],"wp:featuredmedia":[{"embeddable":true,"href":"https:\/\/stockmusik.com.co\/index.php\/wp-json\/wp\/v2\/media\/4632"}],"wp:attachment":[{"href":"https:\/\/stockmusik.com.co\/index.php\/wp-json\/wp\/v2\/media?parent=4630"}],"wp:term":[{"taxonomy":"pwb-brand","embeddable":true,"href":"https:\/\/stockmusik.com.co\/index.php\/wp-json\/wp\/v2\/pwb-brand?post=4630"},{"taxonomy":"product_brand","embeddable":true,"href":"https:\/\/stockmusik.com.co\/index.php\/wp-json\/wp\/v2\/product_brand?post=4630"},{"taxonomy":"product_cat","embeddable":true,"href":"https:\/\/stockmusik.com.co\/index.php\/wp-json\/wp\/v2\/product_cat?post=4630"},{"taxonomy":"product_tag","embeddable":true,"href":"https:\/\/stockmusik.com.co\/index.php\/wp-json\/wp\/v2\/product_tag?post=4630"}],"curies":[{"name":"wp","href":"https:\/\/api.w.org\/{rel}","templated":true}]}}