{"id":4619,"date":"2020-11-10T14:35:34","date_gmt":"2020-11-10T19:35:34","guid":{"rendered":"https:\/\/stockmusik.com.co\/?post_type=product&#038;p=4619"},"modified":"2022-11-08T13:07:52","modified_gmt":"2022-11-08T18:07:52","slug":"bongo-lp-city-lp601-ny-dw","status":"publish","type":"product","link":"https:\/\/stockmusik.com.co\/index.php\/producto\/bongo-lp-city-lp601-ny-dw\/","title":{"rendered":"BONGO LP CITY LP601 NY-DW"},"content":{"rendered":"<ul>\n<li>Serie City<\/li>\n<li>Tama\u00f1o 6&#8243; &amp; 7&#8243;<\/li>\n<li>Cascos: Roble Siam<\/li>\n<li>Parche natural.<\/li>\n<li>Aros: EZ Curve Tensores 9\/32&#8243;, cromado.<\/li>\n<li>Parte inferior: acero.<\/li>\n<li>Estilo cubano.<\/li>\n<li>Hardware: Negro rugoso<\/li>\n<li>Acabado: Dark Wood<\/li>\n<li>Modelo: LP601NY-DW<\/li>\n<\/ul>\n","protected":false},"excerpt":{"rendered":"<p>Est\u00e1n construidos de madera de gran calidad, seleccionada del norte de am\u00e9rica, principalmente Haya y Roble de Siam, elegido por su calidad sonora y de durabilidad. Antes de la fabricaci\u00f3n del material, las maderas son secadas en hornos, posteriormente, son cortadas y unidas den m\u00faltiples capas. Los refuerzos de acero interno evitan tener que ponerlos en el exterior.<\/p>\n","protected":false},"featured_media":4620,"comment_status":"open","ping_status":"closed","template":"","meta":{"_jet_sm_ready_style":"","_jet_sm_style":"","_jet_sm_controls_values":"","_jet_sm_fonts_collection":"","_jet_sm_fonts_links":""},"pwb-brand":[65],"product_brand":[],"product_cat":[253],"product_tag":[],"class_list":{"0":"post-4619","1":"product","2":"type-product","3":"status-publish","4":"has-post-thumbnail","6":"pwb-brand-lp","7":"product_cat-bongo-instrumentos-depercusion","9":"first","10":"instock","11":"sold-individually","12":"shipping-taxable","13":"purchasable","14":"product-type-simple"},"yoast_head":"<!-- This site is optimized with the Yoast SEO plugin v19.11 - https:\/\/yoast.com\/wordpress\/plugins\/seo\/ -->\n<title>BONGO LP CITY LP601 NY-DW - Stock Musik<\/title>\n<meta name=\"robots\" content=\"index, follow, max-snippet:-1, max-image-preview:large, max-video-preview:-1\" \/>\n<link rel=\"canonical\" href=\"https:\/\/stockmusik.com.co\/index.php\/producto\/bongo-lp-city-lp601-ny-dw\/\" \/>\n<meta property=\"og:locale\" content=\"es_ES\" \/>\n<meta property=\"og:type\" content=\"article\" \/>\n<meta property=\"og:title\" content=\"BONGO LP CITY LP601 NY-DW - Stock Musik\" \/>\n<meta property=\"og:description\" content=\"Est\u00e1n construidos de madera de gran calidad, seleccionada del norte de am\u00e9rica, principalmente Haya y Roble de Siam, elegido por su calidad sonora y de durabilidad. Antes de la fabricaci\u00f3n del material, las maderas son secadas en hornos, posteriormente, son cortadas y unidas den m\u00faltiples capas. Los refuerzos de acero interno evitan tener que ponerlos en el exterior.\" \/>\n<meta property=\"og:url\" content=\"https:\/\/stockmusik.com.co\/index.php\/producto\/bongo-lp-city-lp601-ny-dw\/\" \/>\n<meta property=\"og:site_name\" content=\"Stock Musik\" \/>\n<meta property=\"article:publisher\" content=\"https:\/\/es-la.facebook.com\/stockmusik\/\" \/>\n<meta property=\"article:modified_time\" content=\"2022-11-08T18:07:52+00:00\" \/>\n<meta property=\"og:image\" content=\"https:\/\/stockmusik.com.co\/wp-content\/uploads\/2020\/11\/BONGO-LP-CITY-LP601-NY-DW.jpg\" \/>\n\t<meta property=\"og:image:width\" content=\"773\" \/>\n\t<meta property=\"og:image:height\" content=\"773\" \/>\n\t<meta property=\"og:image:type\" content=\"image\/jpeg\" \/>\n<meta name=\"twitter:card\" content=\"summary_large_image\" \/>\n<meta name=\"twitter:label1\" content=\"Precio\" \/>\n\t<meta name=\"twitter:data1\" content=\"Cotiza por Whatsapp\" \/>\n\t<meta name=\"twitter:label2\" content=\"Availability\" \/>\n\t<meta name=\"twitter:data2\" content=\"In stock\" \/>\n<script type=\"application\/ld+json\" class=\"yoast-schema-graph\">{\"@context\":\"https:\/\/schema.org\",\"@graph\":[{\"@type\":\"WebPage\",\"@id\":\"https:\/\/stockmusik.com.co\/index.php\/producto\/bongo-lp-city-lp601-ny-dw\/\",\"url\":\"https:\/\/stockmusik.com.co\/index.php\/producto\/bongo-lp-city-lp601-ny-dw\/\",\"name\":\"BONGO LP CITY LP601 NY-DW - Stock Musik\",\"isPartOf\":{\"@id\":\"https:\/\/stockmusik.com.co\/#website\"},\"datePublished\":\"2020-11-10T19:35:34+00:00\",\"dateModified\":\"2022-11-08T18:07:52+00:00\",\"breadcrumb\":{\"@id\":\"https:\/\/stockmusik.com.co\/index.php\/producto\/bongo-lp-city-lp601-ny-dw\/#breadcrumb\"},\"inLanguage\":\"es\",\"potentialAction\":[{\"@type\":\"ReadAction\",\"target\":[\"https:\/\/stockmusik.com.co\/index.php\/producto\/bongo-lp-city-lp601-ny-dw\/\"]}]},{\"@type\":\"BreadcrumbList\",\"@id\":\"https:\/\/stockmusik.com.co\/index.php\/producto\/bongo-lp-city-lp601-ny-dw\/#breadcrumb\",\"itemListElement\":[{\"@type\":\"ListItem\",\"position\":1,\"name\":\"Portada\",\"item\":\"https:\/\/stockmusik.com.co\/\"},{\"@type\":\"ListItem\",\"position\":2,\"name\":\"Tienda StockMusik\",\"item\":\"https:\/\/stockmusik.com.co\/index.php\/tienda-stockmusik\/\"},{\"@type\":\"ListItem\",\"position\":3,\"name\":\"BONGO LP CITY LP601 NY-DW\"}]},{\"@type\":\"WebSite\",\"@id\":\"https:\/\/stockmusik.com.co\/#website\",\"url\":\"https:\/\/stockmusik.com.co\/\",\"name\":\"Stock Musik\",\"description\":\"Tienda de Instrumentos Musicales\",\"publisher\":{\"@id\":\"https:\/\/stockmusik.com.co\/#organization\"},\"potentialAction\":[{\"@type\":\"SearchAction\",\"target\":{\"@type\":\"EntryPoint\",\"urlTemplate\":\"https:\/\/stockmusik.com.co\/?s={search_term_string}\"},\"query-input\":\"required name=search_term_string\"}],\"inLanguage\":\"es\"},{\"@type\":\"Organization\",\"@id\":\"https:\/\/stockmusik.com.co\/#organization\",\"name\":\"Stock Musik\",\"url\":\"https:\/\/stockmusik.com.co\/\",\"logo\":{\"@type\":\"ImageObject\",\"inLanguage\":\"es\",\"@id\":\"https:\/\/stockmusik.com.co\/#\/schema\/logo\/image\/\",\"url\":\"https:\/\/stockmusik.com.co\/wp-content\/uploads\/2020\/08\/cropped-logo_stock_musik.png\",\"contentUrl\":\"https:\/\/stockmusik.com.co\/wp-content\/uploads\/2020\/08\/cropped-logo_stock_musik.png\",\"width\":455,\"height\":173,\"caption\":\"Stock Musik\"},\"image\":{\"@id\":\"https:\/\/stockmusik.com.co\/#\/schema\/logo\/image\/\"},\"sameAs\":[\"https:\/\/es-la.facebook.com\/stockmusik\/\"]}]}<\/script>\n<meta property=\"product:price:amount\" content=\"590000\" \/>\n<meta property=\"product:price:currency\" content=\"COP\" \/>\n<meta property=\"og:availability\" content=\"instock\" \/>\n<meta property=\"product:availability\" content=\"instock\" \/>\n<meta property=\"product:retailer_item_id\" content=\"01845\" \/>\n<meta property=\"product:condition\" content=\"new\" \/>\n<!-- \/ Yoast SEO plugin. -->","yoast_head_json":{"title":"BONGO LP CITY LP601 NY-DW - Stock Musik","robots":{"index":"index","follow":"follow","max-snippet":"max-snippet:-1","max-image-preview":"max-image-preview:large","max-video-preview":"max-video-preview:-1"},"canonical":"https:\/\/stockmusik.com.co\/index.php\/producto\/bongo-lp-city-lp601-ny-dw\/","og_locale":"es_ES","og_type":"article","og_title":"BONGO LP CITY LP601 NY-DW - Stock Musik","og_description":"Est\u00e1n construidos de madera de gran calidad, seleccionada del norte de am\u00e9rica, principalmente Haya y Roble de Siam, elegido por su calidad sonora y de durabilidad. Antes de la fabricaci\u00f3n del material, las maderas son secadas en hornos, posteriormente, son cortadas y unidas den m\u00faltiples capas. Los refuerzos de acero interno evitan tener que ponerlos en el exterior.","og_url":"https:\/\/stockmusik.com.co\/index.php\/producto\/bongo-lp-city-lp601-ny-dw\/","og_site_name":"Stock Musik","article_publisher":"https:\/\/es-la.facebook.com\/stockmusik\/","article_modified_time":"2022-11-08T18:07:52+00:00","og_image":[{"width":773,"height":773,"url":"https:\/\/stockmusik.com.co\/wp-content\/uploads\/2020\/11\/BONGO-LP-CITY-LP601-NY-DW.jpg","type":"image\/jpeg"}],"twitter_card":"summary_large_image","twitter_misc":{"Precio":"Cotiza por Whatsapp","Availability":"In stock"},"schema":{"@context":"https:\/\/schema.org","@graph":[{"@type":"WebPage","@id":"https:\/\/stockmusik.com.co\/index.php\/producto\/bongo-lp-city-lp601-ny-dw\/","url":"https:\/\/stockmusik.com.co\/index.php\/producto\/bongo-lp-city-lp601-ny-dw\/","name":"BONGO LP CITY LP601 NY-DW - Stock Musik","isPartOf":{"@id":"https:\/\/stockmusik.com.co\/#website"},"datePublished":"2020-11-10T19:35:34+00:00","dateModified":"2022-11-08T18:07:52+00:00","breadcrumb":{"@id":"https:\/\/stockmusik.com.co\/index.php\/producto\/bongo-lp-city-lp601-ny-dw\/#breadcrumb"},"inLanguage":"es","potentialAction":[{"@type":"ReadAction","target":["https:\/\/stockmusik.com.co\/index.php\/producto\/bongo-lp-city-lp601-ny-dw\/"]}]},{"@type":"BreadcrumbList","@id":"https:\/\/stockmusik.com.co\/index.php\/producto\/bongo-lp-city-lp601-ny-dw\/#breadcrumb","itemListElement":[{"@type":"ListItem","position":1,"name":"Portada","item":"https:\/\/stockmusik.com.co\/"},{"@type":"ListItem","position":2,"name":"Tienda StockMusik","item":"https:\/\/stockmusik.com.co\/index.php\/tienda-stockmusik\/"},{"@type":"ListItem","position":3,"name":"BONGO LP CITY LP601 NY-DW"}]},{"@type":"WebSite","@id":"https:\/\/stockmusik.com.co\/#website","url":"https:\/\/stockmusik.com.co\/","name":"Stock Musik","description":"Tienda de Instrumentos Musicales","publisher":{"@id":"https:\/\/stockmusik.com.co\/#organization"},"potentialAction":[{"@type":"SearchAction","target":{"@type":"EntryPoint","urlTemplate":"https:\/\/stockmusik.com.co\/?s={search_term_string}"},"query-input":"required name=search_term_string"}],"inLanguage":"es"},{"@type":"Organization","@id":"https:\/\/stockmusik.com.co\/#organization","name":"Stock Musik","url":"https:\/\/stockmusik.com.co\/","logo":{"@type":"ImageObject","inLanguage":"es","@id":"https:\/\/stockmusik.com.co\/#\/schema\/logo\/image\/","url":"https:\/\/stockmusik.com.co\/wp-content\/uploads\/2020\/08\/cropped-logo_stock_musik.png","contentUrl":"https:\/\/stockmusik.com.co\/wp-content\/uploads\/2020\/08\/cropped-logo_stock_musik.png","width":455,"height":173,"caption":"Stock Musik"},"image":{"@id":"https:\/\/stockmusik.com.co\/#\/schema\/logo\/image\/"},"sameAs":["https:\/\/es-la.facebook.com\/stockmusik\/"]}]},"product_price_amount":"590000","product_price_currency":"COP","og_availability":"instock","product_availability":"instock","product_retailer_item_id":"01845","product_condition":"new"},"brands":[{"id":65,"name":"LP","slug":"lp"}],"_links":{"self":[{"href":"https:\/\/stockmusik.com.co\/index.php\/wp-json\/wp\/v2\/product\/4619","targetHints":{"allow":["GET"]}}],"collection":[{"href":"https:\/\/stockmusik.com.co\/index.php\/wp-json\/wp\/v2\/product"}],"about":[{"href":"https:\/\/stockmusik.com.co\/index.php\/wp-json\/wp\/v2\/types\/product"}],"replies":[{"embeddable":true,"href":"https:\/\/stockmusik.com.co\/index.php\/wp-json\/wp\/v2\/comments?post=4619"}],"wp:featuredmedia":[{"embeddable":true,"href":"https:\/\/stockmusik.com.co\/index.php\/wp-json\/wp\/v2\/media\/4620"}],"wp:attachment":[{"href":"https:\/\/stockmusik.com.co\/index.php\/wp-json\/wp\/v2\/media?parent=4619"}],"wp:term":[{"taxonomy":"pwb-brand","embeddable":true,"href":"https:\/\/stockmusik.com.co\/index.php\/wp-json\/wp\/v2\/pwb-brand?post=4619"},{"taxonomy":"product_brand","embeddable":true,"href":"https:\/\/stockmusik.com.co\/index.php\/wp-json\/wp\/v2\/product_brand?post=4619"},{"taxonomy":"product_cat","embeddable":true,"href":"https:\/\/stockmusik.com.co\/index.php\/wp-json\/wp\/v2\/product_cat?post=4619"},{"taxonomy":"product_tag","embeddable":true,"href":"https:\/\/stockmusik.com.co\/index.php\/wp-json\/wp\/v2\/product_tag?post=4619"}],"curies":[{"name":"wp","href":"https:\/\/api.w.org\/{rel}","templated":true}]}}