{"id":455,"date":"2020-08-14T11:58:18","date_gmt":"2020-08-14T16:58:18","guid":{"rendered":"http:\/\/stockmusik.com.co\/?post_type=product&#038;p=455"},"modified":"2021-01-06T16:46:54","modified_gmt":"2021-01-06T21:46:54","slug":"guitarra-marcante-andalucia-natural","status":"publish","type":"product","link":"https:\/\/stockmusik.com.co\/index.php\/producto\/guitarra-marcante-andalucia-natural\/","title":{"rendered":"GUITARRA MARCANTE ANDALUCIA"},"content":{"rendered":"<ul>\n<li>TAPA: CEDRO<\/li>\n<li>AROS: CEDRO<\/li>\n<li>FONDO: CEDRO<\/li>\n<li>M\u00c1STIL: CEDRO<\/li>\n<li>DIAPAS\u00d3N Y PUENTE: PARDILLO<\/li>\n<li>CLAVIJERO: MET\u00c1LICO<\/li>\n<li>BOQUILLA: ADHESIVA<\/li>\n<\/ul>\n<p>&nbsp;<\/p>\n<p>&nbsp;<\/p>\n","protected":false},"excerpt":{"rendered":"<p>Guitarra ac\u00fastica desarrollada para principiantes, fabricadas en madera maciza, pensadas en una buena afinaci\u00f3n, su sonido es brillante y maneja una relaci\u00f3n baja de cuerdas para una mejor postura. Por esto la convierten en las guitarras por excelencia para principiantes y estudiantes.<\/p>\n","protected":false},"featured_media":4318,"comment_status":"open","ping_status":"closed","template":"","meta":{"_jet_sm_ready_style":"","_jet_sm_style":"","_jet_sm_controls_values":"","_jet_sm_fonts_collection":"","_jet_sm_fonts_links":""},"pwb-brand":[245],"product_brand":[],"product_cat":[308],"product_tag":[],"class_list":{"0":"post-455","1":"product","2":"type-product","3":"status-publish","4":"has-post-thumbnail","6":"pwb-brand-andalucia","7":"product_cat-guitarra-marcante","8":"pa_color-rosado-2","9":"pa_color-azul","10":"pa_color-azul-oscuro","11":"pa_color-natural","12":"pa_color-natural-1","13":"pa_color-natural-2","14":"pa_color-negro","15":"pa_color-negro-blanco","16":"pa_color-rojo","17":"pa_color-verde-1","18":"pa_color-rojo-1","19":"pa_color-rosado","20":"pa_color-rosada-1","21":"pa_color-amarillo","22":"pa_color-naranja","23":"pa_color-tricolor","24":"pa_color-verde","26":"first","27":"instock","28":"shipping-taxable","29":"purchasable","30":"product-type-variable"},"yoast_head":"<!-- This site is optimized with the Yoast SEO plugin v19.11 - https:\/\/yoast.com\/wordpress\/plugins\/seo\/ -->\n<title>GUITARRA MARCANTE ANDALUCIA - Stock Musik<\/title>\n<meta name=\"robots\" content=\"index, follow, max-snippet:-1, max-image-preview:large, max-video-preview:-1\" \/>\n<link rel=\"canonical\" href=\"https:\/\/stockmusik.com.co\/index.php\/producto\/guitarra-marcante-andalucia-natural\/\" \/>\n<meta property=\"og:locale\" content=\"es_ES\" \/>\n<meta property=\"og:type\" content=\"article\" \/>\n<meta property=\"og:title\" content=\"GUITARRA MARCANTE ANDALUCIA - Stock Musik\" \/>\n<meta property=\"og:description\" content=\"Guitarra ac\u00fastica desarrollada para principiantes, fabricadas en madera maciza, pensadas en una buena afinaci\u00f3n, su sonido es brillante y maneja una relaci\u00f3n baja de cuerdas para una mejor postura. Por esto la convierten en las guitarras por excelencia para principiantes y estudiantes.\" \/>\n<meta property=\"og:url\" content=\"https:\/\/stockmusik.com.co\/index.php\/producto\/guitarra-marcante-andalucia-natural\/\" \/>\n<meta property=\"og:site_name\" content=\"Stock Musik\" \/>\n<meta property=\"article:publisher\" content=\"https:\/\/es-la.facebook.com\/stockmusik\/\" \/>\n<meta property=\"article:modified_time\" content=\"2021-01-06T21:46:54+00:00\" \/>\n<meta property=\"og:image\" content=\"https:\/\/stockmusik.com.co\/wp-content\/uploads\/2020\/10\/GUITARRA-MARCANTE-ANDALUCIA-VERDE.jpg\" \/>\n\t<meta property=\"og:image:width\" content=\"562\" \/>\n\t<meta property=\"og:image:height\" content=\"1000\" \/>\n\t<meta property=\"og:image:type\" content=\"image\/jpeg\" \/>\n<meta name=\"twitter:card\" content=\"summary_large_image\" \/>\n<meta name=\"twitter:label1\" content=\"Availability\" \/>\n\t<meta name=\"twitter:data1\" content=\"In stock\" \/>\n<script type=\"application\/ld+json\" class=\"yoast-schema-graph\">{\"@context\":\"https:\/\/schema.org\",\"@graph\":[{\"@type\":\"WebPage\",\"@id\":\"https:\/\/stockmusik.com.co\/index.php\/producto\/guitarra-marcante-andalucia-natural\/\",\"url\":\"https:\/\/stockmusik.com.co\/index.php\/producto\/guitarra-marcante-andalucia-natural\/\",\"name\":\"GUITARRA MARCANTE ANDALUCIA - Stock Musik\",\"isPartOf\":{\"@id\":\"https:\/\/stockmusik.com.co\/#website\"},\"datePublished\":\"2020-08-14T16:58:18+00:00\",\"dateModified\":\"2021-01-06T21:46:54+00:00\",\"breadcrumb\":{\"@id\":\"https:\/\/stockmusik.com.co\/index.php\/producto\/guitarra-marcante-andalucia-natural\/#breadcrumb\"},\"inLanguage\":\"es\",\"potentialAction\":[{\"@type\":\"ReadAction\",\"target\":[\"https:\/\/stockmusik.com.co\/index.php\/producto\/guitarra-marcante-andalucia-natural\/\"]}]},{\"@type\":\"BreadcrumbList\",\"@id\":\"https:\/\/stockmusik.com.co\/index.php\/producto\/guitarra-marcante-andalucia-natural\/#breadcrumb\",\"itemListElement\":[{\"@type\":\"ListItem\",\"position\":1,\"name\":\"Portada\",\"item\":\"https:\/\/stockmusik.com.co\/\"},{\"@type\":\"ListItem\",\"position\":2,\"name\":\"Tienda StockMusik\",\"item\":\"https:\/\/stockmusik.com.co\/index.php\/tienda-stockmusik\/\"},{\"@type\":\"ListItem\",\"position\":3,\"name\":\"GUITARRA MARCANTE ANDALUCIA\"}]},{\"@type\":\"WebSite\",\"@id\":\"https:\/\/stockmusik.com.co\/#website\",\"url\":\"https:\/\/stockmusik.com.co\/\",\"name\":\"Stock Musik\",\"description\":\"Tienda de Instrumentos Musicales\",\"publisher\":{\"@id\":\"https:\/\/stockmusik.com.co\/#organization\"},\"potentialAction\":[{\"@type\":\"SearchAction\",\"target\":{\"@type\":\"EntryPoint\",\"urlTemplate\":\"https:\/\/stockmusik.com.co\/?s={search_term_string}\"},\"query-input\":\"required name=search_term_string\"}],\"inLanguage\":\"es\"},{\"@type\":\"Organization\",\"@id\":\"https:\/\/stockmusik.com.co\/#organization\",\"name\":\"Stock Musik\",\"url\":\"https:\/\/stockmusik.com.co\/\",\"logo\":{\"@type\":\"ImageObject\",\"inLanguage\":\"es\",\"@id\":\"https:\/\/stockmusik.com.co\/#\/schema\/logo\/image\/\",\"url\":\"https:\/\/stockmusik.com.co\/wp-content\/uploads\/2020\/08\/cropped-logo_stock_musik.png\",\"contentUrl\":\"https:\/\/stockmusik.com.co\/wp-content\/uploads\/2020\/08\/cropped-logo_stock_musik.png\",\"width\":455,\"height\":173,\"caption\":\"Stock Musik\"},\"image\":{\"@id\":\"https:\/\/stockmusik.com.co\/#\/schema\/logo\/image\/\"},\"sameAs\":[\"https:\/\/es-la.facebook.com\/stockmusik\/\"]}]}<\/script>\n<meta property=\"og:availability\" content=\"instock\" \/>\n<meta property=\"product:availability\" content=\"instock\" \/>\n<meta property=\"product:retailer_item_id\" content=\"637\" \/>\n<meta property=\"product:condition\" content=\"new\" \/>\n<!-- \/ Yoast SEO plugin. -->","yoast_head_json":{"title":"GUITARRA MARCANTE ANDALUCIA - Stock Musik","robots":{"index":"index","follow":"follow","max-snippet":"max-snippet:-1","max-image-preview":"max-image-preview:large","max-video-preview":"max-video-preview:-1"},"canonical":"https:\/\/stockmusik.com.co\/index.php\/producto\/guitarra-marcante-andalucia-natural\/","og_locale":"es_ES","og_type":"article","og_title":"GUITARRA MARCANTE ANDALUCIA - Stock Musik","og_description":"Guitarra ac\u00fastica desarrollada para principiantes, fabricadas en madera maciza, pensadas en una buena afinaci\u00f3n, su sonido es brillante y maneja una relaci\u00f3n baja de cuerdas para una mejor postura. Por esto la convierten en las guitarras por excelencia para principiantes y estudiantes.","og_url":"https:\/\/stockmusik.com.co\/index.php\/producto\/guitarra-marcante-andalucia-natural\/","og_site_name":"Stock Musik","article_publisher":"https:\/\/es-la.facebook.com\/stockmusik\/","article_modified_time":"2021-01-06T21:46:54+00:00","og_image":[{"width":562,"height":1000,"url":"https:\/\/stockmusik.com.co\/wp-content\/uploads\/2020\/10\/GUITARRA-MARCANTE-ANDALUCIA-VERDE.jpg","type":"image\/jpeg"}],"twitter_card":"summary_large_image","twitter_misc":{"Availability":"In stock"},"schema":{"@context":"https:\/\/schema.org","@graph":[{"@type":"WebPage","@id":"https:\/\/stockmusik.com.co\/index.php\/producto\/guitarra-marcante-andalucia-natural\/","url":"https:\/\/stockmusik.com.co\/index.php\/producto\/guitarra-marcante-andalucia-natural\/","name":"GUITARRA MARCANTE ANDALUCIA - Stock Musik","isPartOf":{"@id":"https:\/\/stockmusik.com.co\/#website"},"datePublished":"2020-08-14T16:58:18+00:00","dateModified":"2021-01-06T21:46:54+00:00","breadcrumb":{"@id":"https:\/\/stockmusik.com.co\/index.php\/producto\/guitarra-marcante-andalucia-natural\/#breadcrumb"},"inLanguage":"es","potentialAction":[{"@type":"ReadAction","target":["https:\/\/stockmusik.com.co\/index.php\/producto\/guitarra-marcante-andalucia-natural\/"]}]},{"@type":"BreadcrumbList","@id":"https:\/\/stockmusik.com.co\/index.php\/producto\/guitarra-marcante-andalucia-natural\/#breadcrumb","itemListElement":[{"@type":"ListItem","position":1,"name":"Portada","item":"https:\/\/stockmusik.com.co\/"},{"@type":"ListItem","position":2,"name":"Tienda StockMusik","item":"https:\/\/stockmusik.com.co\/index.php\/tienda-stockmusik\/"},{"@type":"ListItem","position":3,"name":"GUITARRA MARCANTE ANDALUCIA"}]},{"@type":"WebSite","@id":"https:\/\/stockmusik.com.co\/#website","url":"https:\/\/stockmusik.com.co\/","name":"Stock Musik","description":"Tienda de Instrumentos Musicales","publisher":{"@id":"https:\/\/stockmusik.com.co\/#organization"},"potentialAction":[{"@type":"SearchAction","target":{"@type":"EntryPoint","urlTemplate":"https:\/\/stockmusik.com.co\/?s={search_term_string}"},"query-input":"required name=search_term_string"}],"inLanguage":"es"},{"@type":"Organization","@id":"https:\/\/stockmusik.com.co\/#organization","name":"Stock Musik","url":"https:\/\/stockmusik.com.co\/","logo":{"@type":"ImageObject","inLanguage":"es","@id":"https:\/\/stockmusik.com.co\/#\/schema\/logo\/image\/","url":"https:\/\/stockmusik.com.co\/wp-content\/uploads\/2020\/08\/cropped-logo_stock_musik.png","contentUrl":"https:\/\/stockmusik.com.co\/wp-content\/uploads\/2020\/08\/cropped-logo_stock_musik.png","width":455,"height":173,"caption":"Stock Musik"},"image":{"@id":"https:\/\/stockmusik.com.co\/#\/schema\/logo\/image\/"},"sameAs":["https:\/\/es-la.facebook.com\/stockmusik\/"]}]},"og_availability":"instock","product_availability":"instock","product_retailer_item_id":"637","product_condition":"new"},"brands":[{"id":245,"name":"ANDALUCIA","slug":"andalucia"}],"_links":{"self":[{"href":"https:\/\/stockmusik.com.co\/index.php\/wp-json\/wp\/v2\/product\/455","targetHints":{"allow":["GET"]}}],"collection":[{"href":"https:\/\/stockmusik.com.co\/index.php\/wp-json\/wp\/v2\/product"}],"about":[{"href":"https:\/\/stockmusik.com.co\/index.php\/wp-json\/wp\/v2\/types\/product"}],"replies":[{"embeddable":true,"href":"https:\/\/stockmusik.com.co\/index.php\/wp-json\/wp\/v2\/comments?post=455"}],"wp:featuredmedia":[{"embeddable":true,"href":"https:\/\/stockmusik.com.co\/index.php\/wp-json\/wp\/v2\/media\/4318"}],"wp:attachment":[{"href":"https:\/\/stockmusik.com.co\/index.php\/wp-json\/wp\/v2\/media?parent=455"}],"wp:term":[{"taxonomy":"pwb-brand","embeddable":true,"href":"https:\/\/stockmusik.com.co\/index.php\/wp-json\/wp\/v2\/pwb-brand?post=455"},{"taxonomy":"product_brand","embeddable":true,"href":"https:\/\/stockmusik.com.co\/index.php\/wp-json\/wp\/v2\/product_brand?post=455"},{"taxonomy":"product_cat","embeddable":true,"href":"https:\/\/stockmusik.com.co\/index.php\/wp-json\/wp\/v2\/product_cat?post=455"},{"taxonomy":"product_tag","embeddable":true,"href":"https:\/\/stockmusik.com.co\/index.php\/wp-json\/wp\/v2\/product_tag?post=455"}],"curies":[{"name":"wp","href":"https:\/\/api.w.org\/{rel}","templated":true}]}}