{"id":4249,"date":"2020-10-20T14:05:35","date_gmt":"2020-10-20T19:05:35","guid":{"rendered":"https:\/\/stockmusik.com.co\/?post_type=product&#038;p=4249"},"modified":"2021-02-13T14:12:42","modified_gmt":"2021-02-13T19:12:42","slug":"guitarra-electroacustica-ibanez-aeg7tn-nt","status":"publish","type":"product","link":"https:\/\/stockmusik.com.co\/index.php\/producto\/guitarra-electroacustica-ibanez-aeg7tn-nt\/","title":{"rendered":"GUITARRA ELECTROACUSTICA IBANEZ AEG7TN-NT"},"content":{"rendered":"<table style=\"height: 265px\" width=\"729\" cellspacing=\"0\" cellpadding=\"0\">\n<tbody>\n<tr>\n<td>CAPSULAS<\/td>\n<td>Ibanez Undersaddle. Preamp Ibanez AEQ-2T con afinador integrado<\/td>\n<\/tr>\n<tr>\n<td>COLOR<\/td>\n<td>Natural High Gloss (NT)<\/td>\n<\/tr>\n<tr>\n<td>CONTROLES<\/td>\n<td>Tuner, Bass, Treble, Volume<\/td>\n<\/tr>\n<tr>\n<td>MATERIAL CUERPO<\/td>\n<td>Sapele<\/td>\n<\/tr>\n<tr>\n<td>MATERIAL FINGERBOARD<\/td>\n<td>Purpleheart<\/td>\n<\/tr>\n<tr>\n<td>MATERIAL NECK<\/td>\n<td>Okoume<\/td>\n<\/tr>\n<tr>\n<td>MATERIAL TOP<\/td>\n<td>Abeto<\/td>\n<\/tr>\n<tr>\n<td>NUMERO DE CUERDAS<\/td>\n<td>6<\/td>\n<\/tr>\n<tr>\n<td>TIPO DE CUERDAS<\/td>\n<td>Nylon<\/td>\n<\/tr>\n<tr>\n<td>TRASTES<\/td>\n<td>20<\/td>\n<\/tr>\n<\/tbody>\n<\/table>\n","protected":false},"excerpt":{"rendered":"<p>Los cuerpos delgados y simples de la serie\u00a0<strong>AEG<\/strong>\u00a0de\u00a0<strong>Ibanez<\/strong>\u00a0ofrecen un sonido ac\u00fastico potente y equilibrado, ya sea desenchufado o mediante un amplificador.<\/p>\n<p>Con su f\u00e1cil interpretaci\u00f3n, el AEG puede ser tu guitarra ac\u00fastica de caballo de batalla que brillar\u00e1 en cualquier ocasi\u00f3n. El\u00a0<strong>AEG7TN<\/strong>\u00a0cuenta con una tapa de Abeto y un cuerpo Sapele, en un hermoso acabado\u00a0<strong>Natural High Gloss.<\/strong><\/p>\n<p>El cuello Okoume, en acabado satinado con un diapas\u00f3n Purpleheart, proporciona una mayor comodidad de manejo. La c\u00e1psula Ibanez debajo del sill\u00edn ecualiza el volumen de cada cuerda y entrega una se\u00f1al bien equilibrada, mientras que el preamplificador Ibanez AEQ-2T proporciona el golpe extra de ecualizaci\u00f3n integrado. El AEG7TN tambi\u00e9n cuenta con un conveniente afinador digital y f\u00e1cil de leer ubicado en la parte superior.<\/p>\n","protected":false},"featured_media":4252,"comment_status":"open","ping_status":"closed","template":"","meta":{"_jet_sm_ready_style":"","_jet_sm_style":"","_jet_sm_controls_values":"","_jet_sm_fonts_collection":"","_jet_sm_fonts_links":""},"pwb-brand":[55],"product_brand":[],"product_cat":[316,308],"product_tag":[],"class_list":{"0":"post-4249","1":"product","2":"type-product","3":"status-publish","4":"has-post-thumbnail","6":"pwb-brand-ibanez","7":"product_cat-guitarra-folk","8":"product_cat-guitarra-marcante","10":"first","11":"outofstock","12":"shipping-taxable","13":"purchasable","14":"product-type-simple"},"yoast_head":"<!-- This site is optimized with the Yoast SEO plugin v19.11 - https:\/\/yoast.com\/wordpress\/plugins\/seo\/ -->\n<title>GUITARRA ELECTROACUSTICA IBANEZ AEG7TN-NT - Stock Musik<\/title>\n<meta name=\"robots\" content=\"index, follow, max-snippet:-1, max-image-preview:large, max-video-preview:-1\" \/>\n<link rel=\"canonical\" href=\"https:\/\/stockmusik.com.co\/index.php\/producto\/guitarra-electroacustica-ibanez-aeg7tn-nt\/\" \/>\n<meta property=\"og:locale\" content=\"es_ES\" \/>\n<meta property=\"og:type\" content=\"article\" \/>\n<meta property=\"og:title\" content=\"GUITARRA ELECTROACUSTICA IBANEZ AEG7TN-NT - Stock Musik\" \/>\n<meta property=\"og:description\" content=\"Los cuerpos delgados y simples de la serie\u00a0AEG\u00a0de\u00a0Ibanez\u00a0ofrecen un sonido ac\u00fastico potente y equilibrado, ya sea desenchufado o mediante un amplificador.  Con su f\u00e1cil interpretaci\u00f3n, el AEG puede ser tu guitarra ac\u00fastica de caballo de batalla que brillar\u00e1 en cualquier ocasi\u00f3n. El\u00a0AEG7TN\u00a0cuenta con una tapa de Abeto y un cuerpo Sapele, en un hermoso acabado\u00a0Natural High Gloss.  El cuello Okoume, en acabado satinado con un diapas\u00f3n Purpleheart, proporciona una mayor comodidad de manejo. La c\u00e1psula Ibanez debajo del sill\u00edn ecualiza el volumen de cada cuerda y entrega una se\u00f1al bien equilibrada, mientras que el preamplificador Ibanez AEQ-2T proporciona el golpe extra de ecualizaci\u00f3n integrado. El AEG7TN tambi\u00e9n cuenta con un conveniente afinador digital y f\u00e1cil de leer ubicado en la parte superior.\" \/>\n<meta property=\"og:url\" content=\"https:\/\/stockmusik.com.co\/index.php\/producto\/guitarra-electroacustica-ibanez-aeg7tn-nt\/\" \/>\n<meta property=\"og:site_name\" content=\"Stock Musik\" \/>\n<meta property=\"article:publisher\" content=\"https:\/\/es-la.facebook.com\/stockmusik\/\" \/>\n<meta property=\"article:modified_time\" content=\"2021-02-13T19:12:42+00:00\" \/>\n<meta property=\"og:image\" content=\"https:\/\/stockmusik.com.co\/wp-content\/uploads\/2020\/10\/GUITARRA-ELECTROACUSTICA-IBANEZ-AEG7TN-NT.jpg\" \/>\n\t<meta property=\"og:image:width\" content=\"1500\" \/>\n\t<meta property=\"og:image:height\" content=\"1500\" \/>\n\t<meta property=\"og:image:type\" content=\"image\/jpeg\" \/>\n<meta name=\"twitter:card\" content=\"summary_large_image\" \/>\n<meta name=\"twitter:label1\" content=\"Precio\" \/>\n\t<meta name=\"twitter:data1\" content=\"Cotiza por Whatsapp\" \/>\n\t<meta name=\"twitter:label2\" content=\"Availability\" \/>\n\t<meta name=\"twitter:data2\" content=\"Out of stock\" \/>\n<script type=\"application\/ld+json\" class=\"yoast-schema-graph\">{\"@context\":\"https:\/\/schema.org\",\"@graph\":[{\"@type\":\"WebPage\",\"@id\":\"https:\/\/stockmusik.com.co\/index.php\/producto\/guitarra-electroacustica-ibanez-aeg7tn-nt\/\",\"url\":\"https:\/\/stockmusik.com.co\/index.php\/producto\/guitarra-electroacustica-ibanez-aeg7tn-nt\/\",\"name\":\"GUITARRA ELECTROACUSTICA IBANEZ AEG7TN-NT - Stock Musik\",\"isPartOf\":{\"@id\":\"https:\/\/stockmusik.com.co\/#website\"},\"datePublished\":\"2020-10-20T19:05:35+00:00\",\"dateModified\":\"2021-02-13T19:12:42+00:00\",\"breadcrumb\":{\"@id\":\"https:\/\/stockmusik.com.co\/index.php\/producto\/guitarra-electroacustica-ibanez-aeg7tn-nt\/#breadcrumb\"},\"inLanguage\":\"es\",\"potentialAction\":[{\"@type\":\"ReadAction\",\"target\":[\"https:\/\/stockmusik.com.co\/index.php\/producto\/guitarra-electroacustica-ibanez-aeg7tn-nt\/\"]}]},{\"@type\":\"BreadcrumbList\",\"@id\":\"https:\/\/stockmusik.com.co\/index.php\/producto\/guitarra-electroacustica-ibanez-aeg7tn-nt\/#breadcrumb\",\"itemListElement\":[{\"@type\":\"ListItem\",\"position\":1,\"name\":\"Portada\",\"item\":\"https:\/\/stockmusik.com.co\/\"},{\"@type\":\"ListItem\",\"position\":2,\"name\":\"Tienda StockMusik\",\"item\":\"https:\/\/stockmusik.com.co\/index.php\/tienda-stockmusik\/\"},{\"@type\":\"ListItem\",\"position\":3,\"name\":\"GUITARRA ELECTROACUSTICA IBANEZ AEG7TN-NT\"}]},{\"@type\":\"WebSite\",\"@id\":\"https:\/\/stockmusik.com.co\/#website\",\"url\":\"https:\/\/stockmusik.com.co\/\",\"name\":\"Stock Musik\",\"description\":\"Tienda de Instrumentos Musicales\",\"publisher\":{\"@id\":\"https:\/\/stockmusik.com.co\/#organization\"},\"potentialAction\":[{\"@type\":\"SearchAction\",\"target\":{\"@type\":\"EntryPoint\",\"urlTemplate\":\"https:\/\/stockmusik.com.co\/?s={search_term_string}\"},\"query-input\":\"required name=search_term_string\"}],\"inLanguage\":\"es\"},{\"@type\":\"Organization\",\"@id\":\"https:\/\/stockmusik.com.co\/#organization\",\"name\":\"Stock Musik\",\"url\":\"https:\/\/stockmusik.com.co\/\",\"logo\":{\"@type\":\"ImageObject\",\"inLanguage\":\"es\",\"@id\":\"https:\/\/stockmusik.com.co\/#\/schema\/logo\/image\/\",\"url\":\"https:\/\/stockmusik.com.co\/wp-content\/uploads\/2020\/08\/cropped-logo_stock_musik.png\",\"contentUrl\":\"https:\/\/stockmusik.com.co\/wp-content\/uploads\/2020\/08\/cropped-logo_stock_musik.png\",\"width\":455,\"height\":173,\"caption\":\"Stock Musik\"},\"image\":{\"@id\":\"https:\/\/stockmusik.com.co\/#\/schema\/logo\/image\/\"},\"sameAs\":[\"https:\/\/es-la.facebook.com\/stockmusik\/\"]}]}<\/script>\n<meta property=\"product:price:amount\" content=\"925000\" \/>\n<meta property=\"product:price:currency\" content=\"COP\" \/>\n<meta property=\"og:availability\" content=\"out of stock\" \/>\n<meta property=\"product:availability\" content=\"out of stock\" \/>\n<meta property=\"product:retailer_item_id\" content=\"01814\" \/>\n<meta property=\"product:condition\" content=\"new\" \/>\n<!-- \/ Yoast SEO plugin. -->","yoast_head_json":{"title":"GUITARRA ELECTROACUSTICA IBANEZ AEG7TN-NT - Stock Musik","robots":{"index":"index","follow":"follow","max-snippet":"max-snippet:-1","max-image-preview":"max-image-preview:large","max-video-preview":"max-video-preview:-1"},"canonical":"https:\/\/stockmusik.com.co\/index.php\/producto\/guitarra-electroacustica-ibanez-aeg7tn-nt\/","og_locale":"es_ES","og_type":"article","og_title":"GUITARRA ELECTROACUSTICA IBANEZ AEG7TN-NT - Stock Musik","og_description":"Los cuerpos delgados y simples de la serie\u00a0AEG\u00a0de\u00a0Ibanez\u00a0ofrecen un sonido ac\u00fastico potente y equilibrado, ya sea desenchufado o mediante un amplificador.  Con su f\u00e1cil interpretaci\u00f3n, el AEG puede ser tu guitarra ac\u00fastica de caballo de batalla que brillar\u00e1 en cualquier ocasi\u00f3n. El\u00a0AEG7TN\u00a0cuenta con una tapa de Abeto y un cuerpo Sapele, en un hermoso acabado\u00a0Natural High Gloss.  El cuello Okoume, en acabado satinado con un diapas\u00f3n Purpleheart, proporciona una mayor comodidad de manejo. La c\u00e1psula Ibanez debajo del sill\u00edn ecualiza el volumen de cada cuerda y entrega una se\u00f1al bien equilibrada, mientras que el preamplificador Ibanez AEQ-2T proporciona el golpe extra de ecualizaci\u00f3n integrado. El AEG7TN tambi\u00e9n cuenta con un conveniente afinador digital y f\u00e1cil de leer ubicado en la parte superior.","og_url":"https:\/\/stockmusik.com.co\/index.php\/producto\/guitarra-electroacustica-ibanez-aeg7tn-nt\/","og_site_name":"Stock Musik","article_publisher":"https:\/\/es-la.facebook.com\/stockmusik\/","article_modified_time":"2021-02-13T19:12:42+00:00","og_image":[{"width":1500,"height":1500,"url":"https:\/\/stockmusik.com.co\/wp-content\/uploads\/2020\/10\/GUITARRA-ELECTROACUSTICA-IBANEZ-AEG7TN-NT.jpg","type":"image\/jpeg"}],"twitter_card":"summary_large_image","twitter_misc":{"Precio":"Cotiza por Whatsapp","Availability":"Out of stock"},"schema":{"@context":"https:\/\/schema.org","@graph":[{"@type":"WebPage","@id":"https:\/\/stockmusik.com.co\/index.php\/producto\/guitarra-electroacustica-ibanez-aeg7tn-nt\/","url":"https:\/\/stockmusik.com.co\/index.php\/producto\/guitarra-electroacustica-ibanez-aeg7tn-nt\/","name":"GUITARRA ELECTROACUSTICA IBANEZ AEG7TN-NT - Stock Musik","isPartOf":{"@id":"https:\/\/stockmusik.com.co\/#website"},"datePublished":"2020-10-20T19:05:35+00:00","dateModified":"2021-02-13T19:12:42+00:00","breadcrumb":{"@id":"https:\/\/stockmusik.com.co\/index.php\/producto\/guitarra-electroacustica-ibanez-aeg7tn-nt\/#breadcrumb"},"inLanguage":"es","potentialAction":[{"@type":"ReadAction","target":["https:\/\/stockmusik.com.co\/index.php\/producto\/guitarra-electroacustica-ibanez-aeg7tn-nt\/"]}]},{"@type":"BreadcrumbList","@id":"https:\/\/stockmusik.com.co\/index.php\/producto\/guitarra-electroacustica-ibanez-aeg7tn-nt\/#breadcrumb","itemListElement":[{"@type":"ListItem","position":1,"name":"Portada","item":"https:\/\/stockmusik.com.co\/"},{"@type":"ListItem","position":2,"name":"Tienda StockMusik","item":"https:\/\/stockmusik.com.co\/index.php\/tienda-stockmusik\/"},{"@type":"ListItem","position":3,"name":"GUITARRA ELECTROACUSTICA IBANEZ AEG7TN-NT"}]},{"@type":"WebSite","@id":"https:\/\/stockmusik.com.co\/#website","url":"https:\/\/stockmusik.com.co\/","name":"Stock Musik","description":"Tienda de Instrumentos Musicales","publisher":{"@id":"https:\/\/stockmusik.com.co\/#organization"},"potentialAction":[{"@type":"SearchAction","target":{"@type":"EntryPoint","urlTemplate":"https:\/\/stockmusik.com.co\/?s={search_term_string}"},"query-input":"required name=search_term_string"}],"inLanguage":"es"},{"@type":"Organization","@id":"https:\/\/stockmusik.com.co\/#organization","name":"Stock Musik","url":"https:\/\/stockmusik.com.co\/","logo":{"@type":"ImageObject","inLanguage":"es","@id":"https:\/\/stockmusik.com.co\/#\/schema\/logo\/image\/","url":"https:\/\/stockmusik.com.co\/wp-content\/uploads\/2020\/08\/cropped-logo_stock_musik.png","contentUrl":"https:\/\/stockmusik.com.co\/wp-content\/uploads\/2020\/08\/cropped-logo_stock_musik.png","width":455,"height":173,"caption":"Stock Musik"},"image":{"@id":"https:\/\/stockmusik.com.co\/#\/schema\/logo\/image\/"},"sameAs":["https:\/\/es-la.facebook.com\/stockmusik\/"]}]},"product_price_amount":"925000","product_price_currency":"COP","og_availability":"out of stock","product_availability":"out of stock","product_retailer_item_id":"01814","product_condition":"new"},"brands":[{"id":55,"name":"IBANEZ","slug":"ibanez"}],"_links":{"self":[{"href":"https:\/\/stockmusik.com.co\/index.php\/wp-json\/wp\/v2\/product\/4249","targetHints":{"allow":["GET"]}}],"collection":[{"href":"https:\/\/stockmusik.com.co\/index.php\/wp-json\/wp\/v2\/product"}],"about":[{"href":"https:\/\/stockmusik.com.co\/index.php\/wp-json\/wp\/v2\/types\/product"}],"replies":[{"embeddable":true,"href":"https:\/\/stockmusik.com.co\/index.php\/wp-json\/wp\/v2\/comments?post=4249"}],"wp:featuredmedia":[{"embeddable":true,"href":"https:\/\/stockmusik.com.co\/index.php\/wp-json\/wp\/v2\/media\/4252"}],"wp:attachment":[{"href":"https:\/\/stockmusik.com.co\/index.php\/wp-json\/wp\/v2\/media?parent=4249"}],"wp:term":[{"taxonomy":"pwb-brand","embeddable":true,"href":"https:\/\/stockmusik.com.co\/index.php\/wp-json\/wp\/v2\/pwb-brand?post=4249"},{"taxonomy":"product_brand","embeddable":true,"href":"https:\/\/stockmusik.com.co\/index.php\/wp-json\/wp\/v2\/product_brand?post=4249"},{"taxonomy":"product_cat","embeddable":true,"href":"https:\/\/stockmusik.com.co\/index.php\/wp-json\/wp\/v2\/product_cat?post=4249"},{"taxonomy":"product_tag","embeddable":true,"href":"https:\/\/stockmusik.com.co\/index.php\/wp-json\/wp\/v2\/product_tag?post=4249"}],"curies":[{"name":"wp","href":"https:\/\/api.w.org\/{rel}","templated":true}]}}