{"id":4236,"date":"2020-10-20T10:16:22","date_gmt":"2020-10-20T15:16:22","guid":{"rendered":"https:\/\/stockmusik.com.co\/?post_type=product&#038;p=4236"},"modified":"2021-02-13T14:13:17","modified_gmt":"2021-02-13T19:13:17","slug":"guitarra-electrica-ibanez-grx70qa","status":"publish","type":"product","link":"https:\/\/stockmusik.com.co\/index.php\/producto\/guitarra-electrica-ibanez-grx70qa\/","title":{"rendered":"GUITARRA ELECTRICA IBANEZ GRX70QA"},"content":{"rendered":"<ul>\n<li>COLOR Transparent Red Burst<\/li>\n<li>N\u00daMERO DE CUERDAS 6<\/li>\n<li>MATERIAL CUERPO Maple (Arce)<\/li>\n<li>MATERIAL NECK Maple (arce)<\/li>\n<li>MATERIAL FINGERBOARD Palorosa<\/li>\n<li>C\u00c1PSULAS Infinity R (H) (Pasiva\/Cer\u00e1mico) en cuello y puente, y Infinity RS (S) (Pasiva\/Cer\u00e1mico) en posici\u00f3n central<\/li>\n<li>CONTROLES Volumen, tono y switch de 5 v\u00edas<\/li>\n<li>ESCALA 25.5 pulgadas<\/li>\n<li>TRASTES 22<\/li>\n<\/ul>\n","protected":false},"excerpt":{"rendered":"<p>El modelo GR pertenece a la serie GIO de Ibanez, tiene muchas caracter\u00edsticas del modelo RG, pero a un precio mas accesible, un brazo r\u00e1pido, cortes rectos, c\u00e1psulas de gran respuesta y s\u00f3lido tr\u00e9molo de doble traba hacen de esta serie la guitarra ideal para empezar con toda la calidad Ibanez.<\/p>\n","protected":false},"featured_media":4239,"comment_status":"open","ping_status":"closed","template":"","meta":{"_jet_sm_ready_style":"","_jet_sm_style":"","_jet_sm_controls_values":"","_jet_sm_fonts_collection":"","_jet_sm_fonts_links":""},"pwb-brand":[55],"product_brand":[],"product_cat":[320],"product_tag":[],"class_list":{"0":"post-4236","1":"product","2":"type-product","3":"status-publish","4":"has-post-thumbnail","6":"pwb-brand-ibanez","7":"product_cat-guitarra-electrica","9":"first","10":"outofstock","11":"shipping-taxable","12":"purchasable","13":"product-type-simple"},"yoast_head":"<!-- This site is optimized with the Yoast SEO plugin v19.11 - https:\/\/yoast.com\/wordpress\/plugins\/seo\/ -->\n<title>GUITARRA ELECTRICA IBANEZ GRX70QA - Stock Musik<\/title>\n<meta name=\"robots\" content=\"index, follow, max-snippet:-1, max-image-preview:large, max-video-preview:-1\" \/>\n<link rel=\"canonical\" href=\"https:\/\/stockmusik.com.co\/index.php\/producto\/guitarra-electrica-ibanez-grx70qa\/\" \/>\n<meta property=\"og:locale\" content=\"es_ES\" \/>\n<meta property=\"og:type\" content=\"article\" \/>\n<meta property=\"og:title\" content=\"GUITARRA ELECTRICA IBANEZ GRX70QA - Stock Musik\" \/>\n<meta property=\"og:description\" content=\"El modelo GR pertenece a la serie GIO de Ibanez, tiene muchas caracter\u00edsticas del modelo RG, pero a un precio mas accesible, un brazo r\u00e1pido, cortes rectos, c\u00e1psulas de gran respuesta y s\u00f3lido tr\u00e9molo de doble traba hacen de esta serie la guitarra ideal para empezar con toda la calidad Ibanez.\" \/>\n<meta property=\"og:url\" content=\"https:\/\/stockmusik.com.co\/index.php\/producto\/guitarra-electrica-ibanez-grx70qa\/\" \/>\n<meta property=\"og:site_name\" content=\"Stock Musik\" \/>\n<meta property=\"article:publisher\" content=\"https:\/\/es-la.facebook.com\/stockmusik\/\" \/>\n<meta property=\"article:modified_time\" content=\"2021-02-13T19:13:17+00:00\" \/>\n<meta property=\"og:image\" content=\"https:\/\/stockmusik.com.co\/wp-content\/uploads\/2020\/10\/GUITARRA-ELECTRICA-IBANEZ-GRX70QA.jpg\" \/>\n\t<meta property=\"og:image:width\" content=\"720\" \/>\n\t<meta property=\"og:image:height\" content=\"660\" \/>\n\t<meta property=\"og:image:type\" content=\"image\/jpeg\" \/>\n<meta name=\"twitter:card\" content=\"summary_large_image\" \/>\n<meta name=\"twitter:label1\" content=\"Precio\" \/>\n\t<meta name=\"twitter:data1\" content=\"Cotiza por Whatsapp\" \/>\n\t<meta name=\"twitter:label2\" content=\"Availability\" \/>\n\t<meta name=\"twitter:data2\" content=\"Out of stock\" \/>\n<script type=\"application\/ld+json\" class=\"yoast-schema-graph\">{\"@context\":\"https:\/\/schema.org\",\"@graph\":[{\"@type\":\"WebPage\",\"@id\":\"https:\/\/stockmusik.com.co\/index.php\/producto\/guitarra-electrica-ibanez-grx70qa\/\",\"url\":\"https:\/\/stockmusik.com.co\/index.php\/producto\/guitarra-electrica-ibanez-grx70qa\/\",\"name\":\"GUITARRA ELECTRICA IBANEZ GRX70QA - Stock Musik\",\"isPartOf\":{\"@id\":\"https:\/\/stockmusik.com.co\/#website\"},\"datePublished\":\"2020-10-20T15:16:22+00:00\",\"dateModified\":\"2021-02-13T19:13:17+00:00\",\"breadcrumb\":{\"@id\":\"https:\/\/stockmusik.com.co\/index.php\/producto\/guitarra-electrica-ibanez-grx70qa\/#breadcrumb\"},\"inLanguage\":\"es\",\"potentialAction\":[{\"@type\":\"ReadAction\",\"target\":[\"https:\/\/stockmusik.com.co\/index.php\/producto\/guitarra-electrica-ibanez-grx70qa\/\"]}]},{\"@type\":\"BreadcrumbList\",\"@id\":\"https:\/\/stockmusik.com.co\/index.php\/producto\/guitarra-electrica-ibanez-grx70qa\/#breadcrumb\",\"itemListElement\":[{\"@type\":\"ListItem\",\"position\":1,\"name\":\"Portada\",\"item\":\"https:\/\/stockmusik.com.co\/\"},{\"@type\":\"ListItem\",\"position\":2,\"name\":\"Tienda StockMusik\",\"item\":\"https:\/\/stockmusik.com.co\/index.php\/tienda-stockmusik\/\"},{\"@type\":\"ListItem\",\"position\":3,\"name\":\"GUITARRA ELECTRICA IBANEZ GRX70QA\"}]},{\"@type\":\"WebSite\",\"@id\":\"https:\/\/stockmusik.com.co\/#website\",\"url\":\"https:\/\/stockmusik.com.co\/\",\"name\":\"Stock Musik\",\"description\":\"Tienda de Instrumentos Musicales\",\"publisher\":{\"@id\":\"https:\/\/stockmusik.com.co\/#organization\"},\"potentialAction\":[{\"@type\":\"SearchAction\",\"target\":{\"@type\":\"EntryPoint\",\"urlTemplate\":\"https:\/\/stockmusik.com.co\/?s={search_term_string}\"},\"query-input\":\"required name=search_term_string\"}],\"inLanguage\":\"es\"},{\"@type\":\"Organization\",\"@id\":\"https:\/\/stockmusik.com.co\/#organization\",\"name\":\"Stock Musik\",\"url\":\"https:\/\/stockmusik.com.co\/\",\"logo\":{\"@type\":\"ImageObject\",\"inLanguage\":\"es\",\"@id\":\"https:\/\/stockmusik.com.co\/#\/schema\/logo\/image\/\",\"url\":\"https:\/\/stockmusik.com.co\/wp-content\/uploads\/2020\/08\/cropped-logo_stock_musik.png\",\"contentUrl\":\"https:\/\/stockmusik.com.co\/wp-content\/uploads\/2020\/08\/cropped-logo_stock_musik.png\",\"width\":455,\"height\":173,\"caption\":\"Stock Musik\"},\"image\":{\"@id\":\"https:\/\/stockmusik.com.co\/#\/schema\/logo\/image\/\"},\"sameAs\":[\"https:\/\/es-la.facebook.com\/stockmusik\/\"]}]}<\/script>\n<meta property=\"product:price:amount\" content=\"898000\" \/>\n<meta property=\"product:price:currency\" content=\"COP\" \/>\n<meta property=\"og:availability\" content=\"out of stock\" \/>\n<meta property=\"product:availability\" content=\"out of stock\" \/>\n<meta property=\"product:retailer_item_id\" content=\"01813\" \/>\n<meta property=\"product:condition\" content=\"new\" \/>\n<!-- \/ Yoast SEO plugin. -->","yoast_head_json":{"title":"GUITARRA ELECTRICA IBANEZ GRX70QA - Stock Musik","robots":{"index":"index","follow":"follow","max-snippet":"max-snippet:-1","max-image-preview":"max-image-preview:large","max-video-preview":"max-video-preview:-1"},"canonical":"https:\/\/stockmusik.com.co\/index.php\/producto\/guitarra-electrica-ibanez-grx70qa\/","og_locale":"es_ES","og_type":"article","og_title":"GUITARRA ELECTRICA IBANEZ GRX70QA - Stock Musik","og_description":"El modelo GR pertenece a la serie GIO de Ibanez, tiene muchas caracter\u00edsticas del modelo RG, pero a un precio mas accesible, un brazo r\u00e1pido, cortes rectos, c\u00e1psulas de gran respuesta y s\u00f3lido tr\u00e9molo de doble traba hacen de esta serie la guitarra ideal para empezar con toda la calidad Ibanez.","og_url":"https:\/\/stockmusik.com.co\/index.php\/producto\/guitarra-electrica-ibanez-grx70qa\/","og_site_name":"Stock Musik","article_publisher":"https:\/\/es-la.facebook.com\/stockmusik\/","article_modified_time":"2021-02-13T19:13:17+00:00","og_image":[{"width":720,"height":660,"url":"https:\/\/stockmusik.com.co\/wp-content\/uploads\/2020\/10\/GUITARRA-ELECTRICA-IBANEZ-GRX70QA.jpg","type":"image\/jpeg"}],"twitter_card":"summary_large_image","twitter_misc":{"Precio":"Cotiza por Whatsapp","Availability":"Out of stock"},"schema":{"@context":"https:\/\/schema.org","@graph":[{"@type":"WebPage","@id":"https:\/\/stockmusik.com.co\/index.php\/producto\/guitarra-electrica-ibanez-grx70qa\/","url":"https:\/\/stockmusik.com.co\/index.php\/producto\/guitarra-electrica-ibanez-grx70qa\/","name":"GUITARRA ELECTRICA IBANEZ GRX70QA - Stock Musik","isPartOf":{"@id":"https:\/\/stockmusik.com.co\/#website"},"datePublished":"2020-10-20T15:16:22+00:00","dateModified":"2021-02-13T19:13:17+00:00","breadcrumb":{"@id":"https:\/\/stockmusik.com.co\/index.php\/producto\/guitarra-electrica-ibanez-grx70qa\/#breadcrumb"},"inLanguage":"es","potentialAction":[{"@type":"ReadAction","target":["https:\/\/stockmusik.com.co\/index.php\/producto\/guitarra-electrica-ibanez-grx70qa\/"]}]},{"@type":"BreadcrumbList","@id":"https:\/\/stockmusik.com.co\/index.php\/producto\/guitarra-electrica-ibanez-grx70qa\/#breadcrumb","itemListElement":[{"@type":"ListItem","position":1,"name":"Portada","item":"https:\/\/stockmusik.com.co\/"},{"@type":"ListItem","position":2,"name":"Tienda StockMusik","item":"https:\/\/stockmusik.com.co\/index.php\/tienda-stockmusik\/"},{"@type":"ListItem","position":3,"name":"GUITARRA ELECTRICA IBANEZ GRX70QA"}]},{"@type":"WebSite","@id":"https:\/\/stockmusik.com.co\/#website","url":"https:\/\/stockmusik.com.co\/","name":"Stock Musik","description":"Tienda de Instrumentos Musicales","publisher":{"@id":"https:\/\/stockmusik.com.co\/#organization"},"potentialAction":[{"@type":"SearchAction","target":{"@type":"EntryPoint","urlTemplate":"https:\/\/stockmusik.com.co\/?s={search_term_string}"},"query-input":"required name=search_term_string"}],"inLanguage":"es"},{"@type":"Organization","@id":"https:\/\/stockmusik.com.co\/#organization","name":"Stock Musik","url":"https:\/\/stockmusik.com.co\/","logo":{"@type":"ImageObject","inLanguage":"es","@id":"https:\/\/stockmusik.com.co\/#\/schema\/logo\/image\/","url":"https:\/\/stockmusik.com.co\/wp-content\/uploads\/2020\/08\/cropped-logo_stock_musik.png","contentUrl":"https:\/\/stockmusik.com.co\/wp-content\/uploads\/2020\/08\/cropped-logo_stock_musik.png","width":455,"height":173,"caption":"Stock Musik"},"image":{"@id":"https:\/\/stockmusik.com.co\/#\/schema\/logo\/image\/"},"sameAs":["https:\/\/es-la.facebook.com\/stockmusik\/"]}]},"product_price_amount":"898000","product_price_currency":"COP","og_availability":"out of stock","product_availability":"out of stock","product_retailer_item_id":"01813","product_condition":"new"},"brands":[{"id":55,"name":"IBANEZ","slug":"ibanez"}],"_links":{"self":[{"href":"https:\/\/stockmusik.com.co\/index.php\/wp-json\/wp\/v2\/product\/4236","targetHints":{"allow":["GET"]}}],"collection":[{"href":"https:\/\/stockmusik.com.co\/index.php\/wp-json\/wp\/v2\/product"}],"about":[{"href":"https:\/\/stockmusik.com.co\/index.php\/wp-json\/wp\/v2\/types\/product"}],"replies":[{"embeddable":true,"href":"https:\/\/stockmusik.com.co\/index.php\/wp-json\/wp\/v2\/comments?post=4236"}],"wp:featuredmedia":[{"embeddable":true,"href":"https:\/\/stockmusik.com.co\/index.php\/wp-json\/wp\/v2\/media\/4239"}],"wp:attachment":[{"href":"https:\/\/stockmusik.com.co\/index.php\/wp-json\/wp\/v2\/media?parent=4236"}],"wp:term":[{"taxonomy":"pwb-brand","embeddable":true,"href":"https:\/\/stockmusik.com.co\/index.php\/wp-json\/wp\/v2\/pwb-brand?post=4236"},{"taxonomy":"product_brand","embeddable":true,"href":"https:\/\/stockmusik.com.co\/index.php\/wp-json\/wp\/v2\/product_brand?post=4236"},{"taxonomy":"product_cat","embeddable":true,"href":"https:\/\/stockmusik.com.co\/index.php\/wp-json\/wp\/v2\/product_cat?post=4236"},{"taxonomy":"product_tag","embeddable":true,"href":"https:\/\/stockmusik.com.co\/index.php\/wp-json\/wp\/v2\/product_tag?post=4236"}],"curies":[{"name":"wp","href":"https:\/\/api.w.org\/{rel}","templated":true}]}}