{"id":4172,"date":"2020-10-17T16:37:48","date_gmt":"2020-10-17T21:37:48","guid":{"rendered":"https:\/\/stockmusik.com.co\/?post_type=product&#038;p=4172"},"modified":"2022-04-28T14:50:19","modified_gmt":"2022-04-28T19:50:19","slug":"guitarra-acustica-ibanez-ga15-nt","status":"publish","type":"product","link":"https:\/\/stockmusik.com.co\/index.php\/producto\/guitarra-acustica-ibanez-ga15-nt\/","title":{"rendered":"GUITARRA ACUSTICA IBANEZ GA15-NT"},"content":{"rendered":"<ul>\n<li>Forma del cuerpo Cuerpo cl\u00e1sico<\/li>\n<li>Cedro arriba<\/li>\n<li>Espalda y lados de Sapele<\/li>\n<li>Cuello Okoume<\/li>\n<li>Diapas\u00f3n Coraz\u00f3n P\u00farpura<\/li>\n<li>Puente Coraz\u00f3n P\u00farpura<\/li>\n<li>Cuerpo vinculante Negro<\/li>\n<li>Roseta de la boca del micr\u00f3fono Roseta de nuez<\/li>\n<li>M\u00e1quina de afinaci\u00f3n Gold Classical tuners<\/li>\n<li>N\u00famero de trastes 19<\/li>\n<li>Savarez Cuerdas de Nylon<\/li>\n<li>Espacio de cuerda 11.6mm<\/li>\n<li>Acabado de la parte superior Gloss<\/li>\n<li>Acabado de la parte trasera y los lados Gloss<\/li>\n<li>Acabado de la espalda del cuello Gloss<\/li>\n<\/ul>\n","protected":false},"excerpt":{"rendered":"<p>Las guitarras cl\u00e1sicas Ib\u00e1\u00f1ez eliminan las conjeturas para encontrar una guitarra cl\u00e1sica asequible y de gran sonido que sea f\u00e1cil de tocar. Ya sea que est\u00e9s buscando un instrumento de tama\u00f1o cl\u00e1sico tradicional o una c\u00f3moda guitarra de cuerdas de nylon para principiantes, est\u00e1n extremadamente bien construidas, son asequibles y tienen la tonalidad muy acertada.<\/p>\n","protected":false},"featured_media":4176,"comment_status":"open","ping_status":"closed","template":"","meta":{"_jet_sm_ready_style":"","_jet_sm_style":"","_jet_sm_controls_values":"","_jet_sm_fonts_collection":"","_jet_sm_fonts_links":""},"pwb-brand":[55],"product_brand":[],"product_cat":[308],"product_tag":[],"class_list":{"0":"post-4172","1":"product","2":"type-product","3":"status-publish","4":"has-post-thumbnail","6":"pwb-brand-ibanez","7":"product_cat-guitarra-marcante","9":"first","10":"outofstock","11":"shipping-taxable","12":"purchasable","13":"product-type-simple"},"yoast_head":"<!-- This site is optimized with the Yoast SEO plugin v19.11 - https:\/\/yoast.com\/wordpress\/plugins\/seo\/ -->\n<title>GUITARRA ACUSTICA IBANEZ GA15-NT - Stock Musik<\/title>\n<meta name=\"robots\" content=\"index, follow, max-snippet:-1, max-image-preview:large, max-video-preview:-1\" \/>\n<link rel=\"canonical\" href=\"https:\/\/stockmusik.com.co\/index.php\/producto\/guitarra-acustica-ibanez-ga15-nt\/\" \/>\n<meta property=\"og:locale\" content=\"es_ES\" \/>\n<meta property=\"og:type\" content=\"article\" \/>\n<meta property=\"og:title\" content=\"GUITARRA ACUSTICA IBANEZ GA15-NT - Stock Musik\" \/>\n<meta property=\"og:description\" content=\"Las guitarras cl\u00e1sicas Ib\u00e1\u00f1ez eliminan las conjeturas para encontrar una guitarra cl\u00e1sica asequible y de gran sonido que sea f\u00e1cil de tocar. Ya sea que est\u00e9s buscando un instrumento de tama\u00f1o cl\u00e1sico tradicional o una c\u00f3moda guitarra de cuerdas de nylon para principiantes, est\u00e1n extremadamente bien construidas, son asequibles y tienen la tonalidad muy acertada.\" \/>\n<meta property=\"og:url\" content=\"https:\/\/stockmusik.com.co\/index.php\/producto\/guitarra-acustica-ibanez-ga15-nt\/\" \/>\n<meta property=\"og:site_name\" content=\"Stock Musik\" \/>\n<meta property=\"article:publisher\" content=\"https:\/\/es-la.facebook.com\/stockmusik\/\" \/>\n<meta property=\"article:modified_time\" content=\"2022-04-28T19:50:19+00:00\" \/>\n<meta property=\"og:image\" content=\"https:\/\/stockmusik.com.co\/wp-content\/uploads\/2020\/10\/GUITARRA-ACUSTICA-IBANEZ-GA15-NT-1-1.jpg\" \/>\n\t<meta property=\"og:image:width\" content=\"1200\" \/>\n\t<meta property=\"og:image:height\" content=\"2055\" \/>\n\t<meta property=\"og:image:type\" content=\"image\/jpeg\" \/>\n<meta name=\"twitter:card\" content=\"summary_large_image\" \/>\n<meta name=\"twitter:label1\" content=\"Precio\" \/>\n\t<meta name=\"twitter:data1\" content=\"Cotiza por Whatsapp\" \/>\n\t<meta name=\"twitter:label2\" content=\"Availability\" \/>\n\t<meta name=\"twitter:data2\" content=\"Out of stock\" \/>\n<script type=\"application\/ld+json\" class=\"yoast-schema-graph\">{\"@context\":\"https:\/\/schema.org\",\"@graph\":[{\"@type\":\"WebPage\",\"@id\":\"https:\/\/stockmusik.com.co\/index.php\/producto\/guitarra-acustica-ibanez-ga15-nt\/\",\"url\":\"https:\/\/stockmusik.com.co\/index.php\/producto\/guitarra-acustica-ibanez-ga15-nt\/\",\"name\":\"GUITARRA ACUSTICA IBANEZ GA15-NT - Stock Musik\",\"isPartOf\":{\"@id\":\"https:\/\/stockmusik.com.co\/#website\"},\"datePublished\":\"2020-10-17T21:37:48+00:00\",\"dateModified\":\"2022-04-28T19:50:19+00:00\",\"breadcrumb\":{\"@id\":\"https:\/\/stockmusik.com.co\/index.php\/producto\/guitarra-acustica-ibanez-ga15-nt\/#breadcrumb\"},\"inLanguage\":\"es\",\"potentialAction\":[{\"@type\":\"ReadAction\",\"target\":[\"https:\/\/stockmusik.com.co\/index.php\/producto\/guitarra-acustica-ibanez-ga15-nt\/\"]}]},{\"@type\":\"BreadcrumbList\",\"@id\":\"https:\/\/stockmusik.com.co\/index.php\/producto\/guitarra-acustica-ibanez-ga15-nt\/#breadcrumb\",\"itemListElement\":[{\"@type\":\"ListItem\",\"position\":1,\"name\":\"Portada\",\"item\":\"https:\/\/stockmusik.com.co\/\"},{\"@type\":\"ListItem\",\"position\":2,\"name\":\"Tienda StockMusik\",\"item\":\"https:\/\/stockmusik.com.co\/index.php\/tienda-stockmusik\/\"},{\"@type\":\"ListItem\",\"position\":3,\"name\":\"GUITARRA ACUSTICA IBANEZ GA15-NT\"}]},{\"@type\":\"WebSite\",\"@id\":\"https:\/\/stockmusik.com.co\/#website\",\"url\":\"https:\/\/stockmusik.com.co\/\",\"name\":\"Stock Musik\",\"description\":\"Tienda de Instrumentos Musicales\",\"publisher\":{\"@id\":\"https:\/\/stockmusik.com.co\/#organization\"},\"potentialAction\":[{\"@type\":\"SearchAction\",\"target\":{\"@type\":\"EntryPoint\",\"urlTemplate\":\"https:\/\/stockmusik.com.co\/?s={search_term_string}\"},\"query-input\":\"required name=search_term_string\"}],\"inLanguage\":\"es\"},{\"@type\":\"Organization\",\"@id\":\"https:\/\/stockmusik.com.co\/#organization\",\"name\":\"Stock Musik\",\"url\":\"https:\/\/stockmusik.com.co\/\",\"logo\":{\"@type\":\"ImageObject\",\"inLanguage\":\"es\",\"@id\":\"https:\/\/stockmusik.com.co\/#\/schema\/logo\/image\/\",\"url\":\"https:\/\/stockmusik.com.co\/wp-content\/uploads\/2020\/08\/cropped-logo_stock_musik.png\",\"contentUrl\":\"https:\/\/stockmusik.com.co\/wp-content\/uploads\/2020\/08\/cropped-logo_stock_musik.png\",\"width\":455,\"height\":173,\"caption\":\"Stock Musik\"},\"image\":{\"@id\":\"https:\/\/stockmusik.com.co\/#\/schema\/logo\/image\/\"},\"sameAs\":[\"https:\/\/es-la.facebook.com\/stockmusik\/\"]}]}<\/script>\n<meta property=\"product:price:amount\" content=\"705000\" \/>\n<meta property=\"product:price:currency\" content=\"COP\" \/>\n<meta property=\"og:availability\" content=\"out of stock\" \/>\n<meta property=\"product:availability\" content=\"out of stock\" \/>\n<meta property=\"product:retailer_item_id\" content=\"01815\" \/>\n<meta property=\"product:condition\" content=\"new\" \/>\n<!-- \/ Yoast SEO plugin. -->","yoast_head_json":{"title":"GUITARRA ACUSTICA IBANEZ GA15-NT - Stock Musik","robots":{"index":"index","follow":"follow","max-snippet":"max-snippet:-1","max-image-preview":"max-image-preview:large","max-video-preview":"max-video-preview:-1"},"canonical":"https:\/\/stockmusik.com.co\/index.php\/producto\/guitarra-acustica-ibanez-ga15-nt\/","og_locale":"es_ES","og_type":"article","og_title":"GUITARRA ACUSTICA IBANEZ GA15-NT - Stock Musik","og_description":"Las guitarras cl\u00e1sicas Ib\u00e1\u00f1ez eliminan las conjeturas para encontrar una guitarra cl\u00e1sica asequible y de gran sonido que sea f\u00e1cil de tocar. Ya sea que est\u00e9s buscando un instrumento de tama\u00f1o cl\u00e1sico tradicional o una c\u00f3moda guitarra de cuerdas de nylon para principiantes, est\u00e1n extremadamente bien construidas, son asequibles y tienen la tonalidad muy acertada.","og_url":"https:\/\/stockmusik.com.co\/index.php\/producto\/guitarra-acustica-ibanez-ga15-nt\/","og_site_name":"Stock Musik","article_publisher":"https:\/\/es-la.facebook.com\/stockmusik\/","article_modified_time":"2022-04-28T19:50:19+00:00","og_image":[{"width":1200,"height":2055,"url":"https:\/\/stockmusik.com.co\/wp-content\/uploads\/2020\/10\/GUITARRA-ACUSTICA-IBANEZ-GA15-NT-1-1.jpg","type":"image\/jpeg"}],"twitter_card":"summary_large_image","twitter_misc":{"Precio":"Cotiza por Whatsapp","Availability":"Out of stock"},"schema":{"@context":"https:\/\/schema.org","@graph":[{"@type":"WebPage","@id":"https:\/\/stockmusik.com.co\/index.php\/producto\/guitarra-acustica-ibanez-ga15-nt\/","url":"https:\/\/stockmusik.com.co\/index.php\/producto\/guitarra-acustica-ibanez-ga15-nt\/","name":"GUITARRA ACUSTICA IBANEZ GA15-NT - Stock Musik","isPartOf":{"@id":"https:\/\/stockmusik.com.co\/#website"},"datePublished":"2020-10-17T21:37:48+00:00","dateModified":"2022-04-28T19:50:19+00:00","breadcrumb":{"@id":"https:\/\/stockmusik.com.co\/index.php\/producto\/guitarra-acustica-ibanez-ga15-nt\/#breadcrumb"},"inLanguage":"es","potentialAction":[{"@type":"ReadAction","target":["https:\/\/stockmusik.com.co\/index.php\/producto\/guitarra-acustica-ibanez-ga15-nt\/"]}]},{"@type":"BreadcrumbList","@id":"https:\/\/stockmusik.com.co\/index.php\/producto\/guitarra-acustica-ibanez-ga15-nt\/#breadcrumb","itemListElement":[{"@type":"ListItem","position":1,"name":"Portada","item":"https:\/\/stockmusik.com.co\/"},{"@type":"ListItem","position":2,"name":"Tienda StockMusik","item":"https:\/\/stockmusik.com.co\/index.php\/tienda-stockmusik\/"},{"@type":"ListItem","position":3,"name":"GUITARRA ACUSTICA IBANEZ GA15-NT"}]},{"@type":"WebSite","@id":"https:\/\/stockmusik.com.co\/#website","url":"https:\/\/stockmusik.com.co\/","name":"Stock Musik","description":"Tienda de Instrumentos Musicales","publisher":{"@id":"https:\/\/stockmusik.com.co\/#organization"},"potentialAction":[{"@type":"SearchAction","target":{"@type":"EntryPoint","urlTemplate":"https:\/\/stockmusik.com.co\/?s={search_term_string}"},"query-input":"required name=search_term_string"}],"inLanguage":"es"},{"@type":"Organization","@id":"https:\/\/stockmusik.com.co\/#organization","name":"Stock Musik","url":"https:\/\/stockmusik.com.co\/","logo":{"@type":"ImageObject","inLanguage":"es","@id":"https:\/\/stockmusik.com.co\/#\/schema\/logo\/image\/","url":"https:\/\/stockmusik.com.co\/wp-content\/uploads\/2020\/08\/cropped-logo_stock_musik.png","contentUrl":"https:\/\/stockmusik.com.co\/wp-content\/uploads\/2020\/08\/cropped-logo_stock_musik.png","width":455,"height":173,"caption":"Stock Musik"},"image":{"@id":"https:\/\/stockmusik.com.co\/#\/schema\/logo\/image\/"},"sameAs":["https:\/\/es-la.facebook.com\/stockmusik\/"]}]},"product_price_amount":"705000","product_price_currency":"COP","og_availability":"out of stock","product_availability":"out of stock","product_retailer_item_id":"01815","product_condition":"new"},"brands":[{"id":55,"name":"IBANEZ","slug":"ibanez"}],"_links":{"self":[{"href":"https:\/\/stockmusik.com.co\/index.php\/wp-json\/wp\/v2\/product\/4172","targetHints":{"allow":["GET"]}}],"collection":[{"href":"https:\/\/stockmusik.com.co\/index.php\/wp-json\/wp\/v2\/product"}],"about":[{"href":"https:\/\/stockmusik.com.co\/index.php\/wp-json\/wp\/v2\/types\/product"}],"replies":[{"embeddable":true,"href":"https:\/\/stockmusik.com.co\/index.php\/wp-json\/wp\/v2\/comments?post=4172"}],"wp:featuredmedia":[{"embeddable":true,"href":"https:\/\/stockmusik.com.co\/index.php\/wp-json\/wp\/v2\/media\/4176"}],"wp:attachment":[{"href":"https:\/\/stockmusik.com.co\/index.php\/wp-json\/wp\/v2\/media?parent=4172"}],"wp:term":[{"taxonomy":"pwb-brand","embeddable":true,"href":"https:\/\/stockmusik.com.co\/index.php\/wp-json\/wp\/v2\/pwb-brand?post=4172"},{"taxonomy":"product_brand","embeddable":true,"href":"https:\/\/stockmusik.com.co\/index.php\/wp-json\/wp\/v2\/product_brand?post=4172"},{"taxonomy":"product_cat","embeddable":true,"href":"https:\/\/stockmusik.com.co\/index.php\/wp-json\/wp\/v2\/product_cat?post=4172"},{"taxonomy":"product_tag","embeddable":true,"href":"https:\/\/stockmusik.com.co\/index.php\/wp-json\/wp\/v2\/product_tag?post=4172"}],"curies":[{"name":"wp","href":"https:\/\/api.w.org\/{rel}","templated":true}]}}