{"id":303,"date":"2020-08-13T17:45:29","date_gmt":"2020-08-13T22:45:29","guid":{"rendered":"http:\/\/stockmusik.com.co\/?post_type=product&#038;p=303"},"modified":"2020-10-27T12:17:08","modified_gmt":"2020-10-27T17:17:08","slug":"arco-de-violin-mvb22-1-8-4-4","status":"publish","type":"product","link":"https:\/\/stockmusik.com.co\/index.php\/producto\/arco-de-violin-mvb22-1-8-4-4\/","title":{"rendered":"ARCO DE VIOLIN MVB22 de 1\/8 hasta 4\/4"},"content":{"rendered":"<ul>\n<li>Fabricado en madera<\/li>\n<li>Cerdas de Crin de Caballo<\/li>\n<li>Tal\u00f3n en Madera<\/li>\n<li>Vara Redonda<\/li>\n<li>Bot\u00f3n tensor met\u00e1lico<\/li>\n<li>Entorchado Plateado<\/li>\n<li>Medidas de 1\/8 a 4\/4<\/li>\n<li>Largo 72 cm<\/li>\n<\/ul>\n","protected":false},"excerpt":{"rendered":"<p>Fabricado en madera Cerdas de Crin de Caballo Tal\u00f3n en Madera Vara Redonda Bot\u00f3n tensor met\u00e1lico Entorchado Plateado Medidas de 1\/8 a 4\/4 Largo 72 cm<\/p>\n","protected":false},"featured_media":308,"comment_status":"open","ping_status":"closed","template":"","meta":{"_jet_sm_ready_style":"","_jet_sm_style":"","_jet_sm_controls_values":"","_jet_sm_fonts_collection":"","_jet_sm_fonts_links":""},"pwb-brand":[],"product_brand":[],"product_cat":[419],"product_tag":[],"class_list":{"0":"post-303","1":"product","2":"type-product","3":"status-publish","4":"has-post-thumbnail","6":"product_cat-arco","7":"pa_talla-1-16","8":"pa_talla-1-8","9":"pa_talla-1-4","10":"pa_talla-1-2","11":"pa_talla-3-4","12":"pa_talla-4-4","14":"first","15":"instock","16":"shipping-taxable","17":"purchasable","18":"product-type-variable"},"yoast_head":"<!-- This site is optimized with the Yoast SEO plugin v19.11 - https:\/\/yoast.com\/wordpress\/plugins\/seo\/ -->\n<title>ARCO DE VIOLIN MVB22 de 1\/8 hasta 4\/4 - Stock Musik<\/title>\n<meta name=\"robots\" content=\"index, follow, max-snippet:-1, max-image-preview:large, max-video-preview:-1\" \/>\n<link rel=\"canonical\" href=\"https:\/\/stockmusik.com.co\/index.php\/producto\/arco-de-violin-mvb22-1-8-4-4\/\" \/>\n<meta property=\"og:locale\" content=\"es_ES\" \/>\n<meta property=\"og:type\" content=\"article\" \/>\n<meta property=\"og:title\" content=\"ARCO DE VIOLIN MVB22 de 1\/8 hasta 4\/4 - Stock Musik\" \/>\n<meta property=\"og:description\" content=\"Fabricado en madera Cerdas de Crin de Caballo Tal\u00f3n en Madera Vara Redonda Bot\u00f3n tensor met\u00e1lico Entorchado Plateado Medidas de 1\/8 a 4\/4 Largo 72 cm\" \/>\n<meta property=\"og:url\" content=\"https:\/\/stockmusik.com.co\/index.php\/producto\/arco-de-violin-mvb22-1-8-4-4\/\" \/>\n<meta property=\"og:site_name\" content=\"Stock Musik\" \/>\n<meta property=\"article:publisher\" content=\"https:\/\/es-la.facebook.com\/stockmusik\/\" \/>\n<meta property=\"article:modified_time\" content=\"2020-10-27T17:17:08+00:00\" \/>\n<meta property=\"og:image\" content=\"https:\/\/stockmusik.com.co\/wp-content\/uploads\/2020\/08\/ARCO-DE-VIOLIN-MVB22-1-8-4-4.jpg\" \/>\n\t<meta property=\"og:image:width\" content=\"800\" \/>\n\t<meta property=\"og:image:height\" content=\"600\" \/>\n\t<meta property=\"og:image:type\" content=\"image\/jpeg\" \/>\n<meta name=\"twitter:card\" content=\"summary_large_image\" \/>\n<meta name=\"twitter:label1\" content=\"Availability\" \/>\n\t<meta name=\"twitter:data1\" content=\"In stock\" \/>\n<script type=\"application\/ld+json\" class=\"yoast-schema-graph\">{\"@context\":\"https:\/\/schema.org\",\"@graph\":[{\"@type\":\"WebPage\",\"@id\":\"https:\/\/stockmusik.com.co\/index.php\/producto\/arco-de-violin-mvb22-1-8-4-4\/\",\"url\":\"https:\/\/stockmusik.com.co\/index.php\/producto\/arco-de-violin-mvb22-1-8-4-4\/\",\"name\":\"ARCO DE VIOLIN MVB22 de 1\/8 hasta 4\/4 - Stock Musik\",\"isPartOf\":{\"@id\":\"https:\/\/stockmusik.com.co\/#website\"},\"datePublished\":\"2020-08-13T22:45:29+00:00\",\"dateModified\":\"2020-10-27T17:17:08+00:00\",\"breadcrumb\":{\"@id\":\"https:\/\/stockmusik.com.co\/index.php\/producto\/arco-de-violin-mvb22-1-8-4-4\/#breadcrumb\"},\"inLanguage\":\"es\",\"potentialAction\":[{\"@type\":\"ReadAction\",\"target\":[\"https:\/\/stockmusik.com.co\/index.php\/producto\/arco-de-violin-mvb22-1-8-4-4\/\"]}]},{\"@type\":\"BreadcrumbList\",\"@id\":\"https:\/\/stockmusik.com.co\/index.php\/producto\/arco-de-violin-mvb22-1-8-4-4\/#breadcrumb\",\"itemListElement\":[{\"@type\":\"ListItem\",\"position\":1,\"name\":\"Portada\",\"item\":\"https:\/\/stockmusik.com.co\/\"},{\"@type\":\"ListItem\",\"position\":2,\"name\":\"Tienda StockMusik\",\"item\":\"https:\/\/stockmusik.com.co\/index.php\/tienda-stockmusik\/\"},{\"@type\":\"ListItem\",\"position\":3,\"name\":\"ARCO DE VIOLIN MVB22 de 1\/8 hasta 4\/4\"}]},{\"@type\":\"WebSite\",\"@id\":\"https:\/\/stockmusik.com.co\/#website\",\"url\":\"https:\/\/stockmusik.com.co\/\",\"name\":\"Stock Musik\",\"description\":\"Tienda de Instrumentos Musicales\",\"publisher\":{\"@id\":\"https:\/\/stockmusik.com.co\/#organization\"},\"potentialAction\":[{\"@type\":\"SearchAction\",\"target\":{\"@type\":\"EntryPoint\",\"urlTemplate\":\"https:\/\/stockmusik.com.co\/?s={search_term_string}\"},\"query-input\":\"required name=search_term_string\"}],\"inLanguage\":\"es\"},{\"@type\":\"Organization\",\"@id\":\"https:\/\/stockmusik.com.co\/#organization\",\"name\":\"Stock Musik\",\"url\":\"https:\/\/stockmusik.com.co\/\",\"logo\":{\"@type\":\"ImageObject\",\"inLanguage\":\"es\",\"@id\":\"https:\/\/stockmusik.com.co\/#\/schema\/logo\/image\/\",\"url\":\"https:\/\/stockmusik.com.co\/wp-content\/uploads\/2020\/08\/cropped-logo_stock_musik.png\",\"contentUrl\":\"https:\/\/stockmusik.com.co\/wp-content\/uploads\/2020\/08\/cropped-logo_stock_musik.png\",\"width\":455,\"height\":173,\"caption\":\"Stock Musik\"},\"image\":{\"@id\":\"https:\/\/stockmusik.com.co\/#\/schema\/logo\/image\/\"},\"sameAs\":[\"https:\/\/es-la.facebook.com\/stockmusik\/\"]}]}<\/script>\n<meta property=\"og:availability\" content=\"instock\" \/>\n<meta property=\"product:availability\" content=\"instock\" \/>\n<meta property=\"product:condition\" content=\"new\" \/>\n<!-- \/ Yoast SEO plugin. -->","yoast_head_json":{"title":"ARCO DE VIOLIN MVB22 de 1\/8 hasta 4\/4 - Stock Musik","robots":{"index":"index","follow":"follow","max-snippet":"max-snippet:-1","max-image-preview":"max-image-preview:large","max-video-preview":"max-video-preview:-1"},"canonical":"https:\/\/stockmusik.com.co\/index.php\/producto\/arco-de-violin-mvb22-1-8-4-4\/","og_locale":"es_ES","og_type":"article","og_title":"ARCO DE VIOLIN MVB22 de 1\/8 hasta 4\/4 - Stock Musik","og_description":"Fabricado en madera Cerdas de Crin de Caballo Tal\u00f3n en Madera Vara Redonda Bot\u00f3n tensor met\u00e1lico Entorchado Plateado Medidas de 1\/8 a 4\/4 Largo 72 cm","og_url":"https:\/\/stockmusik.com.co\/index.php\/producto\/arco-de-violin-mvb22-1-8-4-4\/","og_site_name":"Stock Musik","article_publisher":"https:\/\/es-la.facebook.com\/stockmusik\/","article_modified_time":"2020-10-27T17:17:08+00:00","og_image":[{"width":800,"height":600,"url":"https:\/\/stockmusik.com.co\/wp-content\/uploads\/2020\/08\/ARCO-DE-VIOLIN-MVB22-1-8-4-4.jpg","type":"image\/jpeg"}],"twitter_card":"summary_large_image","twitter_misc":{"Availability":"In stock"},"schema":{"@context":"https:\/\/schema.org","@graph":[{"@type":"WebPage","@id":"https:\/\/stockmusik.com.co\/index.php\/producto\/arco-de-violin-mvb22-1-8-4-4\/","url":"https:\/\/stockmusik.com.co\/index.php\/producto\/arco-de-violin-mvb22-1-8-4-4\/","name":"ARCO DE VIOLIN MVB22 de 1\/8 hasta 4\/4 - Stock Musik","isPartOf":{"@id":"https:\/\/stockmusik.com.co\/#website"},"datePublished":"2020-08-13T22:45:29+00:00","dateModified":"2020-10-27T17:17:08+00:00","breadcrumb":{"@id":"https:\/\/stockmusik.com.co\/index.php\/producto\/arco-de-violin-mvb22-1-8-4-4\/#breadcrumb"},"inLanguage":"es","potentialAction":[{"@type":"ReadAction","target":["https:\/\/stockmusik.com.co\/index.php\/producto\/arco-de-violin-mvb22-1-8-4-4\/"]}]},{"@type":"BreadcrumbList","@id":"https:\/\/stockmusik.com.co\/index.php\/producto\/arco-de-violin-mvb22-1-8-4-4\/#breadcrumb","itemListElement":[{"@type":"ListItem","position":1,"name":"Portada","item":"https:\/\/stockmusik.com.co\/"},{"@type":"ListItem","position":2,"name":"Tienda StockMusik","item":"https:\/\/stockmusik.com.co\/index.php\/tienda-stockmusik\/"},{"@type":"ListItem","position":3,"name":"ARCO DE VIOLIN MVB22 de 1\/8 hasta 4\/4"}]},{"@type":"WebSite","@id":"https:\/\/stockmusik.com.co\/#website","url":"https:\/\/stockmusik.com.co\/","name":"Stock Musik","description":"Tienda de Instrumentos Musicales","publisher":{"@id":"https:\/\/stockmusik.com.co\/#organization"},"potentialAction":[{"@type":"SearchAction","target":{"@type":"EntryPoint","urlTemplate":"https:\/\/stockmusik.com.co\/?s={search_term_string}"},"query-input":"required name=search_term_string"}],"inLanguage":"es"},{"@type":"Organization","@id":"https:\/\/stockmusik.com.co\/#organization","name":"Stock Musik","url":"https:\/\/stockmusik.com.co\/","logo":{"@type":"ImageObject","inLanguage":"es","@id":"https:\/\/stockmusik.com.co\/#\/schema\/logo\/image\/","url":"https:\/\/stockmusik.com.co\/wp-content\/uploads\/2020\/08\/cropped-logo_stock_musik.png","contentUrl":"https:\/\/stockmusik.com.co\/wp-content\/uploads\/2020\/08\/cropped-logo_stock_musik.png","width":455,"height":173,"caption":"Stock Musik"},"image":{"@id":"https:\/\/stockmusik.com.co\/#\/schema\/logo\/image\/"},"sameAs":["https:\/\/es-la.facebook.com\/stockmusik\/"]}]},"og_availability":"instock","product_availability":"instock","product_condition":"new"},"brands":[],"_links":{"self":[{"href":"https:\/\/stockmusik.com.co\/index.php\/wp-json\/wp\/v2\/product\/303","targetHints":{"allow":["GET"]}}],"collection":[{"href":"https:\/\/stockmusik.com.co\/index.php\/wp-json\/wp\/v2\/product"}],"about":[{"href":"https:\/\/stockmusik.com.co\/index.php\/wp-json\/wp\/v2\/types\/product"}],"replies":[{"embeddable":true,"href":"https:\/\/stockmusik.com.co\/index.php\/wp-json\/wp\/v2\/comments?post=303"}],"wp:featuredmedia":[{"embeddable":true,"href":"https:\/\/stockmusik.com.co\/index.php\/wp-json\/wp\/v2\/media\/308"}],"wp:attachment":[{"href":"https:\/\/stockmusik.com.co\/index.php\/wp-json\/wp\/v2\/media?parent=303"}],"wp:term":[{"taxonomy":"pwb-brand","embeddable":true,"href":"https:\/\/stockmusik.com.co\/index.php\/wp-json\/wp\/v2\/pwb-brand?post=303"},{"taxonomy":"product_brand","embeddable":true,"href":"https:\/\/stockmusik.com.co\/index.php\/wp-json\/wp\/v2\/product_brand?post=303"},{"taxonomy":"product_cat","embeddable":true,"href":"https:\/\/stockmusik.com.co\/index.php\/wp-json\/wp\/v2\/product_cat?post=303"},{"taxonomy":"product_tag","embeddable":true,"href":"https:\/\/stockmusik.com.co\/index.php\/wp-json\/wp\/v2\/product_tag?post=303"}],"curies":[{"name":"wp","href":"https:\/\/api.w.org\/{rel}","templated":true}]}}