{"id":2957,"date":"2020-09-16T17:47:52","date_gmt":"2020-09-16T22:47:52","guid":{"rendered":"https:\/\/stockmusik.com.co\/index.php\/producto\/violin-cervini-hv-50-4-4\/"},"modified":"2022-04-28T17:39:53","modified_gmt":"2022-04-28T22:39:53","slug":"violin-cervini-hv-50-4-4","status":"publish","type":"product","link":"https:\/\/stockmusik.com.co\/index.php\/producto\/violin-cervini-hv-50-4-4\/","title":{"rendered":"VIOLIN CERVINI HV-50 4\/4"},"content":{"rendered":"<table class=\"specstable\" style=\"height: 402px\" border=\"0\" summary=\"Specification table for selected instrument\" width=\"615\" cellspacing=\"0\" cellpadding=\"0\">\n<tbody>\n<tr>\n<th scope=\"row\">Aros y fondo<\/th>\n<td>Arce macizo<\/td>\n<\/tr>\n<tr>\n<th scope=\"row\">Arco<\/th>\n<td>Madera dura<\/td>\n<\/tr>\n<tr>\n<th scope=\"row\">Puente<\/th>\n<td>Arce envejecido<\/td>\n<\/tr>\n<tr>\n<th scope=\"row\">Caso<\/th>\n<td>Espuma ligera semi-formada<\/td>\n<\/tr>\n<tr>\n<th scope=\"row\">Descansa barbilla<\/th>\n<td>Madera te\u00f1ida \/ Kaufman<\/td>\n<\/tr>\n<tr>\n<th scope=\"row\">Diapas\u00f3n<\/th>\n<td>Madera te\u00f1ida<\/td>\n<\/tr>\n<tr>\n<th scope=\"row\">Terminar<\/th>\n<td>Laca \u00e1mbar c\u00e1lida transl\u00facida<\/td>\n<\/tr>\n<tr>\n<th scope=\"row\">Cuello y acabado<\/th>\n<td>Arce macizo<\/td>\n<\/tr>\n<tr>\n<th scope=\"row\">N\u00famero de piezas posteriores<\/th>\n<td>Dos piezas<\/td>\n<\/tr>\n<tr>\n<th scope=\"row\">Tuerca y silla de montar<\/th>\n<td>Tonewood te\u00f1ido<\/td>\n<\/tr>\n<tr>\n<th scope=\"row\">Clavija<\/th>\n<td>Madera te\u00f1ida \/ est\u00e1ndar<\/td>\n<\/tr>\n<tr>\n<th scope=\"row\">Purfling<\/th>\n<td>Incrustado<\/td>\n<\/tr>\n<tr>\n<th scope=\"row\">Tama\u00f1o<\/th>\n<td>4\/4<\/td>\n<\/tr>\n<tr>\n<th scope=\"row\">Ap\u00e9ndice<\/th>\n<td>Compuesto \/ Cuatro Finetuners incorporados<\/td>\n<\/tr>\n<tr>\n<th scope=\"row\">Parte superior<\/th>\n<td>Abeto macizo<\/td>\n<\/tr>\n<\/tbody>\n<\/table>\n","protected":false},"excerpt":{"rendered":"<p>El conjunto de viol\u00edn Cervini HV-50 viene completo con un estuche liviano y duradero que est\u00e1 cubierto con un nylon negro resistente al agua y un arco de madera bien equilibrado con crin genuina sin blanquear: pr\u00e1cticamente todo lo necesario para que cada estudiante comience el musical viaje a la derecha. Cada instrumento est\u00e1 hecho a mano por expertos y graduado utilizando maderas de tono de la m\u00e1s alta calidad como el abeto y el arce, luego se combina con los mejores accesorios de madera dura y un cordal de ajuste fino para una facilidad de interpretaci\u00f3n instant\u00e1nea y un excelente tono. Con un cervini HV-50 Student Violin Outfit, cada estudiante est\u00e1 en camino de convertirse en un virtuoso del viol\u00edn &#8230; \u00a1lo \u00fanico que queda es el deseo de tocar!<\/p>\n","protected":false},"featured_media":4478,"comment_status":"open","ping_status":"closed","template":"","meta":{"_jet_sm_ready_style":"","_jet_sm_style":"","_jet_sm_controls_values":"","_jet_sm_fonts_collection":"","_jet_sm_fonts_links":""},"pwb-brand":[401],"product_brand":[],"product_cat":[124],"product_tag":[],"class_list":{"0":"post-2957","1":"product","2":"type-product","3":"status-publish","4":"has-post-thumbnail","6":"pwb-brand-cervini","7":"product_cat-violines","9":"first","10":"instock","11":"shipping-taxable","12":"purchasable","13":"product-type-simple"},"yoast_head":"<!-- This site is optimized with the Yoast SEO plugin v19.11 - https:\/\/yoast.com\/wordpress\/plugins\/seo\/ -->\n<title>VIOLIN CERVINI HV-50 4\/4 - Stock Musik<\/title>\n<meta name=\"robots\" content=\"index, follow, max-snippet:-1, max-image-preview:large, max-video-preview:-1\" \/>\n<link rel=\"canonical\" href=\"https:\/\/stockmusik.com.co\/index.php\/producto\/violin-cervini-hv-50-4-4\/\" \/>\n<meta property=\"og:locale\" content=\"es_ES\" \/>\n<meta property=\"og:type\" content=\"article\" \/>\n<meta property=\"og:title\" content=\"VIOLIN CERVINI HV-50 4\/4 - Stock Musik\" \/>\n<meta property=\"og:description\" content=\"El conjunto de viol\u00edn Cervini HV-50 viene completo con un estuche liviano y duradero que est\u00e1 cubierto con un nylon negro resistente al agua y un arco de madera bien equilibrado con crin genuina sin blanquear: pr\u00e1cticamente todo lo necesario para que cada estudiante comience el musical viaje a la derecha. Cada instrumento est\u00e1 hecho a mano por expertos y graduado utilizando maderas de tono de la m\u00e1s alta calidad como el abeto y el arce, luego se combina con los mejores accesorios de madera dura y un cordal de ajuste fino para una facilidad de interpretaci\u00f3n instant\u00e1nea y un excelente tono. Con un cervini HV-50 Student Violin Outfit, cada estudiante est\u00e1 en camino de convertirse en un virtuoso del viol\u00edn ... \u00a1lo \u00fanico que queda es el deseo de tocar!\" \/>\n<meta property=\"og:url\" content=\"https:\/\/stockmusik.com.co\/index.php\/producto\/violin-cervini-hv-50-4-4\/\" \/>\n<meta property=\"og:site_name\" content=\"Stock Musik\" \/>\n<meta property=\"article:publisher\" content=\"https:\/\/es-la.facebook.com\/stockmusik\/\" \/>\n<meta property=\"article:modified_time\" content=\"2022-04-28T22:39:53+00:00\" \/>\n<meta property=\"og:image\" content=\"https:\/\/stockmusik.com.co\/wp-content\/uploads\/2020\/09\/VIOLIN-CERVINI-HV-50-4-4.jpg\" \/>\n\t<meta property=\"og:image:width\" content=\"562\" \/>\n\t<meta property=\"og:image:height\" content=\"1000\" \/>\n\t<meta property=\"og:image:type\" content=\"image\/jpeg\" \/>\n<meta name=\"twitter:card\" content=\"summary_large_image\" \/>\n<meta name=\"twitter:label1\" content=\"Precio\" \/>\n\t<meta name=\"twitter:data1\" content=\"Cotiza por Whatsapp\" \/>\n\t<meta name=\"twitter:label2\" content=\"Availability\" \/>\n\t<meta name=\"twitter:data2\" content=\"In stock\" \/>\n<script type=\"application\/ld+json\" class=\"yoast-schema-graph\">{\"@context\":\"https:\/\/schema.org\",\"@graph\":[{\"@type\":\"WebPage\",\"@id\":\"https:\/\/stockmusik.com.co\/index.php\/producto\/violin-cervini-hv-50-4-4\/\",\"url\":\"https:\/\/stockmusik.com.co\/index.php\/producto\/violin-cervini-hv-50-4-4\/\",\"name\":\"VIOLIN CERVINI HV-50 4\/4 - Stock Musik\",\"isPartOf\":{\"@id\":\"https:\/\/stockmusik.com.co\/#website\"},\"datePublished\":\"2020-09-16T22:47:52+00:00\",\"dateModified\":\"2022-04-28T22:39:53+00:00\",\"breadcrumb\":{\"@id\":\"https:\/\/stockmusik.com.co\/index.php\/producto\/violin-cervini-hv-50-4-4\/#breadcrumb\"},\"inLanguage\":\"es\",\"potentialAction\":[{\"@type\":\"ReadAction\",\"target\":[\"https:\/\/stockmusik.com.co\/index.php\/producto\/violin-cervini-hv-50-4-4\/\"]}]},{\"@type\":\"BreadcrumbList\",\"@id\":\"https:\/\/stockmusik.com.co\/index.php\/producto\/violin-cervini-hv-50-4-4\/#breadcrumb\",\"itemListElement\":[{\"@type\":\"ListItem\",\"position\":1,\"name\":\"Portada\",\"item\":\"https:\/\/stockmusik.com.co\/\"},{\"@type\":\"ListItem\",\"position\":2,\"name\":\"Tienda StockMusik\",\"item\":\"https:\/\/stockmusik.com.co\/index.php\/tienda-stockmusik\/\"},{\"@type\":\"ListItem\",\"position\":3,\"name\":\"VIOLIN CERVINI HV-50 4\/4\"}]},{\"@type\":\"WebSite\",\"@id\":\"https:\/\/stockmusik.com.co\/#website\",\"url\":\"https:\/\/stockmusik.com.co\/\",\"name\":\"Stock Musik\",\"description\":\"Tienda de Instrumentos Musicales\",\"publisher\":{\"@id\":\"https:\/\/stockmusik.com.co\/#organization\"},\"potentialAction\":[{\"@type\":\"SearchAction\",\"target\":{\"@type\":\"EntryPoint\",\"urlTemplate\":\"https:\/\/stockmusik.com.co\/?s={search_term_string}\"},\"query-input\":\"required name=search_term_string\"}],\"inLanguage\":\"es\"},{\"@type\":\"Organization\",\"@id\":\"https:\/\/stockmusik.com.co\/#organization\",\"name\":\"Stock Musik\",\"url\":\"https:\/\/stockmusik.com.co\/\",\"logo\":{\"@type\":\"ImageObject\",\"inLanguage\":\"es\",\"@id\":\"https:\/\/stockmusik.com.co\/#\/schema\/logo\/image\/\",\"url\":\"https:\/\/stockmusik.com.co\/wp-content\/uploads\/2020\/08\/cropped-logo_stock_musik.png\",\"contentUrl\":\"https:\/\/stockmusik.com.co\/wp-content\/uploads\/2020\/08\/cropped-logo_stock_musik.png\",\"width\":455,\"height\":173,\"caption\":\"Stock Musik\"},\"image\":{\"@id\":\"https:\/\/stockmusik.com.co\/#\/schema\/logo\/image\/\"},\"sameAs\":[\"https:\/\/es-la.facebook.com\/stockmusik\/\"]}]}<\/script>\n<meta property=\"product:price:amount\" content=\"310000\" \/>\n<meta property=\"product:price:currency\" content=\"COP\" \/>\n<meta property=\"og:availability\" content=\"instock\" \/>\n<meta property=\"product:availability\" content=\"instock\" \/>\n<meta property=\"product:retailer_item_id\" content=\"01647\" \/>\n<meta property=\"product:condition\" content=\"new\" \/>\n<!-- \/ Yoast SEO plugin. -->","yoast_head_json":{"title":"VIOLIN CERVINI HV-50 4\/4 - Stock Musik","robots":{"index":"index","follow":"follow","max-snippet":"max-snippet:-1","max-image-preview":"max-image-preview:large","max-video-preview":"max-video-preview:-1"},"canonical":"https:\/\/stockmusik.com.co\/index.php\/producto\/violin-cervini-hv-50-4-4\/","og_locale":"es_ES","og_type":"article","og_title":"VIOLIN CERVINI HV-50 4\/4 - Stock Musik","og_description":"El conjunto de viol\u00edn Cervini HV-50 viene completo con un estuche liviano y duradero que est\u00e1 cubierto con un nylon negro resistente al agua y un arco de madera bien equilibrado con crin genuina sin blanquear: pr\u00e1cticamente todo lo necesario para que cada estudiante comience el musical viaje a la derecha. Cada instrumento est\u00e1 hecho a mano por expertos y graduado utilizando maderas de tono de la m\u00e1s alta calidad como el abeto y el arce, luego se combina con los mejores accesorios de madera dura y un cordal de ajuste fino para una facilidad de interpretaci\u00f3n instant\u00e1nea y un excelente tono. Con un cervini HV-50 Student Violin Outfit, cada estudiante est\u00e1 en camino de convertirse en un virtuoso del viol\u00edn ... \u00a1lo \u00fanico que queda es el deseo de tocar!","og_url":"https:\/\/stockmusik.com.co\/index.php\/producto\/violin-cervini-hv-50-4-4\/","og_site_name":"Stock Musik","article_publisher":"https:\/\/es-la.facebook.com\/stockmusik\/","article_modified_time":"2022-04-28T22:39:53+00:00","og_image":[{"width":562,"height":1000,"url":"https:\/\/stockmusik.com.co\/wp-content\/uploads\/2020\/09\/VIOLIN-CERVINI-HV-50-4-4.jpg","type":"image\/jpeg"}],"twitter_card":"summary_large_image","twitter_misc":{"Precio":"Cotiza por Whatsapp","Availability":"In stock"},"schema":{"@context":"https:\/\/schema.org","@graph":[{"@type":"WebPage","@id":"https:\/\/stockmusik.com.co\/index.php\/producto\/violin-cervini-hv-50-4-4\/","url":"https:\/\/stockmusik.com.co\/index.php\/producto\/violin-cervini-hv-50-4-4\/","name":"VIOLIN CERVINI HV-50 4\/4 - Stock Musik","isPartOf":{"@id":"https:\/\/stockmusik.com.co\/#website"},"datePublished":"2020-09-16T22:47:52+00:00","dateModified":"2022-04-28T22:39:53+00:00","breadcrumb":{"@id":"https:\/\/stockmusik.com.co\/index.php\/producto\/violin-cervini-hv-50-4-4\/#breadcrumb"},"inLanguage":"es","potentialAction":[{"@type":"ReadAction","target":["https:\/\/stockmusik.com.co\/index.php\/producto\/violin-cervini-hv-50-4-4\/"]}]},{"@type":"BreadcrumbList","@id":"https:\/\/stockmusik.com.co\/index.php\/producto\/violin-cervini-hv-50-4-4\/#breadcrumb","itemListElement":[{"@type":"ListItem","position":1,"name":"Portada","item":"https:\/\/stockmusik.com.co\/"},{"@type":"ListItem","position":2,"name":"Tienda StockMusik","item":"https:\/\/stockmusik.com.co\/index.php\/tienda-stockmusik\/"},{"@type":"ListItem","position":3,"name":"VIOLIN CERVINI HV-50 4\/4"}]},{"@type":"WebSite","@id":"https:\/\/stockmusik.com.co\/#website","url":"https:\/\/stockmusik.com.co\/","name":"Stock Musik","description":"Tienda de Instrumentos Musicales","publisher":{"@id":"https:\/\/stockmusik.com.co\/#organization"},"potentialAction":[{"@type":"SearchAction","target":{"@type":"EntryPoint","urlTemplate":"https:\/\/stockmusik.com.co\/?s={search_term_string}"},"query-input":"required name=search_term_string"}],"inLanguage":"es"},{"@type":"Organization","@id":"https:\/\/stockmusik.com.co\/#organization","name":"Stock Musik","url":"https:\/\/stockmusik.com.co\/","logo":{"@type":"ImageObject","inLanguage":"es","@id":"https:\/\/stockmusik.com.co\/#\/schema\/logo\/image\/","url":"https:\/\/stockmusik.com.co\/wp-content\/uploads\/2020\/08\/cropped-logo_stock_musik.png","contentUrl":"https:\/\/stockmusik.com.co\/wp-content\/uploads\/2020\/08\/cropped-logo_stock_musik.png","width":455,"height":173,"caption":"Stock Musik"},"image":{"@id":"https:\/\/stockmusik.com.co\/#\/schema\/logo\/image\/"},"sameAs":["https:\/\/es-la.facebook.com\/stockmusik\/"]}]},"product_price_amount":"310000","product_price_currency":"COP","og_availability":"instock","product_availability":"instock","product_retailer_item_id":"01647","product_condition":"new"},"brands":[{"id":401,"name":"CERVINI","slug":"cervini"}],"_links":{"self":[{"href":"https:\/\/stockmusik.com.co\/index.php\/wp-json\/wp\/v2\/product\/2957","targetHints":{"allow":["GET"]}}],"collection":[{"href":"https:\/\/stockmusik.com.co\/index.php\/wp-json\/wp\/v2\/product"}],"about":[{"href":"https:\/\/stockmusik.com.co\/index.php\/wp-json\/wp\/v2\/types\/product"}],"replies":[{"embeddable":true,"href":"https:\/\/stockmusik.com.co\/index.php\/wp-json\/wp\/v2\/comments?post=2957"}],"wp:featuredmedia":[{"embeddable":true,"href":"https:\/\/stockmusik.com.co\/index.php\/wp-json\/wp\/v2\/media\/4478"}],"wp:attachment":[{"href":"https:\/\/stockmusik.com.co\/index.php\/wp-json\/wp\/v2\/media?parent=2957"}],"wp:term":[{"taxonomy":"pwb-brand","embeddable":true,"href":"https:\/\/stockmusik.com.co\/index.php\/wp-json\/wp\/v2\/pwb-brand?post=2957"},{"taxonomy":"product_brand","embeddable":true,"href":"https:\/\/stockmusik.com.co\/index.php\/wp-json\/wp\/v2\/product_brand?post=2957"},{"taxonomy":"product_cat","embeddable":true,"href":"https:\/\/stockmusik.com.co\/index.php\/wp-json\/wp\/v2\/product_cat?post=2957"},{"taxonomy":"product_tag","embeddable":true,"href":"https:\/\/stockmusik.com.co\/index.php\/wp-json\/wp\/v2\/product_tag?post=2957"}],"curies":[{"name":"wp","href":"https:\/\/api.w.org\/{rel}","templated":true}]}}