{"id":2944,"date":"2020-09-16T17:47:49","date_gmt":"2020-09-16T22:47:49","guid":{"rendered":"https:\/\/stockmusik.com.co\/index.php\/producto\/ukulele-diamondhead-du-150\/"},"modified":"2022-04-28T17:48:59","modified_gmt":"2022-04-28T22:48:59","slug":"ukulele-diamondhead-du-150","status":"publish","type":"product","link":"https:\/\/stockmusik.com.co\/index.php\/producto\/ukulele-diamondhead-du-150\/","title":{"rendered":"UKULELE DIAMONDHEAD DU-150E"},"content":{"rendered":"<ul class=\"a-unordered-list a-vertical a-spacing-mini\">\n<li><span class=\"a-list-item\">Cuerpo y cuello de arce.<\/span><\/li>\n<li><span class=\"a-list-item\">Diapas\u00f3n y puente pintados en negro.<\/span><\/li>\n<li><span class=\"a-list-item\">Precisi\u00f3n de la relaci\u00f3n de engranaje de 14: 1, sintonizadores de estilo guitarra niquelados con botones de pl\u00e1stico blanco.<\/span><\/li>\n<li><span class=\"a-list-item\">Forma tradicional de soprano.<\/span><\/li>\n<li><span class=\"a-list-item\">Longitud de la escala: 13.62 pulgadas.<\/span><\/li>\n<\/ul>\n","protected":false},"excerpt":{"rendered":"<p>Ukelele en tama\u00f1o soprano que te transportara a la regi\u00f3n aut\u00f3ctona del ukelele, todo tipo de m\u00fasica puede ser interpretado con este maravilloso ukelele, ya que, gracias a su madera y su suave encordado, te dar\u00e1n una experiencia musical \u00fanica, adem\u00e1s de su tama\u00f1o y colores ex\u00f3ticos<\/p>\n","protected":false},"featured_media":5075,"comment_status":"open","ping_status":"closed","template":"","meta":{"_jet_sm_ready_style":"","_jet_sm_style":"","_jet_sm_controls_values":"","_jet_sm_fonts_collection":"","_jet_sm_fonts_links":""},"pwb-brand":[390],"product_brand":[],"product_cat":[386,21],"product_tag":[],"class_list":{"0":"post-2944","1":"product","2":"type-product","3":"status-publish","4":"has-post-thumbnail","6":"pwb-brand-diamonhead","7":"product_cat-ukelele-instrumentos-cuerda","8":"product_cat-instrumentos-cuerda","9":"pa_color-natural","10":"pa_color-negro","11":"pa_color-rojo","13":"first","14":"outofstock","15":"shipping-taxable","16":"purchasable","17":"product-type-variable"},"yoast_head":"<!-- This site is optimized with the Yoast SEO plugin v19.11 - https:\/\/yoast.com\/wordpress\/plugins\/seo\/ -->\n<title>UKULELE DIAMONDHEAD DU-150E - Stock Musik<\/title>\n<meta name=\"robots\" content=\"index, follow, max-snippet:-1, max-image-preview:large, max-video-preview:-1\" \/>\n<link rel=\"canonical\" href=\"https:\/\/stockmusik.com.co\/index.php\/producto\/ukulele-diamondhead-du-150\/\" \/>\n<meta property=\"og:locale\" content=\"es_ES\" \/>\n<meta property=\"og:type\" content=\"article\" \/>\n<meta property=\"og:title\" content=\"UKULELE DIAMONDHEAD DU-150E - Stock Musik\" \/>\n<meta property=\"og:description\" content=\"Ukelele en tama\u00f1o soprano que te transportara a la regi\u00f3n aut\u00f3ctona del ukelele, todo tipo de m\u00fasica puede ser interpretado con este maravilloso ukelele, ya que, gracias a su madera y su suave encordado, te dar\u00e1n una experiencia musical \u00fanica, adem\u00e1s de su tama\u00f1o y colores ex\u00f3ticos\" \/>\n<meta property=\"og:url\" content=\"https:\/\/stockmusik.com.co\/index.php\/producto\/ukulele-diamondhead-du-150\/\" \/>\n<meta property=\"og:site_name\" content=\"Stock Musik\" \/>\n<meta property=\"article:publisher\" content=\"https:\/\/es-la.facebook.com\/stockmusik\/\" \/>\n<meta property=\"article:modified_time\" content=\"2022-04-28T22:48:59+00:00\" \/>\n<meta property=\"og:image\" content=\"https:\/\/stockmusik.com.co\/wp-content\/uploads\/2020\/09\/UKULELMONDHEAD-DU-150E-frente-scaled.jpg\" \/>\n\t<meta property=\"og:image:width\" content=\"2560\" \/>\n\t<meta property=\"og:image:height\" content=\"2560\" \/>\n\t<meta property=\"og:image:type\" content=\"image\/jpeg\" \/>\n<meta name=\"twitter:card\" content=\"summary_large_image\" \/>\n<meta name=\"twitter:label1\" content=\"Availability\" \/>\n\t<meta name=\"twitter:data1\" content=\"Out of stock\" \/>\n<script type=\"application\/ld+json\" class=\"yoast-schema-graph\">{\"@context\":\"https:\/\/schema.org\",\"@graph\":[{\"@type\":\"WebPage\",\"@id\":\"https:\/\/stockmusik.com.co\/index.php\/producto\/ukulele-diamondhead-du-150\/\",\"url\":\"https:\/\/stockmusik.com.co\/index.php\/producto\/ukulele-diamondhead-du-150\/\",\"name\":\"UKULELE DIAMONDHEAD DU-150E - Stock Musik\",\"isPartOf\":{\"@id\":\"https:\/\/stockmusik.com.co\/#website\"},\"datePublished\":\"2020-09-16T22:47:49+00:00\",\"dateModified\":\"2022-04-28T22:48:59+00:00\",\"breadcrumb\":{\"@id\":\"https:\/\/stockmusik.com.co\/index.php\/producto\/ukulele-diamondhead-du-150\/#breadcrumb\"},\"inLanguage\":\"es\",\"potentialAction\":[{\"@type\":\"ReadAction\",\"target\":[\"https:\/\/stockmusik.com.co\/index.php\/producto\/ukulele-diamondhead-du-150\/\"]}]},{\"@type\":\"BreadcrumbList\",\"@id\":\"https:\/\/stockmusik.com.co\/index.php\/producto\/ukulele-diamondhead-du-150\/#breadcrumb\",\"itemListElement\":[{\"@type\":\"ListItem\",\"position\":1,\"name\":\"Portada\",\"item\":\"https:\/\/stockmusik.com.co\/\"},{\"@type\":\"ListItem\",\"position\":2,\"name\":\"Tienda StockMusik\",\"item\":\"https:\/\/stockmusik.com.co\/index.php\/tienda-stockmusik\/\"},{\"@type\":\"ListItem\",\"position\":3,\"name\":\"UKULELE DIAMONDHEAD DU-150E\"}]},{\"@type\":\"WebSite\",\"@id\":\"https:\/\/stockmusik.com.co\/#website\",\"url\":\"https:\/\/stockmusik.com.co\/\",\"name\":\"Stock Musik\",\"description\":\"Tienda de Instrumentos Musicales\",\"publisher\":{\"@id\":\"https:\/\/stockmusik.com.co\/#organization\"},\"potentialAction\":[{\"@type\":\"SearchAction\",\"target\":{\"@type\":\"EntryPoint\",\"urlTemplate\":\"https:\/\/stockmusik.com.co\/?s={search_term_string}\"},\"query-input\":\"required name=search_term_string\"}],\"inLanguage\":\"es\"},{\"@type\":\"Organization\",\"@id\":\"https:\/\/stockmusik.com.co\/#organization\",\"name\":\"Stock Musik\",\"url\":\"https:\/\/stockmusik.com.co\/\",\"logo\":{\"@type\":\"ImageObject\",\"inLanguage\":\"es\",\"@id\":\"https:\/\/stockmusik.com.co\/#\/schema\/logo\/image\/\",\"url\":\"https:\/\/stockmusik.com.co\/wp-content\/uploads\/2020\/08\/cropped-logo_stock_musik.png\",\"contentUrl\":\"https:\/\/stockmusik.com.co\/wp-content\/uploads\/2020\/08\/cropped-logo_stock_musik.png\",\"width\":455,\"height\":173,\"caption\":\"Stock Musik\"},\"image\":{\"@id\":\"https:\/\/stockmusik.com.co\/#\/schema\/logo\/image\/\"},\"sameAs\":[\"https:\/\/es-la.facebook.com\/stockmusik\/\"]}]}<\/script>\n<meta property=\"og:availability\" content=\"out of stock\" \/>\n<meta property=\"product:availability\" content=\"out of stock\" \/>\n<meta property=\"product:retailer_item_id\" content=\"01360\" \/>\n<meta property=\"product:condition\" content=\"new\" \/>\n<!-- \/ Yoast SEO plugin. -->","yoast_head_json":{"title":"UKULELE DIAMONDHEAD DU-150E - Stock Musik","robots":{"index":"index","follow":"follow","max-snippet":"max-snippet:-1","max-image-preview":"max-image-preview:large","max-video-preview":"max-video-preview:-1"},"canonical":"https:\/\/stockmusik.com.co\/index.php\/producto\/ukulele-diamondhead-du-150\/","og_locale":"es_ES","og_type":"article","og_title":"UKULELE DIAMONDHEAD DU-150E - Stock Musik","og_description":"Ukelele en tama\u00f1o soprano que te transportara a la regi\u00f3n aut\u00f3ctona del ukelele, todo tipo de m\u00fasica puede ser interpretado con este maravilloso ukelele, ya que, gracias a su madera y su suave encordado, te dar\u00e1n una experiencia musical \u00fanica, adem\u00e1s de su tama\u00f1o y colores ex\u00f3ticos","og_url":"https:\/\/stockmusik.com.co\/index.php\/producto\/ukulele-diamondhead-du-150\/","og_site_name":"Stock Musik","article_publisher":"https:\/\/es-la.facebook.com\/stockmusik\/","article_modified_time":"2022-04-28T22:48:59+00:00","og_image":[{"width":2560,"height":2560,"url":"https:\/\/stockmusik.com.co\/wp-content\/uploads\/2020\/09\/UKULELMONDHEAD-DU-150E-frente-scaled.jpg","type":"image\/jpeg"}],"twitter_card":"summary_large_image","twitter_misc":{"Availability":"Out of stock"},"schema":{"@context":"https:\/\/schema.org","@graph":[{"@type":"WebPage","@id":"https:\/\/stockmusik.com.co\/index.php\/producto\/ukulele-diamondhead-du-150\/","url":"https:\/\/stockmusik.com.co\/index.php\/producto\/ukulele-diamondhead-du-150\/","name":"UKULELE DIAMONDHEAD DU-150E - Stock Musik","isPartOf":{"@id":"https:\/\/stockmusik.com.co\/#website"},"datePublished":"2020-09-16T22:47:49+00:00","dateModified":"2022-04-28T22:48:59+00:00","breadcrumb":{"@id":"https:\/\/stockmusik.com.co\/index.php\/producto\/ukulele-diamondhead-du-150\/#breadcrumb"},"inLanguage":"es","potentialAction":[{"@type":"ReadAction","target":["https:\/\/stockmusik.com.co\/index.php\/producto\/ukulele-diamondhead-du-150\/"]}]},{"@type":"BreadcrumbList","@id":"https:\/\/stockmusik.com.co\/index.php\/producto\/ukulele-diamondhead-du-150\/#breadcrumb","itemListElement":[{"@type":"ListItem","position":1,"name":"Portada","item":"https:\/\/stockmusik.com.co\/"},{"@type":"ListItem","position":2,"name":"Tienda StockMusik","item":"https:\/\/stockmusik.com.co\/index.php\/tienda-stockmusik\/"},{"@type":"ListItem","position":3,"name":"UKULELE DIAMONDHEAD DU-150E"}]},{"@type":"WebSite","@id":"https:\/\/stockmusik.com.co\/#website","url":"https:\/\/stockmusik.com.co\/","name":"Stock Musik","description":"Tienda de Instrumentos Musicales","publisher":{"@id":"https:\/\/stockmusik.com.co\/#organization"},"potentialAction":[{"@type":"SearchAction","target":{"@type":"EntryPoint","urlTemplate":"https:\/\/stockmusik.com.co\/?s={search_term_string}"},"query-input":"required name=search_term_string"}],"inLanguage":"es"},{"@type":"Organization","@id":"https:\/\/stockmusik.com.co\/#organization","name":"Stock Musik","url":"https:\/\/stockmusik.com.co\/","logo":{"@type":"ImageObject","inLanguage":"es","@id":"https:\/\/stockmusik.com.co\/#\/schema\/logo\/image\/","url":"https:\/\/stockmusik.com.co\/wp-content\/uploads\/2020\/08\/cropped-logo_stock_musik.png","contentUrl":"https:\/\/stockmusik.com.co\/wp-content\/uploads\/2020\/08\/cropped-logo_stock_musik.png","width":455,"height":173,"caption":"Stock Musik"},"image":{"@id":"https:\/\/stockmusik.com.co\/#\/schema\/logo\/image\/"},"sameAs":["https:\/\/es-la.facebook.com\/stockmusik\/"]}]},"og_availability":"out of stock","product_availability":"out of stock","product_retailer_item_id":"01360","product_condition":"new"},"brands":[{"id":390,"name":"DIAMONHEAD","slug":"diamonhead"}],"_links":{"self":[{"href":"https:\/\/stockmusik.com.co\/index.php\/wp-json\/wp\/v2\/product\/2944","targetHints":{"allow":["GET"]}}],"collection":[{"href":"https:\/\/stockmusik.com.co\/index.php\/wp-json\/wp\/v2\/product"}],"about":[{"href":"https:\/\/stockmusik.com.co\/index.php\/wp-json\/wp\/v2\/types\/product"}],"replies":[{"embeddable":true,"href":"https:\/\/stockmusik.com.co\/index.php\/wp-json\/wp\/v2\/comments?post=2944"}],"wp:featuredmedia":[{"embeddable":true,"href":"https:\/\/stockmusik.com.co\/index.php\/wp-json\/wp\/v2\/media\/5075"}],"wp:attachment":[{"href":"https:\/\/stockmusik.com.co\/index.php\/wp-json\/wp\/v2\/media?parent=2944"}],"wp:term":[{"taxonomy":"pwb-brand","embeddable":true,"href":"https:\/\/stockmusik.com.co\/index.php\/wp-json\/wp\/v2\/pwb-brand?post=2944"},{"taxonomy":"product_brand","embeddable":true,"href":"https:\/\/stockmusik.com.co\/index.php\/wp-json\/wp\/v2\/product_brand?post=2944"},{"taxonomy":"product_cat","embeddable":true,"href":"https:\/\/stockmusik.com.co\/index.php\/wp-json\/wp\/v2\/product_cat?post=2944"},{"taxonomy":"product_tag","embeddable":true,"href":"https:\/\/stockmusik.com.co\/index.php\/wp-json\/wp\/v2\/product_tag?post=2944"}],"curies":[{"name":"wp","href":"https:\/\/api.w.org\/{rel}","templated":true}]}}