{"id":282,"date":"2020-08-13T17:15:54","date_gmt":"2020-08-13T22:15:54","guid":{"rendered":"http:\/\/stockmusik.com.co\/?post_type=product&#038;p=282"},"modified":"2023-01-02T13:49:47","modified_gmt":"2023-01-02T18:49:47","slug":"amplificador-guitarra-orange-crush-35rt-bk","status":"publish","type":"product","link":"https:\/\/stockmusik.com.co\/index.php\/producto\/amplificador-guitarra-orange-crush-35rt-bk\/","title":{"rendered":"AMPLIFICADOR GUITARRA ORANGE CRUSH 35RT-BK"},"content":{"rendered":"<ul>\n<li>Potencia: 35 W<\/li>\n<li>Altavoz: 1 x 10&#8243; Custom voice of the world<\/li>\n<li>Canales: 2 (Clean y dirty)<\/li>\n<li>Ecualizaci\u00f3n de 3 bandas<\/li>\n<li>Entrada auxiliar para dispositivo de audio<\/li>\n<li>Afinador integrado<\/li>\n<li>Efecto reverb<\/li>\n<li>Loop de efectos<\/li>\n<li>Salida para auriculares y simulaci\u00f3n de pantalla<\/li>\n<li>Dimensiones (largo x alto x ancho): 44 x 40 x 23 cm<\/li>\n<li>Peso: 11 Kg<\/li>\n<\/ul>\n","protected":false},"excerpt":{"rendered":"<p>El Orange Crush 35RT BK es el combo m\u00e1s poderoso de la serie Orange Crush. Se presentan 2 canales con control de sonido y reverberaci\u00f3n comunes, un auricular \/ salida de l\u00ednea y una entrada MP-3 completan la imagen general. Una caracter\u00edstica \u00fatil es el sintonizador integrado<\/p>\n","protected":false},"featured_media":1352,"comment_status":"open","ping_status":"closed","template":"","meta":{"_jet_sm_ready_style":"","_jet_sm_style":"","_jet_sm_controls_values":"","_jet_sm_fonts_collection":"","_jet_sm_fonts_links":""},"pwb-brand":[71],"product_brand":[],"product_cat":[132],"product_tag":[],"class_list":{"0":"post-282","1":"product","2":"type-product","3":"status-publish","4":"has-post-thumbnail","6":"pwb-brand-orange","7":"product_cat-amplificador","9":"first","10":"instock","11":"shipping-taxable","12":"purchasable","13":"product-type-simple"},"yoast_head":"<!-- This site is optimized with the Yoast SEO plugin v19.11 - https:\/\/yoast.com\/wordpress\/plugins\/seo\/ -->\n<title>AMPLIFICADOR GUITARRA ORANGE CRUSH 35RT-BK - Stock Musik<\/title>\n<meta name=\"robots\" content=\"index, follow, max-snippet:-1, max-image-preview:large, max-video-preview:-1\" \/>\n<link rel=\"canonical\" href=\"https:\/\/stockmusik.com.co\/index.php\/producto\/amplificador-guitarra-orange-crush-35rt-bk\/\" \/>\n<meta property=\"og:locale\" content=\"es_ES\" \/>\n<meta property=\"og:type\" content=\"article\" \/>\n<meta property=\"og:title\" content=\"AMPLIFICADOR GUITARRA ORANGE CRUSH 35RT-BK - Stock Musik\" \/>\n<meta property=\"og:description\" content=\"El Orange Crush 35RT BK es el combo m\u00e1s poderoso de la serie Orange Crush. Se presentan 2 canales con control de sonido y reverberaci\u00f3n comunes, un auricular \/ salida de l\u00ednea y una entrada MP-3 completan la imagen general. Una caracter\u00edstica \u00fatil es el sintonizador integrado\" \/>\n<meta property=\"og:url\" content=\"https:\/\/stockmusik.com.co\/index.php\/producto\/amplificador-guitarra-orange-crush-35rt-bk\/\" \/>\n<meta property=\"og:site_name\" content=\"Stock Musik\" \/>\n<meta property=\"article:publisher\" content=\"https:\/\/es-la.facebook.com\/stockmusik\/\" \/>\n<meta property=\"article:modified_time\" content=\"2023-01-02T18:49:47+00:00\" \/>\n<meta property=\"og:image\" content=\"https:\/\/stockmusik.com.co\/wp-content\/uploads\/2020\/08\/AMPLIFICADOR-GUITARRA-ORANGE-CRUSH-35RT-BK.jpg\" \/>\n\t<meta property=\"og:image:width\" content=\"1200\" \/>\n\t<meta property=\"og:image:height\" content=\"1087\" \/>\n\t<meta property=\"og:image:type\" content=\"image\/jpeg\" \/>\n<meta name=\"twitter:card\" content=\"summary_large_image\" \/>\n<meta name=\"twitter:label1\" content=\"Precio\" \/>\n\t<meta name=\"twitter:data1\" content=\"Cotiza por Whatsapp\" \/>\n\t<meta name=\"twitter:label2\" content=\"Availability\" \/>\n\t<meta name=\"twitter:data2\" content=\"In stock\" \/>\n<script type=\"application\/ld+json\" class=\"yoast-schema-graph\">{\"@context\":\"https:\/\/schema.org\",\"@graph\":[{\"@type\":\"WebPage\",\"@id\":\"https:\/\/stockmusik.com.co\/index.php\/producto\/amplificador-guitarra-orange-crush-35rt-bk\/\",\"url\":\"https:\/\/stockmusik.com.co\/index.php\/producto\/amplificador-guitarra-orange-crush-35rt-bk\/\",\"name\":\"AMPLIFICADOR GUITARRA ORANGE CRUSH 35RT-BK - Stock Musik\",\"isPartOf\":{\"@id\":\"https:\/\/stockmusik.com.co\/#website\"},\"datePublished\":\"2020-08-13T22:15:54+00:00\",\"dateModified\":\"2023-01-02T18:49:47+00:00\",\"breadcrumb\":{\"@id\":\"https:\/\/stockmusik.com.co\/index.php\/producto\/amplificador-guitarra-orange-crush-35rt-bk\/#breadcrumb\"},\"inLanguage\":\"es\",\"potentialAction\":[{\"@type\":\"ReadAction\",\"target\":[\"https:\/\/stockmusik.com.co\/index.php\/producto\/amplificador-guitarra-orange-crush-35rt-bk\/\"]}]},{\"@type\":\"BreadcrumbList\",\"@id\":\"https:\/\/stockmusik.com.co\/index.php\/producto\/amplificador-guitarra-orange-crush-35rt-bk\/#breadcrumb\",\"itemListElement\":[{\"@type\":\"ListItem\",\"position\":1,\"name\":\"Portada\",\"item\":\"https:\/\/stockmusik.com.co\/\"},{\"@type\":\"ListItem\",\"position\":2,\"name\":\"Tienda StockMusik\",\"item\":\"https:\/\/stockmusik.com.co\/index.php\/tienda-stockmusik\/\"},{\"@type\":\"ListItem\",\"position\":3,\"name\":\"AMPLIFICADOR GUITARRA ORANGE CRUSH 35RT-BK\"}]},{\"@type\":\"WebSite\",\"@id\":\"https:\/\/stockmusik.com.co\/#website\",\"url\":\"https:\/\/stockmusik.com.co\/\",\"name\":\"Stock Musik\",\"description\":\"Tienda de Instrumentos Musicales\",\"publisher\":{\"@id\":\"https:\/\/stockmusik.com.co\/#organization\"},\"potentialAction\":[{\"@type\":\"SearchAction\",\"target\":{\"@type\":\"EntryPoint\",\"urlTemplate\":\"https:\/\/stockmusik.com.co\/?s={search_term_string}\"},\"query-input\":\"required name=search_term_string\"}],\"inLanguage\":\"es\"},{\"@type\":\"Organization\",\"@id\":\"https:\/\/stockmusik.com.co\/#organization\",\"name\":\"Stock Musik\",\"url\":\"https:\/\/stockmusik.com.co\/\",\"logo\":{\"@type\":\"ImageObject\",\"inLanguage\":\"es\",\"@id\":\"https:\/\/stockmusik.com.co\/#\/schema\/logo\/image\/\",\"url\":\"https:\/\/stockmusik.com.co\/wp-content\/uploads\/2020\/08\/cropped-logo_stock_musik.png\",\"contentUrl\":\"https:\/\/stockmusik.com.co\/wp-content\/uploads\/2020\/08\/cropped-logo_stock_musik.png\",\"width\":455,\"height\":173,\"caption\":\"Stock Musik\"},\"image\":{\"@id\":\"https:\/\/stockmusik.com.co\/#\/schema\/logo\/image\/\"},\"sameAs\":[\"https:\/\/es-la.facebook.com\/stockmusik\/\"]}]}<\/script>\n<meta property=\"product:price:amount\" content=\"1440000\" \/>\n<meta property=\"product:price:currency\" content=\"COP\" \/>\n<meta property=\"og:availability\" content=\"instock\" \/>\n<meta property=\"product:availability\" content=\"instock\" \/>\n<meta property=\"product:retailer_item_id\" content=\"01306\" \/>\n<meta property=\"product:condition\" content=\"new\" \/>\n<!-- \/ Yoast SEO plugin. -->","yoast_head_json":{"title":"AMPLIFICADOR GUITARRA ORANGE CRUSH 35RT-BK - Stock Musik","robots":{"index":"index","follow":"follow","max-snippet":"max-snippet:-1","max-image-preview":"max-image-preview:large","max-video-preview":"max-video-preview:-1"},"canonical":"https:\/\/stockmusik.com.co\/index.php\/producto\/amplificador-guitarra-orange-crush-35rt-bk\/","og_locale":"es_ES","og_type":"article","og_title":"AMPLIFICADOR GUITARRA ORANGE CRUSH 35RT-BK - Stock Musik","og_description":"El Orange Crush 35RT BK es el combo m\u00e1s poderoso de la serie Orange Crush. Se presentan 2 canales con control de sonido y reverberaci\u00f3n comunes, un auricular \/ salida de l\u00ednea y una entrada MP-3 completan la imagen general. Una caracter\u00edstica \u00fatil es el sintonizador integrado","og_url":"https:\/\/stockmusik.com.co\/index.php\/producto\/amplificador-guitarra-orange-crush-35rt-bk\/","og_site_name":"Stock Musik","article_publisher":"https:\/\/es-la.facebook.com\/stockmusik\/","article_modified_time":"2023-01-02T18:49:47+00:00","og_image":[{"width":1200,"height":1087,"url":"https:\/\/stockmusik.com.co\/wp-content\/uploads\/2020\/08\/AMPLIFICADOR-GUITARRA-ORANGE-CRUSH-35RT-BK.jpg","type":"image\/jpeg"}],"twitter_card":"summary_large_image","twitter_misc":{"Precio":"Cotiza por Whatsapp","Availability":"In stock"},"schema":{"@context":"https:\/\/schema.org","@graph":[{"@type":"WebPage","@id":"https:\/\/stockmusik.com.co\/index.php\/producto\/amplificador-guitarra-orange-crush-35rt-bk\/","url":"https:\/\/stockmusik.com.co\/index.php\/producto\/amplificador-guitarra-orange-crush-35rt-bk\/","name":"AMPLIFICADOR GUITARRA ORANGE CRUSH 35RT-BK - Stock Musik","isPartOf":{"@id":"https:\/\/stockmusik.com.co\/#website"},"datePublished":"2020-08-13T22:15:54+00:00","dateModified":"2023-01-02T18:49:47+00:00","breadcrumb":{"@id":"https:\/\/stockmusik.com.co\/index.php\/producto\/amplificador-guitarra-orange-crush-35rt-bk\/#breadcrumb"},"inLanguage":"es","potentialAction":[{"@type":"ReadAction","target":["https:\/\/stockmusik.com.co\/index.php\/producto\/amplificador-guitarra-orange-crush-35rt-bk\/"]}]},{"@type":"BreadcrumbList","@id":"https:\/\/stockmusik.com.co\/index.php\/producto\/amplificador-guitarra-orange-crush-35rt-bk\/#breadcrumb","itemListElement":[{"@type":"ListItem","position":1,"name":"Portada","item":"https:\/\/stockmusik.com.co\/"},{"@type":"ListItem","position":2,"name":"Tienda StockMusik","item":"https:\/\/stockmusik.com.co\/index.php\/tienda-stockmusik\/"},{"@type":"ListItem","position":3,"name":"AMPLIFICADOR GUITARRA ORANGE CRUSH 35RT-BK"}]},{"@type":"WebSite","@id":"https:\/\/stockmusik.com.co\/#website","url":"https:\/\/stockmusik.com.co\/","name":"Stock Musik","description":"Tienda de Instrumentos Musicales","publisher":{"@id":"https:\/\/stockmusik.com.co\/#organization"},"potentialAction":[{"@type":"SearchAction","target":{"@type":"EntryPoint","urlTemplate":"https:\/\/stockmusik.com.co\/?s={search_term_string}"},"query-input":"required name=search_term_string"}],"inLanguage":"es"},{"@type":"Organization","@id":"https:\/\/stockmusik.com.co\/#organization","name":"Stock Musik","url":"https:\/\/stockmusik.com.co\/","logo":{"@type":"ImageObject","inLanguage":"es","@id":"https:\/\/stockmusik.com.co\/#\/schema\/logo\/image\/","url":"https:\/\/stockmusik.com.co\/wp-content\/uploads\/2020\/08\/cropped-logo_stock_musik.png","contentUrl":"https:\/\/stockmusik.com.co\/wp-content\/uploads\/2020\/08\/cropped-logo_stock_musik.png","width":455,"height":173,"caption":"Stock Musik"},"image":{"@id":"https:\/\/stockmusik.com.co\/#\/schema\/logo\/image\/"},"sameAs":["https:\/\/es-la.facebook.com\/stockmusik\/"]}]},"product_price_amount":"1440000","product_price_currency":"COP","og_availability":"instock","product_availability":"instock","product_retailer_item_id":"01306","product_condition":"new"},"brands":[{"id":71,"name":"ORANGE","slug":"orange"}],"_links":{"self":[{"href":"https:\/\/stockmusik.com.co\/index.php\/wp-json\/wp\/v2\/product\/282","targetHints":{"allow":["GET"]}}],"collection":[{"href":"https:\/\/stockmusik.com.co\/index.php\/wp-json\/wp\/v2\/product"}],"about":[{"href":"https:\/\/stockmusik.com.co\/index.php\/wp-json\/wp\/v2\/types\/product"}],"replies":[{"embeddable":true,"href":"https:\/\/stockmusik.com.co\/index.php\/wp-json\/wp\/v2\/comments?post=282"}],"wp:featuredmedia":[{"embeddable":true,"href":"https:\/\/stockmusik.com.co\/index.php\/wp-json\/wp\/v2\/media\/1352"}],"wp:attachment":[{"href":"https:\/\/stockmusik.com.co\/index.php\/wp-json\/wp\/v2\/media?parent=282"}],"wp:term":[{"taxonomy":"pwb-brand","embeddable":true,"href":"https:\/\/stockmusik.com.co\/index.php\/wp-json\/wp\/v2\/pwb-brand?post=282"},{"taxonomy":"product_brand","embeddable":true,"href":"https:\/\/stockmusik.com.co\/index.php\/wp-json\/wp\/v2\/product_brand?post=282"},{"taxonomy":"product_cat","embeddable":true,"href":"https:\/\/stockmusik.com.co\/index.php\/wp-json\/wp\/v2\/product_cat?post=282"},{"taxonomy":"product_tag","embeddable":true,"href":"https:\/\/stockmusik.com.co\/index.php\/wp-json\/wp\/v2\/product_tag?post=282"}],"curies":[{"name":"wp","href":"https:\/\/api.w.org\/{rel}","templated":true}]}}