{"id":2721,"date":"2020-09-16T17:46:59","date_gmt":"2020-09-16T22:46:59","guid":{"rendered":"https:\/\/stockmusik.com.co\/index.php\/producto\/procesador-de-efectos-zoom-g1x-four-120-gl\/"},"modified":"2021-02-19T13:36:41","modified_gmt":"2021-02-19T18:36:41","slug":"procesador-de-efectos-zoom-g1x-four-120-gl","status":"publish","type":"product","link":"https:\/\/stockmusik.com.co\/index.php\/producto\/procesador-de-efectos-zoom-g1x-four-120-gl\/","title":{"rendered":"PROCESADOR DE EFECTOS ZOOM G1X FOUR 120 GL"},"content":{"rendered":"<div class=\"field-item even\">\n<div class=\"field-collection-view clearfix view-mode-full\">\n<div class=\"feature\">\n<div class=\"container\">\n<div class=\"feature-copy\">\n<div class=\"field field-name-field-feature-body field-type-text-long field-label-hidden\">\n<div class=\"field-items\">\n<div class=\"field-item even\">\n<ul>\n<li>El G1X FOUR ofrece 70+ efectos incorporados<\/li>\n<li>13 modelos de amplis para simular equipos\u00a0cl\u00e1sicos<\/li>\n<li>Es posible usar hasta 5 efectos de forma simult\u00e1nea, encadenados en cualquier\u00a0orden<\/li>\n<li>Funci\u00f3n Looper para la grabaci\u00f3n de hasta 30 segundos \/ 64 tiempos de grabaci\u00f3n de audio en calidad de CD con tiempos de inicio y final sin\u00a0interrupciones<\/li>\n<li>Software ZOOM Guitar Lab para la creaci\u00f3n, edici\u00f3n y gesti\u00f3n de efectos y\u00a0patches<\/li>\n<li>68 patrones de ritmos incorporados que pueden usarse junto con el\u00a0Looper<\/li>\n<li>50 ubicaciones de memoria para el almacenamiento de patches creados por el\u00a0usuario<\/li>\n<li>La funci\u00f3n Swap (sustituir) hace que la organizaci\u00f3n de patches sea un juego de\u00a0ni\u00f1os<\/li>\n<li>Funci\u00f3n Auto Save para el almacenamiento autom\u00e1tico de todos los par\u00e1metros del\u00a0patch<\/li>\n<li>La funci\u00f3n Preselect permite la selecci\u00f3n silenciosa de patches mientras se mantiene en funcionamiento el\u00a0actual<\/li>\n<li>El afinador crom\u00e1tico incluido soporta todas las afinaciones est\u00e1ndar de guitarra, incluyendo afinaciones abiertas y de\u00a0ca\u00edda<\/li>\n<li>El jack de entrada acepta un cable de guitarra mono est\u00e1ndar (soporta tanto instrumentos activos como\u00a0pasivos)<\/li>\n<li>Jack de entrada auxiliar para conectar reproductores de m\u00fasica\u00a0personales<\/li>\n<li>Jack de salida para la conexi\u00f3n a amplis o\u00a0auriculares<\/li>\n<li>LCD retroiluminado con control de contraste para una f\u00e1cil visi\u00f3n en entornos con poca\u00a0luz<\/li>\n<li>Lo bastante peque\u00f1o y ligero para caber en tu mochila de\u00a0actuaciones<\/li>\n<li>F\u00e1cil integraci\u00f3n en una caja de pedales ya\u00a0montada<\/li>\n<li>Funciona con 4 pilas AA, con una vida de las pilas alcalinas de 18\u00a0horas<\/li>\n<li>Puerto USB para actualizaciones del firmware, alimentaci\u00f3n y conexi\u00f3n a ZOOM Guitar\u00a0Lab<\/li>\n<\/ul>\n<\/div>\n<\/div>\n<\/div>\n<\/div>\n<\/div>\n<\/div>\n<\/div>\n<\/div>\n<div class=\"field-item odd\">\n<div class=\"field-collection-view clearfix view-mode-full field-collection-view-final\">\n<div class=\"feature\">\n<div class=\"container\">\n<div class=\"feature-copy\">\n<h4 class=\"feature-title\">QU\u00c9 HAY EN<\/h4>\n<\/div>\n<\/div>\n<\/div>\n<\/div>\n<\/div>\n","protected":false},"excerpt":{"rendered":"<div class=\"container\">\n<div class=\"field field-name-body field-type-text-with-summary field-label-hidden\">\n<div class=\"field-items\">\n<div class=\"field-item even\">\n<p>El Zoom G1 FOUR y el G1X FOUR ofrecen m\u00e1s de 70 efectos y modelos de amplis, un looper y una caja de ritmos. Adem\u00e1s, el acceso a la librer\u00eda de efectos descargables de ZOOM Guitar Lab. \u00a1Enchufa y alucina!La X es de eXpresi\u00f3n<br \/>\nEl G1X FOUR viene con el pedal de expresi\u00f3n de ZOOM, que ofrece control sobre los efectos como en el volumen, wah, delay y pitch. Sonidos que inspiram. Ambos pedales tienen m\u00e1s de 60 efectos tradicionales y boutique, incluyendo modulador en anillo, delay con pitch-shifting e incluso una simulaci\u00f3n de sitar.<\/p>\n<\/div>\n<\/div>\n<\/div>\n<\/div>\n","protected":false},"featured_media":5101,"comment_status":"open","ping_status":"closed","template":"","meta":{"_jet_sm_ready_style":"","_jet_sm_style":"","_jet_sm_controls_values":"","_jet_sm_fonts_collection":"","_jet_sm_fonts_links":""},"pwb-brand":[366],"product_brand":[],"product_cat":[189],"product_tag":[],"class_list":{"0":"post-2721","1":"product","2":"type-product","3":"status-publish","4":"has-post-thumbnail","6":"pwb-brand-zoom","7":"product_cat-pedales","9":"first","10":"instock","11":"shipping-taxable","12":"purchasable","13":"product-type-simple"},"yoast_head":"<!-- This site is optimized with the Yoast SEO plugin v19.11 - https:\/\/yoast.com\/wordpress\/plugins\/seo\/ -->\n<title>PROCESADOR DE EFECTOS ZOOM G1X FOUR 120 GL - Stock Musik<\/title>\n<meta name=\"robots\" content=\"index, follow, max-snippet:-1, max-image-preview:large, max-video-preview:-1\" \/>\n<link rel=\"canonical\" href=\"https:\/\/stockmusik.com.co\/index.php\/producto\/procesador-de-efectos-zoom-g1x-four-120-gl\/\" \/>\n<meta property=\"og:locale\" content=\"es_ES\" \/>\n<meta property=\"og:type\" content=\"article\" \/>\n<meta property=\"og:title\" content=\"PROCESADOR DE EFECTOS ZOOM G1X FOUR 120 GL - Stock Musik\" \/>\n<meta property=\"og:description\" content=\"El Zoom G1 FOUR y el G1X FOUR ofrecen m\u00e1s de 70 efectos y modelos de amplis, un looper y una caja de ritmos. Adem\u00e1s, el acceso a la librer\u00eda de efectos descargables de ZOOM Guitar Lab. \u00a1Enchufa y alucina!La X es de eXpresi\u00f3n El G1X FOUR viene con el pedal de expresi\u00f3n de ZOOM, que ofrece control sobre los efectos como en el volumen, wah, delay y pitch. Sonidos que inspiram. Ambos pedales tienen m\u00e1s de 60 efectos tradicionales y boutique, incluyendo modulador en anillo, delay con pitch-shifting e incluso una simulaci\u00f3n de sitar.\" \/>\n<meta property=\"og:url\" content=\"https:\/\/stockmusik.com.co\/index.php\/producto\/procesador-de-efectos-zoom-g1x-four-120-gl\/\" \/>\n<meta property=\"og:site_name\" content=\"Stock Musik\" \/>\n<meta property=\"article:publisher\" content=\"https:\/\/es-la.facebook.com\/stockmusik\/\" \/>\n<meta property=\"article:modified_time\" content=\"2021-02-19T18:36:41+00:00\" \/>\n<meta property=\"og:image\" content=\"https:\/\/stockmusik.com.co\/wp-content\/uploads\/2020\/09\/PROCESADOR-DE-EFECTOS-ZOOM-G1X-FOUR-120-GL.png\" \/>\n\t<meta property=\"og:image:width\" content=\"800\" \/>\n\t<meta property=\"og:image:height\" content=\"800\" \/>\n\t<meta property=\"og:image:type\" content=\"image\/png\" \/>\n<meta name=\"twitter:card\" content=\"summary_large_image\" \/>\n<meta name=\"twitter:label1\" content=\"Precio\" \/>\n\t<meta name=\"twitter:data1\" content=\"Cotiza por Whatsapp\" \/>\n\t<meta name=\"twitter:label2\" content=\"Availability\" \/>\n\t<meta name=\"twitter:data2\" content=\"In stock\" \/>\n<script type=\"application\/ld+json\" class=\"yoast-schema-graph\">{\"@context\":\"https:\/\/schema.org\",\"@graph\":[{\"@type\":\"WebPage\",\"@id\":\"https:\/\/stockmusik.com.co\/index.php\/producto\/procesador-de-efectos-zoom-g1x-four-120-gl\/\",\"url\":\"https:\/\/stockmusik.com.co\/index.php\/producto\/procesador-de-efectos-zoom-g1x-four-120-gl\/\",\"name\":\"PROCESADOR DE EFECTOS ZOOM G1X FOUR 120 GL - Stock Musik\",\"isPartOf\":{\"@id\":\"https:\/\/stockmusik.com.co\/#website\"},\"datePublished\":\"2020-09-16T22:46:59+00:00\",\"dateModified\":\"2021-02-19T18:36:41+00:00\",\"breadcrumb\":{\"@id\":\"https:\/\/stockmusik.com.co\/index.php\/producto\/procesador-de-efectos-zoom-g1x-four-120-gl\/#breadcrumb\"},\"inLanguage\":\"es\",\"potentialAction\":[{\"@type\":\"ReadAction\",\"target\":[\"https:\/\/stockmusik.com.co\/index.php\/producto\/procesador-de-efectos-zoom-g1x-four-120-gl\/\"]}]},{\"@type\":\"BreadcrumbList\",\"@id\":\"https:\/\/stockmusik.com.co\/index.php\/producto\/procesador-de-efectos-zoom-g1x-four-120-gl\/#breadcrumb\",\"itemListElement\":[{\"@type\":\"ListItem\",\"position\":1,\"name\":\"Portada\",\"item\":\"https:\/\/stockmusik.com.co\/\"},{\"@type\":\"ListItem\",\"position\":2,\"name\":\"Tienda StockMusik\",\"item\":\"https:\/\/stockmusik.com.co\/index.php\/tienda-stockmusik\/\"},{\"@type\":\"ListItem\",\"position\":3,\"name\":\"PROCESADOR DE EFECTOS ZOOM G1X FOUR 120 GL\"}]},{\"@type\":\"WebSite\",\"@id\":\"https:\/\/stockmusik.com.co\/#website\",\"url\":\"https:\/\/stockmusik.com.co\/\",\"name\":\"Stock Musik\",\"description\":\"Tienda de Instrumentos Musicales\",\"publisher\":{\"@id\":\"https:\/\/stockmusik.com.co\/#organization\"},\"potentialAction\":[{\"@type\":\"SearchAction\",\"target\":{\"@type\":\"EntryPoint\",\"urlTemplate\":\"https:\/\/stockmusik.com.co\/?s={search_term_string}\"},\"query-input\":\"required name=search_term_string\"}],\"inLanguage\":\"es\"},{\"@type\":\"Organization\",\"@id\":\"https:\/\/stockmusik.com.co\/#organization\",\"name\":\"Stock Musik\",\"url\":\"https:\/\/stockmusik.com.co\/\",\"logo\":{\"@type\":\"ImageObject\",\"inLanguage\":\"es\",\"@id\":\"https:\/\/stockmusik.com.co\/#\/schema\/logo\/image\/\",\"url\":\"https:\/\/stockmusik.com.co\/wp-content\/uploads\/2020\/08\/cropped-logo_stock_musik.png\",\"contentUrl\":\"https:\/\/stockmusik.com.co\/wp-content\/uploads\/2020\/08\/cropped-logo_stock_musik.png\",\"width\":455,\"height\":173,\"caption\":\"Stock Musik\"},\"image\":{\"@id\":\"https:\/\/stockmusik.com.co\/#\/schema\/logo\/image\/\"},\"sameAs\":[\"https:\/\/es-la.facebook.com\/stockmusik\/\"]}]}<\/script>\n<meta property=\"product:price:amount\" content=\"460000\" \/>\n<meta property=\"product:price:currency\" content=\"COP\" \/>\n<meta property=\"og:availability\" content=\"instock\" \/>\n<meta property=\"product:availability\" content=\"instock\" \/>\n<meta property=\"product:retailer_item_id\" content=\"01717\" \/>\n<meta property=\"product:condition\" content=\"new\" \/>\n<!-- \/ Yoast SEO plugin. -->","yoast_head_json":{"title":"PROCESADOR DE EFECTOS ZOOM G1X FOUR 120 GL - Stock Musik","robots":{"index":"index","follow":"follow","max-snippet":"max-snippet:-1","max-image-preview":"max-image-preview:large","max-video-preview":"max-video-preview:-1"},"canonical":"https:\/\/stockmusik.com.co\/index.php\/producto\/procesador-de-efectos-zoom-g1x-four-120-gl\/","og_locale":"es_ES","og_type":"article","og_title":"PROCESADOR DE EFECTOS ZOOM G1X FOUR 120 GL - Stock Musik","og_description":"El Zoom G1 FOUR y el G1X FOUR ofrecen m\u00e1s de 70 efectos y modelos de amplis, un looper y una caja de ritmos. Adem\u00e1s, el acceso a la librer\u00eda de efectos descargables de ZOOM Guitar Lab. \u00a1Enchufa y alucina!La X es de eXpresi\u00f3n El G1X FOUR viene con el pedal de expresi\u00f3n de ZOOM, que ofrece control sobre los efectos como en el volumen, wah, delay y pitch. Sonidos que inspiram. Ambos pedales tienen m\u00e1s de 60 efectos tradicionales y boutique, incluyendo modulador en anillo, delay con pitch-shifting e incluso una simulaci\u00f3n de sitar.","og_url":"https:\/\/stockmusik.com.co\/index.php\/producto\/procesador-de-efectos-zoom-g1x-four-120-gl\/","og_site_name":"Stock Musik","article_publisher":"https:\/\/es-la.facebook.com\/stockmusik\/","article_modified_time":"2021-02-19T18:36:41+00:00","og_image":[{"width":800,"height":800,"url":"https:\/\/stockmusik.com.co\/wp-content\/uploads\/2020\/09\/PROCESADOR-DE-EFECTOS-ZOOM-G1X-FOUR-120-GL.png","type":"image\/png"}],"twitter_card":"summary_large_image","twitter_misc":{"Precio":"Cotiza por Whatsapp","Availability":"In stock"},"schema":{"@context":"https:\/\/schema.org","@graph":[{"@type":"WebPage","@id":"https:\/\/stockmusik.com.co\/index.php\/producto\/procesador-de-efectos-zoom-g1x-four-120-gl\/","url":"https:\/\/stockmusik.com.co\/index.php\/producto\/procesador-de-efectos-zoom-g1x-four-120-gl\/","name":"PROCESADOR DE EFECTOS ZOOM G1X FOUR 120 GL - Stock Musik","isPartOf":{"@id":"https:\/\/stockmusik.com.co\/#website"},"datePublished":"2020-09-16T22:46:59+00:00","dateModified":"2021-02-19T18:36:41+00:00","breadcrumb":{"@id":"https:\/\/stockmusik.com.co\/index.php\/producto\/procesador-de-efectos-zoom-g1x-four-120-gl\/#breadcrumb"},"inLanguage":"es","potentialAction":[{"@type":"ReadAction","target":["https:\/\/stockmusik.com.co\/index.php\/producto\/procesador-de-efectos-zoom-g1x-four-120-gl\/"]}]},{"@type":"BreadcrumbList","@id":"https:\/\/stockmusik.com.co\/index.php\/producto\/procesador-de-efectos-zoom-g1x-four-120-gl\/#breadcrumb","itemListElement":[{"@type":"ListItem","position":1,"name":"Portada","item":"https:\/\/stockmusik.com.co\/"},{"@type":"ListItem","position":2,"name":"Tienda StockMusik","item":"https:\/\/stockmusik.com.co\/index.php\/tienda-stockmusik\/"},{"@type":"ListItem","position":3,"name":"PROCESADOR DE EFECTOS ZOOM G1X FOUR 120 GL"}]},{"@type":"WebSite","@id":"https:\/\/stockmusik.com.co\/#website","url":"https:\/\/stockmusik.com.co\/","name":"Stock Musik","description":"Tienda de Instrumentos Musicales","publisher":{"@id":"https:\/\/stockmusik.com.co\/#organization"},"potentialAction":[{"@type":"SearchAction","target":{"@type":"EntryPoint","urlTemplate":"https:\/\/stockmusik.com.co\/?s={search_term_string}"},"query-input":"required name=search_term_string"}],"inLanguage":"es"},{"@type":"Organization","@id":"https:\/\/stockmusik.com.co\/#organization","name":"Stock Musik","url":"https:\/\/stockmusik.com.co\/","logo":{"@type":"ImageObject","inLanguage":"es","@id":"https:\/\/stockmusik.com.co\/#\/schema\/logo\/image\/","url":"https:\/\/stockmusik.com.co\/wp-content\/uploads\/2020\/08\/cropped-logo_stock_musik.png","contentUrl":"https:\/\/stockmusik.com.co\/wp-content\/uploads\/2020\/08\/cropped-logo_stock_musik.png","width":455,"height":173,"caption":"Stock Musik"},"image":{"@id":"https:\/\/stockmusik.com.co\/#\/schema\/logo\/image\/"},"sameAs":["https:\/\/es-la.facebook.com\/stockmusik\/"]}]},"product_price_amount":"460000","product_price_currency":"COP","og_availability":"instock","product_availability":"instock","product_retailer_item_id":"01717","product_condition":"new"},"brands":[{"id":366,"name":"ZOOM","slug":"zoom"}],"_links":{"self":[{"href":"https:\/\/stockmusik.com.co\/index.php\/wp-json\/wp\/v2\/product\/2721","targetHints":{"allow":["GET"]}}],"collection":[{"href":"https:\/\/stockmusik.com.co\/index.php\/wp-json\/wp\/v2\/product"}],"about":[{"href":"https:\/\/stockmusik.com.co\/index.php\/wp-json\/wp\/v2\/types\/product"}],"replies":[{"embeddable":true,"href":"https:\/\/stockmusik.com.co\/index.php\/wp-json\/wp\/v2\/comments?post=2721"}],"wp:featuredmedia":[{"embeddable":true,"href":"https:\/\/stockmusik.com.co\/index.php\/wp-json\/wp\/v2\/media\/5101"}],"wp:attachment":[{"href":"https:\/\/stockmusik.com.co\/index.php\/wp-json\/wp\/v2\/media?parent=2721"}],"wp:term":[{"taxonomy":"pwb-brand","embeddable":true,"href":"https:\/\/stockmusik.com.co\/index.php\/wp-json\/wp\/v2\/pwb-brand?post=2721"},{"taxonomy":"product_brand","embeddable":true,"href":"https:\/\/stockmusik.com.co\/index.php\/wp-json\/wp\/v2\/product_brand?post=2721"},{"taxonomy":"product_cat","embeddable":true,"href":"https:\/\/stockmusik.com.co\/index.php\/wp-json\/wp\/v2\/product_cat?post=2721"},{"taxonomy":"product_tag","embeddable":true,"href":"https:\/\/stockmusik.com.co\/index.php\/wp-json\/wp\/v2\/product_tag?post=2721"}],"curies":[{"name":"wp","href":"https:\/\/api.w.org\/{rel}","templated":true}]}}