{"id":2680,"date":"2020-09-16T17:46:51","date_gmt":"2020-09-16T22:46:51","guid":{"rendered":"https:\/\/stockmusik.com.co\/index.php\/producto\/pedal-joyo-delay-analofo-jf-33\/"},"modified":"2021-02-19T18:05:50","modified_gmt":"2021-02-19T23:05:50","slug":"pedal-joyo-delay-analofo-jf-33","status":"publish","type":"product","link":"https:\/\/stockmusik.com.co\/index.php\/producto\/pedal-joyo-delay-analofo-jf-33\/","title":{"rendered":"PEDAL JOYO DELAY ANALOFO JF-33"},"content":{"rendered":"<div id=\"featurebullets_feature_div\" class=\"celwidget\" data-feature-name=\"featurebullets\" data-csa-c-id=\"kukvs3-si0low-4wxn61-3jnh1k\" data-cel-widget=\"featurebullets_feature_div\">\n<div id=\"feature-bullets\" class=\"a-section a-spacing-medium a-spacing-top-small\">\n<ul class=\"a-unordered-list a-vertical a-spacing-mini\">\n<li>\n<div class=\"autofmt pure-u-1 pure-u-md-1-2 pure-u-lg-1-2 listados\">\n<ul>\n<li>Pedal de efecto delay para guitarra el\u00e9ctrica<\/li>\n<li>Tiempo: ajusta la cantidad de tiempo entre la nota original reproducida y el eco<\/li>\n<li>Mezcla: ajusta la relaci\u00f3n entre la se\u00f1al seca y la se\u00f1al con efecto<\/li>\n<li>Repetici\u00f3n: establece la cantidad de veces que se repetir\u00e1 el eco de la nota<\/li>\n<li>Tiempo de retraso: aproximadamente 50ms-500ms<\/li>\n<li>True Bypass (elimina cualquier interferencia de se\u00f1al al encender o apagar el pedal)<\/li>\n<\/ul>\n<\/div>\n<div class=\"autofmt pure-u-1 pure-u-md-1-2 pure-u-lg-1-2 listados\"><\/div>\n<\/li>\n<\/ul>\n<\/div>\n<\/div>\n<div id=\"globalStoreInfoBullets_feature_div\" class=\"celwidget\" data-feature-name=\"globalStoreInfoBullets\" data-csa-c-id=\"9qwlyf-v8m5gf-zhjqg8-g5tnca\" data-cel-widget=\"globalStoreInfoBullets_feature_div\"><\/div>\n<div id=\"HLCXComparisonJumplink_feature_div\"><\/div>\n","protected":false},"excerpt":{"rendered":"<div id=\"featurebullets_feature_div\" class=\"celwidget\" data-feature-name=\"featurebullets\" data-csa-c-id=\"kukvs3-si0low-4wxn61-3jnh1k\" data-cel-widget=\"featurebullets_feature_div\">\n<div id=\"feature-bullets\" class=\"a-section a-spacing-medium a-spacing-top-small\"><\/div>\n<\/div>\n<div id=\"globalStoreInfoBullets_feature_div\" class=\"celwidget\" data-feature-name=\"globalStoreInfoBullets\" data-csa-c-id=\"9qwlyf-v8m5gf-zhjqg8-g5tnca\" data-cel-widget=\"globalStoreInfoBullets_feature_div\">\n<ul class=\"a-unordered-list a-vertical a-spacing-mini\">\n<li><span class=\"a-list-item\">Las ventajas de Joyo: m\u00e1s de 14 a\u00f1os de historia de la marca, equipos t\u00e9cnicos fuertes, muchas patentes innovadoras, tecnolog\u00eda de n\u00facleo electroac\u00fastico, dise\u00f1o de gu\u00eda de maestros de m\u00fasica, ganar el amor de los fans mundiales, inspirando los sue\u00f1os musicales de las personas.<\/span><\/li>\n<li><span class=\"a-list-item\">Rango de tiempo de retardo: 25 ms-600 ms. El pedal de retardo digital cuenta con un circuito de filtro especial para reproducir estrechamente los sonidos de retardo anal\u00f3gico.<\/span><\/li>\n<li><span class=\"a-list-item\">El pedal de retardo JF-08 es solo con perillas de control de tiempo, repetici\u00f3n, nivel, simple, ligero, f\u00e1cil de usar pero con excelente tono.<\/span><\/li>\n<li><span class=\"a-list-item\">Carcasa de aleaci\u00f3n de aluminio con acabado de barniz de estufa, aspecto fabuloso. El dise\u00f1o de bypass minimiza la p\u00e9rdida de tono.<\/span><\/li>\n<li><span class=\"a-list-item\">Lo que obtienes: pedal de retardo JOYO JF-08, instrucciones de funcionamiento detalladas y excelente servicio al c<\/span><\/li>\n<\/ul>\n<\/div>\n","protected":false},"featured_media":5110,"comment_status":"open","ping_status":"closed","template":"","meta":{"_jet_sm_ready_style":"","_jet_sm_style":"","_jet_sm_controls_values":"","_jet_sm_fonts_collection":"","_jet_sm_fonts_links":""},"pwb-brand":[59],"product_brand":[],"product_cat":[189],"product_tag":[],"class_list":{"0":"post-2680","1":"product","2":"type-product","3":"status-publish","4":"has-post-thumbnail","6":"pwb-brand-joyo","7":"product_cat-pedales","9":"first","10":"instock","11":"shipping-taxable","12":"purchasable","13":"product-type-simple"},"yoast_head":"<!-- This site is optimized with the Yoast SEO plugin v19.11 - https:\/\/yoast.com\/wordpress\/plugins\/seo\/ -->\n<title>PEDAL JOYO DELAY ANALOFO JF-33 - Stock Musik<\/title>\n<meta name=\"robots\" content=\"index, follow, max-snippet:-1, max-image-preview:large, max-video-preview:-1\" \/>\n<link rel=\"canonical\" href=\"https:\/\/stockmusik.com.co\/index.php\/producto\/pedal-joyo-delay-analofo-jf-33\/\" \/>\n<meta property=\"og:locale\" content=\"es_ES\" \/>\n<meta property=\"og:type\" content=\"article\" \/>\n<meta property=\"og:title\" content=\"PEDAL JOYO DELAY ANALOFO JF-33 - Stock Musik\" \/>\n<meta property=\"og:description\" content=\"Las ventajas de Joyo: m\u00e1s de 14 a\u00f1os de historia de la marca, equipos t\u00e9cnicos fuertes, muchas patentes innovadoras, tecnolog\u00eda de n\u00facleo electroac\u00fastico, dise\u00f1o de gu\u00eda de maestros de m\u00fasica, ganar el amor de los fans mundiales, inspirando los sue\u00f1os musicales de las personas.  Rango de tiempo de retardo: 25 ms-600 ms. El pedal de retardo digital cuenta con un circuito de filtro especial para reproducir estrechamente los sonidos de retardo anal\u00f3gico.  El pedal de retardo JF-08 es solo con perillas de control de tiempo, repetici\u00f3n, nivel, simple, ligero, f\u00e1cil de usar pero con excelente tono.  Carcasa de aleaci\u00f3n de aluminio con acabado de barniz de estufa, aspecto fabuloso. El dise\u00f1o de bypass minimiza la p\u00e9rdida de tono.  Lo que obtienes: pedal de retardo JOYO JF-08, instrucciones de funcionamiento detalladas y excelente servicio al c\" \/>\n<meta property=\"og:url\" content=\"https:\/\/stockmusik.com.co\/index.php\/producto\/pedal-joyo-delay-analofo-jf-33\/\" \/>\n<meta property=\"og:site_name\" content=\"Stock Musik\" \/>\n<meta property=\"article:publisher\" content=\"https:\/\/es-la.facebook.com\/stockmusik\/\" \/>\n<meta property=\"article:modified_time\" content=\"2021-02-19T23:05:50+00:00\" \/>\n<meta property=\"og:image\" content=\"https:\/\/stockmusik.com.co\/wp-content\/uploads\/2020\/09\/PEDAL-JOYO-DELAY-ANALOFO-JF-33-1.png\" \/>\n\t<meta property=\"og:image:width\" content=\"1000\" \/>\n\t<meta property=\"og:image:height\" content=\"1000\" \/>\n\t<meta property=\"og:image:type\" content=\"image\/png\" \/>\n<meta name=\"twitter:card\" content=\"summary_large_image\" \/>\n<meta name=\"twitter:label1\" content=\"Precio\" \/>\n\t<meta name=\"twitter:data1\" content=\"Cotiza por Whatsapp\" \/>\n\t<meta name=\"twitter:label2\" content=\"Availability\" \/>\n\t<meta name=\"twitter:data2\" content=\"In stock\" \/>\n<script type=\"application\/ld+json\" class=\"yoast-schema-graph\">{\"@context\":\"https:\/\/schema.org\",\"@graph\":[{\"@type\":\"WebPage\",\"@id\":\"https:\/\/stockmusik.com.co\/index.php\/producto\/pedal-joyo-delay-analofo-jf-33\/\",\"url\":\"https:\/\/stockmusik.com.co\/index.php\/producto\/pedal-joyo-delay-analofo-jf-33\/\",\"name\":\"PEDAL JOYO DELAY ANALOFO JF-33 - Stock Musik\",\"isPartOf\":{\"@id\":\"https:\/\/stockmusik.com.co\/#website\"},\"datePublished\":\"2020-09-16T22:46:51+00:00\",\"dateModified\":\"2021-02-19T23:05:50+00:00\",\"breadcrumb\":{\"@id\":\"https:\/\/stockmusik.com.co\/index.php\/producto\/pedal-joyo-delay-analofo-jf-33\/#breadcrumb\"},\"inLanguage\":\"es\",\"potentialAction\":[{\"@type\":\"ReadAction\",\"target\":[\"https:\/\/stockmusik.com.co\/index.php\/producto\/pedal-joyo-delay-analofo-jf-33\/\"]}]},{\"@type\":\"BreadcrumbList\",\"@id\":\"https:\/\/stockmusik.com.co\/index.php\/producto\/pedal-joyo-delay-analofo-jf-33\/#breadcrumb\",\"itemListElement\":[{\"@type\":\"ListItem\",\"position\":1,\"name\":\"Portada\",\"item\":\"https:\/\/stockmusik.com.co\/\"},{\"@type\":\"ListItem\",\"position\":2,\"name\":\"Tienda StockMusik\",\"item\":\"https:\/\/stockmusik.com.co\/index.php\/tienda-stockmusik\/\"},{\"@type\":\"ListItem\",\"position\":3,\"name\":\"PEDAL JOYO DELAY ANALOFO JF-33\"}]},{\"@type\":\"WebSite\",\"@id\":\"https:\/\/stockmusik.com.co\/#website\",\"url\":\"https:\/\/stockmusik.com.co\/\",\"name\":\"Stock Musik\",\"description\":\"Tienda de Instrumentos Musicales\",\"publisher\":{\"@id\":\"https:\/\/stockmusik.com.co\/#organization\"},\"potentialAction\":[{\"@type\":\"SearchAction\",\"target\":{\"@type\":\"EntryPoint\",\"urlTemplate\":\"https:\/\/stockmusik.com.co\/?s={search_term_string}\"},\"query-input\":\"required name=search_term_string\"}],\"inLanguage\":\"es\"},{\"@type\":\"Organization\",\"@id\":\"https:\/\/stockmusik.com.co\/#organization\",\"name\":\"Stock Musik\",\"url\":\"https:\/\/stockmusik.com.co\/\",\"logo\":{\"@type\":\"ImageObject\",\"inLanguage\":\"es\",\"@id\":\"https:\/\/stockmusik.com.co\/#\/schema\/logo\/image\/\",\"url\":\"https:\/\/stockmusik.com.co\/wp-content\/uploads\/2020\/08\/cropped-logo_stock_musik.png\",\"contentUrl\":\"https:\/\/stockmusik.com.co\/wp-content\/uploads\/2020\/08\/cropped-logo_stock_musik.png\",\"width\":455,\"height\":173,\"caption\":\"Stock Musik\"},\"image\":{\"@id\":\"https:\/\/stockmusik.com.co\/#\/schema\/logo\/image\/\"},\"sameAs\":[\"https:\/\/es-la.facebook.com\/stockmusik\/\"]}]}<\/script>\n<meta property=\"product:price:amount\" content=\"185000\" \/>\n<meta property=\"product:price:currency\" content=\"COP\" \/>\n<meta property=\"og:availability\" content=\"instock\" \/>\n<meta property=\"product:availability\" content=\"instock\" \/>\n<meta property=\"product:retailer_item_id\" content=\"808\" \/>\n<meta property=\"product:condition\" content=\"new\" \/>\n<!-- \/ Yoast SEO plugin. -->","yoast_head_json":{"title":"PEDAL JOYO DELAY ANALOFO JF-33 - Stock Musik","robots":{"index":"index","follow":"follow","max-snippet":"max-snippet:-1","max-image-preview":"max-image-preview:large","max-video-preview":"max-video-preview:-1"},"canonical":"https:\/\/stockmusik.com.co\/index.php\/producto\/pedal-joyo-delay-analofo-jf-33\/","og_locale":"es_ES","og_type":"article","og_title":"PEDAL JOYO DELAY ANALOFO JF-33 - Stock Musik","og_description":"Las ventajas de Joyo: m\u00e1s de 14 a\u00f1os de historia de la marca, equipos t\u00e9cnicos fuertes, muchas patentes innovadoras, tecnolog\u00eda de n\u00facleo electroac\u00fastico, dise\u00f1o de gu\u00eda de maestros de m\u00fasica, ganar el amor de los fans mundiales, inspirando los sue\u00f1os musicales de las personas.  Rango de tiempo de retardo: 25 ms-600 ms. El pedal de retardo digital cuenta con un circuito de filtro especial para reproducir estrechamente los sonidos de retardo anal\u00f3gico.  El pedal de retardo JF-08 es solo con perillas de control de tiempo, repetici\u00f3n, nivel, simple, ligero, f\u00e1cil de usar pero con excelente tono.  Carcasa de aleaci\u00f3n de aluminio con acabado de barniz de estufa, aspecto fabuloso. El dise\u00f1o de bypass minimiza la p\u00e9rdida de tono.  Lo que obtienes: pedal de retardo JOYO JF-08, instrucciones de funcionamiento detalladas y excelente servicio al c","og_url":"https:\/\/stockmusik.com.co\/index.php\/producto\/pedal-joyo-delay-analofo-jf-33\/","og_site_name":"Stock Musik","article_publisher":"https:\/\/es-la.facebook.com\/stockmusik\/","article_modified_time":"2021-02-19T23:05:50+00:00","og_image":[{"width":1000,"height":1000,"url":"https:\/\/stockmusik.com.co\/wp-content\/uploads\/2020\/09\/PEDAL-JOYO-DELAY-ANALOFO-JF-33-1.png","type":"image\/png"}],"twitter_card":"summary_large_image","twitter_misc":{"Precio":"Cotiza por Whatsapp","Availability":"In stock"},"schema":{"@context":"https:\/\/schema.org","@graph":[{"@type":"WebPage","@id":"https:\/\/stockmusik.com.co\/index.php\/producto\/pedal-joyo-delay-analofo-jf-33\/","url":"https:\/\/stockmusik.com.co\/index.php\/producto\/pedal-joyo-delay-analofo-jf-33\/","name":"PEDAL JOYO DELAY ANALOFO JF-33 - Stock Musik","isPartOf":{"@id":"https:\/\/stockmusik.com.co\/#website"},"datePublished":"2020-09-16T22:46:51+00:00","dateModified":"2021-02-19T23:05:50+00:00","breadcrumb":{"@id":"https:\/\/stockmusik.com.co\/index.php\/producto\/pedal-joyo-delay-analofo-jf-33\/#breadcrumb"},"inLanguage":"es","potentialAction":[{"@type":"ReadAction","target":["https:\/\/stockmusik.com.co\/index.php\/producto\/pedal-joyo-delay-analofo-jf-33\/"]}]},{"@type":"BreadcrumbList","@id":"https:\/\/stockmusik.com.co\/index.php\/producto\/pedal-joyo-delay-analofo-jf-33\/#breadcrumb","itemListElement":[{"@type":"ListItem","position":1,"name":"Portada","item":"https:\/\/stockmusik.com.co\/"},{"@type":"ListItem","position":2,"name":"Tienda StockMusik","item":"https:\/\/stockmusik.com.co\/index.php\/tienda-stockmusik\/"},{"@type":"ListItem","position":3,"name":"PEDAL JOYO DELAY ANALOFO JF-33"}]},{"@type":"WebSite","@id":"https:\/\/stockmusik.com.co\/#website","url":"https:\/\/stockmusik.com.co\/","name":"Stock Musik","description":"Tienda de Instrumentos Musicales","publisher":{"@id":"https:\/\/stockmusik.com.co\/#organization"},"potentialAction":[{"@type":"SearchAction","target":{"@type":"EntryPoint","urlTemplate":"https:\/\/stockmusik.com.co\/?s={search_term_string}"},"query-input":"required name=search_term_string"}],"inLanguage":"es"},{"@type":"Organization","@id":"https:\/\/stockmusik.com.co\/#organization","name":"Stock Musik","url":"https:\/\/stockmusik.com.co\/","logo":{"@type":"ImageObject","inLanguage":"es","@id":"https:\/\/stockmusik.com.co\/#\/schema\/logo\/image\/","url":"https:\/\/stockmusik.com.co\/wp-content\/uploads\/2020\/08\/cropped-logo_stock_musik.png","contentUrl":"https:\/\/stockmusik.com.co\/wp-content\/uploads\/2020\/08\/cropped-logo_stock_musik.png","width":455,"height":173,"caption":"Stock Musik"},"image":{"@id":"https:\/\/stockmusik.com.co\/#\/schema\/logo\/image\/"},"sameAs":["https:\/\/es-la.facebook.com\/stockmusik\/"]}]},"product_price_amount":"185000","product_price_currency":"COP","og_availability":"instock","product_availability":"instock","product_retailer_item_id":"808","product_condition":"new"},"brands":[{"id":59,"name":"JOYO","slug":"joyo"}],"_links":{"self":[{"href":"https:\/\/stockmusik.com.co\/index.php\/wp-json\/wp\/v2\/product\/2680","targetHints":{"allow":["GET"]}}],"collection":[{"href":"https:\/\/stockmusik.com.co\/index.php\/wp-json\/wp\/v2\/product"}],"about":[{"href":"https:\/\/stockmusik.com.co\/index.php\/wp-json\/wp\/v2\/types\/product"}],"replies":[{"embeddable":true,"href":"https:\/\/stockmusik.com.co\/index.php\/wp-json\/wp\/v2\/comments?post=2680"}],"wp:featuredmedia":[{"embeddable":true,"href":"https:\/\/stockmusik.com.co\/index.php\/wp-json\/wp\/v2\/media\/5110"}],"wp:attachment":[{"href":"https:\/\/stockmusik.com.co\/index.php\/wp-json\/wp\/v2\/media?parent=2680"}],"wp:term":[{"taxonomy":"pwb-brand","embeddable":true,"href":"https:\/\/stockmusik.com.co\/index.php\/wp-json\/wp\/v2\/pwb-brand?post=2680"},{"taxonomy":"product_brand","embeddable":true,"href":"https:\/\/stockmusik.com.co\/index.php\/wp-json\/wp\/v2\/product_brand?post=2680"},{"taxonomy":"product_cat","embeddable":true,"href":"https:\/\/stockmusik.com.co\/index.php\/wp-json\/wp\/v2\/product_cat?post=2680"},{"taxonomy":"product_tag","embeddable":true,"href":"https:\/\/stockmusik.com.co\/index.php\/wp-json\/wp\/v2\/product_tag?post=2680"}],"curies":[{"name":"wp","href":"https:\/\/api.w.org\/{rel}","templated":true}]}}