{"id":2559,"date":"2020-09-16T17:46:25","date_gmt":"2020-09-16T22:46:25","guid":{"rendered":"https:\/\/stockmusik.com.co\/index.php\/producto\/microfono-shure-sv100\/"},"modified":"2022-11-11T16:42:24","modified_gmt":"2022-11-11T21:42:24","slug":"microfono-shure-sv100","status":"publish","type":"product","link":"https:\/\/stockmusik.com.co\/index.php\/producto\/microfono-shure-sv100\/","title":{"rendered":"MICROFONO SHURE SV100"},"content":{"rendered":"<ul>\n<li>Transductor:\u00a0din\u00e1mico<\/li>\n<li>Patr\u00f3n polar:\u00a0cardioide<\/li>\n<li>Respuesta de frecuencia:\u00a050 Hz a 15 kHz<\/li>\n<li>Impedancia:\u00a0600 ohmios<\/li>\n<li>Sensibilidad:\u00a0\u00ab-52 dBV \/ Pa a 1 kHz<\/li>\n<li>Conector:\u00a0XLR<\/li>\n<li>Tipo de cable:\u00a0XLR a 1\/4 \u00ab<\/li>\n<li>Longitud del cable:\u00a015 &#8216;\/ 4,6 m<\/li>\n<li>Dimensi\u00f3n:\u00a011,35 x 4,5 x 3,6 \u00ab<\/li>\n<\/ul>\n","protected":false},"excerpt":{"rendered":"<p>El micr\u00f3fono de mano cardioide din\u00e1mico Shure SV100 es un micr\u00f3fono de mano rentable dise\u00f1ado para manejar la gama de aplicaciones vocales. La c\u00e1psula cardioide din\u00e1mica del micr\u00f3fono maneja una alta presi\u00f3n de sonido sin distorsi\u00f3n ni ruido, lo que lo convierte en una soluci\u00f3n ideal para discursos generales, presentaciones, cantos y m\u00e1s.<\/p>\n","protected":false},"featured_media":4623,"comment_status":"open","ping_status":"closed","template":"","meta":{"_jet_sm_ready_style":"","_jet_sm_style":"","_jet_sm_controls_values":"","_jet_sm_fonts_collection":"","_jet_sm_fonts_links":""},"pwb-brand":[87],"product_brand":[],"product_cat":[340],"product_tag":[],"class_list":{"0":"post-2559","1":"product","2":"type-product","3":"status-publish","4":"has-post-thumbnail","6":"pwb-brand-shure","7":"product_cat-microfono","9":"first","10":"instock","11":"shipping-taxable","12":"purchasable","13":"product-type-simple"},"yoast_head":"<!-- This site is optimized with the Yoast SEO plugin v19.11 - https:\/\/yoast.com\/wordpress\/plugins\/seo\/ -->\n<title>MICROFONO SHURE SV100 - Stock Musik<\/title>\n<meta name=\"robots\" content=\"index, follow, max-snippet:-1, max-image-preview:large, max-video-preview:-1\" \/>\n<link rel=\"canonical\" href=\"https:\/\/stockmusik.com.co\/index.php\/producto\/microfono-shure-sv100\/\" \/>\n<meta property=\"og:locale\" content=\"es_ES\" \/>\n<meta property=\"og:type\" content=\"article\" \/>\n<meta property=\"og:title\" content=\"MICROFONO SHURE SV100 - Stock Musik\" \/>\n<meta property=\"og:description\" content=\"El micr\u00f3fono de mano cardioide din\u00e1mico Shure SV100 es un micr\u00f3fono de mano rentable dise\u00f1ado para manejar la gama de aplicaciones vocales. La c\u00e1psula cardioide din\u00e1mica del micr\u00f3fono maneja una alta presi\u00f3n de sonido sin distorsi\u00f3n ni ruido, lo que lo convierte en una soluci\u00f3n ideal para discursos generales, presentaciones, cantos y m\u00e1s.\" \/>\n<meta property=\"og:url\" content=\"https:\/\/stockmusik.com.co\/index.php\/producto\/microfono-shure-sv100\/\" \/>\n<meta property=\"og:site_name\" content=\"Stock Musik\" \/>\n<meta property=\"article:publisher\" content=\"https:\/\/es-la.facebook.com\/stockmusik\/\" \/>\n<meta property=\"article:modified_time\" content=\"2022-11-11T21:42:24+00:00\" \/>\n<meta property=\"og:image\" content=\"https:\/\/stockmusik.com.co\/wp-content\/uploads\/2020\/09\/MICROFONO-SHURE-SV100-1.jpg\" \/>\n\t<meta property=\"og:image:width\" content=\"800\" \/>\n\t<meta property=\"og:image:height\" content=\"800\" \/>\n\t<meta property=\"og:image:type\" content=\"image\/jpeg\" \/>\n<meta name=\"twitter:card\" content=\"summary_large_image\" \/>\n<meta name=\"twitter:label1\" content=\"Precio\" \/>\n\t<meta name=\"twitter:data1\" content=\"Cotiza por Whatsapp\" \/>\n\t<meta name=\"twitter:label2\" content=\"Availability\" \/>\n\t<meta name=\"twitter:data2\" content=\"In stock\" \/>\n<script type=\"application\/ld+json\" class=\"yoast-schema-graph\">{\"@context\":\"https:\/\/schema.org\",\"@graph\":[{\"@type\":\"WebPage\",\"@id\":\"https:\/\/stockmusik.com.co\/index.php\/producto\/microfono-shure-sv100\/\",\"url\":\"https:\/\/stockmusik.com.co\/index.php\/producto\/microfono-shure-sv100\/\",\"name\":\"MICROFONO SHURE SV100 - Stock Musik\",\"isPartOf\":{\"@id\":\"https:\/\/stockmusik.com.co\/#website\"},\"datePublished\":\"2020-09-16T22:46:25+00:00\",\"dateModified\":\"2022-11-11T21:42:24+00:00\",\"breadcrumb\":{\"@id\":\"https:\/\/stockmusik.com.co\/index.php\/producto\/microfono-shure-sv100\/#breadcrumb\"},\"inLanguage\":\"es\",\"potentialAction\":[{\"@type\":\"ReadAction\",\"target\":[\"https:\/\/stockmusik.com.co\/index.php\/producto\/microfono-shure-sv100\/\"]}]},{\"@type\":\"BreadcrumbList\",\"@id\":\"https:\/\/stockmusik.com.co\/index.php\/producto\/microfono-shure-sv100\/#breadcrumb\",\"itemListElement\":[{\"@type\":\"ListItem\",\"position\":1,\"name\":\"Portada\",\"item\":\"https:\/\/stockmusik.com.co\/\"},{\"@type\":\"ListItem\",\"position\":2,\"name\":\"Tienda StockMusik\",\"item\":\"https:\/\/stockmusik.com.co\/index.php\/tienda-stockmusik\/\"},{\"@type\":\"ListItem\",\"position\":3,\"name\":\"MICROFONO SHURE SV100\"}]},{\"@type\":\"WebSite\",\"@id\":\"https:\/\/stockmusik.com.co\/#website\",\"url\":\"https:\/\/stockmusik.com.co\/\",\"name\":\"Stock Musik\",\"description\":\"Tienda de Instrumentos Musicales\",\"publisher\":{\"@id\":\"https:\/\/stockmusik.com.co\/#organization\"},\"potentialAction\":[{\"@type\":\"SearchAction\",\"target\":{\"@type\":\"EntryPoint\",\"urlTemplate\":\"https:\/\/stockmusik.com.co\/?s={search_term_string}\"},\"query-input\":\"required name=search_term_string\"}],\"inLanguage\":\"es\"},{\"@type\":\"Organization\",\"@id\":\"https:\/\/stockmusik.com.co\/#organization\",\"name\":\"Stock Musik\",\"url\":\"https:\/\/stockmusik.com.co\/\",\"logo\":{\"@type\":\"ImageObject\",\"inLanguage\":\"es\",\"@id\":\"https:\/\/stockmusik.com.co\/#\/schema\/logo\/image\/\",\"url\":\"https:\/\/stockmusik.com.co\/wp-content\/uploads\/2020\/08\/cropped-logo_stock_musik.png\",\"contentUrl\":\"https:\/\/stockmusik.com.co\/wp-content\/uploads\/2020\/08\/cropped-logo_stock_musik.png\",\"width\":455,\"height\":173,\"caption\":\"Stock Musik\"},\"image\":{\"@id\":\"https:\/\/stockmusik.com.co\/#\/schema\/logo\/image\/\"},\"sameAs\":[\"https:\/\/es-la.facebook.com\/stockmusik\/\"]}]}<\/script>\n<meta property=\"product:price:amount\" content=\"140000\" \/>\n<meta property=\"product:price:currency\" content=\"COP\" \/>\n<meta property=\"og:availability\" content=\"instock\" \/>\n<meta property=\"product:availability\" content=\"instock\" \/>\n<meta property=\"product:retailer_item_id\" content=\"743\" \/>\n<meta property=\"product:condition\" content=\"new\" \/>\n<!-- \/ Yoast SEO plugin. -->","yoast_head_json":{"title":"MICROFONO SHURE SV100 - Stock Musik","robots":{"index":"index","follow":"follow","max-snippet":"max-snippet:-1","max-image-preview":"max-image-preview:large","max-video-preview":"max-video-preview:-1"},"canonical":"https:\/\/stockmusik.com.co\/index.php\/producto\/microfono-shure-sv100\/","og_locale":"es_ES","og_type":"article","og_title":"MICROFONO SHURE SV100 - Stock Musik","og_description":"El micr\u00f3fono de mano cardioide din\u00e1mico Shure SV100 es un micr\u00f3fono de mano rentable dise\u00f1ado para manejar la gama de aplicaciones vocales. La c\u00e1psula cardioide din\u00e1mica del micr\u00f3fono maneja una alta presi\u00f3n de sonido sin distorsi\u00f3n ni ruido, lo que lo convierte en una soluci\u00f3n ideal para discursos generales, presentaciones, cantos y m\u00e1s.","og_url":"https:\/\/stockmusik.com.co\/index.php\/producto\/microfono-shure-sv100\/","og_site_name":"Stock Musik","article_publisher":"https:\/\/es-la.facebook.com\/stockmusik\/","article_modified_time":"2022-11-11T21:42:24+00:00","og_image":[{"width":800,"height":800,"url":"https:\/\/stockmusik.com.co\/wp-content\/uploads\/2020\/09\/MICROFONO-SHURE-SV100-1.jpg","type":"image\/jpeg"}],"twitter_card":"summary_large_image","twitter_misc":{"Precio":"Cotiza por Whatsapp","Availability":"In stock"},"schema":{"@context":"https:\/\/schema.org","@graph":[{"@type":"WebPage","@id":"https:\/\/stockmusik.com.co\/index.php\/producto\/microfono-shure-sv100\/","url":"https:\/\/stockmusik.com.co\/index.php\/producto\/microfono-shure-sv100\/","name":"MICROFONO SHURE SV100 - Stock Musik","isPartOf":{"@id":"https:\/\/stockmusik.com.co\/#website"},"datePublished":"2020-09-16T22:46:25+00:00","dateModified":"2022-11-11T21:42:24+00:00","breadcrumb":{"@id":"https:\/\/stockmusik.com.co\/index.php\/producto\/microfono-shure-sv100\/#breadcrumb"},"inLanguage":"es","potentialAction":[{"@type":"ReadAction","target":["https:\/\/stockmusik.com.co\/index.php\/producto\/microfono-shure-sv100\/"]}]},{"@type":"BreadcrumbList","@id":"https:\/\/stockmusik.com.co\/index.php\/producto\/microfono-shure-sv100\/#breadcrumb","itemListElement":[{"@type":"ListItem","position":1,"name":"Portada","item":"https:\/\/stockmusik.com.co\/"},{"@type":"ListItem","position":2,"name":"Tienda StockMusik","item":"https:\/\/stockmusik.com.co\/index.php\/tienda-stockmusik\/"},{"@type":"ListItem","position":3,"name":"MICROFONO SHURE SV100"}]},{"@type":"WebSite","@id":"https:\/\/stockmusik.com.co\/#website","url":"https:\/\/stockmusik.com.co\/","name":"Stock Musik","description":"Tienda de Instrumentos Musicales","publisher":{"@id":"https:\/\/stockmusik.com.co\/#organization"},"potentialAction":[{"@type":"SearchAction","target":{"@type":"EntryPoint","urlTemplate":"https:\/\/stockmusik.com.co\/?s={search_term_string}"},"query-input":"required name=search_term_string"}],"inLanguage":"es"},{"@type":"Organization","@id":"https:\/\/stockmusik.com.co\/#organization","name":"Stock Musik","url":"https:\/\/stockmusik.com.co\/","logo":{"@type":"ImageObject","inLanguage":"es","@id":"https:\/\/stockmusik.com.co\/#\/schema\/logo\/image\/","url":"https:\/\/stockmusik.com.co\/wp-content\/uploads\/2020\/08\/cropped-logo_stock_musik.png","contentUrl":"https:\/\/stockmusik.com.co\/wp-content\/uploads\/2020\/08\/cropped-logo_stock_musik.png","width":455,"height":173,"caption":"Stock Musik"},"image":{"@id":"https:\/\/stockmusik.com.co\/#\/schema\/logo\/image\/"},"sameAs":["https:\/\/es-la.facebook.com\/stockmusik\/"]}]},"product_price_amount":"140000","product_price_currency":"COP","og_availability":"instock","product_availability":"instock","product_retailer_item_id":"743","product_condition":"new"},"brands":[{"id":87,"name":"SHURE","slug":"shure"}],"_links":{"self":[{"href":"https:\/\/stockmusik.com.co\/index.php\/wp-json\/wp\/v2\/product\/2559","targetHints":{"allow":["GET"]}}],"collection":[{"href":"https:\/\/stockmusik.com.co\/index.php\/wp-json\/wp\/v2\/product"}],"about":[{"href":"https:\/\/stockmusik.com.co\/index.php\/wp-json\/wp\/v2\/types\/product"}],"replies":[{"embeddable":true,"href":"https:\/\/stockmusik.com.co\/index.php\/wp-json\/wp\/v2\/comments?post=2559"}],"wp:featuredmedia":[{"embeddable":true,"href":"https:\/\/stockmusik.com.co\/index.php\/wp-json\/wp\/v2\/media\/4623"}],"wp:attachment":[{"href":"https:\/\/stockmusik.com.co\/index.php\/wp-json\/wp\/v2\/media?parent=2559"}],"wp:term":[{"taxonomy":"pwb-brand","embeddable":true,"href":"https:\/\/stockmusik.com.co\/index.php\/wp-json\/wp\/v2\/pwb-brand?post=2559"},{"taxonomy":"product_brand","embeddable":true,"href":"https:\/\/stockmusik.com.co\/index.php\/wp-json\/wp\/v2\/product_brand?post=2559"},{"taxonomy":"product_cat","embeddable":true,"href":"https:\/\/stockmusik.com.co\/index.php\/wp-json\/wp\/v2\/product_cat?post=2559"},{"taxonomy":"product_tag","embeddable":true,"href":"https:\/\/stockmusik.com.co\/index.php\/wp-json\/wp\/v2\/product_tag?post=2559"}],"curies":[{"name":"wp","href":"https:\/\/api.w.org\/{rel}","templated":true}]}}