{"id":2369,"date":"2020-09-16T17:45:45","date_gmt":"2020-09-16T22:45:45","guid":{"rendered":"https:\/\/stockmusik.com.co\/index.php\/producto\/guitarra-folk-f310-yamaha\/"},"modified":"2022-10-27T11:10:45","modified_gmt":"2022-10-27T16:10:45","slug":"guitarra-folk-f310-yamaha","status":"publish","type":"product","link":"https:\/\/stockmusik.com.co\/index.php\/producto\/guitarra-folk-f310-yamaha\/","title":{"rendered":"GUITARRA FOLK F310 YAMAHA"},"content":{"rendered":"<ul class=\"prod-features\">\n<li>Tapa de p\u00edcea<\/li>\n<li>Aros y fondo de Meranti<\/li>\n<li>M\u00e1stil de Nato<\/li>\n<li>Diapas\u00f3n de palisandro<\/li>\n<li>Medida: 634 mm<\/li>\n<li>Ancho de cejuela: 43 mm<\/li>\n<li>Mec\u00e1nicas abiertas cromadas<\/li>\n<li>Color: Natural brillante<\/li>\n<\/ul>\n","protected":false},"excerpt":{"rendered":"<p>Guitarra ac\u00fastica Yamaha F310 tipo \u00abwestern\u00bb con tapa de p\u00edcea, Aros y fondo de meranti y M\u00e1stil de nato. Su diapas\u00f3n de 20 trastes de palisandro, otorgan total comodidad. Manufactura y maderas de alta calidad para obtener un excelente instrumento con muy buen sonido y excelente relaci\u00f3n calidad \/ precio. Escala de 634mm.\u00a0Ancho de la selleta: 43mm.<\/p>\n","protected":false},"featured_media":4115,"comment_status":"open","ping_status":"closed","template":"","meta":{"_jet_sm_ready_style":"","_jet_sm_style":"","_jet_sm_controls_values":"","_jet_sm_fonts_collection":"","_jet_sm_fonts_links":""},"pwb-brand":[97],"product_brand":[],"product_cat":[316],"product_tag":[],"class_list":{"0":"post-2369","1":"product","2":"type-product","3":"status-publish","4":"has-post-thumbnail","6":"pwb-brand-yamaha","7":"product_cat-guitarra-folk","9":"first","10":"instock","11":"shipping-taxable","12":"purchasable","13":"product-type-simple"},"yoast_head":"<!-- This site is optimized with the Yoast SEO plugin v19.11 - https:\/\/yoast.com\/wordpress\/plugins\/seo\/ -->\n<title>GUITARRA FOLK F310 YAMAHA - Stock Musik<\/title>\n<meta name=\"robots\" content=\"index, follow, max-snippet:-1, max-image-preview:large, max-video-preview:-1\" \/>\n<link rel=\"canonical\" href=\"https:\/\/stockmusik.com.co\/index.php\/producto\/guitarra-folk-f310-yamaha\/\" \/>\n<meta property=\"og:locale\" content=\"es_ES\" \/>\n<meta property=\"og:type\" content=\"article\" \/>\n<meta property=\"og:title\" content=\"GUITARRA FOLK F310 YAMAHA - Stock Musik\" \/>\n<meta property=\"og:description\" content=\"Guitarra ac\u00fastica Yamaha F310 tipo &quot;western&quot; con tapa de p\u00edcea, Aros y fondo de meranti y M\u00e1stil de nato. Su diapas\u00f3n de 20 trastes de palisandro, otorgan total comodidad. Manufactura y maderas de alta calidad para obtener un excelente instrumento con muy buen sonido y excelente relaci\u00f3n calidad \/ precio. Escala de 634mm.\u00a0Ancho de la selleta: 43mm.\" \/>\n<meta property=\"og:url\" content=\"https:\/\/stockmusik.com.co\/index.php\/producto\/guitarra-folk-f310-yamaha\/\" \/>\n<meta property=\"og:site_name\" content=\"Stock Musik\" \/>\n<meta property=\"article:publisher\" content=\"https:\/\/es-la.facebook.com\/stockmusik\/\" \/>\n<meta property=\"article:modified_time\" content=\"2022-10-27T16:10:45+00:00\" \/>\n<meta property=\"og:image\" content=\"https:\/\/stockmusik.com.co\/wp-content\/uploads\/2020\/09\/GUITARRA-FOLK-F310-YAMAHA-4.jpg\" \/>\n\t<meta property=\"og:image:width\" content=\"700\" \/>\n\t<meta property=\"og:image:height\" content=\"1000\" \/>\n\t<meta property=\"og:image:type\" content=\"image\/jpeg\" \/>\n<meta name=\"twitter:card\" content=\"summary_large_image\" \/>\n<meta name=\"twitter:label1\" content=\"Precio\" \/>\n\t<meta name=\"twitter:data1\" content=\"Cotiza por Whatsapp\" \/>\n\t<meta name=\"twitter:label2\" content=\"Availability\" \/>\n\t<meta name=\"twitter:data2\" content=\"In stock\" \/>\n<script type=\"application\/ld+json\" class=\"yoast-schema-graph\">{\"@context\":\"https:\/\/schema.org\",\"@graph\":[{\"@type\":\"WebPage\",\"@id\":\"https:\/\/stockmusik.com.co\/index.php\/producto\/guitarra-folk-f310-yamaha\/\",\"url\":\"https:\/\/stockmusik.com.co\/index.php\/producto\/guitarra-folk-f310-yamaha\/\",\"name\":\"GUITARRA FOLK F310 YAMAHA - Stock Musik\",\"isPartOf\":{\"@id\":\"https:\/\/stockmusik.com.co\/#website\"},\"datePublished\":\"2020-09-16T22:45:45+00:00\",\"dateModified\":\"2022-10-27T16:10:45+00:00\",\"breadcrumb\":{\"@id\":\"https:\/\/stockmusik.com.co\/index.php\/producto\/guitarra-folk-f310-yamaha\/#breadcrumb\"},\"inLanguage\":\"es\",\"potentialAction\":[{\"@type\":\"ReadAction\",\"target\":[\"https:\/\/stockmusik.com.co\/index.php\/producto\/guitarra-folk-f310-yamaha\/\"]}]},{\"@type\":\"BreadcrumbList\",\"@id\":\"https:\/\/stockmusik.com.co\/index.php\/producto\/guitarra-folk-f310-yamaha\/#breadcrumb\",\"itemListElement\":[{\"@type\":\"ListItem\",\"position\":1,\"name\":\"Portada\",\"item\":\"https:\/\/stockmusik.com.co\/\"},{\"@type\":\"ListItem\",\"position\":2,\"name\":\"Tienda StockMusik\",\"item\":\"https:\/\/stockmusik.com.co\/index.php\/tienda-stockmusik\/\"},{\"@type\":\"ListItem\",\"position\":3,\"name\":\"GUITARRA FOLK F310 YAMAHA\"}]},{\"@type\":\"WebSite\",\"@id\":\"https:\/\/stockmusik.com.co\/#website\",\"url\":\"https:\/\/stockmusik.com.co\/\",\"name\":\"Stock Musik\",\"description\":\"Tienda de Instrumentos Musicales\",\"publisher\":{\"@id\":\"https:\/\/stockmusik.com.co\/#organization\"},\"potentialAction\":[{\"@type\":\"SearchAction\",\"target\":{\"@type\":\"EntryPoint\",\"urlTemplate\":\"https:\/\/stockmusik.com.co\/?s={search_term_string}\"},\"query-input\":\"required name=search_term_string\"}],\"inLanguage\":\"es\"},{\"@type\":\"Organization\",\"@id\":\"https:\/\/stockmusik.com.co\/#organization\",\"name\":\"Stock Musik\",\"url\":\"https:\/\/stockmusik.com.co\/\",\"logo\":{\"@type\":\"ImageObject\",\"inLanguage\":\"es\",\"@id\":\"https:\/\/stockmusik.com.co\/#\/schema\/logo\/image\/\",\"url\":\"https:\/\/stockmusik.com.co\/wp-content\/uploads\/2020\/08\/cropped-logo_stock_musik.png\",\"contentUrl\":\"https:\/\/stockmusik.com.co\/wp-content\/uploads\/2020\/08\/cropped-logo_stock_musik.png\",\"width\":455,\"height\":173,\"caption\":\"Stock Musik\"},\"image\":{\"@id\":\"https:\/\/stockmusik.com.co\/#\/schema\/logo\/image\/\"},\"sameAs\":[\"https:\/\/es-la.facebook.com\/stockmusik\/\"]}]}<\/script>\n<meta property=\"product:price:amount\" content=\"1000000\" \/>\n<meta property=\"product:price:currency\" content=\"COP\" \/>\n<meta property=\"og:availability\" content=\"instock\" \/>\n<meta property=\"product:availability\" content=\"instock\" \/>\n<meta property=\"product:retailer_item_id\" content=\"633\" \/>\n<meta property=\"product:condition\" content=\"new\" \/>\n<!-- \/ Yoast SEO plugin. -->","yoast_head_json":{"title":"GUITARRA FOLK F310 YAMAHA - Stock Musik","robots":{"index":"index","follow":"follow","max-snippet":"max-snippet:-1","max-image-preview":"max-image-preview:large","max-video-preview":"max-video-preview:-1"},"canonical":"https:\/\/stockmusik.com.co\/index.php\/producto\/guitarra-folk-f310-yamaha\/","og_locale":"es_ES","og_type":"article","og_title":"GUITARRA FOLK F310 YAMAHA - Stock Musik","og_description":"Guitarra ac\u00fastica Yamaha F310 tipo \"western\" con tapa de p\u00edcea, Aros y fondo de meranti y M\u00e1stil de nato. Su diapas\u00f3n de 20 trastes de palisandro, otorgan total comodidad. Manufactura y maderas de alta calidad para obtener un excelente instrumento con muy buen sonido y excelente relaci\u00f3n calidad \/ precio. Escala de 634mm.\u00a0Ancho de la selleta: 43mm.","og_url":"https:\/\/stockmusik.com.co\/index.php\/producto\/guitarra-folk-f310-yamaha\/","og_site_name":"Stock Musik","article_publisher":"https:\/\/es-la.facebook.com\/stockmusik\/","article_modified_time":"2022-10-27T16:10:45+00:00","og_image":[{"width":700,"height":1000,"url":"https:\/\/stockmusik.com.co\/wp-content\/uploads\/2020\/09\/GUITARRA-FOLK-F310-YAMAHA-4.jpg","type":"image\/jpeg"}],"twitter_card":"summary_large_image","twitter_misc":{"Precio":"Cotiza por Whatsapp","Availability":"In stock"},"schema":{"@context":"https:\/\/schema.org","@graph":[{"@type":"WebPage","@id":"https:\/\/stockmusik.com.co\/index.php\/producto\/guitarra-folk-f310-yamaha\/","url":"https:\/\/stockmusik.com.co\/index.php\/producto\/guitarra-folk-f310-yamaha\/","name":"GUITARRA FOLK F310 YAMAHA - Stock Musik","isPartOf":{"@id":"https:\/\/stockmusik.com.co\/#website"},"datePublished":"2020-09-16T22:45:45+00:00","dateModified":"2022-10-27T16:10:45+00:00","breadcrumb":{"@id":"https:\/\/stockmusik.com.co\/index.php\/producto\/guitarra-folk-f310-yamaha\/#breadcrumb"},"inLanguage":"es","potentialAction":[{"@type":"ReadAction","target":["https:\/\/stockmusik.com.co\/index.php\/producto\/guitarra-folk-f310-yamaha\/"]}]},{"@type":"BreadcrumbList","@id":"https:\/\/stockmusik.com.co\/index.php\/producto\/guitarra-folk-f310-yamaha\/#breadcrumb","itemListElement":[{"@type":"ListItem","position":1,"name":"Portada","item":"https:\/\/stockmusik.com.co\/"},{"@type":"ListItem","position":2,"name":"Tienda StockMusik","item":"https:\/\/stockmusik.com.co\/index.php\/tienda-stockmusik\/"},{"@type":"ListItem","position":3,"name":"GUITARRA FOLK F310 YAMAHA"}]},{"@type":"WebSite","@id":"https:\/\/stockmusik.com.co\/#website","url":"https:\/\/stockmusik.com.co\/","name":"Stock Musik","description":"Tienda de Instrumentos Musicales","publisher":{"@id":"https:\/\/stockmusik.com.co\/#organization"},"potentialAction":[{"@type":"SearchAction","target":{"@type":"EntryPoint","urlTemplate":"https:\/\/stockmusik.com.co\/?s={search_term_string}"},"query-input":"required name=search_term_string"}],"inLanguage":"es"},{"@type":"Organization","@id":"https:\/\/stockmusik.com.co\/#organization","name":"Stock Musik","url":"https:\/\/stockmusik.com.co\/","logo":{"@type":"ImageObject","inLanguage":"es","@id":"https:\/\/stockmusik.com.co\/#\/schema\/logo\/image\/","url":"https:\/\/stockmusik.com.co\/wp-content\/uploads\/2020\/08\/cropped-logo_stock_musik.png","contentUrl":"https:\/\/stockmusik.com.co\/wp-content\/uploads\/2020\/08\/cropped-logo_stock_musik.png","width":455,"height":173,"caption":"Stock Musik"},"image":{"@id":"https:\/\/stockmusik.com.co\/#\/schema\/logo\/image\/"},"sameAs":["https:\/\/es-la.facebook.com\/stockmusik\/"]}]},"product_price_amount":"1000000","product_price_currency":"COP","og_availability":"instock","product_availability":"instock","product_retailer_item_id":"633","product_condition":"new"},"brands":[{"id":97,"name":"YAMAHA","slug":"yamaha"}],"_links":{"self":[{"href":"https:\/\/stockmusik.com.co\/index.php\/wp-json\/wp\/v2\/product\/2369","targetHints":{"allow":["GET"]}}],"collection":[{"href":"https:\/\/stockmusik.com.co\/index.php\/wp-json\/wp\/v2\/product"}],"about":[{"href":"https:\/\/stockmusik.com.co\/index.php\/wp-json\/wp\/v2\/types\/product"}],"replies":[{"embeddable":true,"href":"https:\/\/stockmusik.com.co\/index.php\/wp-json\/wp\/v2\/comments?post=2369"}],"wp:featuredmedia":[{"embeddable":true,"href":"https:\/\/stockmusik.com.co\/index.php\/wp-json\/wp\/v2\/media\/4115"}],"wp:attachment":[{"href":"https:\/\/stockmusik.com.co\/index.php\/wp-json\/wp\/v2\/media?parent=2369"}],"wp:term":[{"taxonomy":"pwb-brand","embeddable":true,"href":"https:\/\/stockmusik.com.co\/index.php\/wp-json\/wp\/v2\/pwb-brand?post=2369"},{"taxonomy":"product_brand","embeddable":true,"href":"https:\/\/stockmusik.com.co\/index.php\/wp-json\/wp\/v2\/product_brand?post=2369"},{"taxonomy":"product_cat","embeddable":true,"href":"https:\/\/stockmusik.com.co\/index.php\/wp-json\/wp\/v2\/product_cat?post=2369"},{"taxonomy":"product_tag","embeddable":true,"href":"https:\/\/stockmusik.com.co\/index.php\/wp-json\/wp\/v2\/product_tag?post=2369"}],"curies":[{"name":"wp","href":"https:\/\/api.w.org\/{rel}","templated":true}]}}