{"id":2357,"date":"2020-09-16T17:45:43","date_gmt":"2020-09-16T22:45:43","guid":{"rendered":"https:\/\/stockmusik.com.co\/index.php\/producto\/guitarra-electroacustica-persian-af485ce\/"},"modified":"2022-11-11T17:16:12","modified_gmt":"2022-11-11T22:16:12","slug":"guitarra-electroacustica-persian-af485ce","status":"publish","type":"product","link":"https:\/\/stockmusik.com.co\/index.php\/producto\/guitarra-electroacustica-persian-af485ce\/","title":{"rendered":"GUITARRA ELECTROACUSTICA PERSIAN AF485CE"},"content":{"rendered":"<p>-Guitarra electroac\u00fastica Persian<br \/>\n-Tama\u00f1o Folk (41\u201d)<br \/>\n-Tapa frontal de pino abeto<br \/>\n-Aros y fondo de sapeli<br \/>\n-Roseta tallada laser<br \/>\n-Bisel incrustado en ABS<br \/>\n-Diapas\u00f3n y puentezuela de nogal negro<br \/>\n-Puente y cejilla sint\u00e9tica<br \/>\n-M\u00e1stil de caoba con refuerzo en fibra de carbono<br \/>\n-Truss Rod(Alma) de 2 v\u00edas en fibra de carbono<br \/>\n-Terminado mate de poro semiabierto<br \/>\n-Clavijas individuales selladas cromadas de seguridad<br \/>\n-Ecualizador activo de 4 bandas con afinador integrado en pantalla LCD, salida dual (XLR y plug de 6,3mm)<br \/>\n-Sonido disperso con enfoque de ecualizaci\u00f3n en las frecuencias medias\/altas<\/p>\n","protected":false},"excerpt":{"rendered":"<p>La l\u00ednea de Guitarras Caoba\/Sapeli Persian se caracteriza por su potente y explosivo sonido, bellos terminados, dise\u00f1os especiales y proyecci\u00f3n sonora \u00fanica en el mercado. Con terminados altamente profesionales y caracter\u00edsticas de construcci\u00f3n de alt\u00edsima factura, adem\u00e1s de su selecci\u00f3n de maderas americanas intertropicales y un tratamiento profesional de las mismas, la l\u00ednea de Guitarras Persian se consolida como la mejor alternativa para m\u00fasicos profesionales, perfecta para producci\u00f3n musical y performance en vivo, \u00a1\u00f3ptimas para todo tipo de escenario!<\/p>\n","protected":false},"featured_media":4635,"comment_status":"open","ping_status":"closed","template":"","meta":{"_jet_sm_ready_style":"","_jet_sm_style":"","_jet_sm_controls_values":"","_jet_sm_fonts_collection":"","_jet_sm_fonts_links":""},"pwb-brand":[73],"product_brand":[],"product_cat":[316],"product_tag":[],"class_list":{"0":"post-2357","1":"product","2":"type-product","3":"status-publish","4":"has-post-thumbnail","6":"pwb-brand-persian","7":"product_cat-guitarra-folk","9":"first","10":"instock","11":"shipping-taxable","12":"purchasable","13":"product-type-simple"},"yoast_head":"<!-- This site is optimized with the Yoast SEO plugin v19.11 - https:\/\/yoast.com\/wordpress\/plugins\/seo\/ -->\n<title>GUITARRA ELECTROACUSTICA PERSIAN AF485CE - Stock Musik<\/title>\n<meta name=\"robots\" content=\"index, follow, max-snippet:-1, max-image-preview:large, max-video-preview:-1\" \/>\n<link rel=\"canonical\" href=\"https:\/\/stockmusik.com.co\/index.php\/producto\/guitarra-electroacustica-persian-af485ce\/\" \/>\n<meta property=\"og:locale\" content=\"es_ES\" \/>\n<meta property=\"og:type\" content=\"article\" \/>\n<meta property=\"og:title\" content=\"GUITARRA ELECTROACUSTICA PERSIAN AF485CE - Stock Musik\" \/>\n<meta property=\"og:description\" content=\"La l\u00ednea de Guitarras Caoba\/Sapeli Persian se caracteriza por su potente y explosivo sonido, bellos terminados, dise\u00f1os especiales y proyecci\u00f3n sonora \u00fanica en el mercado. Con terminados altamente profesionales y caracter\u00edsticas de construcci\u00f3n de alt\u00edsima factura, adem\u00e1s de su selecci\u00f3n de maderas americanas intertropicales y un tratamiento profesional de las mismas, la l\u00ednea de Guitarras Persian se consolida como la mejor alternativa para m\u00fasicos profesionales, perfecta para producci\u00f3n musical y performance en vivo, \u00a1\u00f3ptimas para todo tipo de escenario!\" \/>\n<meta property=\"og:url\" content=\"https:\/\/stockmusik.com.co\/index.php\/producto\/guitarra-electroacustica-persian-af485ce\/\" \/>\n<meta property=\"og:site_name\" content=\"Stock Musik\" \/>\n<meta property=\"article:publisher\" content=\"https:\/\/es-la.facebook.com\/stockmusik\/\" \/>\n<meta property=\"article:modified_time\" content=\"2022-11-11T22:16:12+00:00\" \/>\n<meta property=\"og:image\" content=\"https:\/\/stockmusik.com.co\/wp-content\/uploads\/2020\/09\/01-683x1024.png\" \/>\n\t<meta property=\"og:image:width\" content=\"683\" \/>\n\t<meta property=\"og:image:height\" content=\"1024\" \/>\n\t<meta property=\"og:image:type\" content=\"image\/png\" \/>\n<meta name=\"twitter:card\" content=\"summary_large_image\" \/>\n<meta name=\"twitter:label1\" content=\"Precio\" \/>\n\t<meta name=\"twitter:data1\" content=\"Cotiza por Whatsapp\" \/>\n\t<meta name=\"twitter:label2\" content=\"Availability\" \/>\n\t<meta name=\"twitter:data2\" content=\"In stock\" \/>\n<script type=\"application\/ld+json\" class=\"yoast-schema-graph\">{\"@context\":\"https:\/\/schema.org\",\"@graph\":[{\"@type\":\"WebPage\",\"@id\":\"https:\/\/stockmusik.com.co\/index.php\/producto\/guitarra-electroacustica-persian-af485ce\/\",\"url\":\"https:\/\/stockmusik.com.co\/index.php\/producto\/guitarra-electroacustica-persian-af485ce\/\",\"name\":\"GUITARRA ELECTROACUSTICA PERSIAN AF485CE - Stock Musik\",\"isPartOf\":{\"@id\":\"https:\/\/stockmusik.com.co\/#website\"},\"datePublished\":\"2020-09-16T22:45:43+00:00\",\"dateModified\":\"2022-11-11T22:16:12+00:00\",\"breadcrumb\":{\"@id\":\"https:\/\/stockmusik.com.co\/index.php\/producto\/guitarra-electroacustica-persian-af485ce\/#breadcrumb\"},\"inLanguage\":\"es\",\"potentialAction\":[{\"@type\":\"ReadAction\",\"target\":[\"https:\/\/stockmusik.com.co\/index.php\/producto\/guitarra-electroacustica-persian-af485ce\/\"]}]},{\"@type\":\"BreadcrumbList\",\"@id\":\"https:\/\/stockmusik.com.co\/index.php\/producto\/guitarra-electroacustica-persian-af485ce\/#breadcrumb\",\"itemListElement\":[{\"@type\":\"ListItem\",\"position\":1,\"name\":\"Portada\",\"item\":\"https:\/\/stockmusik.com.co\/\"},{\"@type\":\"ListItem\",\"position\":2,\"name\":\"Tienda StockMusik\",\"item\":\"https:\/\/stockmusik.com.co\/index.php\/tienda-stockmusik\/\"},{\"@type\":\"ListItem\",\"position\":3,\"name\":\"GUITARRA ELECTROACUSTICA PERSIAN AF485CE\"}]},{\"@type\":\"WebSite\",\"@id\":\"https:\/\/stockmusik.com.co\/#website\",\"url\":\"https:\/\/stockmusik.com.co\/\",\"name\":\"Stock Musik\",\"description\":\"Tienda de Instrumentos Musicales\",\"publisher\":{\"@id\":\"https:\/\/stockmusik.com.co\/#organization\"},\"potentialAction\":[{\"@type\":\"SearchAction\",\"target\":{\"@type\":\"EntryPoint\",\"urlTemplate\":\"https:\/\/stockmusik.com.co\/?s={search_term_string}\"},\"query-input\":\"required name=search_term_string\"}],\"inLanguage\":\"es\"},{\"@type\":\"Organization\",\"@id\":\"https:\/\/stockmusik.com.co\/#organization\",\"name\":\"Stock Musik\",\"url\":\"https:\/\/stockmusik.com.co\/\",\"logo\":{\"@type\":\"ImageObject\",\"inLanguage\":\"es\",\"@id\":\"https:\/\/stockmusik.com.co\/#\/schema\/logo\/image\/\",\"url\":\"https:\/\/stockmusik.com.co\/wp-content\/uploads\/2020\/08\/cropped-logo_stock_musik.png\",\"contentUrl\":\"https:\/\/stockmusik.com.co\/wp-content\/uploads\/2020\/08\/cropped-logo_stock_musik.png\",\"width\":455,\"height\":173,\"caption\":\"Stock Musik\"},\"image\":{\"@id\":\"https:\/\/stockmusik.com.co\/#\/schema\/logo\/image\/\"},\"sameAs\":[\"https:\/\/es-la.facebook.com\/stockmusik\/\"]}]}<\/script>\n<meta property=\"product:price:amount\" content=\"615000\" \/>\n<meta property=\"product:price:currency\" content=\"COP\" \/>\n<meta property=\"og:availability\" content=\"instock\" \/>\n<meta property=\"product:availability\" content=\"instock\" \/>\n<meta property=\"product:retailer_item_id\" content=\"623\" \/>\n<meta property=\"product:condition\" content=\"new\" \/>\n<!-- \/ Yoast SEO plugin. -->","yoast_head_json":{"title":"GUITARRA ELECTROACUSTICA PERSIAN AF485CE - Stock Musik","robots":{"index":"index","follow":"follow","max-snippet":"max-snippet:-1","max-image-preview":"max-image-preview:large","max-video-preview":"max-video-preview:-1"},"canonical":"https:\/\/stockmusik.com.co\/index.php\/producto\/guitarra-electroacustica-persian-af485ce\/","og_locale":"es_ES","og_type":"article","og_title":"GUITARRA ELECTROACUSTICA PERSIAN AF485CE - Stock Musik","og_description":"La l\u00ednea de Guitarras Caoba\/Sapeli Persian se caracteriza por su potente y explosivo sonido, bellos terminados, dise\u00f1os especiales y proyecci\u00f3n sonora \u00fanica en el mercado. Con terminados altamente profesionales y caracter\u00edsticas de construcci\u00f3n de alt\u00edsima factura, adem\u00e1s de su selecci\u00f3n de maderas americanas intertropicales y un tratamiento profesional de las mismas, la l\u00ednea de Guitarras Persian se consolida como la mejor alternativa para m\u00fasicos profesionales, perfecta para producci\u00f3n musical y performance en vivo, \u00a1\u00f3ptimas para todo tipo de escenario!","og_url":"https:\/\/stockmusik.com.co\/index.php\/producto\/guitarra-electroacustica-persian-af485ce\/","og_site_name":"Stock Musik","article_publisher":"https:\/\/es-la.facebook.com\/stockmusik\/","article_modified_time":"2022-11-11T22:16:12+00:00","og_image":[{"width":683,"height":1024,"url":"https:\/\/stockmusik.com.co\/wp-content\/uploads\/2020\/09\/01-683x1024.png","type":"image\/png"}],"twitter_card":"summary_large_image","twitter_misc":{"Precio":"Cotiza por Whatsapp","Availability":"In stock"},"schema":{"@context":"https:\/\/schema.org","@graph":[{"@type":"WebPage","@id":"https:\/\/stockmusik.com.co\/index.php\/producto\/guitarra-electroacustica-persian-af485ce\/","url":"https:\/\/stockmusik.com.co\/index.php\/producto\/guitarra-electroacustica-persian-af485ce\/","name":"GUITARRA ELECTROACUSTICA PERSIAN AF485CE - Stock Musik","isPartOf":{"@id":"https:\/\/stockmusik.com.co\/#website"},"datePublished":"2020-09-16T22:45:43+00:00","dateModified":"2022-11-11T22:16:12+00:00","breadcrumb":{"@id":"https:\/\/stockmusik.com.co\/index.php\/producto\/guitarra-electroacustica-persian-af485ce\/#breadcrumb"},"inLanguage":"es","potentialAction":[{"@type":"ReadAction","target":["https:\/\/stockmusik.com.co\/index.php\/producto\/guitarra-electroacustica-persian-af485ce\/"]}]},{"@type":"BreadcrumbList","@id":"https:\/\/stockmusik.com.co\/index.php\/producto\/guitarra-electroacustica-persian-af485ce\/#breadcrumb","itemListElement":[{"@type":"ListItem","position":1,"name":"Portada","item":"https:\/\/stockmusik.com.co\/"},{"@type":"ListItem","position":2,"name":"Tienda StockMusik","item":"https:\/\/stockmusik.com.co\/index.php\/tienda-stockmusik\/"},{"@type":"ListItem","position":3,"name":"GUITARRA ELECTROACUSTICA PERSIAN AF485CE"}]},{"@type":"WebSite","@id":"https:\/\/stockmusik.com.co\/#website","url":"https:\/\/stockmusik.com.co\/","name":"Stock Musik","description":"Tienda de Instrumentos Musicales","publisher":{"@id":"https:\/\/stockmusik.com.co\/#organization"},"potentialAction":[{"@type":"SearchAction","target":{"@type":"EntryPoint","urlTemplate":"https:\/\/stockmusik.com.co\/?s={search_term_string}"},"query-input":"required name=search_term_string"}],"inLanguage":"es"},{"@type":"Organization","@id":"https:\/\/stockmusik.com.co\/#organization","name":"Stock Musik","url":"https:\/\/stockmusik.com.co\/","logo":{"@type":"ImageObject","inLanguage":"es","@id":"https:\/\/stockmusik.com.co\/#\/schema\/logo\/image\/","url":"https:\/\/stockmusik.com.co\/wp-content\/uploads\/2020\/08\/cropped-logo_stock_musik.png","contentUrl":"https:\/\/stockmusik.com.co\/wp-content\/uploads\/2020\/08\/cropped-logo_stock_musik.png","width":455,"height":173,"caption":"Stock Musik"},"image":{"@id":"https:\/\/stockmusik.com.co\/#\/schema\/logo\/image\/"},"sameAs":["https:\/\/es-la.facebook.com\/stockmusik\/"]}]},"product_price_amount":"615000","product_price_currency":"COP","og_availability":"instock","product_availability":"instock","product_retailer_item_id":"623","product_condition":"new"},"brands":[{"id":73,"name":"PERSIAN","slug":"persian"}],"_links":{"self":[{"href":"https:\/\/stockmusik.com.co\/index.php\/wp-json\/wp\/v2\/product\/2357","targetHints":{"allow":["GET"]}}],"collection":[{"href":"https:\/\/stockmusik.com.co\/index.php\/wp-json\/wp\/v2\/product"}],"about":[{"href":"https:\/\/stockmusik.com.co\/index.php\/wp-json\/wp\/v2\/types\/product"}],"replies":[{"embeddable":true,"href":"https:\/\/stockmusik.com.co\/index.php\/wp-json\/wp\/v2\/comments?post=2357"}],"wp:featuredmedia":[{"embeddable":true,"href":"https:\/\/stockmusik.com.co\/index.php\/wp-json\/wp\/v2\/media\/4635"}],"wp:attachment":[{"href":"https:\/\/stockmusik.com.co\/index.php\/wp-json\/wp\/v2\/media?parent=2357"}],"wp:term":[{"taxonomy":"pwb-brand","embeddable":true,"href":"https:\/\/stockmusik.com.co\/index.php\/wp-json\/wp\/v2\/pwb-brand?post=2357"},{"taxonomy":"product_brand","embeddable":true,"href":"https:\/\/stockmusik.com.co\/index.php\/wp-json\/wp\/v2\/product_brand?post=2357"},{"taxonomy":"product_cat","embeddable":true,"href":"https:\/\/stockmusik.com.co\/index.php\/wp-json\/wp\/v2\/product_cat?post=2357"},{"taxonomy":"product_tag","embeddable":true,"href":"https:\/\/stockmusik.com.co\/index.php\/wp-json\/wp\/v2\/product_tag?post=2357"}],"curies":[{"name":"wp","href":"https:\/\/api.w.org\/{rel}","templated":true}]}}