{"id":2325,"date":"2020-09-16T17:45:36","date_gmt":"2020-09-16T22:45:36","guid":{"rendered":"https:\/\/stockmusik.com.co\/index.php\/producto\/guitarra-electrica-epiphone-ensvebvch1-les-paul\/"},"modified":"2022-11-11T17:58:38","modified_gmt":"2022-11-11T22:58:38","slug":"guitarra-electrica-epiphone-ensvebvch1-les-paul","status":"publish","type":"product","link":"https:\/\/stockmusik.com.co\/index.php\/producto\/guitarra-electrica-epiphone-ensvebvch1-les-paul\/","title":{"rendered":"GUITARRA ELECTRICA EPIPHONE ENSVEBVCH1 LES PAUL"},"content":{"rendered":"<table cellspacing=\"0\" cellpadding=\"0\">\n<tbody>\n<tr>\n<td class=\"SpecFirstCell\" valign=\"top\">Terminar<\/td>\n<td valign=\"top\">Desgastado vintage<\/td>\n<\/tr>\n<tr>\n<td class=\"SpecFirstCell\" valign=\"top\">Cuerpo<\/td>\n<td valign=\"top\">\u00e1lamo<\/td>\n<\/tr>\n<tr>\n<td class=\"SpecFirstCell\" valign=\"top\">Cuello<\/td>\n<td valign=\"top\">Okoume<\/td>\n<\/tr>\n<tr>\n<td class=\"SpecFirstCell\" valign=\"top\">Forma del cuello<\/td>\n<td valign=\"top\">1960 SlimTaper \u2122;\u00a0Perfil D<\/td>\n<\/tr>\n<tr>\n<td class=\"SpecFirstCell\" valign=\"top\">Articulaci\u00f3n del cuello<\/td>\n<td valign=\"top\">Atornillado<\/td>\n<\/tr>\n<tr>\n<td class=\"SpecFirstCell\" valign=\"top\">Truss Rod<\/td>\n<td valign=\"top\">Ajustable<\/td>\n<\/tr>\n<tr>\n<td class=\"SpecFirstCell\" valign=\"top\">Truss Rod Cover<\/td>\n<td valign=\"top\">\u00abCampana\u00bb en forma;\u00a02 capas;\u00a0\u00abEdici\u00f3n Vintage\u00bb en blanco<\/td>\n<\/tr>\n<tr>\n<td class=\"SpecFirstCell\" valign=\"top\">Longitud de la escala<\/td>\n<td valign=\"top\">24.75 \u00ab<\/td>\n<\/tr>\n<tr>\n<td class=\"SpecFirstCell\" valign=\"top\">Diapas\u00f3n<\/td>\n<td valign=\"top\">Incrustaci\u00f3n de puntos<\/td>\n<\/tr>\n<tr>\n<td class=\"SpecFirstCell\" valign=\"top\">Radio del diapas\u00f3n<\/td>\n<td valign=\"top\">14 \u00ab<\/td>\n<\/tr>\n<tr>\n<td class=\"SpecFirstCell\" valign=\"top\">Nuez<\/td>\n<td valign=\"top\">1-11 \/ 16 \u00ab<\/td>\n<\/tr>\n<tr>\n<td class=\"SpecFirstCell\" valign=\"top\">Incrustaci\u00f3n de cabezal<\/td>\n<td valign=\"top\">\u00abDiamante partido\u00bb en perlado;\u00a0Logotipo \u00abEpiphone\u00bb en perlado<\/td>\n<\/tr>\n<tr>\n<td class=\"SpecFirstCell\" valign=\"top\">Pastilla del cuello<\/td>\n<td valign=\"top\">Epiphone 650R Humbucker;\u00a0Bobina abierta<\/td>\n<\/tr>\n<tr>\n<td class=\"SpecFirstCell\" valign=\"top\">Pastilla de puente<\/td>\n<td valign=\"top\">Epiphone 700T Humbucker;\u00a0Bobina abierta<\/td>\n<\/tr>\n<tr>\n<td class=\"SpecFirstCell\" valign=\"top\">Controles<\/td>\n<td valign=\"top\">Selector de pastilla de 3 v\u00edas<br \/>\nVolumen<br \/>\nmaestro Tono maestro<br \/>\nPerillas negras \u00abSpeed\u00bb<\/td>\n<\/tr>\n<tr>\n<td class=\"SpecFirstCell\" valign=\"top\">Cabezal<\/td>\n<td valign=\"top\">Epiphone \u00aboreja cortada\u00bb; \u00abModelo Les Paul\u00bb ; Logo \u00abEpiphone\u00bb en plata<\/td>\n<\/tr>\n<tr>\n<td class=\"SpecFirstCell\" valign=\"top\">Uni\u00f3n<\/td>\n<td valign=\"top\">Ninguna<\/td>\n<\/tr>\n<tr>\n<td class=\"SpecFirstCell\" valign=\"top\">Trastes<\/td>\n<td valign=\"top\">22;\u00a0medio jumbo<\/td>\n<\/tr>\n<tr>\n<td class=\"SpecFirstCell\" valign=\"top\">Puente<\/td>\n<td valign=\"top\">Tune-o-matic<\/td>\n<\/tr>\n<tr>\n<td class=\"SpecFirstCell\" valign=\"top\">Ap\u00e9ndice<\/td>\n<td valign=\"top\">Barra de parada<\/td>\n<\/tr>\n<tr>\n<td class=\"SpecFirstCell\" valign=\"top\">Hardware<\/td>\n<td valign=\"top\">N\u00edquel<\/td>\n<\/tr>\n<tr>\n<td class=\"SpecFirstCell\" valign=\"top\">Jack de salida<\/td>\n<td valign=\"top\">Epiphone &#8211; Trabajo pesado, no giratorio, 1\/4 \u00abcon placa de conector cuadrado<\/td>\n<\/tr>\n<tr>\n<td class=\"SpecFirstCell\" valign=\"top\">Cabezas de la m\u00e1quina<\/td>\n<td valign=\"top\">Premium cubierto;\u00a0Relaci\u00f3n 14: 1; logotipo de la edici\u00f3n \u00ab2016\u00bb en la parte posterior del cabezal<\/td>\n<\/tr>\n<tr>\n<td class=\"SpecFirstCell\" valign=\"top\">Acabados de color<\/td>\n<td valign=\"top\">Cherry, Ebony, Heritage Cherry Sunburst, Vintage Sunburst, Nogal<\/td>\n<\/tr>\n<\/tbody>\n<\/table>\n","protected":false},"excerpt":{"rendered":"<div class=\"ProductSubtitle\">Con nuevos acabados Vintage Worn y con tecnolog\u00eda Open Coil Humbuckers. Epiphone presenta la nueva guitarra el\u00e9ctrica Les Paul Special VE \u2122 (Edici\u00f3n Vintage) con el perfil cl\u00e1sico de Les Paul con un cuerpo ligero de \u00e1lamo. El Les Paul Special VE funciona con humbuckers Epiphone Open Coil y est\u00e1 disponible en hermosos y nuevos acabados de color \u201cVintage Worn\u201d que incluyen Cherry, Ebony, Heritage Cherry Sunburst, Vintage Sunburst y Walnut. Les Paul Special VE<\/div>\n","protected":false},"featured_media":3930,"comment_status":"open","ping_status":"closed","template":"","meta":{"_jet_sm_ready_style":"","_jet_sm_style":"","_jet_sm_controls_values":"","_jet_sm_fonts_collection":"","_jet_sm_fonts_links":""},"pwb-brand":[332],"product_brand":[],"product_cat":[320],"product_tag":[],"class_list":{"0":"post-2325","1":"product","2":"type-product","3":"status-publish","4":"has-post-thumbnail","6":"pwb-brand-epiphone","7":"product_cat-guitarra-electrica","9":"first","10":"instock","11":"shipping-taxable","12":"purchasable","13":"product-type-simple"},"yoast_head":"<!-- This site is optimized with the Yoast SEO plugin v19.11 - https:\/\/yoast.com\/wordpress\/plugins\/seo\/ -->\n<title>GUITARRA ELECTRICA EPIPHONE ENSVEBVCH1 LES PAUL - Stock Musik<\/title>\n<meta name=\"robots\" content=\"index, follow, max-snippet:-1, max-image-preview:large, max-video-preview:-1\" \/>\n<link rel=\"canonical\" href=\"https:\/\/stockmusik.com.co\/index.php\/producto\/guitarra-electrica-epiphone-ensvebvch1-les-paul\/\" \/>\n<meta property=\"og:locale\" content=\"es_ES\" \/>\n<meta property=\"og:type\" content=\"article\" \/>\n<meta property=\"og:title\" content=\"GUITARRA ELECTRICA EPIPHONE ENSVEBVCH1 LES PAUL - Stock Musik\" \/>\n<meta property=\"og:description\" content=\"Con nuevos acabados Vintage Worn y con tecnolog\u00eda Open Coil Humbuckers. Epiphone presenta la nueva guitarra el\u00e9ctrica Les Paul Special VE \u2122 (Edici\u00f3n Vintage) con el perfil cl\u00e1sico de Les Paul con un cuerpo ligero de \u00e1lamo. El Les Paul Special VE funciona con humbuckers Epiphone Open Coil y est\u00e1 disponible en hermosos y nuevos acabados de color \u201cVintage Worn\u201d que incluyen Cherry, Ebony, Heritage Cherry Sunburst, Vintage Sunburst y Walnut. Les Paul Special VE\" \/>\n<meta property=\"og:url\" content=\"https:\/\/stockmusik.com.co\/index.php\/producto\/guitarra-electrica-epiphone-ensvebvch1-les-paul\/\" \/>\n<meta property=\"og:site_name\" content=\"Stock Musik\" \/>\n<meta property=\"article:publisher\" content=\"https:\/\/es-la.facebook.com\/stockmusik\/\" \/>\n<meta property=\"article:modified_time\" content=\"2022-11-11T22:58:38+00:00\" \/>\n<meta property=\"og:image\" content=\"https:\/\/stockmusik.com.co\/wp-content\/uploads\/2020\/09\/GUITARRA-ELECTRICA-EPHIPONE-ENSVEBVCH1-LES-PAUL.png\" \/>\n\t<meta property=\"og:image:width\" content=\"498\" \/>\n\t<meta property=\"og:image:height\" content=\"533\" \/>\n\t<meta property=\"og:image:type\" content=\"image\/png\" \/>\n<meta name=\"twitter:card\" content=\"summary_large_image\" \/>\n<meta name=\"twitter:label1\" content=\"Precio\" \/>\n\t<meta name=\"twitter:data1\" content=\"Cotiza por Whatsapp\" \/>\n\t<meta name=\"twitter:label2\" content=\"Availability\" \/>\n\t<meta name=\"twitter:data2\" content=\"In stock\" \/>\n<script type=\"application\/ld+json\" class=\"yoast-schema-graph\">{\"@context\":\"https:\/\/schema.org\",\"@graph\":[{\"@type\":\"WebPage\",\"@id\":\"https:\/\/stockmusik.com.co\/index.php\/producto\/guitarra-electrica-epiphone-ensvebvch1-les-paul\/\",\"url\":\"https:\/\/stockmusik.com.co\/index.php\/producto\/guitarra-electrica-epiphone-ensvebvch1-les-paul\/\",\"name\":\"GUITARRA ELECTRICA EPIPHONE ENSVEBVCH1 LES PAUL - Stock Musik\",\"isPartOf\":{\"@id\":\"https:\/\/stockmusik.com.co\/#website\"},\"datePublished\":\"2020-09-16T22:45:36+00:00\",\"dateModified\":\"2022-11-11T22:58:38+00:00\",\"breadcrumb\":{\"@id\":\"https:\/\/stockmusik.com.co\/index.php\/producto\/guitarra-electrica-epiphone-ensvebvch1-les-paul\/#breadcrumb\"},\"inLanguage\":\"es\",\"potentialAction\":[{\"@type\":\"ReadAction\",\"target\":[\"https:\/\/stockmusik.com.co\/index.php\/producto\/guitarra-electrica-epiphone-ensvebvch1-les-paul\/\"]}]},{\"@type\":\"BreadcrumbList\",\"@id\":\"https:\/\/stockmusik.com.co\/index.php\/producto\/guitarra-electrica-epiphone-ensvebvch1-les-paul\/#breadcrumb\",\"itemListElement\":[{\"@type\":\"ListItem\",\"position\":1,\"name\":\"Portada\",\"item\":\"https:\/\/stockmusik.com.co\/\"},{\"@type\":\"ListItem\",\"position\":2,\"name\":\"Tienda StockMusik\",\"item\":\"https:\/\/stockmusik.com.co\/index.php\/tienda-stockmusik\/\"},{\"@type\":\"ListItem\",\"position\":3,\"name\":\"GUITARRA ELECTRICA EPIPHONE ENSVEBVCH1 LES PAUL\"}]},{\"@type\":\"WebSite\",\"@id\":\"https:\/\/stockmusik.com.co\/#website\",\"url\":\"https:\/\/stockmusik.com.co\/\",\"name\":\"Stock Musik\",\"description\":\"Tienda de Instrumentos Musicales\",\"publisher\":{\"@id\":\"https:\/\/stockmusik.com.co\/#organization\"},\"potentialAction\":[{\"@type\":\"SearchAction\",\"target\":{\"@type\":\"EntryPoint\",\"urlTemplate\":\"https:\/\/stockmusik.com.co\/?s={search_term_string}\"},\"query-input\":\"required name=search_term_string\"}],\"inLanguage\":\"es\"},{\"@type\":\"Organization\",\"@id\":\"https:\/\/stockmusik.com.co\/#organization\",\"name\":\"Stock Musik\",\"url\":\"https:\/\/stockmusik.com.co\/\",\"logo\":{\"@type\":\"ImageObject\",\"inLanguage\":\"es\",\"@id\":\"https:\/\/stockmusik.com.co\/#\/schema\/logo\/image\/\",\"url\":\"https:\/\/stockmusik.com.co\/wp-content\/uploads\/2020\/08\/cropped-logo_stock_musik.png\",\"contentUrl\":\"https:\/\/stockmusik.com.co\/wp-content\/uploads\/2020\/08\/cropped-logo_stock_musik.png\",\"width\":455,\"height\":173,\"caption\":\"Stock Musik\"},\"image\":{\"@id\":\"https:\/\/stockmusik.com.co\/#\/schema\/logo\/image\/\"},\"sameAs\":[\"https:\/\/es-la.facebook.com\/stockmusik\/\"]}]}<\/script>\n<meta property=\"product:price:amount\" content=\"1250000\" \/>\n<meta property=\"product:price:currency\" content=\"COP\" \/>\n<meta property=\"og:availability\" content=\"instock\" \/>\n<meta property=\"product:availability\" content=\"instock\" \/>\n<meta property=\"product:retailer_item_id\" content=\"01576\" \/>\n<meta property=\"product:condition\" content=\"new\" \/>\n<!-- \/ Yoast SEO plugin. -->","yoast_head_json":{"title":"GUITARRA ELECTRICA EPIPHONE ENSVEBVCH1 LES PAUL - Stock Musik","robots":{"index":"index","follow":"follow","max-snippet":"max-snippet:-1","max-image-preview":"max-image-preview:large","max-video-preview":"max-video-preview:-1"},"canonical":"https:\/\/stockmusik.com.co\/index.php\/producto\/guitarra-electrica-epiphone-ensvebvch1-les-paul\/","og_locale":"es_ES","og_type":"article","og_title":"GUITARRA ELECTRICA EPIPHONE ENSVEBVCH1 LES PAUL - Stock Musik","og_description":"Con nuevos acabados Vintage Worn y con tecnolog\u00eda Open Coil Humbuckers. Epiphone presenta la nueva guitarra el\u00e9ctrica Les Paul Special VE \u2122 (Edici\u00f3n Vintage) con el perfil cl\u00e1sico de Les Paul con un cuerpo ligero de \u00e1lamo. El Les Paul Special VE funciona con humbuckers Epiphone Open Coil y est\u00e1 disponible en hermosos y nuevos acabados de color \u201cVintage Worn\u201d que incluyen Cherry, Ebony, Heritage Cherry Sunburst, Vintage Sunburst y Walnut. Les Paul Special VE","og_url":"https:\/\/stockmusik.com.co\/index.php\/producto\/guitarra-electrica-epiphone-ensvebvch1-les-paul\/","og_site_name":"Stock Musik","article_publisher":"https:\/\/es-la.facebook.com\/stockmusik\/","article_modified_time":"2022-11-11T22:58:38+00:00","og_image":[{"width":498,"height":533,"url":"https:\/\/stockmusik.com.co\/wp-content\/uploads\/2020\/09\/GUITARRA-ELECTRICA-EPHIPONE-ENSVEBVCH1-LES-PAUL.png","type":"image\/png"}],"twitter_card":"summary_large_image","twitter_misc":{"Precio":"Cotiza por Whatsapp","Availability":"In stock"},"schema":{"@context":"https:\/\/schema.org","@graph":[{"@type":"WebPage","@id":"https:\/\/stockmusik.com.co\/index.php\/producto\/guitarra-electrica-epiphone-ensvebvch1-les-paul\/","url":"https:\/\/stockmusik.com.co\/index.php\/producto\/guitarra-electrica-epiphone-ensvebvch1-les-paul\/","name":"GUITARRA ELECTRICA EPIPHONE ENSVEBVCH1 LES PAUL - Stock Musik","isPartOf":{"@id":"https:\/\/stockmusik.com.co\/#website"},"datePublished":"2020-09-16T22:45:36+00:00","dateModified":"2022-11-11T22:58:38+00:00","breadcrumb":{"@id":"https:\/\/stockmusik.com.co\/index.php\/producto\/guitarra-electrica-epiphone-ensvebvch1-les-paul\/#breadcrumb"},"inLanguage":"es","potentialAction":[{"@type":"ReadAction","target":["https:\/\/stockmusik.com.co\/index.php\/producto\/guitarra-electrica-epiphone-ensvebvch1-les-paul\/"]}]},{"@type":"BreadcrumbList","@id":"https:\/\/stockmusik.com.co\/index.php\/producto\/guitarra-electrica-epiphone-ensvebvch1-les-paul\/#breadcrumb","itemListElement":[{"@type":"ListItem","position":1,"name":"Portada","item":"https:\/\/stockmusik.com.co\/"},{"@type":"ListItem","position":2,"name":"Tienda StockMusik","item":"https:\/\/stockmusik.com.co\/index.php\/tienda-stockmusik\/"},{"@type":"ListItem","position":3,"name":"GUITARRA ELECTRICA EPIPHONE ENSVEBVCH1 LES PAUL"}]},{"@type":"WebSite","@id":"https:\/\/stockmusik.com.co\/#website","url":"https:\/\/stockmusik.com.co\/","name":"Stock Musik","description":"Tienda de Instrumentos Musicales","publisher":{"@id":"https:\/\/stockmusik.com.co\/#organization"},"potentialAction":[{"@type":"SearchAction","target":{"@type":"EntryPoint","urlTemplate":"https:\/\/stockmusik.com.co\/?s={search_term_string}"},"query-input":"required name=search_term_string"}],"inLanguage":"es"},{"@type":"Organization","@id":"https:\/\/stockmusik.com.co\/#organization","name":"Stock Musik","url":"https:\/\/stockmusik.com.co\/","logo":{"@type":"ImageObject","inLanguage":"es","@id":"https:\/\/stockmusik.com.co\/#\/schema\/logo\/image\/","url":"https:\/\/stockmusik.com.co\/wp-content\/uploads\/2020\/08\/cropped-logo_stock_musik.png","contentUrl":"https:\/\/stockmusik.com.co\/wp-content\/uploads\/2020\/08\/cropped-logo_stock_musik.png","width":455,"height":173,"caption":"Stock Musik"},"image":{"@id":"https:\/\/stockmusik.com.co\/#\/schema\/logo\/image\/"},"sameAs":["https:\/\/es-la.facebook.com\/stockmusik\/"]}]},"product_price_amount":"1250000","product_price_currency":"COP","og_availability":"instock","product_availability":"instock","product_retailer_item_id":"01576","product_condition":"new"},"brands":[{"id":332,"name":"EPIPHONE","slug":"epiphone"}],"_links":{"self":[{"href":"https:\/\/stockmusik.com.co\/index.php\/wp-json\/wp\/v2\/product\/2325","targetHints":{"allow":["GET"]}}],"collection":[{"href":"https:\/\/stockmusik.com.co\/index.php\/wp-json\/wp\/v2\/product"}],"about":[{"href":"https:\/\/stockmusik.com.co\/index.php\/wp-json\/wp\/v2\/types\/product"}],"replies":[{"embeddable":true,"href":"https:\/\/stockmusik.com.co\/index.php\/wp-json\/wp\/v2\/comments?post=2325"}],"wp:featuredmedia":[{"embeddable":true,"href":"https:\/\/stockmusik.com.co\/index.php\/wp-json\/wp\/v2\/media\/3930"}],"wp:attachment":[{"href":"https:\/\/stockmusik.com.co\/index.php\/wp-json\/wp\/v2\/media?parent=2325"}],"wp:term":[{"taxonomy":"pwb-brand","embeddable":true,"href":"https:\/\/stockmusik.com.co\/index.php\/wp-json\/wp\/v2\/pwb-brand?post=2325"},{"taxonomy":"product_brand","embeddable":true,"href":"https:\/\/stockmusik.com.co\/index.php\/wp-json\/wp\/v2\/product_brand?post=2325"},{"taxonomy":"product_cat","embeddable":true,"href":"https:\/\/stockmusik.com.co\/index.php\/wp-json\/wp\/v2\/product_cat?post=2325"},{"taxonomy":"product_tag","embeddable":true,"href":"https:\/\/stockmusik.com.co\/index.php\/wp-json\/wp\/v2\/product_tag?post=2325"}],"curies":[{"name":"wp","href":"https:\/\/api.w.org\/{rel}","templated":true}]}}