{"id":2230,"date":"2020-09-16T17:45:15","date_gmt":"2020-09-16T22:45:15","guid":{"rendered":"https:\/\/stockmusik.com.co\/index.php\/producto\/flauta-traversa-yamaha-yfr-21\/"},"modified":"2022-08-08T15:08:04","modified_gmt":"2022-08-08T20:08:04","slug":"flauta-traversa-yamaha-yfr-21","status":"publish","type":"product","link":"https:\/\/stockmusik.com.co\/index.php\/producto\/flauta-traversa-yamaha-yfr-21\/","title":{"rendered":"FLAUTA TRAVERSA YAMAHA YRF-21"},"content":{"rendered":"","protected":false},"excerpt":{"rendered":"<p>Hecho de resina ABS duradera, el p\u00edfano est\u00e1 destinado a ser un instrumento para principiantes para las primeras lecciones de flauta. Aunque en tama\u00f1o flaut\u00edn, su sensaci\u00f3n de soplo es m\u00e1s parecida a la de una flauta normal.<\/p>\n","protected":false},"featured_media":3762,"comment_status":"open","ping_status":"closed","template":"","meta":{"_jet_sm_ready_style":"","_jet_sm_style":"","_jet_sm_controls_values":"","_jet_sm_fonts_collection":"","_jet_sm_fonts_links":""},"pwb-brand":[97],"product_brand":[],"product_cat":[322],"product_tag":[],"class_list":{"0":"post-2230","1":"product","2":"type-product","3":"status-publish","4":"has-post-thumbnail","6":"pwb-brand-yamaha","7":"product_cat-traversa","9":"first","10":"instock","11":"shipping-taxable","12":"purchasable","13":"product-type-simple"},"yoast_head":"<!-- This site is optimized with the Yoast SEO plugin v19.11 - https:\/\/yoast.com\/wordpress\/plugins\/seo\/ -->\n<title>FLAUTA TRAVERSA YAMAHA YRF-21 - Stock Musik<\/title>\n<meta name=\"robots\" content=\"index, follow, max-snippet:-1, max-image-preview:large, max-video-preview:-1\" \/>\n<link rel=\"canonical\" href=\"https:\/\/stockmusik.com.co\/index.php\/producto\/flauta-traversa-yamaha-yfr-21\/\" \/>\n<meta property=\"og:locale\" content=\"es_ES\" \/>\n<meta property=\"og:type\" content=\"article\" \/>\n<meta property=\"og:title\" content=\"FLAUTA TRAVERSA YAMAHA YRF-21 - Stock Musik\" \/>\n<meta property=\"og:description\" content=\"Hecho de resina ABS duradera, el p\u00edfano est\u00e1 destinado a ser un instrumento para principiantes para las primeras lecciones de flauta. Aunque en tama\u00f1o flaut\u00edn, su sensaci\u00f3n de soplo es m\u00e1s parecida a la de una flauta normal.\" \/>\n<meta property=\"og:url\" content=\"https:\/\/stockmusik.com.co\/index.php\/producto\/flauta-traversa-yamaha-yfr-21\/\" \/>\n<meta property=\"og:site_name\" content=\"Stock Musik\" \/>\n<meta property=\"article:publisher\" content=\"https:\/\/es-la.facebook.com\/stockmusik\/\" \/>\n<meta property=\"article:modified_time\" content=\"2022-08-08T20:08:04+00:00\" \/>\n<meta property=\"og:image\" content=\"https:\/\/stockmusik.com.co\/wp-content\/uploads\/2020\/09\/FLAUTA-TRAVERSA-YAMAHA-YFR-21.png\" \/>\n\t<meta property=\"og:image:width\" content=\"600\" \/>\n\t<meta property=\"og:image:height\" content=\"607\" \/>\n\t<meta property=\"og:image:type\" content=\"image\/png\" \/>\n<meta name=\"twitter:card\" content=\"summary_large_image\" \/>\n<meta name=\"twitter:label1\" content=\"Precio\" \/>\n\t<meta name=\"twitter:data1\" content=\"Cotiza por Whatsapp\" \/>\n\t<meta name=\"twitter:label2\" content=\"Availability\" \/>\n\t<meta name=\"twitter:data2\" content=\"In stock\" \/>\n<script type=\"application\/ld+json\" class=\"yoast-schema-graph\">{\"@context\":\"https:\/\/schema.org\",\"@graph\":[{\"@type\":\"WebPage\",\"@id\":\"https:\/\/stockmusik.com.co\/index.php\/producto\/flauta-traversa-yamaha-yfr-21\/\",\"url\":\"https:\/\/stockmusik.com.co\/index.php\/producto\/flauta-traversa-yamaha-yfr-21\/\",\"name\":\"FLAUTA TRAVERSA YAMAHA YRF-21 - Stock Musik\",\"isPartOf\":{\"@id\":\"https:\/\/stockmusik.com.co\/#website\"},\"datePublished\":\"2020-09-16T22:45:15+00:00\",\"dateModified\":\"2022-08-08T20:08:04+00:00\",\"breadcrumb\":{\"@id\":\"https:\/\/stockmusik.com.co\/index.php\/producto\/flauta-traversa-yamaha-yfr-21\/#breadcrumb\"},\"inLanguage\":\"es\",\"potentialAction\":[{\"@type\":\"ReadAction\",\"target\":[\"https:\/\/stockmusik.com.co\/index.php\/producto\/flauta-traversa-yamaha-yfr-21\/\"]}]},{\"@type\":\"BreadcrumbList\",\"@id\":\"https:\/\/stockmusik.com.co\/index.php\/producto\/flauta-traversa-yamaha-yfr-21\/#breadcrumb\",\"itemListElement\":[{\"@type\":\"ListItem\",\"position\":1,\"name\":\"Portada\",\"item\":\"https:\/\/stockmusik.com.co\/\"},{\"@type\":\"ListItem\",\"position\":2,\"name\":\"Tienda StockMusik\",\"item\":\"https:\/\/stockmusik.com.co\/index.php\/tienda-stockmusik\/\"},{\"@type\":\"ListItem\",\"position\":3,\"name\":\"FLAUTA TRAVERSA YAMAHA YRF-21\"}]},{\"@type\":\"WebSite\",\"@id\":\"https:\/\/stockmusik.com.co\/#website\",\"url\":\"https:\/\/stockmusik.com.co\/\",\"name\":\"Stock Musik\",\"description\":\"Tienda de Instrumentos Musicales\",\"publisher\":{\"@id\":\"https:\/\/stockmusik.com.co\/#organization\"},\"potentialAction\":[{\"@type\":\"SearchAction\",\"target\":{\"@type\":\"EntryPoint\",\"urlTemplate\":\"https:\/\/stockmusik.com.co\/?s={search_term_string}\"},\"query-input\":\"required name=search_term_string\"}],\"inLanguage\":\"es\"},{\"@type\":\"Organization\",\"@id\":\"https:\/\/stockmusik.com.co\/#organization\",\"name\":\"Stock Musik\",\"url\":\"https:\/\/stockmusik.com.co\/\",\"logo\":{\"@type\":\"ImageObject\",\"inLanguage\":\"es\",\"@id\":\"https:\/\/stockmusik.com.co\/#\/schema\/logo\/image\/\",\"url\":\"https:\/\/stockmusik.com.co\/wp-content\/uploads\/2020\/08\/cropped-logo_stock_musik.png\",\"contentUrl\":\"https:\/\/stockmusik.com.co\/wp-content\/uploads\/2020\/08\/cropped-logo_stock_musik.png\",\"width\":455,\"height\":173,\"caption\":\"Stock Musik\"},\"image\":{\"@id\":\"https:\/\/stockmusik.com.co\/#\/schema\/logo\/image\/\"},\"sameAs\":[\"https:\/\/es-la.facebook.com\/stockmusik\/\"]}]}<\/script>\n<meta property=\"product:price:amount\" content=\"65100\" \/>\n<meta property=\"product:price:currency\" content=\"COP\" \/>\n<meta property=\"og:availability\" content=\"instock\" \/>\n<meta property=\"product:availability\" content=\"instock\" \/>\n<meta property=\"product:retailer_item_id\" content=\"562\" \/>\n<meta property=\"product:condition\" content=\"new\" \/>\n<!-- \/ Yoast SEO plugin. -->","yoast_head_json":{"title":"FLAUTA TRAVERSA YAMAHA YRF-21 - Stock Musik","robots":{"index":"index","follow":"follow","max-snippet":"max-snippet:-1","max-image-preview":"max-image-preview:large","max-video-preview":"max-video-preview:-1"},"canonical":"https:\/\/stockmusik.com.co\/index.php\/producto\/flauta-traversa-yamaha-yfr-21\/","og_locale":"es_ES","og_type":"article","og_title":"FLAUTA TRAVERSA YAMAHA YRF-21 - Stock Musik","og_description":"Hecho de resina ABS duradera, el p\u00edfano est\u00e1 destinado a ser un instrumento para principiantes para las primeras lecciones de flauta. Aunque en tama\u00f1o flaut\u00edn, su sensaci\u00f3n de soplo es m\u00e1s parecida a la de una flauta normal.","og_url":"https:\/\/stockmusik.com.co\/index.php\/producto\/flauta-traversa-yamaha-yfr-21\/","og_site_name":"Stock Musik","article_publisher":"https:\/\/es-la.facebook.com\/stockmusik\/","article_modified_time":"2022-08-08T20:08:04+00:00","og_image":[{"width":600,"height":607,"url":"https:\/\/stockmusik.com.co\/wp-content\/uploads\/2020\/09\/FLAUTA-TRAVERSA-YAMAHA-YFR-21.png","type":"image\/png"}],"twitter_card":"summary_large_image","twitter_misc":{"Precio":"Cotiza por Whatsapp","Availability":"In stock"},"schema":{"@context":"https:\/\/schema.org","@graph":[{"@type":"WebPage","@id":"https:\/\/stockmusik.com.co\/index.php\/producto\/flauta-traversa-yamaha-yfr-21\/","url":"https:\/\/stockmusik.com.co\/index.php\/producto\/flauta-traversa-yamaha-yfr-21\/","name":"FLAUTA TRAVERSA YAMAHA YRF-21 - Stock Musik","isPartOf":{"@id":"https:\/\/stockmusik.com.co\/#website"},"datePublished":"2020-09-16T22:45:15+00:00","dateModified":"2022-08-08T20:08:04+00:00","breadcrumb":{"@id":"https:\/\/stockmusik.com.co\/index.php\/producto\/flauta-traversa-yamaha-yfr-21\/#breadcrumb"},"inLanguage":"es","potentialAction":[{"@type":"ReadAction","target":["https:\/\/stockmusik.com.co\/index.php\/producto\/flauta-traversa-yamaha-yfr-21\/"]}]},{"@type":"BreadcrumbList","@id":"https:\/\/stockmusik.com.co\/index.php\/producto\/flauta-traversa-yamaha-yfr-21\/#breadcrumb","itemListElement":[{"@type":"ListItem","position":1,"name":"Portada","item":"https:\/\/stockmusik.com.co\/"},{"@type":"ListItem","position":2,"name":"Tienda StockMusik","item":"https:\/\/stockmusik.com.co\/index.php\/tienda-stockmusik\/"},{"@type":"ListItem","position":3,"name":"FLAUTA TRAVERSA YAMAHA YRF-21"}]},{"@type":"WebSite","@id":"https:\/\/stockmusik.com.co\/#website","url":"https:\/\/stockmusik.com.co\/","name":"Stock Musik","description":"Tienda de Instrumentos Musicales","publisher":{"@id":"https:\/\/stockmusik.com.co\/#organization"},"potentialAction":[{"@type":"SearchAction","target":{"@type":"EntryPoint","urlTemplate":"https:\/\/stockmusik.com.co\/?s={search_term_string}"},"query-input":"required name=search_term_string"}],"inLanguage":"es"},{"@type":"Organization","@id":"https:\/\/stockmusik.com.co\/#organization","name":"Stock Musik","url":"https:\/\/stockmusik.com.co\/","logo":{"@type":"ImageObject","inLanguage":"es","@id":"https:\/\/stockmusik.com.co\/#\/schema\/logo\/image\/","url":"https:\/\/stockmusik.com.co\/wp-content\/uploads\/2020\/08\/cropped-logo_stock_musik.png","contentUrl":"https:\/\/stockmusik.com.co\/wp-content\/uploads\/2020\/08\/cropped-logo_stock_musik.png","width":455,"height":173,"caption":"Stock Musik"},"image":{"@id":"https:\/\/stockmusik.com.co\/#\/schema\/logo\/image\/"},"sameAs":["https:\/\/es-la.facebook.com\/stockmusik\/"]}]},"product_price_amount":"65100","product_price_currency":"COP","og_availability":"instock","product_availability":"instock","product_retailer_item_id":"562","product_condition":"new"},"brands":[{"id":97,"name":"YAMAHA","slug":"yamaha"}],"_links":{"self":[{"href":"https:\/\/stockmusik.com.co\/index.php\/wp-json\/wp\/v2\/product\/2230","targetHints":{"allow":["GET"]}}],"collection":[{"href":"https:\/\/stockmusik.com.co\/index.php\/wp-json\/wp\/v2\/product"}],"about":[{"href":"https:\/\/stockmusik.com.co\/index.php\/wp-json\/wp\/v2\/types\/product"}],"replies":[{"embeddable":true,"href":"https:\/\/stockmusik.com.co\/index.php\/wp-json\/wp\/v2\/comments?post=2230"}],"wp:featuredmedia":[{"embeddable":true,"href":"https:\/\/stockmusik.com.co\/index.php\/wp-json\/wp\/v2\/media\/3762"}],"wp:attachment":[{"href":"https:\/\/stockmusik.com.co\/index.php\/wp-json\/wp\/v2\/media?parent=2230"}],"wp:term":[{"taxonomy":"pwb-brand","embeddable":true,"href":"https:\/\/stockmusik.com.co\/index.php\/wp-json\/wp\/v2\/pwb-brand?post=2230"},{"taxonomy":"product_brand","embeddable":true,"href":"https:\/\/stockmusik.com.co\/index.php\/wp-json\/wp\/v2\/product_brand?post=2230"},{"taxonomy":"product_cat","embeddable":true,"href":"https:\/\/stockmusik.com.co\/index.php\/wp-json\/wp\/v2\/product_cat?post=2230"},{"taxonomy":"product_tag","embeddable":true,"href":"https:\/\/stockmusik.com.co\/index.php\/wp-json\/wp\/v2\/product_tag?post=2230"}],"curies":[{"name":"wp","href":"https:\/\/api.w.org\/{rel}","templated":true}]}}