{"id":1658,"date":"2020-09-16T17:43:16","date_gmt":"2020-09-16T22:43:16","guid":{"rendered":"https:\/\/stockmusik.com.co\/index.php\/producto\/cable-kirlin-instrumento-6-metros-bli-201\/"},"modified":"2021-10-08T15:44:52","modified_gmt":"2021-10-08T20:44:52","slug":"cable-kirlin-instrumento-6-metros-bli-201","status":"publish","type":"product","link":"https:\/\/stockmusik.com.co\/index.php\/producto\/cable-kirlin-instrumento-6-metros-bli-201\/","title":{"rendered":"CABLE KIRLIN INSTRUMENTO 6 METROS BLI-201"},"content":{"rendered":"","protected":false},"excerpt":{"rendered":"<p>Cable profesional de gama blueline blindado de 6 metros con plug\u00b4s rectos con aleaci\u00f3n con oro con tecnolog\u00eda OFC libre de oxigeno para una mejor transferencia de la se\u00f1al, fabricado sobre cable premium calibre 20 con recubrimiento de alta calidad para evitar interferencias, y retrasos de se\u00f1al y alargar la vida de su cable. Gama Premium plus. Alta calidad al mejor precio.<\/p>\n","protected":false},"featured_media":3966,"comment_status":"open","ping_status":"closed","template":"","meta":{"_jet_sm_ready_style":"","_jet_sm_style":"","_jet_sm_controls_values":"","_jet_sm_fonts_collection":"","_jet_sm_fonts_links":""},"pwb-brand":[61],"product_brand":[],"product_cat":[120,136],"product_tag":[],"class_list":{"0":"post-1658","1":"product","2":"type-product","3":"status-publish","4":"has-post-thumbnail","6":"pwb-brand-kirlin","7":"product_cat-accesorios","8":"product_cat-cables","10":"first","11":"outofstock","12":"shipping-taxable","13":"purchasable","14":"product-type-simple"},"yoast_head":"<!-- This site is optimized with the Yoast SEO plugin v19.11 - https:\/\/yoast.com\/wordpress\/plugins\/seo\/ -->\n<title>CABLE KIRLIN INSTRUMENTO 6 METROS BLI-201 - Stock Musik<\/title>\n<meta name=\"robots\" content=\"index, follow, max-snippet:-1, max-image-preview:large, max-video-preview:-1\" \/>\n<link rel=\"canonical\" href=\"https:\/\/stockmusik.com.co\/index.php\/producto\/cable-kirlin-instrumento-6-metros-bli-201\/\" \/>\n<meta property=\"og:locale\" content=\"es_ES\" \/>\n<meta property=\"og:type\" content=\"article\" \/>\n<meta property=\"og:title\" content=\"CABLE KIRLIN INSTRUMENTO 6 METROS BLI-201 - Stock Musik\" \/>\n<meta property=\"og:description\" content=\"Cable profesional de gama blueline blindado de 6 metros con plug\u00b4s rectos con aleaci\u00f3n con oro con tecnolog\u00eda OFC libre de oxigeno para una mejor transferencia de la se\u00f1al, fabricado sobre cable premium calibre 20 con recubrimiento de alta calidad para evitar interferencias, y retrasos de se\u00f1al y alargar la vida de su cable. Gama Premium plus. Alta calidad al mejor precio.\" \/>\n<meta property=\"og:url\" content=\"https:\/\/stockmusik.com.co\/index.php\/producto\/cable-kirlin-instrumento-6-metros-bli-201\/\" \/>\n<meta property=\"og:site_name\" content=\"Stock Musik\" \/>\n<meta property=\"article:publisher\" content=\"https:\/\/es-la.facebook.com\/stockmusik\/\" \/>\n<meta property=\"article:modified_time\" content=\"2021-10-08T20:44:52+00:00\" \/>\n<meta property=\"og:image\" content=\"https:\/\/stockmusik.com.co\/wp-content\/uploads\/2020\/09\/CABLE-KIRLIN-INSTRUMENTO-6-METROS-BLI-201.jpg\" \/>\n\t<meta property=\"og:image:width\" content=\"512\" \/>\n\t<meta property=\"og:image:height\" content=\"558\" \/>\n\t<meta property=\"og:image:type\" content=\"image\/jpeg\" \/>\n<meta name=\"twitter:card\" content=\"summary_large_image\" \/>\n<meta name=\"twitter:label1\" content=\"Precio\" \/>\n\t<meta name=\"twitter:data1\" content=\"Cotiza por Whatsapp\" \/>\n\t<meta name=\"twitter:label2\" content=\"Availability\" \/>\n\t<meta name=\"twitter:data2\" content=\"Out of stock\" \/>\n<script type=\"application\/ld+json\" class=\"yoast-schema-graph\">{\"@context\":\"https:\/\/schema.org\",\"@graph\":[{\"@type\":\"WebPage\",\"@id\":\"https:\/\/stockmusik.com.co\/index.php\/producto\/cable-kirlin-instrumento-6-metros-bli-201\/\",\"url\":\"https:\/\/stockmusik.com.co\/index.php\/producto\/cable-kirlin-instrumento-6-metros-bli-201\/\",\"name\":\"CABLE KIRLIN INSTRUMENTO 6 METROS BLI-201 - Stock Musik\",\"isPartOf\":{\"@id\":\"https:\/\/stockmusik.com.co\/#website\"},\"datePublished\":\"2020-09-16T22:43:16+00:00\",\"dateModified\":\"2021-10-08T20:44:52+00:00\",\"breadcrumb\":{\"@id\":\"https:\/\/stockmusik.com.co\/index.php\/producto\/cable-kirlin-instrumento-6-metros-bli-201\/#breadcrumb\"},\"inLanguage\":\"es\",\"potentialAction\":[{\"@type\":\"ReadAction\",\"target\":[\"https:\/\/stockmusik.com.co\/index.php\/producto\/cable-kirlin-instrumento-6-metros-bli-201\/\"]}]},{\"@type\":\"BreadcrumbList\",\"@id\":\"https:\/\/stockmusik.com.co\/index.php\/producto\/cable-kirlin-instrumento-6-metros-bli-201\/#breadcrumb\",\"itemListElement\":[{\"@type\":\"ListItem\",\"position\":1,\"name\":\"Portada\",\"item\":\"https:\/\/stockmusik.com.co\/\"},{\"@type\":\"ListItem\",\"position\":2,\"name\":\"Tienda StockMusik\",\"item\":\"https:\/\/stockmusik.com.co\/index.php\/tienda-stockmusik\/\"},{\"@type\":\"ListItem\",\"position\":3,\"name\":\"CABLE KIRLIN INSTRUMENTO 6 METROS BLI-201\"}]},{\"@type\":\"WebSite\",\"@id\":\"https:\/\/stockmusik.com.co\/#website\",\"url\":\"https:\/\/stockmusik.com.co\/\",\"name\":\"Stock Musik\",\"description\":\"Tienda de Instrumentos Musicales\",\"publisher\":{\"@id\":\"https:\/\/stockmusik.com.co\/#organization\"},\"potentialAction\":[{\"@type\":\"SearchAction\",\"target\":{\"@type\":\"EntryPoint\",\"urlTemplate\":\"https:\/\/stockmusik.com.co\/?s={search_term_string}\"},\"query-input\":\"required name=search_term_string\"}],\"inLanguage\":\"es\"},{\"@type\":\"Organization\",\"@id\":\"https:\/\/stockmusik.com.co\/#organization\",\"name\":\"Stock Musik\",\"url\":\"https:\/\/stockmusik.com.co\/\",\"logo\":{\"@type\":\"ImageObject\",\"inLanguage\":\"es\",\"@id\":\"https:\/\/stockmusik.com.co\/#\/schema\/logo\/image\/\",\"url\":\"https:\/\/stockmusik.com.co\/wp-content\/uploads\/2020\/08\/cropped-logo_stock_musik.png\",\"contentUrl\":\"https:\/\/stockmusik.com.co\/wp-content\/uploads\/2020\/08\/cropped-logo_stock_musik.png\",\"width\":455,\"height\":173,\"caption\":\"Stock Musik\"},\"image\":{\"@id\":\"https:\/\/stockmusik.com.co\/#\/schema\/logo\/image\/\"},\"sameAs\":[\"https:\/\/es-la.facebook.com\/stockmusik\/\"]}]}<\/script>\n<meta property=\"product:price:amount\" content=\"47000\" \/>\n<meta property=\"product:price:currency\" content=\"COP\" \/>\n<meta property=\"og:availability\" content=\"out of stock\" \/>\n<meta property=\"product:availability\" content=\"out of stock\" \/>\n<meta property=\"product:retailer_item_id\" content=\"178\" \/>\n<meta property=\"product:condition\" content=\"new\" \/>\n<!-- \/ Yoast SEO plugin. -->","yoast_head_json":{"title":"CABLE KIRLIN INSTRUMENTO 6 METROS BLI-201 - Stock Musik","robots":{"index":"index","follow":"follow","max-snippet":"max-snippet:-1","max-image-preview":"max-image-preview:large","max-video-preview":"max-video-preview:-1"},"canonical":"https:\/\/stockmusik.com.co\/index.php\/producto\/cable-kirlin-instrumento-6-metros-bli-201\/","og_locale":"es_ES","og_type":"article","og_title":"CABLE KIRLIN INSTRUMENTO 6 METROS BLI-201 - Stock Musik","og_description":"Cable profesional de gama blueline blindado de 6 metros con plug\u00b4s rectos con aleaci\u00f3n con oro con tecnolog\u00eda OFC libre de oxigeno para una mejor transferencia de la se\u00f1al, fabricado sobre cable premium calibre 20 con recubrimiento de alta calidad para evitar interferencias, y retrasos de se\u00f1al y alargar la vida de su cable. Gama Premium plus. Alta calidad al mejor precio.","og_url":"https:\/\/stockmusik.com.co\/index.php\/producto\/cable-kirlin-instrumento-6-metros-bli-201\/","og_site_name":"Stock Musik","article_publisher":"https:\/\/es-la.facebook.com\/stockmusik\/","article_modified_time":"2021-10-08T20:44:52+00:00","og_image":[{"width":512,"height":558,"url":"https:\/\/stockmusik.com.co\/wp-content\/uploads\/2020\/09\/CABLE-KIRLIN-INSTRUMENTO-6-METROS-BLI-201.jpg","type":"image\/jpeg"}],"twitter_card":"summary_large_image","twitter_misc":{"Precio":"Cotiza por Whatsapp","Availability":"Out of stock"},"schema":{"@context":"https:\/\/schema.org","@graph":[{"@type":"WebPage","@id":"https:\/\/stockmusik.com.co\/index.php\/producto\/cable-kirlin-instrumento-6-metros-bli-201\/","url":"https:\/\/stockmusik.com.co\/index.php\/producto\/cable-kirlin-instrumento-6-metros-bli-201\/","name":"CABLE KIRLIN INSTRUMENTO 6 METROS BLI-201 - Stock Musik","isPartOf":{"@id":"https:\/\/stockmusik.com.co\/#website"},"datePublished":"2020-09-16T22:43:16+00:00","dateModified":"2021-10-08T20:44:52+00:00","breadcrumb":{"@id":"https:\/\/stockmusik.com.co\/index.php\/producto\/cable-kirlin-instrumento-6-metros-bli-201\/#breadcrumb"},"inLanguage":"es","potentialAction":[{"@type":"ReadAction","target":["https:\/\/stockmusik.com.co\/index.php\/producto\/cable-kirlin-instrumento-6-metros-bli-201\/"]}]},{"@type":"BreadcrumbList","@id":"https:\/\/stockmusik.com.co\/index.php\/producto\/cable-kirlin-instrumento-6-metros-bli-201\/#breadcrumb","itemListElement":[{"@type":"ListItem","position":1,"name":"Portada","item":"https:\/\/stockmusik.com.co\/"},{"@type":"ListItem","position":2,"name":"Tienda StockMusik","item":"https:\/\/stockmusik.com.co\/index.php\/tienda-stockmusik\/"},{"@type":"ListItem","position":3,"name":"CABLE KIRLIN INSTRUMENTO 6 METROS BLI-201"}]},{"@type":"WebSite","@id":"https:\/\/stockmusik.com.co\/#website","url":"https:\/\/stockmusik.com.co\/","name":"Stock Musik","description":"Tienda de Instrumentos Musicales","publisher":{"@id":"https:\/\/stockmusik.com.co\/#organization"},"potentialAction":[{"@type":"SearchAction","target":{"@type":"EntryPoint","urlTemplate":"https:\/\/stockmusik.com.co\/?s={search_term_string}"},"query-input":"required name=search_term_string"}],"inLanguage":"es"},{"@type":"Organization","@id":"https:\/\/stockmusik.com.co\/#organization","name":"Stock Musik","url":"https:\/\/stockmusik.com.co\/","logo":{"@type":"ImageObject","inLanguage":"es","@id":"https:\/\/stockmusik.com.co\/#\/schema\/logo\/image\/","url":"https:\/\/stockmusik.com.co\/wp-content\/uploads\/2020\/08\/cropped-logo_stock_musik.png","contentUrl":"https:\/\/stockmusik.com.co\/wp-content\/uploads\/2020\/08\/cropped-logo_stock_musik.png","width":455,"height":173,"caption":"Stock Musik"},"image":{"@id":"https:\/\/stockmusik.com.co\/#\/schema\/logo\/image\/"},"sameAs":["https:\/\/es-la.facebook.com\/stockmusik\/"]}]},"product_price_amount":"47000","product_price_currency":"COP","og_availability":"out of stock","product_availability":"out of stock","product_retailer_item_id":"178","product_condition":"new"},"brands":[{"id":61,"name":"KIRLIN","slug":"kirlin"}],"_links":{"self":[{"href":"https:\/\/stockmusik.com.co\/index.php\/wp-json\/wp\/v2\/product\/1658","targetHints":{"allow":["GET"]}}],"collection":[{"href":"https:\/\/stockmusik.com.co\/index.php\/wp-json\/wp\/v2\/product"}],"about":[{"href":"https:\/\/stockmusik.com.co\/index.php\/wp-json\/wp\/v2\/types\/product"}],"replies":[{"embeddable":true,"href":"https:\/\/stockmusik.com.co\/index.php\/wp-json\/wp\/v2\/comments?post=1658"}],"wp:featuredmedia":[{"embeddable":true,"href":"https:\/\/stockmusik.com.co\/index.php\/wp-json\/wp\/v2\/media\/3966"}],"wp:attachment":[{"href":"https:\/\/stockmusik.com.co\/index.php\/wp-json\/wp\/v2\/media?parent=1658"}],"wp:term":[{"taxonomy":"pwb-brand","embeddable":true,"href":"https:\/\/stockmusik.com.co\/index.php\/wp-json\/wp\/v2\/pwb-brand?post=1658"},{"taxonomy":"product_brand","embeddable":true,"href":"https:\/\/stockmusik.com.co\/index.php\/wp-json\/wp\/v2\/product_brand?post=1658"},{"taxonomy":"product_cat","embeddable":true,"href":"https:\/\/stockmusik.com.co\/index.php\/wp-json\/wp\/v2\/product_cat?post=1658"},{"taxonomy":"product_tag","embeddable":true,"href":"https:\/\/stockmusik.com.co\/index.php\/wp-json\/wp\/v2\/product_tag?post=1658"}],"curies":[{"name":"wp","href":"https:\/\/api.w.org\/{rel}","templated":true}]}}