{"id":1417,"date":"2020-09-16T17:42:25","date_gmt":"2020-09-16T22:42:25","guid":{"rendered":"https:\/\/stockmusik.com.co\/index.php\/producto\/amplifcador-bajo-orange-crush-bajo-25\/"},"modified":"2023-01-02T13:38:16","modified_gmt":"2023-01-02T18:38:16","slug":"amplifcador-bajo-orange-crush-bajo-25","status":"publish","type":"product","link":"https:\/\/stockmusik.com.co\/index.php\/producto\/amplifcador-bajo-orange-crush-bajo-25\/","title":{"rendered":"AMPLIFICADOR ORANGE BAJO CRUSH 25W"},"content":{"rendered":"<ul class=\"prod-features\">\n<li>25W<\/li>\n<li>Altavoz de 8&#8243;<\/li>\n<li>Controles: Volumen, Agudos, Medios, Frecuencia de medios y Graves<\/li>\n<li>Afinador incorporado<\/li>\n<li>Ruta de se\u00f1al anal\u00f3gica<\/li>\n<li>Puerto Bass Reflex<\/li>\n<li>Entrada auxiliar<\/li>\n<li>Salida de aud\u00edfonos con simulaci\u00f3n de cabina<\/li>\n<li>Interruptor Pad de -6dB<\/li>\n<li>Dimensiones: 365 x 325 x 235mm (alto x ancho x profundo)<\/li>\n<li>Peso: 8,3Kg<\/li>\n<\/ul>\n","protected":false},"excerpt":{"rendered":"<p id=\"tw-target-text\" class=\"tw-data-text tw-ta tw-text-small\" dir=\"ltr\" data-placeholder=\"Traducci\u00f3n\"><span lang=\"es\">Conserva el car\u00e1cter tonal c\u00e1lido y redondeado que hacen de Orange Amps la elecci\u00f3n de algunos de los bajistas m\u00e1s ic\u00f3nicos del mundo. <\/span><span lang=\"es\">Este combo de 25 vatios cuenta con una ruta de se\u00f1al totalmente anal\u00f3gica, un gabinete con puertos para mejorar la respuesta de gama baja m\u00e1s una secci\u00f3n de EQ activo altamente sensible. Al igual que el resto de la gama Crush Bass, la banda media param\u00e9trica variable del amplificador permite un control ilimitado sobre una amplia gama de frecuencias, adem\u00e1s de los graves y agudos.<\/span><\/p>\n","protected":false},"featured_media":3077,"comment_status":"open","ping_status":"closed","template":"","meta":{"_jet_sm_ready_style":"","_jet_sm_style":"","_jet_sm_controls_values":"","_jet_sm_fonts_collection":"","_jet_sm_fonts_links":""},"pwb-brand":[71],"product_brand":[],"product_cat":[406],"product_tag":[],"class_list":{"0":"post-1417","1":"product","2":"type-product","3":"status-publish","4":"has-post-thumbnail","6":"pwb-brand-orange","7":"product_cat-amplificador-bajo","9":"first","10":"instock","11":"shipping-taxable","12":"purchasable","13":"product-type-simple"},"yoast_head":"<!-- This site is optimized with the Yoast SEO plugin v19.11 - https:\/\/yoast.com\/wordpress\/plugins\/seo\/ -->\n<title>AMPLIFICADOR ORANGE BAJO CRUSH 25W - Stock Musik<\/title>\n<meta name=\"robots\" content=\"index, follow, max-snippet:-1, max-image-preview:large, max-video-preview:-1\" \/>\n<link rel=\"canonical\" href=\"https:\/\/stockmusik.com.co\/index.php\/producto\/amplifcador-bajo-orange-crush-bajo-25\/\" \/>\n<meta property=\"og:locale\" content=\"es_ES\" \/>\n<meta property=\"og:type\" content=\"article\" \/>\n<meta property=\"og:title\" content=\"AMPLIFICADOR ORANGE BAJO CRUSH 25W - Stock Musik\" \/>\n<meta property=\"og:description\" content=\"Conserva el car\u00e1cter tonal c\u00e1lido y redondeado que hacen de Orange Amps la elecci\u00f3n de algunos de los bajistas m\u00e1s ic\u00f3nicos del mundo. Este combo de 25 vatios cuenta con una ruta de se\u00f1al totalmente anal\u00f3gica, un gabinete con puertos para mejorar la respuesta de gama baja m\u00e1s una secci\u00f3n de EQ activo altamente sensible. Al igual que el resto de la gama Crush Bass, la banda media param\u00e9trica variable del amplificador permite un control ilimitado sobre una amplia gama de frecuencias, adem\u00e1s de los graves y agudos.\" \/>\n<meta property=\"og:url\" content=\"https:\/\/stockmusik.com.co\/index.php\/producto\/amplifcador-bajo-orange-crush-bajo-25\/\" \/>\n<meta property=\"og:site_name\" content=\"Stock Musik\" \/>\n<meta property=\"article:publisher\" content=\"https:\/\/es-la.facebook.com\/stockmusik\/\" \/>\n<meta property=\"article:modified_time\" content=\"2023-01-02T18:38:16+00:00\" \/>\n<meta property=\"og:image\" content=\"https:\/\/stockmusik.com.co\/wp-content\/uploads\/2020\/09\/AMPLIFICADOR-BAJO-ORANGE-CRUSH-BAJO-25.jpg\" \/>\n\t<meta property=\"og:image:width\" content=\"577\" \/>\n\t<meta property=\"og:image:height\" content=\"620\" \/>\n\t<meta property=\"og:image:type\" content=\"image\/jpeg\" \/>\n<meta name=\"twitter:card\" content=\"summary_large_image\" \/>\n<meta name=\"twitter:label1\" content=\"Precio\" \/>\n\t<meta name=\"twitter:data1\" content=\"Cotiza por Whatsapp\" \/>\n\t<meta name=\"twitter:label2\" content=\"Availability\" \/>\n\t<meta name=\"twitter:data2\" content=\"In stock\" \/>\n<script type=\"application\/ld+json\" class=\"yoast-schema-graph\">{\"@context\":\"https:\/\/schema.org\",\"@graph\":[{\"@type\":\"WebPage\",\"@id\":\"https:\/\/stockmusik.com.co\/index.php\/producto\/amplifcador-bajo-orange-crush-bajo-25\/\",\"url\":\"https:\/\/stockmusik.com.co\/index.php\/producto\/amplifcador-bajo-orange-crush-bajo-25\/\",\"name\":\"AMPLIFICADOR ORANGE BAJO CRUSH 25W - Stock Musik\",\"isPartOf\":{\"@id\":\"https:\/\/stockmusik.com.co\/#website\"},\"datePublished\":\"2020-09-16T22:42:25+00:00\",\"dateModified\":\"2023-01-02T18:38:16+00:00\",\"breadcrumb\":{\"@id\":\"https:\/\/stockmusik.com.co\/index.php\/producto\/amplifcador-bajo-orange-crush-bajo-25\/#breadcrumb\"},\"inLanguage\":\"es\",\"potentialAction\":[{\"@type\":\"ReadAction\",\"target\":[\"https:\/\/stockmusik.com.co\/index.php\/producto\/amplifcador-bajo-orange-crush-bajo-25\/\"]}]},{\"@type\":\"BreadcrumbList\",\"@id\":\"https:\/\/stockmusik.com.co\/index.php\/producto\/amplifcador-bajo-orange-crush-bajo-25\/#breadcrumb\",\"itemListElement\":[{\"@type\":\"ListItem\",\"position\":1,\"name\":\"Portada\",\"item\":\"https:\/\/stockmusik.com.co\/\"},{\"@type\":\"ListItem\",\"position\":2,\"name\":\"Tienda StockMusik\",\"item\":\"https:\/\/stockmusik.com.co\/index.php\/tienda-stockmusik\/\"},{\"@type\":\"ListItem\",\"position\":3,\"name\":\"AMPLIFICADOR ORANGE BAJO CRUSH 25W\"}]},{\"@type\":\"WebSite\",\"@id\":\"https:\/\/stockmusik.com.co\/#website\",\"url\":\"https:\/\/stockmusik.com.co\/\",\"name\":\"Stock Musik\",\"description\":\"Tienda de Instrumentos Musicales\",\"publisher\":{\"@id\":\"https:\/\/stockmusik.com.co\/#organization\"},\"potentialAction\":[{\"@type\":\"SearchAction\",\"target\":{\"@type\":\"EntryPoint\",\"urlTemplate\":\"https:\/\/stockmusik.com.co\/?s={search_term_string}\"},\"query-input\":\"required name=search_term_string\"}],\"inLanguage\":\"es\"},{\"@type\":\"Organization\",\"@id\":\"https:\/\/stockmusik.com.co\/#organization\",\"name\":\"Stock Musik\",\"url\":\"https:\/\/stockmusik.com.co\/\",\"logo\":{\"@type\":\"ImageObject\",\"inLanguage\":\"es\",\"@id\":\"https:\/\/stockmusik.com.co\/#\/schema\/logo\/image\/\",\"url\":\"https:\/\/stockmusik.com.co\/wp-content\/uploads\/2020\/08\/cropped-logo_stock_musik.png\",\"contentUrl\":\"https:\/\/stockmusik.com.co\/wp-content\/uploads\/2020\/08\/cropped-logo_stock_musik.png\",\"width\":455,\"height\":173,\"caption\":\"Stock Musik\"},\"image\":{\"@id\":\"https:\/\/stockmusik.com.co\/#\/schema\/logo\/image\/\"},\"sameAs\":[\"https:\/\/es-la.facebook.com\/stockmusik\/\"]}]}<\/script>\n<meta property=\"product:price:amount\" content=\"1000000\" \/>\n<meta property=\"product:price:currency\" content=\"COP\" \/>\n<meta property=\"og:availability\" content=\"instock\" \/>\n<meta property=\"product:availability\" content=\"instock\" \/>\n<meta property=\"product:retailer_item_id\" content=\"01441\" \/>\n<meta property=\"product:condition\" content=\"new\" \/>\n<!-- \/ Yoast SEO plugin. -->","yoast_head_json":{"title":"AMPLIFICADOR ORANGE BAJO CRUSH 25W - Stock Musik","robots":{"index":"index","follow":"follow","max-snippet":"max-snippet:-1","max-image-preview":"max-image-preview:large","max-video-preview":"max-video-preview:-1"},"canonical":"https:\/\/stockmusik.com.co\/index.php\/producto\/amplifcador-bajo-orange-crush-bajo-25\/","og_locale":"es_ES","og_type":"article","og_title":"AMPLIFICADOR ORANGE BAJO CRUSH 25W - Stock Musik","og_description":"Conserva el car\u00e1cter tonal c\u00e1lido y redondeado que hacen de Orange Amps la elecci\u00f3n de algunos de los bajistas m\u00e1s ic\u00f3nicos del mundo. Este combo de 25 vatios cuenta con una ruta de se\u00f1al totalmente anal\u00f3gica, un gabinete con puertos para mejorar la respuesta de gama baja m\u00e1s una secci\u00f3n de EQ activo altamente sensible. Al igual que el resto de la gama Crush Bass, la banda media param\u00e9trica variable del amplificador permite un control ilimitado sobre una amplia gama de frecuencias, adem\u00e1s de los graves y agudos.","og_url":"https:\/\/stockmusik.com.co\/index.php\/producto\/amplifcador-bajo-orange-crush-bajo-25\/","og_site_name":"Stock Musik","article_publisher":"https:\/\/es-la.facebook.com\/stockmusik\/","article_modified_time":"2023-01-02T18:38:16+00:00","og_image":[{"width":577,"height":620,"url":"https:\/\/stockmusik.com.co\/wp-content\/uploads\/2020\/09\/AMPLIFICADOR-BAJO-ORANGE-CRUSH-BAJO-25.jpg","type":"image\/jpeg"}],"twitter_card":"summary_large_image","twitter_misc":{"Precio":"Cotiza por Whatsapp","Availability":"In stock"},"schema":{"@context":"https:\/\/schema.org","@graph":[{"@type":"WebPage","@id":"https:\/\/stockmusik.com.co\/index.php\/producto\/amplifcador-bajo-orange-crush-bajo-25\/","url":"https:\/\/stockmusik.com.co\/index.php\/producto\/amplifcador-bajo-orange-crush-bajo-25\/","name":"AMPLIFICADOR ORANGE BAJO CRUSH 25W - Stock Musik","isPartOf":{"@id":"https:\/\/stockmusik.com.co\/#website"},"datePublished":"2020-09-16T22:42:25+00:00","dateModified":"2023-01-02T18:38:16+00:00","breadcrumb":{"@id":"https:\/\/stockmusik.com.co\/index.php\/producto\/amplifcador-bajo-orange-crush-bajo-25\/#breadcrumb"},"inLanguage":"es","potentialAction":[{"@type":"ReadAction","target":["https:\/\/stockmusik.com.co\/index.php\/producto\/amplifcador-bajo-orange-crush-bajo-25\/"]}]},{"@type":"BreadcrumbList","@id":"https:\/\/stockmusik.com.co\/index.php\/producto\/amplifcador-bajo-orange-crush-bajo-25\/#breadcrumb","itemListElement":[{"@type":"ListItem","position":1,"name":"Portada","item":"https:\/\/stockmusik.com.co\/"},{"@type":"ListItem","position":2,"name":"Tienda StockMusik","item":"https:\/\/stockmusik.com.co\/index.php\/tienda-stockmusik\/"},{"@type":"ListItem","position":3,"name":"AMPLIFICADOR ORANGE BAJO CRUSH 25W"}]},{"@type":"WebSite","@id":"https:\/\/stockmusik.com.co\/#website","url":"https:\/\/stockmusik.com.co\/","name":"Stock Musik","description":"Tienda de Instrumentos Musicales","publisher":{"@id":"https:\/\/stockmusik.com.co\/#organization"},"potentialAction":[{"@type":"SearchAction","target":{"@type":"EntryPoint","urlTemplate":"https:\/\/stockmusik.com.co\/?s={search_term_string}"},"query-input":"required name=search_term_string"}],"inLanguage":"es"},{"@type":"Organization","@id":"https:\/\/stockmusik.com.co\/#organization","name":"Stock Musik","url":"https:\/\/stockmusik.com.co\/","logo":{"@type":"ImageObject","inLanguage":"es","@id":"https:\/\/stockmusik.com.co\/#\/schema\/logo\/image\/","url":"https:\/\/stockmusik.com.co\/wp-content\/uploads\/2020\/08\/cropped-logo_stock_musik.png","contentUrl":"https:\/\/stockmusik.com.co\/wp-content\/uploads\/2020\/08\/cropped-logo_stock_musik.png","width":455,"height":173,"caption":"Stock Musik"},"image":{"@id":"https:\/\/stockmusik.com.co\/#\/schema\/logo\/image\/"},"sameAs":["https:\/\/es-la.facebook.com\/stockmusik\/"]}]},"product_price_amount":"1000000","product_price_currency":"COP","og_availability":"instock","product_availability":"instock","product_retailer_item_id":"01441","product_condition":"new"},"brands":[{"id":71,"name":"ORANGE","slug":"orange"}],"_links":{"self":[{"href":"https:\/\/stockmusik.com.co\/index.php\/wp-json\/wp\/v2\/product\/1417","targetHints":{"allow":["GET"]}}],"collection":[{"href":"https:\/\/stockmusik.com.co\/index.php\/wp-json\/wp\/v2\/product"}],"about":[{"href":"https:\/\/stockmusik.com.co\/index.php\/wp-json\/wp\/v2\/types\/product"}],"replies":[{"embeddable":true,"href":"https:\/\/stockmusik.com.co\/index.php\/wp-json\/wp\/v2\/comments?post=1417"}],"wp:featuredmedia":[{"embeddable":true,"href":"https:\/\/stockmusik.com.co\/index.php\/wp-json\/wp\/v2\/media\/3077"}],"wp:attachment":[{"href":"https:\/\/stockmusik.com.co\/index.php\/wp-json\/wp\/v2\/media?parent=1417"}],"wp:term":[{"taxonomy":"pwb-brand","embeddable":true,"href":"https:\/\/stockmusik.com.co\/index.php\/wp-json\/wp\/v2\/pwb-brand?post=1417"},{"taxonomy":"product_brand","embeddable":true,"href":"https:\/\/stockmusik.com.co\/index.php\/wp-json\/wp\/v2\/product_brand?post=1417"},{"taxonomy":"product_cat","embeddable":true,"href":"https:\/\/stockmusik.com.co\/index.php\/wp-json\/wp\/v2\/product_cat?post=1417"},{"taxonomy":"product_tag","embeddable":true,"href":"https:\/\/stockmusik.com.co\/index.php\/wp-json\/wp\/v2\/product_tag?post=1417"}],"curies":[{"name":"wp","href":"https:\/\/api.w.org\/{rel}","templated":true}]}}