{"id":1267,"date":"2020-09-10T17:04:17","date_gmt":"2020-09-10T22:04:17","guid":{"rendered":"https:\/\/stockmusik.com.co\/?post_type=product&#038;p=1267"},"modified":"2022-08-27T15:05:50","modified_gmt":"2022-08-27T20:05:50","slug":"teclado-casio-ct-s300","status":"publish","type":"product","link":"https:\/\/stockmusik.com.co\/index.php\/producto\/teclado-casio-ct-s300\/","title":{"rendered":"TECLADO CASIO CT-S300"},"content":{"rendered":"<table>\n<tbody>\n<tr>\n<th>Teclado<\/th>\n<td>\n<div>61 teclas tama\u00f1o est\u00e1ndar<\/div>\n<\/td>\n<\/tr>\n<tr>\n<th>Sensibilidad al tacto<\/th>\n<td>\n<div>2 niveles de sensibilidad, desactivados<\/div>\n<\/td>\n<\/tr>\n<tr>\n<th>Polifon\u00eda M\u00e1xima<\/th>\n<td>\n<div>48<\/div>\n<\/td>\n<\/tr>\n<tr>\n<th>Tonos<\/th>\n<td>\n<div>Tonos integrados: 400<\/div>\n<\/td>\n<\/tr>\n<tr>\n<th>Efectos digitales<\/th>\n<td>\n<div>Reverberaci\u00f3n: De 1 a 10, desactivado<\/div>\n<\/td>\n<\/tr>\n<tr>\n<th>Metr\u00f3nomo<\/th>\n<td>\n<div>Compases por medida: de 0 a 16<br \/>\nIntervalo de tempo: de 20 a 255<\/div>\n<\/td>\n<\/tr>\n<tr>\n<th>Banco de canciones<\/th>\n<td>\n<div>Canciones integradas: 60<br \/>\nFunci\u00f3n de desactivaci\u00f3n de parte: mano izquierda, mano derecha, ambas manos<\/div>\n<\/td>\n<\/tr>\n<tr>\n<th>Acompa\u00f1amiento autom\u00e1tico<\/th>\n<td>\n<div>Ritmos integrados: 77<\/div>\n<\/td>\n<\/tr>\n<tr>\n<th>Modo de m\u00fasica de baile<\/th>\n<td>\n<div>Patrones incorporados: 50<br \/>\nVoz de m\u00fasica bailable: 12<\/div>\n<\/td>\n<\/tr>\n<tr>\n<th>Otras funciones<\/th>\n<td>\n<div>Transposici\u00f3n: \u00b11 octavas (de -12 a +12 semitonos)<br \/>\nAjuste de sonido: A4 = de 415,5 a 465,9\u00a0Hz (predeterminado inicial: 440\u00a0Hz)<br \/>\nPreajuste con un bot\u00f3n: 77<br \/>\nBot\u00f3n de tono sostenido<br \/>\nPantalla LCD (contraste ajustable)<br \/>\nMi configuraci\u00f3n: 1<\/div>\n<\/td>\n<\/tr>\n<tr>\n<th>Funci\u00f3n de APLICACI\u00d3N<\/th>\n<td>\n<div>Chordana Play<\/div>\n<\/td>\n<\/tr>\n<tr>\n<th>MIDI<\/th>\n<td>\n<div>Recepci\u00f3n de timbres m\u00faltiples de 16, nivel 1 de GM est\u00e1ndar<\/div>\n<\/td>\n<\/tr>\n<tr>\n<th>Rueda de inflexi\u00f3n de tonos<\/th>\n<td>\n<div>de 0 a 12 semitonos<\/div>\n<\/td>\n<\/tr>\n<tr>\n<th>Terminales de entrada y salida<\/th>\n<td>\n<div>Conector de tel\u00e9fonos\/salida: Miniconector est\u00e9reo (3,5\u00a0mm)<br \/>\nConector de entrada de audio: Miniconector est\u00e9reo (3,5\u00a0mm)<br \/>\nPuerto USB: micro B<br \/>\nConector para PEDAL: Conector est\u00e1ndar (6,3\u00a0mm) (pedal sostenido, sostenuto, suave, inicio\/detenci\u00f3n)<\/div>\n<\/td>\n<\/tr>\n<tr>\n<th>Conector de alimentaci\u00f3n<\/th>\n<td>\n<div>9.5V CC<\/div>\n<\/td>\n<\/tr>\n<tr>\n<th>Fuente de alimentaci\u00f3n<\/th>\n<td>\n<div>Alimentaci\u00f3n por dos v\u00edas<br \/>\n6 pilas alcalinas tama\u00f1o AA o pilas recargables de Ni-MH tama\u00f1o AA, funcionamiento continuo: aproximadamente 19 horas (pilas alcalinas), aproximadamente 15 horas (pilas recargables de Ni-MH)<span class=\"symbol\">*<\/span>, la duraci\u00f3n real de la pila puede ser menor seg\u00fan el tipo de pila, el estilo de reproducci\u00f3n o el entorno de funcionamiento; adaptador de CA AD-E95100L (est\u00e1ndar JEITA, con enchufe de polaridad unificada), Apagado autom\u00e1tico de 30 minutos (se puede desactivar).<\/p>\n<ul class=\"note small\">\n<li>Valores medidos utilizando pilas eneloop. eneloop es una marca comercial de Panasonic Corporation.<\/li>\n<\/ul>\n<\/div>\n<\/td>\n<\/tr>\n<tr>\n<th>Parlantes<\/th>\n<td>\n<div>13cm x 6cm (ovalado) x 2 (Salida: 2.5W\u00a0+\u00a02.5W)<\/div>\n<\/td>\n<\/tr>\n<tr>\n<th>Consumo de energ\u00eda<\/th>\n<td>\n<div>5.5 W<\/div>\n<\/td>\n<\/tr>\n<tr>\n<th>Dimensiones<\/th>\n<td>\n<div>93,0 (An) x 25,6 (Pr) x 7,3 (Al)\u00a0cm<\/div>\n<\/td>\n<\/tr>\n<tr>\n<th>Peso<\/th>\n<td>\n<div>Aproximadamente 3,3\u00a0kg (no incluye pilas)<\/div>\n<\/td>\n<\/tr>\n<\/tbody>\n<\/table>\n","protected":false},"excerpt":{"rendered":"<p class=\"t-size-large\">Con el CT-S300, puede disfrutar de la m\u00fasica en cualquier momento y lugar. Su tama\u00f1o compacto de 930\u00a0mm\u00a0x\u00a0256\u00a0mm\u00a0x\u00a073\u00a0mm es un 30\u00a0% m\u00e1s peque\u00f1o en volumen que el modelo CTK-3500 y su bater\u00eda alcalina cuenta con aproximadamente 19 horas de duraci\u00f3n<span class=\"symbol\">*<\/span>. Llevarlo es muy sencillo, gracias a un mango en la parte superior del teclado y un peso de solo 3,3\u00a0kg. El dise\u00f1o incorpora bordes y esquinas redondeados, lo cual permite transportarlo con seguridad.<\/p>\n","protected":false},"featured_media":1268,"comment_status":"open","ping_status":"closed","template":"","meta":{"_jet_sm_ready_style":"","_jet_sm_style":"","_jet_sm_controls_values":"","_jet_sm_fonts_collection":"","_jet_sm_fonts_links":""},"pwb-brand":[32],"product_brand":[],"product_cat":[192],"product_tag":[],"class_list":{"0":"post-1267","1":"product","2":"type-product","3":"status-publish","4":"has-post-thumbnail","6":"pwb-brand-casio","7":"product_cat-organeta","9":"first","10":"instock","11":"shipping-taxable","12":"purchasable","13":"product-type-simple"},"yoast_head":"<!-- This site is optimized with the Yoast SEO plugin v19.11 - https:\/\/yoast.com\/wordpress\/plugins\/seo\/ -->\n<title>TECLADO CASIO CT-S300 - Stock Musik<\/title>\n<meta name=\"robots\" content=\"index, follow, max-snippet:-1, max-image-preview:large, max-video-preview:-1\" \/>\n<link rel=\"canonical\" href=\"https:\/\/stockmusik.com.co\/index.php\/producto\/teclado-casio-ct-s300\/\" \/>\n<meta property=\"og:locale\" content=\"es_ES\" \/>\n<meta property=\"og:type\" content=\"article\" \/>\n<meta property=\"og:title\" content=\"TECLADO CASIO CT-S300 - Stock Musik\" \/>\n<meta property=\"og:description\" content=\"Con el CT-S300, puede disfrutar de la m\u00fasica en cualquier momento y lugar. Su tama\u00f1o compacto de 930\u00a0mm\u00a0x\u00a0256\u00a0mm\u00a0x\u00a073\u00a0mm es un 30\u00a0% m\u00e1s peque\u00f1o en volumen que el modelo CTK-3500 y su bater\u00eda alcalina cuenta con aproximadamente 19 horas de duraci\u00f3n*. Llevarlo es muy sencillo, gracias a un mango en la parte superior del teclado y un peso de solo 3,3\u00a0kg. El dise\u00f1o incorpora bordes y esquinas redondeados, lo cual permite transportarlo con seguridad.\" \/>\n<meta property=\"og:url\" content=\"https:\/\/stockmusik.com.co\/index.php\/producto\/teclado-casio-ct-s300\/\" \/>\n<meta property=\"og:site_name\" content=\"Stock Musik\" \/>\n<meta property=\"article:publisher\" content=\"https:\/\/es-la.facebook.com\/stockmusik\/\" \/>\n<meta property=\"article:modified_time\" content=\"2022-08-27T20:05:50+00:00\" \/>\n<meta property=\"og:image\" content=\"https:\/\/stockmusik.com.co\/wp-content\/uploads\/2020\/09\/TECLADO-CASIO-CTS300.jpg\" \/>\n\t<meta property=\"og:image:width\" content=\"1000\" \/>\n\t<meta property=\"og:image:height\" content=\"792\" \/>\n\t<meta property=\"og:image:type\" content=\"image\/jpeg\" \/>\n<meta name=\"twitter:card\" content=\"summary_large_image\" \/>\n<meta name=\"twitter:label1\" content=\"Precio\" \/>\n\t<meta name=\"twitter:data1\" content=\"Cotiza por Whatsapp\" \/>\n\t<meta name=\"twitter:label2\" content=\"Availability\" \/>\n\t<meta name=\"twitter:data2\" content=\"In stock\" \/>\n<script type=\"application\/ld+json\" class=\"yoast-schema-graph\">{\"@context\":\"https:\/\/schema.org\",\"@graph\":[{\"@type\":\"WebPage\",\"@id\":\"https:\/\/stockmusik.com.co\/index.php\/producto\/teclado-casio-ct-s300\/\",\"url\":\"https:\/\/stockmusik.com.co\/index.php\/producto\/teclado-casio-ct-s300\/\",\"name\":\"TECLADO CASIO CT-S300 - Stock Musik\",\"isPartOf\":{\"@id\":\"https:\/\/stockmusik.com.co\/#website\"},\"datePublished\":\"2020-09-10T22:04:17+00:00\",\"dateModified\":\"2022-08-27T20:05:50+00:00\",\"breadcrumb\":{\"@id\":\"https:\/\/stockmusik.com.co\/index.php\/producto\/teclado-casio-ct-s300\/#breadcrumb\"},\"inLanguage\":\"es\",\"potentialAction\":[{\"@type\":\"ReadAction\",\"target\":[\"https:\/\/stockmusik.com.co\/index.php\/producto\/teclado-casio-ct-s300\/\"]}]},{\"@type\":\"BreadcrumbList\",\"@id\":\"https:\/\/stockmusik.com.co\/index.php\/producto\/teclado-casio-ct-s300\/#breadcrumb\",\"itemListElement\":[{\"@type\":\"ListItem\",\"position\":1,\"name\":\"Portada\",\"item\":\"https:\/\/stockmusik.com.co\/\"},{\"@type\":\"ListItem\",\"position\":2,\"name\":\"Tienda StockMusik\",\"item\":\"https:\/\/stockmusik.com.co\/index.php\/tienda-stockmusik\/\"},{\"@type\":\"ListItem\",\"position\":3,\"name\":\"TECLADO CASIO CT-S300\"}]},{\"@type\":\"WebSite\",\"@id\":\"https:\/\/stockmusik.com.co\/#website\",\"url\":\"https:\/\/stockmusik.com.co\/\",\"name\":\"Stock Musik\",\"description\":\"Tienda de Instrumentos Musicales\",\"publisher\":{\"@id\":\"https:\/\/stockmusik.com.co\/#organization\"},\"potentialAction\":[{\"@type\":\"SearchAction\",\"target\":{\"@type\":\"EntryPoint\",\"urlTemplate\":\"https:\/\/stockmusik.com.co\/?s={search_term_string}\"},\"query-input\":\"required name=search_term_string\"}],\"inLanguage\":\"es\"},{\"@type\":\"Organization\",\"@id\":\"https:\/\/stockmusik.com.co\/#organization\",\"name\":\"Stock Musik\",\"url\":\"https:\/\/stockmusik.com.co\/\",\"logo\":{\"@type\":\"ImageObject\",\"inLanguage\":\"es\",\"@id\":\"https:\/\/stockmusik.com.co\/#\/schema\/logo\/image\/\",\"url\":\"https:\/\/stockmusik.com.co\/wp-content\/uploads\/2020\/08\/cropped-logo_stock_musik.png\",\"contentUrl\":\"https:\/\/stockmusik.com.co\/wp-content\/uploads\/2020\/08\/cropped-logo_stock_musik.png\",\"width\":455,\"height\":173,\"caption\":\"Stock Musik\"},\"image\":{\"@id\":\"https:\/\/stockmusik.com.co\/#\/schema\/logo\/image\/\"},\"sameAs\":[\"https:\/\/es-la.facebook.com\/stockmusik\/\"]}]}<\/script>\n<meta property=\"product:price:amount\" content=\"871500\" \/>\n<meta property=\"product:price:currency\" content=\"COP\" \/>\n<meta property=\"og:availability\" content=\"instock\" \/>\n<meta property=\"product:availability\" content=\"instock\" \/>\n<meta property=\"product:retailer_item_id\" content=\"01583\" \/>\n<meta property=\"product:condition\" content=\"new\" \/>\n<!-- \/ Yoast SEO plugin. -->","yoast_head_json":{"title":"TECLADO CASIO CT-S300 - Stock Musik","robots":{"index":"index","follow":"follow","max-snippet":"max-snippet:-1","max-image-preview":"max-image-preview:large","max-video-preview":"max-video-preview:-1"},"canonical":"https:\/\/stockmusik.com.co\/index.php\/producto\/teclado-casio-ct-s300\/","og_locale":"es_ES","og_type":"article","og_title":"TECLADO CASIO CT-S300 - Stock Musik","og_description":"Con el CT-S300, puede disfrutar de la m\u00fasica en cualquier momento y lugar. Su tama\u00f1o compacto de 930\u00a0mm\u00a0x\u00a0256\u00a0mm\u00a0x\u00a073\u00a0mm es un 30\u00a0% m\u00e1s peque\u00f1o en volumen que el modelo CTK-3500 y su bater\u00eda alcalina cuenta con aproximadamente 19 horas de duraci\u00f3n*. Llevarlo es muy sencillo, gracias a un mango en la parte superior del teclado y un peso de solo 3,3\u00a0kg. El dise\u00f1o incorpora bordes y esquinas redondeados, lo cual permite transportarlo con seguridad.","og_url":"https:\/\/stockmusik.com.co\/index.php\/producto\/teclado-casio-ct-s300\/","og_site_name":"Stock Musik","article_publisher":"https:\/\/es-la.facebook.com\/stockmusik\/","article_modified_time":"2022-08-27T20:05:50+00:00","og_image":[{"width":1000,"height":792,"url":"https:\/\/stockmusik.com.co\/wp-content\/uploads\/2020\/09\/TECLADO-CASIO-CTS300.jpg","type":"image\/jpeg"}],"twitter_card":"summary_large_image","twitter_misc":{"Precio":"Cotiza por Whatsapp","Availability":"In stock"},"schema":{"@context":"https:\/\/schema.org","@graph":[{"@type":"WebPage","@id":"https:\/\/stockmusik.com.co\/index.php\/producto\/teclado-casio-ct-s300\/","url":"https:\/\/stockmusik.com.co\/index.php\/producto\/teclado-casio-ct-s300\/","name":"TECLADO CASIO CT-S300 - Stock Musik","isPartOf":{"@id":"https:\/\/stockmusik.com.co\/#website"},"datePublished":"2020-09-10T22:04:17+00:00","dateModified":"2022-08-27T20:05:50+00:00","breadcrumb":{"@id":"https:\/\/stockmusik.com.co\/index.php\/producto\/teclado-casio-ct-s300\/#breadcrumb"},"inLanguage":"es","potentialAction":[{"@type":"ReadAction","target":["https:\/\/stockmusik.com.co\/index.php\/producto\/teclado-casio-ct-s300\/"]}]},{"@type":"BreadcrumbList","@id":"https:\/\/stockmusik.com.co\/index.php\/producto\/teclado-casio-ct-s300\/#breadcrumb","itemListElement":[{"@type":"ListItem","position":1,"name":"Portada","item":"https:\/\/stockmusik.com.co\/"},{"@type":"ListItem","position":2,"name":"Tienda StockMusik","item":"https:\/\/stockmusik.com.co\/index.php\/tienda-stockmusik\/"},{"@type":"ListItem","position":3,"name":"TECLADO CASIO CT-S300"}]},{"@type":"WebSite","@id":"https:\/\/stockmusik.com.co\/#website","url":"https:\/\/stockmusik.com.co\/","name":"Stock Musik","description":"Tienda de Instrumentos Musicales","publisher":{"@id":"https:\/\/stockmusik.com.co\/#organization"},"potentialAction":[{"@type":"SearchAction","target":{"@type":"EntryPoint","urlTemplate":"https:\/\/stockmusik.com.co\/?s={search_term_string}"},"query-input":"required name=search_term_string"}],"inLanguage":"es"},{"@type":"Organization","@id":"https:\/\/stockmusik.com.co\/#organization","name":"Stock Musik","url":"https:\/\/stockmusik.com.co\/","logo":{"@type":"ImageObject","inLanguage":"es","@id":"https:\/\/stockmusik.com.co\/#\/schema\/logo\/image\/","url":"https:\/\/stockmusik.com.co\/wp-content\/uploads\/2020\/08\/cropped-logo_stock_musik.png","contentUrl":"https:\/\/stockmusik.com.co\/wp-content\/uploads\/2020\/08\/cropped-logo_stock_musik.png","width":455,"height":173,"caption":"Stock Musik"},"image":{"@id":"https:\/\/stockmusik.com.co\/#\/schema\/logo\/image\/"},"sameAs":["https:\/\/es-la.facebook.com\/stockmusik\/"]}]},"product_price_amount":"871500","product_price_currency":"COP","og_availability":"instock","product_availability":"instock","product_retailer_item_id":"01583","product_condition":"new"},"brands":[{"id":32,"name":"CASIO","slug":"casio"}],"_links":{"self":[{"href":"https:\/\/stockmusik.com.co\/index.php\/wp-json\/wp\/v2\/product\/1267","targetHints":{"allow":["GET"]}}],"collection":[{"href":"https:\/\/stockmusik.com.co\/index.php\/wp-json\/wp\/v2\/product"}],"about":[{"href":"https:\/\/stockmusik.com.co\/index.php\/wp-json\/wp\/v2\/types\/product"}],"replies":[{"embeddable":true,"href":"https:\/\/stockmusik.com.co\/index.php\/wp-json\/wp\/v2\/comments?post=1267"}],"wp:featuredmedia":[{"embeddable":true,"href":"https:\/\/stockmusik.com.co\/index.php\/wp-json\/wp\/v2\/media\/1268"}],"wp:attachment":[{"href":"https:\/\/stockmusik.com.co\/index.php\/wp-json\/wp\/v2\/media?parent=1267"}],"wp:term":[{"taxonomy":"pwb-brand","embeddable":true,"href":"https:\/\/stockmusik.com.co\/index.php\/wp-json\/wp\/v2\/pwb-brand?post=1267"},{"taxonomy":"product_brand","embeddable":true,"href":"https:\/\/stockmusik.com.co\/index.php\/wp-json\/wp\/v2\/product_brand?post=1267"},{"taxonomy":"product_cat","embeddable":true,"href":"https:\/\/stockmusik.com.co\/index.php\/wp-json\/wp\/v2\/product_cat?post=1267"},{"taxonomy":"product_tag","embeddable":true,"href":"https:\/\/stockmusik.com.co\/index.php\/wp-json\/wp\/v2\/product_tag?post=1267"}],"curies":[{"name":"wp","href":"https:\/\/api.w.org\/{rel}","templated":true}]}}