{"id":1248,"date":"2020-09-10T12:19:42","date_gmt":"2020-09-10T17:19:42","guid":{"rendered":"https:\/\/stockmusik.com.co\/?post_type=product&#038;p=1248"},"modified":"2022-10-15T12:02:02","modified_gmt":"2022-10-15T17:02:02","slug":"teclado-casio-ct-x800","status":"publish","type":"product","link":"https:\/\/stockmusik.com.co\/index.php\/producto\/teclado-casio-ct-x800\/","title":{"rendered":"TECLADO CASIO CT-X800"},"content":{"rendered":"<table>\n<tbody>\n<tr>\n<th>Teclado<\/th>\n<td>\n<div>61 teclas tama\u00f1o est\u00e1ndar<br \/>\nSensibilidad al tacto: 3 tipos de sensibilidad, desactivada<\/div>\n<\/td>\n<\/tr>\n<tr>\n<th>Polifon\u00eda M\u00e1xima<\/th>\n<td>\n<div>48 notas (24 para determinados tonos)<\/div>\n<\/td>\n<\/tr>\n<tr>\n<th>Tonos<\/th>\n<td>\n<div>Tonos integrados: 600<br \/>\nFunciones: estratificador, divisi\u00f3n, bot\u00f3n de piano\/\u00f3rgano<\/div>\n<\/td>\n<\/tr>\n<tr>\n<th>Reverberaci\u00f3n<\/th>\n<td>\n<div>De 1 a 20, desactivado<\/div>\n<\/td>\n<\/tr>\n<tr>\n<th>Chorus<\/th>\n<td>\n<div>De 1 a 10, tono<\/div>\n<\/td>\n<\/tr>\n<tr>\n<th>Metr\u00f3nomo<\/th>\n<td>\n<div>Compases por medida: de 0 a 9<br \/>\nIntervalo de tempo: de 20 a 255<\/div>\n<\/td>\n<\/tr>\n<tr>\n<th>Banco de canciones<\/th>\n<td>\n<div>Canci\u00f3n de demostraci\u00f3n: 1<br \/>\nCanciones integradas: 160<br \/>\nCanciones del usuario: 10<span style=\"color: red\">*<\/span><br \/>\nCanciones grabadas por el usuario: 6<span style=\"color: red\">*<\/span><br \/>\n<span style=\"color: red\">*<\/span>\u00a0Capacidad m\u00e1xima por canci\u00f3n: aproximadamente 320\u00a0kilobytes<\/div>\n<\/td>\n<\/tr>\n<tr>\n<th>Lecci\u00f3n Paso a Paso<\/th>\n<td>\n<div>Lecciones: 3 (escuchar, ver, recordar), modo f\u00e1cil<br \/>\nParte de la lecci\u00f3n: I, D, ID<br \/>\nFunciones: repetir, gu\u00eda de posiciones por voz, gu\u00eda de notas, evaluaci\u00f3n de la presentaci\u00f3n<\/div>\n<\/td>\n<\/tr>\n<tr>\n<th>Acompa\u00f1amiento autom\u00e1tico<\/th>\n<td>\n<div>Ritmos integrados: 195<br \/>\nRitmos creados por el usuario: 10<span style=\"color: red\">*<\/span><br \/>\n<span style=\"color: red\">*<\/span>\u00a0Capacidad m\u00e1xima por ritmo: aproximadamente 64\u00a0kilobytes<\/div>\n<\/td>\n<\/tr>\n<tr>\n<th>Funci\u00f3n Chord Book<\/th>\n<td>\n<div>Gu\u00eda de acordes<\/div>\n<\/td>\n<\/tr>\n<tr>\n<th>Registro<\/th>\n<td>\n<div>32 (4 configuraciones por 8 bancos)<\/div>\n<\/td>\n<\/tr>\n<tr>\n<th>Grabador<\/th>\n<td>\n<div>Grabaci\u00f3n en tiempo real, reproducci\u00f3n<br \/>\nEjecuci\u00f3n del teclado: 5 canciones, 6 pistas<br \/>\nTocar junto con canciones integradas: 1 canci\u00f3n (I, D, ID)<br \/>\nCapacidad de memoria: aproximadamente 40.000 notas (1 canci\u00f3n)<\/div>\n<\/td>\n<\/tr>\n<tr>\n<th>Otras funciones<\/th>\n<td>\n<div>Transposici\u00f3n: \u00b11 octavas (de -12 a +12 semitonos)<br \/>\nCambio de octava: superior 1\/superior 2\/inferior, \u00b13 octavas<br \/>\nAjuste de sonido: A4 = de 415,5 a 465,9\u00a0Hz (ajuste predeterminado inicial: 440\u00a0Hz)<br \/>\nEscalas predefinidas: 17<br \/>\nPreajuste de m\u00fasica: 310<br \/>\nPreajuste con un bot\u00f3n: 195<br \/>\nArmonizaci\u00f3n autom\u00e1tica: 12 tipos<br \/>\nControl de arpegio: 100 tipos<\/div>\n<\/td>\n<\/tr>\n<tr>\n<th>MIDI<\/th>\n<td>\n<div>Recepci\u00f3n de timbres m\u00faltiples de 16, nivel 1 de GM est\u00e1ndar<\/div>\n<\/td>\n<\/tr>\n<tr>\n<th>Funci\u00f3n de informaci\u00f3n musical<\/th>\n<td>\n<div>Tono, ritmo, n\u00fameros y nombres del banco de canciones, anotaciones del pentagrama, posiciones, funcionamiento del pedal, tempo, n\u00famero de compases y medidas, nombre de acorde, etc.<\/div>\n<\/td>\n<\/tr>\n<tr>\n<th>Rueda de inflexi\u00f3n de tonos<\/th>\n<td>\n<div>Rango de inflexi\u00f3n de tonos: de 0 a 24 semitonos<\/div>\n<\/td>\n<\/tr>\n<tr>\n<th>Unidad flash USB<\/th>\n<td>\n<div>Reproducci\u00f3n directa en formato SMF, almacenamiento de datos, carga de datos, eliminaci\u00f3n de datos, formato de unidad flash USB<\/div>\n<\/td>\n<\/tr>\n<tr>\n<th>Entradas\/salidas<\/th>\n<td>\n<div>Puerto para unidades flash USB: TIPO A<br \/>\nPuerto USB: TIPO B<br \/>\nConector para PEDAL: Conector est\u00e1ndar (sostenido, sostenuto, suave, ritmo)<br \/>\nConector de tel\u00e9fonos\/salida: conector est\u00e9reo est\u00e1ndar\/impedancia de salida de 167\u00a0\u03a9, voltaje de salida de 4,5\u00a0V (RMS) M\u00c1X.<br \/>\nConector de entrada de audio: miniconector est\u00e9reo\/impedancia de entrada 10\u00a0k\u03a9, sensibilidad de entrada 200\u00a0mV<\/div>\n<\/td>\n<\/tr>\n<tr>\n<th>Conector de alimentaci\u00f3n<\/th>\n<td>\n<div>9.5V CC<\/div>\n<\/td>\n<\/tr>\n<tr>\n<th>Fuente de alimentaci\u00f3n<\/th>\n<td>\n<div>2 v\u00edas<br \/>\nPilas: 6 pilas alcalinas de tama\u00f1o AA<br \/>\nDuraci\u00f3n de la pila: aproximadamente 3\u00a0horas continuas de funcionamiento con pilas alcalinas<br \/>\nAdaptador de CA: AD-E95100L<br \/>\nApagado autom\u00e1tico: aproximadamente 30\u00a0minutos despu\u00e9s de la \u00faltima operaci\u00f3n; puede desactivarse.<\/div>\n<\/td>\n<\/tr>\n<tr>\n<th>Parlantes<\/th>\n<td>\n<div>2 de 12cm (salida: 2.5W\u00a0+\u00a02.5W)<\/div>\n<\/td>\n<\/tr>\n<tr>\n<th>Consumo de energ\u00eda<\/th>\n<td>\n<div>7.5 W<\/div>\n<\/td>\n<\/tr>\n<tr>\n<th>Dimensiones<\/th>\n<td>\n<div>Anch.\u00a094,8\u00a0\u00d7\u00a0Prof.\u00a035,0\u00a0\u00d7\u00a0Alt.\u00a010,9 cm<\/div>\n<\/td>\n<\/tr>\n<tr>\n<th>Peso<\/th>\n<td>\n<div>Aproximadamente 4,4 kg (sin pilas)<\/div>\n<\/td>\n<\/tr>\n<\/tbody>\n<\/table>\n","protected":false},"excerpt":{"rendered":"<p class=\"t-size-large\">Cambie la manera de tocar m\u00fasica en el teclado con una mezcla de sonidos de alta calidad y una s\u00f3lida presencia para las presentaciones<\/p>\n<ul class=\"ul_dot01\">\n<li>61 teclas con sensibilidad al tacto, 48 polifon\u00edas<\/li>\n<li>600 tonos y 195 ritmos<\/li>\n<li>Rueda de inflexi\u00f3n de tonos<\/li>\n<li>Terminal de dispositivo USB<\/li>\n<\/ul>\n","protected":false},"featured_media":1251,"comment_status":"open","ping_status":"closed","template":"","meta":{"_jet_sm_ready_style":"","_jet_sm_style":"","_jet_sm_controls_values":"","_jet_sm_fonts_collection":"","_jet_sm_fonts_links":""},"pwb-brand":[32],"product_brand":[],"product_cat":[192],"product_tag":[],"class_list":{"0":"post-1248","1":"product","2":"type-product","3":"status-publish","4":"has-post-thumbnail","6":"pwb-brand-casio","7":"product_cat-organeta","9":"first","10":"instock","11":"shipping-taxable","12":"purchasable","13":"product-type-simple"},"yoast_head":"<!-- This site is optimized with the Yoast SEO plugin v19.11 - https:\/\/yoast.com\/wordpress\/plugins\/seo\/ -->\n<title>TECLADO CASIO CT-X800 - Stock Musik<\/title>\n<meta name=\"robots\" content=\"index, follow, max-snippet:-1, max-image-preview:large, max-video-preview:-1\" \/>\n<link rel=\"canonical\" href=\"https:\/\/stockmusik.com.co\/index.php\/producto\/teclado-casio-ct-x800\/\" \/>\n<meta property=\"og:locale\" content=\"es_ES\" \/>\n<meta property=\"og:type\" content=\"article\" \/>\n<meta property=\"og:title\" content=\"TECLADO CASIO CT-X800 - Stock Musik\" \/>\n<meta property=\"og:description\" content=\"Cambie la manera de tocar m\u00fasica en el teclado con una mezcla de sonidos de alta calidad y una s\u00f3lida presencia para las presentaciones    61 teclas con sensibilidad al tacto, 48 polifon\u00edas  600 tonos y 195 ritmos  Rueda de inflexi\u00f3n de tonos  Terminal de dispositivo USB\" \/>\n<meta property=\"og:url\" content=\"https:\/\/stockmusik.com.co\/index.php\/producto\/teclado-casio-ct-x800\/\" \/>\n<meta property=\"og:site_name\" content=\"Stock Musik\" \/>\n<meta property=\"article:publisher\" content=\"https:\/\/es-la.facebook.com\/stockmusik\/\" \/>\n<meta property=\"article:modified_time\" content=\"2022-10-15T17:02:02+00:00\" \/>\n<meta property=\"og:image\" content=\"https:\/\/stockmusik.com.co\/wp-content\/uploads\/2020\/09\/TECLADO-CASIO-CT-X800.jpg\" \/>\n\t<meta property=\"og:image:width\" content=\"1177\" \/>\n\t<meta property=\"og:image:height\" content=\"487\" \/>\n\t<meta property=\"og:image:type\" content=\"image\/jpeg\" \/>\n<meta name=\"twitter:card\" content=\"summary_large_image\" \/>\n<meta name=\"twitter:label1\" content=\"Precio\" \/>\n\t<meta name=\"twitter:data1\" content=\"Cotiza por Whatsapp\" \/>\n\t<meta name=\"twitter:label2\" content=\"Availability\" \/>\n\t<meta name=\"twitter:data2\" content=\"In stock\" \/>\n<script type=\"application\/ld+json\" class=\"yoast-schema-graph\">{\"@context\":\"https:\/\/schema.org\",\"@graph\":[{\"@type\":\"WebPage\",\"@id\":\"https:\/\/stockmusik.com.co\/index.php\/producto\/teclado-casio-ct-x800\/\",\"url\":\"https:\/\/stockmusik.com.co\/index.php\/producto\/teclado-casio-ct-x800\/\",\"name\":\"TECLADO CASIO CT-X800 - Stock Musik\",\"isPartOf\":{\"@id\":\"https:\/\/stockmusik.com.co\/#website\"},\"datePublished\":\"2020-09-10T17:19:42+00:00\",\"dateModified\":\"2022-10-15T17:02:02+00:00\",\"breadcrumb\":{\"@id\":\"https:\/\/stockmusik.com.co\/index.php\/producto\/teclado-casio-ct-x800\/#breadcrumb\"},\"inLanguage\":\"es\",\"potentialAction\":[{\"@type\":\"ReadAction\",\"target\":[\"https:\/\/stockmusik.com.co\/index.php\/producto\/teclado-casio-ct-x800\/\"]}]},{\"@type\":\"BreadcrumbList\",\"@id\":\"https:\/\/stockmusik.com.co\/index.php\/producto\/teclado-casio-ct-x800\/#breadcrumb\",\"itemListElement\":[{\"@type\":\"ListItem\",\"position\":1,\"name\":\"Portada\",\"item\":\"https:\/\/stockmusik.com.co\/\"},{\"@type\":\"ListItem\",\"position\":2,\"name\":\"Tienda StockMusik\",\"item\":\"https:\/\/stockmusik.com.co\/index.php\/tienda-stockmusik\/\"},{\"@type\":\"ListItem\",\"position\":3,\"name\":\"TECLADO CASIO CT-X800\"}]},{\"@type\":\"WebSite\",\"@id\":\"https:\/\/stockmusik.com.co\/#website\",\"url\":\"https:\/\/stockmusik.com.co\/\",\"name\":\"Stock Musik\",\"description\":\"Tienda de Instrumentos Musicales\",\"publisher\":{\"@id\":\"https:\/\/stockmusik.com.co\/#organization\"},\"potentialAction\":[{\"@type\":\"SearchAction\",\"target\":{\"@type\":\"EntryPoint\",\"urlTemplate\":\"https:\/\/stockmusik.com.co\/?s={search_term_string}\"},\"query-input\":\"required name=search_term_string\"}],\"inLanguage\":\"es\"},{\"@type\":\"Organization\",\"@id\":\"https:\/\/stockmusik.com.co\/#organization\",\"name\":\"Stock Musik\",\"url\":\"https:\/\/stockmusik.com.co\/\",\"logo\":{\"@type\":\"ImageObject\",\"inLanguage\":\"es\",\"@id\":\"https:\/\/stockmusik.com.co\/#\/schema\/logo\/image\/\",\"url\":\"https:\/\/stockmusik.com.co\/wp-content\/uploads\/2020\/08\/cropped-logo_stock_musik.png\",\"contentUrl\":\"https:\/\/stockmusik.com.co\/wp-content\/uploads\/2020\/08\/cropped-logo_stock_musik.png\",\"width\":455,\"height\":173,\"caption\":\"Stock Musik\"},\"image\":{\"@id\":\"https:\/\/stockmusik.com.co\/#\/schema\/logo\/image\/\"},\"sameAs\":[\"https:\/\/es-la.facebook.com\/stockmusik\/\"]}]}<\/script>\n<meta property=\"product:price:amount\" content=\"1168000\" \/>\n<meta property=\"product:price:currency\" content=\"COP\" \/>\n<meta property=\"og:availability\" content=\"instock\" \/>\n<meta property=\"product:availability\" content=\"instock\" \/>\n<meta property=\"product:retailer_item_id\" content=\"01487\" \/>\n<meta property=\"product:condition\" content=\"new\" \/>\n<!-- \/ Yoast SEO plugin. -->","yoast_head_json":{"title":"TECLADO CASIO CT-X800 - Stock Musik","robots":{"index":"index","follow":"follow","max-snippet":"max-snippet:-1","max-image-preview":"max-image-preview:large","max-video-preview":"max-video-preview:-1"},"canonical":"https:\/\/stockmusik.com.co\/index.php\/producto\/teclado-casio-ct-x800\/","og_locale":"es_ES","og_type":"article","og_title":"TECLADO CASIO CT-X800 - Stock Musik","og_description":"Cambie la manera de tocar m\u00fasica en el teclado con una mezcla de sonidos de alta calidad y una s\u00f3lida presencia para las presentaciones    61 teclas con sensibilidad al tacto, 48 polifon\u00edas  600 tonos y 195 ritmos  Rueda de inflexi\u00f3n de tonos  Terminal de dispositivo USB","og_url":"https:\/\/stockmusik.com.co\/index.php\/producto\/teclado-casio-ct-x800\/","og_site_name":"Stock Musik","article_publisher":"https:\/\/es-la.facebook.com\/stockmusik\/","article_modified_time":"2022-10-15T17:02:02+00:00","og_image":[{"width":1177,"height":487,"url":"https:\/\/stockmusik.com.co\/wp-content\/uploads\/2020\/09\/TECLADO-CASIO-CT-X800.jpg","type":"image\/jpeg"}],"twitter_card":"summary_large_image","twitter_misc":{"Precio":"Cotiza por Whatsapp","Availability":"In stock"},"schema":{"@context":"https:\/\/schema.org","@graph":[{"@type":"WebPage","@id":"https:\/\/stockmusik.com.co\/index.php\/producto\/teclado-casio-ct-x800\/","url":"https:\/\/stockmusik.com.co\/index.php\/producto\/teclado-casio-ct-x800\/","name":"TECLADO CASIO CT-X800 - Stock Musik","isPartOf":{"@id":"https:\/\/stockmusik.com.co\/#website"},"datePublished":"2020-09-10T17:19:42+00:00","dateModified":"2022-10-15T17:02:02+00:00","breadcrumb":{"@id":"https:\/\/stockmusik.com.co\/index.php\/producto\/teclado-casio-ct-x800\/#breadcrumb"},"inLanguage":"es","potentialAction":[{"@type":"ReadAction","target":["https:\/\/stockmusik.com.co\/index.php\/producto\/teclado-casio-ct-x800\/"]}]},{"@type":"BreadcrumbList","@id":"https:\/\/stockmusik.com.co\/index.php\/producto\/teclado-casio-ct-x800\/#breadcrumb","itemListElement":[{"@type":"ListItem","position":1,"name":"Portada","item":"https:\/\/stockmusik.com.co\/"},{"@type":"ListItem","position":2,"name":"Tienda StockMusik","item":"https:\/\/stockmusik.com.co\/index.php\/tienda-stockmusik\/"},{"@type":"ListItem","position":3,"name":"TECLADO CASIO CT-X800"}]},{"@type":"WebSite","@id":"https:\/\/stockmusik.com.co\/#website","url":"https:\/\/stockmusik.com.co\/","name":"Stock Musik","description":"Tienda de Instrumentos Musicales","publisher":{"@id":"https:\/\/stockmusik.com.co\/#organization"},"potentialAction":[{"@type":"SearchAction","target":{"@type":"EntryPoint","urlTemplate":"https:\/\/stockmusik.com.co\/?s={search_term_string}"},"query-input":"required name=search_term_string"}],"inLanguage":"es"},{"@type":"Organization","@id":"https:\/\/stockmusik.com.co\/#organization","name":"Stock Musik","url":"https:\/\/stockmusik.com.co\/","logo":{"@type":"ImageObject","inLanguage":"es","@id":"https:\/\/stockmusik.com.co\/#\/schema\/logo\/image\/","url":"https:\/\/stockmusik.com.co\/wp-content\/uploads\/2020\/08\/cropped-logo_stock_musik.png","contentUrl":"https:\/\/stockmusik.com.co\/wp-content\/uploads\/2020\/08\/cropped-logo_stock_musik.png","width":455,"height":173,"caption":"Stock Musik"},"image":{"@id":"https:\/\/stockmusik.com.co\/#\/schema\/logo\/image\/"},"sameAs":["https:\/\/es-la.facebook.com\/stockmusik\/"]}]},"product_price_amount":"1168000","product_price_currency":"COP","og_availability":"instock","product_availability":"instock","product_retailer_item_id":"01487","product_condition":"new"},"brands":[{"id":32,"name":"CASIO","slug":"casio"}],"_links":{"self":[{"href":"https:\/\/stockmusik.com.co\/index.php\/wp-json\/wp\/v2\/product\/1248","targetHints":{"allow":["GET"]}}],"collection":[{"href":"https:\/\/stockmusik.com.co\/index.php\/wp-json\/wp\/v2\/product"}],"about":[{"href":"https:\/\/stockmusik.com.co\/index.php\/wp-json\/wp\/v2\/types\/product"}],"replies":[{"embeddable":true,"href":"https:\/\/stockmusik.com.co\/index.php\/wp-json\/wp\/v2\/comments?post=1248"}],"wp:featuredmedia":[{"embeddable":true,"href":"https:\/\/stockmusik.com.co\/index.php\/wp-json\/wp\/v2\/media\/1251"}],"wp:attachment":[{"href":"https:\/\/stockmusik.com.co\/index.php\/wp-json\/wp\/v2\/media?parent=1248"}],"wp:term":[{"taxonomy":"pwb-brand","embeddable":true,"href":"https:\/\/stockmusik.com.co\/index.php\/wp-json\/wp\/v2\/pwb-brand?post=1248"},{"taxonomy":"product_brand","embeddable":true,"href":"https:\/\/stockmusik.com.co\/index.php\/wp-json\/wp\/v2\/product_brand?post=1248"},{"taxonomy":"product_cat","embeddable":true,"href":"https:\/\/stockmusik.com.co\/index.php\/wp-json\/wp\/v2\/product_cat?post=1248"},{"taxonomy":"product_tag","embeddable":true,"href":"https:\/\/stockmusik.com.co\/index.php\/wp-json\/wp\/v2\/product_tag?post=1248"}],"curies":[{"name":"wp","href":"https:\/\/api.w.org\/{rel}","templated":true}]}}