{"id":259,"date":"2020-08-13T15:36:56","date_gmt":"2020-08-13T20:36:56","guid":{"rendered":"http:\/\/stockmusik.com.co\/?page_id=259"},"modified":"2020-09-09T13:05:19","modified_gmt":"2020-09-09T18:05:19","slug":"nuestra-historia","status":"publish","type":"page","link":"https:\/\/stockmusik.com.co\/index.php\/nuestra-historia\/","title":{"rendered":"Nosotros"},"content":{"rendered":"\t\t<div data-elementor-type=\"wp-page\" data-elementor-id=\"259\" class=\"elementor elementor-259\">\n\t\t\t\t\t\t<div class=\"elementor-inner\">\n\t\t\t\t<div class=\"elementor-section-wrap\">\n\t\t\t\t\t\t\t\t\t<section class=\"elementor-section elementor-top-section elementor-element elementor-element-48ec9a1 elementor-section-boxed elementor-section-height-default elementor-section-height-default\" data-id=\"48ec9a1\" data-element_type=\"section\">\n\t\t\t\t\t\t<div class=\"elementor-container elementor-column-gap-default\">\n\t\t\t\t\t\t\t<div class=\"elementor-row\">\n\t\t\t\t\t<div class=\"elementor-column elementor-col-100 elementor-top-column elementor-element elementor-element-38b918f\" data-id=\"38b918f\" data-element_type=\"column\">\n\t\t\t<div class=\"elementor-column-wrap elementor-element-populated\">\n\t\t\t\t\t\t\t<div class=\"elementor-widget-wrap\">\n\t\t\t\t\t\t<div class=\"elementor-element elementor-element-3297631 elementor-widget elementor-widget-spacer\" data-id=\"3297631\" data-element_type=\"widget\" data-widget_type=\"spacer.default\">\n\t\t\t\t<div class=\"elementor-widget-container\">\n\t\t\t\t\t<div class=\"elementor-spacer\">\n\t\t\t<div class=\"elementor-spacer-inner\"><\/div>\n\t\t<\/div>\n\t\t\t\t<\/div>\n\t\t\t\t<\/div>\n\t\t\t\t\t\t<\/div>\n\t\t\t\t\t<\/div>\n\t\t<\/div>\n\t\t\t\t\t\t\t\t<\/div>\n\t\t\t\t\t<\/div>\n\t\t<\/section>\n\t\t\t\t<section class=\"elementor-section elementor-top-section elementor-element elementor-element-8dd1c2d elementor-section-boxed elementor-section-height-default elementor-section-height-default\" data-id=\"8dd1c2d\" data-element_type=\"section\">\n\t\t\t\t\t\t<div class=\"elementor-container elementor-column-gap-default\">\n\t\t\t\t\t\t\t<div class=\"elementor-row\">\n\t\t\t\t\t<div class=\"elementor-column elementor-col-100 elementor-top-column elementor-element elementor-element-6e23d46\" data-id=\"6e23d46\" data-element_type=\"column\">\n\t\t\t<div class=\"elementor-column-wrap elementor-element-populated\">\n\t\t\t\t\t\t\t<div class=\"elementor-widget-wrap\">\n\t\t\t\t\t\t<div class=\"elementor-element elementor-element-2df1269 elementor-widget elementor-widget-heading\" data-id=\"2df1269\" data-element_type=\"widget\" data-widget_type=\"heading.default\">\n\t\t\t\t<div class=\"elementor-widget-container\">\n\t\t\t<h1 class=\"elementor-heading-title elementor-size-xl\">Nuestra Historia<\/h1>\t\t<\/div>\n\t\t\t\t<\/div>\n\t\t\t\t\t\t<\/div>\n\t\t\t\t\t<\/div>\n\t\t<\/div>\n\t\t\t\t\t\t\t\t<\/div>\n\t\t\t\t\t<\/div>\n\t\t<\/section>\n\t\t\t\t<section class=\"elementor-section elementor-top-section elementor-element elementor-element-ec98633 elementor-section-boxed elementor-section-height-default elementor-section-height-default\" data-id=\"ec98633\" data-element_type=\"section\">\n\t\t\t\t\t\t<div class=\"elementor-container elementor-column-gap-default\">\n\t\t\t\t\t\t\t<div class=\"elementor-row\">\n\t\t\t\t\t<div class=\"elementor-column elementor-col-100 elementor-top-column elementor-element elementor-element-3db1837\" data-id=\"3db1837\" data-element_type=\"column\">\n\t\t\t<div class=\"elementor-column-wrap elementor-element-populated\">\n\t\t\t\t\t\t\t<div class=\"elementor-widget-wrap\">\n\t\t\t\t\t\t<div class=\"elementor-element elementor-element-fc69cc5 elementor-widget elementor-widget-text-editor\" data-id=\"fc69cc5\" data-element_type=\"widget\" data-widget_type=\"text-editor.default\">\n\t\t\t\t<div class=\"elementor-widget-container\">\n\t\t\t\t\t\t\t\t<div class=\"elementor-text-editor elementor-clearfix\">\n\t\t\t\t<p>Stock musik, naci\u00f3 en marzo de 2016 en busca de ofrecer un portafolio integral de instrumentos y servicios de mantenimiento a todas aquellas personas amantes de la m\u00fasica; pertenecientes a academias musicales, instituciones educativas, conservatorios de m\u00fasica, bandas marciales, folcl\u00f3ricas, tunas, iglesias, alcald\u00eda, casas de cultura, comunidades ind\u00edgenas y toda persona interesada en m\u00fasica dentro del territorio nacional.<\/p>\t\t\t\t\t<\/div>\n\t\t\t\t\t\t<\/div>\n\t\t\t\t<\/div>\n\t\t\t\t\t\t<\/div>\n\t\t\t\t\t<\/div>\n\t\t<\/div>\n\t\t\t\t\t\t\t\t<\/div>\n\t\t\t\t\t<\/div>\n\t\t<\/section>\n\t\t\t\t<section class=\"elementor-section elementor-top-section elementor-element elementor-element-3e4cb42 elementor-section-boxed elementor-section-height-default elementor-section-height-default\" data-id=\"3e4cb42\" data-element_type=\"section\">\n\t\t\t\t\t\t<div class=\"elementor-container elementor-column-gap-default\">\n\t\t\t\t\t\t\t<div class=\"elementor-row\">\n\t\t\t\t\t<div class=\"elementor-column elementor-col-100 elementor-top-column elementor-element elementor-element-52ec776\" data-id=\"52ec776\" data-element_type=\"column\">\n\t\t\t<div class=\"elementor-column-wrap elementor-element-populated\">\n\t\t\t\t\t\t\t<div class=\"elementor-widget-wrap\">\n\t\t\t\t\t\t<div class=\"elementor-element elementor-element-855683d elementor-widget elementor-widget-text-editor\" data-id=\"855683d\" data-element_type=\"widget\" data-widget_type=\"text-editor.default\">\n\t\t\t\t<div class=\"elementor-widget-container\">\n\t\t\t\t\t\t\t\t<div class=\"elementor-text-editor elementor-clearfix\">\n\t\t\t\t<p style=\"text-align: left;\">Somos una empresa dedicada a la comercializaci\u00f3n de instrumentos musicales, de fabricaci\u00f3n nacional e internacional, con los m\u00e1s altos est\u00e1ndares de calidad, enfocados en satisfacer las necesidades del cliente, brindando un buen servicio, con precios competitivos en el mercado. Adicionalmente brindamos facilidades de financiaci\u00f3n a trav\u00e9s de diferentes convenios con entidades financieras y directamente con nuestra tienda musical. De igual manera acompa\u00f1amos a nuestros clientes en su proceso de formaci\u00f3n musical, ofreciendo completamente gratis una clase de m\u00fasica.<\/p>\t\t\t\t\t<\/div>\n\t\t\t\t\t\t<\/div>\n\t\t\t\t<\/div>\n\t\t\t\t\t\t<\/div>\n\t\t\t\t\t<\/div>\n\t\t<\/div>\n\t\t\t\t\t\t\t\t<\/div>\n\t\t\t\t\t<\/div>\n\t\t<\/section>\n\t\t\t\t<section class=\"elementor-section elementor-top-section elementor-element elementor-element-ab591e5 elementor-section-boxed elementor-section-height-default elementor-section-height-default\" data-id=\"ab591e5\" data-element_type=\"section\">\n\t\t\t\t\t\t<div class=\"elementor-container elementor-column-gap-default\">\n\t\t\t\t\t\t\t<div class=\"elementor-row\">\n\t\t\t\t\t<div class=\"elementor-column elementor-col-100 elementor-top-column elementor-element elementor-element-0859b4f\" data-id=\"0859b4f\" data-element_type=\"column\">\n\t\t\t<div class=\"elementor-column-wrap elementor-element-populated\">\n\t\t\t\t\t\t\t<div class=\"elementor-widget-wrap\">\n\t\t\t\t\t\t<div class=\"elementor-element elementor-element-013bde1 elementor-widget elementor-widget-image\" data-id=\"013bde1\" data-element_type=\"widget\" data-widget_type=\"image.default\">\n\t\t\t\t<div class=\"elementor-widget-container\">\n\t\t\t\t\t\t\t\t<div class=\"elementor-image\">\n\t\t\t\t\t\t\t\t\t\t\t\t<img loading=\"lazy\" decoding=\"async\" width=\"300\" height=\"189\" src=\"https:\/\/stockmusik.com.co\/wp-content\/uploads\/2020\/09\/mision-vision-stock2.png\" class=\"attachment-large size-large\" alt=\"\" \/>\t\t\t\t\t\t\t\t\t\t\t\t\t\t<\/div>\n\t\t\t\t\t\t<\/div>\n\t\t\t\t<\/div>\n\t\t\t\t<section class=\"elementor-section elementor-inner-section elementor-element elementor-element-854fa5c elementor-section-boxed elementor-section-height-default elementor-section-height-default\" data-id=\"854fa5c\" data-element_type=\"section\">\n\t\t\t\t\t\t<div class=\"elementor-container elementor-column-gap-default\">\n\t\t\t\t\t\t\t<div class=\"elementor-row\">\n\t\t\t\t\t<div class=\"elementor-column elementor-col-50 elementor-inner-column elementor-element elementor-element-dae3f82\" data-id=\"dae3f82\" data-element_type=\"column\">\n\t\t\t<div class=\"elementor-column-wrap elementor-element-populated\">\n\t\t\t\t\t\t\t<div class=\"elementor-widget-wrap\">\n\t\t\t\t\t\t<div class=\"elementor-element elementor-element-3bc4b46 elementor-widget elementor-widget-heading\" data-id=\"3bc4b46\" data-element_type=\"widget\" data-widget_type=\"heading.default\">\n\t\t\t\t<div class=\"elementor-widget-container\">\n\t\t\t<h2 class=\"elementor-heading-title elementor-size-default\">Misi\u00f3n<\/h2>\t\t<\/div>\n\t\t\t\t<\/div>\n\t\t\t\t<div class=\"elementor-element elementor-element-89d0d8d elementor-widget elementor-widget-text-editor\" data-id=\"89d0d8d\" data-element_type=\"widget\" data-widget_type=\"text-editor.default\">\n\t\t\t\t<div class=\"elementor-widget-container\">\n\t\t\t\t\t\t\t\t<div class=\"elementor-text-editor elementor-clearfix\">\n\t\t\t\t<p>Somos tu aliado estrategico en la adquisicion de instrumentos musicales, garantizando un portafolio integral de productos y servicios con excelente calidad y a precios muy competitivos<\/p>\t\t\t\t\t<\/div>\n\t\t\t\t\t\t<\/div>\n\t\t\t\t<\/div>\n\t\t\t\t\t\t<\/div>\n\t\t\t\t\t<\/div>\n\t\t<\/div>\n\t\t\t\t<div class=\"elementor-column elementor-col-50 elementor-inner-column elementor-element elementor-element-5304316\" data-id=\"5304316\" data-element_type=\"column\">\n\t\t\t<div class=\"elementor-column-wrap elementor-element-populated\">\n\t\t\t\t\t\t\t<div class=\"elementor-widget-wrap\">\n\t\t\t\t\t\t<div class=\"elementor-element elementor-element-d75b9fb elementor-widget elementor-widget-heading\" data-id=\"d75b9fb\" data-element_type=\"widget\" data-widget_type=\"heading.default\">\n\t\t\t\t<div class=\"elementor-widget-container\">\n\t\t\t<h2 class=\"elementor-heading-title elementor-size-default\">Visi\u00f3n<\/h2>\t\t<\/div>\n\t\t\t\t<\/div>\n\t\t\t\t<div class=\"elementor-element elementor-element-c237abd elementor-widget elementor-widget-text-editor\" data-id=\"c237abd\" data-element_type=\"widget\" data-widget_type=\"text-editor.default\">\n\t\t\t\t<div class=\"elementor-widget-container\">\n\t\t\t\t\t\t\t\t<div class=\"elementor-text-editor elementor-clearfix\">\n\t\t\t\t<p>Ser reconocidos al 2025 como la principal tienda de la regi\u00f3n en la comercializaci\u00f3n de instrumentos musicales.<\/p>\t\t\t\t\t<\/div>\n\t\t\t\t\t\t<\/div>\n\t\t\t\t<\/div>\n\t\t\t\t\t\t<\/div>\n\t\t\t\t\t<\/div>\n\t\t<\/div>\n\t\t\t\t\t\t\t\t<\/div>\n\t\t\t\t\t<\/div>\n\t\t<\/section>\n\t\t\t\t\t\t<\/div>\n\t\t\t\t\t<\/div>\n\t\t<\/div>\n\t\t\t\t\t\t\t\t<\/div>\n\t\t\t\t\t<\/div>\n\t\t<\/section>\n\t\t\t\t<section class=\"elementor-section elementor-top-section elementor-element elementor-element-60276b5 elementor-section-boxed elementor-section-height-default elementor-section-height-default\" data-id=\"60276b5\" data-element_type=\"section\">\n\t\t\t\t\t\t<div class=\"elementor-container elementor-column-gap-default\">\n\t\t\t\t\t\t\t<div class=\"elementor-row\">\n\t\t\t\t\t<div class=\"elementor-column elementor-col-100 elementor-top-column elementor-element elementor-element-4cf7b0d\" data-id=\"4cf7b0d\" data-element_type=\"column\">\n\t\t\t<div class=\"elementor-column-wrap elementor-element-populated\">\n\t\t\t\t\t\t\t<div class=\"elementor-widget-wrap\">\n\t\t\t\t\t\t<div class=\"elementor-element elementor-element-a927d0e elementor-widget elementor-widget-spacer\" data-id=\"a927d0e\" data-element_type=\"widget\" data-widget_type=\"spacer.default\">\n\t\t\t\t<div class=\"elementor-widget-container\">\n\t\t\t\t\t<div class=\"elementor-spacer\">\n\t\t\t<div class=\"elementor-spacer-inner\"><\/div>\n\t\t<\/div>\n\t\t\t\t<\/div>\n\t\t\t\t<\/div>\n\t\t\t\t\t\t<\/div>\n\t\t\t\t\t<\/div>\n\t\t<\/div>\n\t\t\t\t\t\t\t\t<\/div>\n\t\t\t\t\t<\/div>\n\t\t<\/section>\n\t\t\t\t\t\t\t\t\t<\/div>\n\t\t\t<\/div>\n\t\t\t\t\t<\/div>\n\t\t","protected":false},"excerpt":{"rendered":"<p>Nuestra Historia Stock musik, naci\u00f3 en marzo de 2016 en busca de ofrecer un portafolio integral de instrumentos y servicios de mantenimiento a todas aquellas personas amantes de la m\u00fasica; pertenecientes a academias musicales, instituciones educativas, conservatorios de m\u00fasica, bandas marciales, folcl\u00f3ricas, tunas, iglesias, alcald\u00eda, casas de cultura, comunidades ind\u00edgenas y toda persona interesada en [&hellip;]<\/p>\n","protected":false},"author":2,"featured_media":0,"parent":0,"menu_order":0,"comment_status":"closed","ping_status":"closed","template":"","meta":{"_jet_sm_ready_style":"","_jet_sm_style":"","_jet_sm_controls_values":"","_jet_sm_fonts_collection":"","_jet_sm_fonts_links":"","footnotes":""},"class_list":["post-259","page","type-page","status-publish","hentry"],"yoast_head":"<!-- This site is optimized with the Yoast SEO plugin v19.11 - https:\/\/yoast.com\/wordpress\/plugins\/seo\/ -->\n<title>Nosotros - Stock Musik<\/title>\n<meta name=\"robots\" content=\"index, follow, max-snippet:-1, max-image-preview:large, max-video-preview:-1\" \/>\n<link rel=\"canonical\" href=\"https:\/\/stockmusik.com.co\/index.php\/nuestra-historia\/\" \/>\n<meta property=\"og:locale\" content=\"es_ES\" \/>\n<meta property=\"og:type\" content=\"article\" \/>\n<meta property=\"og:title\" content=\"Nosotros - Stock Musik\" \/>\n<meta property=\"og:description\" content=\"Nuestra Historia Stock musik, naci\u00f3 en marzo de 2016 en busca de ofrecer un portafolio integral de instrumentos y servicios de mantenimiento a todas aquellas personas amantes de la m\u00fasica; pertenecientes a academias musicales, instituciones educativas, conservatorios de m\u00fasica, bandas marciales, folcl\u00f3ricas, tunas, iglesias, alcald\u00eda, casas de cultura, comunidades ind\u00edgenas y toda persona interesada en [&hellip;]\" \/>\n<meta property=\"og:url\" content=\"https:\/\/stockmusik.com.co\/index.php\/nuestra-historia\/\" \/>\n<meta property=\"og:site_name\" content=\"Stock Musik\" \/>\n<meta property=\"article:publisher\" content=\"https:\/\/es-la.facebook.com\/stockmusik\/\" \/>\n<meta property=\"article:modified_time\" content=\"2020-09-09T18:05:19+00:00\" \/>\n<meta property=\"og:image\" content=\"https:\/\/stockmusik.com.co\/wp-content\/uploads\/2020\/09\/mision-vision-stock2.png\" \/>\n<meta name=\"twitter:card\" content=\"summary_large_image\" \/>\n<meta name=\"twitter:label1\" content=\"Tiempo de lectura\" \/>\n\t<meta name=\"twitter:data1\" content=\"1 minuto\" \/>\n<script type=\"application\/ld+json\" class=\"yoast-schema-graph\">{\"@context\":\"https:\/\/schema.org\",\"@graph\":[{\"@type\":\"WebPage\",\"@id\":\"https:\/\/stockmusik.com.co\/index.php\/nuestra-historia\/\",\"url\":\"https:\/\/stockmusik.com.co\/index.php\/nuestra-historia\/\",\"name\":\"Nosotros - Stock Musik\",\"isPartOf\":{\"@id\":\"https:\/\/stockmusik.com.co\/#website\"},\"datePublished\":\"2020-08-13T20:36:56+00:00\",\"dateModified\":\"2020-09-09T18:05:19+00:00\",\"breadcrumb\":{\"@id\":\"https:\/\/stockmusik.com.co\/index.php\/nuestra-historia\/#breadcrumb\"},\"inLanguage\":\"es\",\"potentialAction\":[{\"@type\":\"ReadAction\",\"target\":[\"https:\/\/stockmusik.com.co\/index.php\/nuestra-historia\/\"]}]},{\"@type\":\"BreadcrumbList\",\"@id\":\"https:\/\/stockmusik.com.co\/index.php\/nuestra-historia\/#breadcrumb\",\"itemListElement\":[{\"@type\":\"ListItem\",\"position\":1,\"name\":\"Portada\",\"item\":\"https:\/\/stockmusik.com.co\/\"},{\"@type\":\"ListItem\",\"position\":2,\"name\":\"Nosotros\"}]},{\"@type\":\"WebSite\",\"@id\":\"https:\/\/stockmusik.com.co\/#website\",\"url\":\"https:\/\/stockmusik.com.co\/\",\"name\":\"Stock Musik\",\"description\":\"Tienda de Instrumentos Musicales\",\"publisher\":{\"@id\":\"https:\/\/stockmusik.com.co\/#organization\"},\"potentialAction\":[{\"@type\":\"SearchAction\",\"target\":{\"@type\":\"EntryPoint\",\"urlTemplate\":\"https:\/\/stockmusik.com.co\/?s={search_term_string}\"},\"query-input\":\"required name=search_term_string\"}],\"inLanguage\":\"es\"},{\"@type\":\"Organization\",\"@id\":\"https:\/\/stockmusik.com.co\/#organization\",\"name\":\"Stock Musik\",\"url\":\"https:\/\/stockmusik.com.co\/\",\"logo\":{\"@type\":\"ImageObject\",\"inLanguage\":\"es\",\"@id\":\"https:\/\/stockmusik.com.co\/#\/schema\/logo\/image\/\",\"url\":\"https:\/\/stockmusik.com.co\/wp-content\/uploads\/2020\/08\/cropped-logo_stock_musik.png\",\"contentUrl\":\"https:\/\/stockmusik.com.co\/wp-content\/uploads\/2020\/08\/cropped-logo_stock_musik.png\",\"width\":455,\"height\":173,\"caption\":\"Stock Musik\"},\"image\":{\"@id\":\"https:\/\/stockmusik.com.co\/#\/schema\/logo\/image\/\"},\"sameAs\":[\"https:\/\/es-la.facebook.com\/stockmusik\/\"]}]}<\/script>\n<!-- \/ Yoast SEO plugin. -->","yoast_head_json":{"title":"Nosotros - Stock Musik","robots":{"index":"index","follow":"follow","max-snippet":"max-snippet:-1","max-image-preview":"max-image-preview:large","max-video-preview":"max-video-preview:-1"},"canonical":"https:\/\/stockmusik.com.co\/index.php\/nuestra-historia\/","og_locale":"es_ES","og_type":"article","og_title":"Nosotros - Stock Musik","og_description":"Nuestra Historia Stock musik, naci\u00f3 en marzo de 2016 en busca de ofrecer un portafolio integral de instrumentos y servicios de mantenimiento a todas aquellas personas amantes de la m\u00fasica; pertenecientes a academias musicales, instituciones educativas, conservatorios de m\u00fasica, bandas marciales, folcl\u00f3ricas, tunas, iglesias, alcald\u00eda, casas de cultura, comunidades ind\u00edgenas y toda persona interesada en [&hellip;]","og_url":"https:\/\/stockmusik.com.co\/index.php\/nuestra-historia\/","og_site_name":"Stock Musik","article_publisher":"https:\/\/es-la.facebook.com\/stockmusik\/","article_modified_time":"2020-09-09T18:05:19+00:00","og_image":[{"url":"https:\/\/stockmusik.com.co\/wp-content\/uploads\/2020\/09\/mision-vision-stock2.png"}],"twitter_card":"summary_large_image","twitter_misc":{"Tiempo de lectura":"1 minuto"},"schema":{"@context":"https:\/\/schema.org","@graph":[{"@type":"WebPage","@id":"https:\/\/stockmusik.com.co\/index.php\/nuestra-historia\/","url":"https:\/\/stockmusik.com.co\/index.php\/nuestra-historia\/","name":"Nosotros - Stock Musik","isPartOf":{"@id":"https:\/\/stockmusik.com.co\/#website"},"datePublished":"2020-08-13T20:36:56+00:00","dateModified":"2020-09-09T18:05:19+00:00","breadcrumb":{"@id":"https:\/\/stockmusik.com.co\/index.php\/nuestra-historia\/#breadcrumb"},"inLanguage":"es","potentialAction":[{"@type":"ReadAction","target":["https:\/\/stockmusik.com.co\/index.php\/nuestra-historia\/"]}]},{"@type":"BreadcrumbList","@id":"https:\/\/stockmusik.com.co\/index.php\/nuestra-historia\/#breadcrumb","itemListElement":[{"@type":"ListItem","position":1,"name":"Portada","item":"https:\/\/stockmusik.com.co\/"},{"@type":"ListItem","position":2,"name":"Nosotros"}]},{"@type":"WebSite","@id":"https:\/\/stockmusik.com.co\/#website","url":"https:\/\/stockmusik.com.co\/","name":"Stock Musik","description":"Tienda de Instrumentos Musicales","publisher":{"@id":"https:\/\/stockmusik.com.co\/#organization"},"potentialAction":[{"@type":"SearchAction","target":{"@type":"EntryPoint","urlTemplate":"https:\/\/stockmusik.com.co\/?s={search_term_string}"},"query-input":"required name=search_term_string"}],"inLanguage":"es"},{"@type":"Organization","@id":"https:\/\/stockmusik.com.co\/#organization","name":"Stock Musik","url":"https:\/\/stockmusik.com.co\/","logo":{"@type":"ImageObject","inLanguage":"es","@id":"https:\/\/stockmusik.com.co\/#\/schema\/logo\/image\/","url":"https:\/\/stockmusik.com.co\/wp-content\/uploads\/2020\/08\/cropped-logo_stock_musik.png","contentUrl":"https:\/\/stockmusik.com.co\/wp-content\/uploads\/2020\/08\/cropped-logo_stock_musik.png","width":455,"height":173,"caption":"Stock Musik"},"image":{"@id":"https:\/\/stockmusik.com.co\/#\/schema\/logo\/image\/"},"sameAs":["https:\/\/es-la.facebook.com\/stockmusik\/"]}]}},"_links":{"self":[{"href":"https:\/\/stockmusik.com.co\/index.php\/wp-json\/wp\/v2\/pages\/259","targetHints":{"allow":["GET"]}}],"collection":[{"href":"https:\/\/stockmusik.com.co\/index.php\/wp-json\/wp\/v2\/pages"}],"about":[{"href":"https:\/\/stockmusik.com.co\/index.php\/wp-json\/wp\/v2\/types\/page"}],"author":[{"embeddable":true,"href":"https:\/\/stockmusik.com.co\/index.php\/wp-json\/wp\/v2\/users\/2"}],"replies":[{"embeddable":true,"href":"https:\/\/stockmusik.com.co\/index.php\/wp-json\/wp\/v2\/comments?post=259"}],"version-history":[{"count":10,"href":"https:\/\/stockmusik.com.co\/index.php\/wp-json\/wp\/v2\/pages\/259\/revisions"}],"predecessor-version":[{"id":1242,"href":"https:\/\/stockmusik.com.co\/index.php\/wp-json\/wp\/v2\/pages\/259\/revisions\/1242"}],"wp:attachment":[{"href":"https:\/\/stockmusik.com.co\/index.php\/wp-json\/wp\/v2\/media?parent=259"}],"curies":[{"name":"wp","href":"https:\/\/api.w.org\/{rel}","templated":true}]}}